{"id":2,"date":"2021-01-14T14:22:27","date_gmt":"2021-01-14T14:22:27","guid":{"rendered":"https:\/\/iaec2026granollers.com\/nova\/?page_id=2"},"modified":"2025-07-25T09:50:23","modified_gmt":"2025-07-25T08:50:23","slug":"pagina-ejemplo","status":"publish","type":"page","link":"https:\/\/iaec2026granollers.com\/en\/","title":{"rendered":"Welcome to Granollers"},"content":{"rendered":"<p>We look forward to meeting you again and sharing, as always, knowledge, experiences, ideas and values. Values that define us and that are clearly present in our Charter.<\/p>\n<p>We act with the conviction that this Congress represents a stimulating challenge for our city and that is why we are building projects that aim to be lasting, beyond the month of May 2026.<\/p>\n<p>We are working with the teachers of our schools and institutes and their students so that during the 2025\/2026 academic year the Congress is well present in the classrooms.<\/p>\n<p>And we do it with the citizens, with people and agents from all the neighborhoods. We want to reach everyone.<\/p>\n<p>We have planned various activities that will allow us to ensure that the topics of the Congress are those that articulate conversations, reflections, creative proposals...<\/p>\n<p>From day one we have been mindful of the legacy we want to leave in the city. And we persist.<\/p>\n<p>Friends, we work every day so that next May everything is ready. Everything in its place.<\/p>\n<p>We feel the desire and excitement to welcome you &quot;home&quot;.<\/p>\n<p>We work to create the conditions that make a productive and useful meeting possible and that allow you to live memorable experiences.<\/p>\n<p>We are waiting for you.<\/p>","protected":false},"excerpt":{"rendered":"<p>We look forward to meeting you again and sharing, as always, knowledge, experiences, ideas and values. Values that define us and that are clearly present in our Charter. We act with the conviction that this Congress represents a stimulating challenge for our city and that is why we are building projects that aim to be lasting, [\u2026]<\/p>","protected":false},"author":1,"featured_media":0,"parent":0,"menu_order":50,"comment_status":"closed","ping_status":"open","template":"","meta":{"_acf_changed":false,"footnotes":""},"class_list":["post-2","page","type-page","status-publish","hentry"],"acf":[],"yoast_head":"<!-- This site is optimized with the Yoast SEO plugin v26.6 - https:\/\/yoast.com\/wordpress\/plugins\/seo\/ -->\n<title>Benvinguts a Granollers - IAEC 2026 Granollers<\/title>\n<meta name=\"robots\" content=\"index, follow, max-snippet:-1, max-image-preview:large, max-video-preview:-1\" \/>\n<link rel=\"canonical\" href=\"https:\/\/iaec2026granollers.com\/en\/\" \/>\n<meta property=\"og:locale\" content=\"en_GB\" \/>\n<meta property=\"og:type\" content=\"article\" \/>\n<meta property=\"og:title\" content=\"Benvinguts a Granollers - IAEC 2026 Granollers\" \/>\n<meta property=\"og:description\" content=\"Us esperem per retrobar-nos i compartir, com sempre, coneixements, experi\u00e8ncies, idees i valors. Uns valors que ens defineixen i que s\u00f3n ben presents a la nostra Carta. Actuem amb el convenciment que aquest Congr\u00e9s suposa un repte estimulant per a la nostra ciutat i \u00e9s per aix\u00f2 que estem bastint projectes que volen ser perdurables, [&hellip;]\" \/>\n<meta property=\"og:url\" content=\"https:\/\/iaec2026granollers.com\/en\/\" \/>\n<meta property=\"og:site_name\" content=\"IAEC 2026 Granollers\" \/>\n<meta property=\"article:modified_time\" content=\"2025-07-25T08:50:23+00:00\" \/>\n<meta name=\"twitter:card\" content=\"summary_large_image\" \/>\n<meta name=\"twitter:label1\" content=\"Estimated reading time\" \/>\n\t<meta name=\"twitter:data1\" content=\"2 minutes\" \/>\n<script type=\"application\/ld+json\" class=\"yoast-schema-graph\">{\"@context\":\"https:\/\/schema.org\",\"@graph\":[{\"@type\":\"WebPage\",\"@id\":\"https:\/\/iaec2026granollers.com\/\",\"url\":\"https:\/\/iaec2026granollers.com\/\",\"name\":\"Benvinguts a Granollers - IAEC 2026 Granollers\",\"isPartOf\":{\"@id\":\"https:\/\/iaec2026granollers.com\/#website\"},\"datePublished\":\"2021-01-14T14:22:27+00:00\",\"dateModified\":\"2025-07-25T08:50:23+00:00\",\"breadcrumb\":{\"@id\":\"https:\/\/iaec2026granollers.com\/#breadcrumb\"},\"inLanguage\":\"en-GB\",\"potentialAction\":[{\"@type\":\"ReadAction\",\"target\":[\"https:\/\/iaec2026granollers.com\/\"]}]},{\"@type\":\"BreadcrumbList\",\"@id\":\"https:\/\/iaec2026granollers.com\/#breadcrumb\",\"itemListElement\":[{\"@type\":\"ListItem\",\"position\":1,\"name\":\"Inici\",\"item\":\"https:\/\/iaec2026granollers.com\/\"},{\"@type\":\"ListItem\",\"position\":2,\"name\":\"Benvinguts a Granollers\"}]},{\"@type\":\"WebSite\",\"@id\":\"https:\/\/iaec2026granollers.com\/#website\",\"url\":\"https:\/\/iaec2026granollers.com\/\",\"name\":\"IAEC 2026 Granollers\",\"description\":\"\",\"potentialAction\":[{\"@type\":\"SearchAction\",\"target\":{\"@type\":\"EntryPoint\",\"urlTemplate\":\"https:\/\/iaec2026granollers.com\/?s={search_term_string}\"},\"query-input\":{\"@type\":\"PropertyValueSpecification\",\"valueRequired\":true,\"valueName\":\"search_term_string\"}}],\"inLanguage\":\"en-GB\"}]}<\/script>\n<!-- \/ Yoast SEO plugin. -->","yoast_head_json":{"title":"Welcome to Granollers - IAEC 2026 Granollers","robots":{"index":"index","follow":"follow","max-snippet":"max-snippet:-1","max-image-preview":"max-image-preview:large","max-video-preview":"max-video-preview:-1"},"canonical":"https:\/\/iaec2026granollers.com\/en\/","og_locale":"en_GB","og_type":"article","og_title":"Benvinguts a Granollers - IAEC 2026 Granollers","og_description":"Us esperem per retrobar-nos i compartir, com sempre, coneixements, experi\u00e8ncies, idees i valors. Uns valors que ens defineixen i que s\u00f3n ben presents a la nostra Carta. Actuem amb el convenciment que aquest Congr\u00e9s suposa un repte estimulant per a la nostra ciutat i \u00e9s per aix\u00f2 que estem bastint projectes que volen ser perdurables, [&hellip;]","og_url":"https:\/\/iaec2026granollers.com\/en\/","og_site_name":"IAEC 2026 Granollers","article_modified_time":"2025-07-25T08:50:23+00:00","twitter_card":"summary_large_image","twitter_misc":{"Estimated reading time":"2 minutes"},"schema":{"@context":"https:\/\/schema.org","@graph":[{"@type":"WebPage","@id":"https:\/\/iaec2026granollers.com\/","url":"https:\/\/iaec2026granollers.com\/","name":"Welcome to Granollers - IAEC 2026 Granollers","isPartOf":{"@id":"https:\/\/iaec2026granollers.com\/#website"},"datePublished":"2021-01-14T14:22:27+00:00","dateModified":"2025-07-25T08:50:23+00:00","breadcrumb":{"@id":"https:\/\/iaec2026granollers.com\/#breadcrumb"},"inLanguage":"en-GB","potentialAction":[{"@type":"ReadAction","target":["https:\/\/iaec2026granollers.com\/"]}]},{"@type":"BreadcrumbList","@id":"https:\/\/iaec2026granollers.com\/#breadcrumb","itemListElement":[{"@type":"ListItem","position":1,"name":"Inici","item":"https:\/\/iaec2026granollers.com\/"},{"@type":"ListItem","position":2,"name":"Benvinguts a Granollers"}]},{"@type":"WebSite","@id":"https:\/\/iaec2026granollers.com\/#website","url":"https:\/\/iaec2026granollers.com\/","name":"IAEC 2026 Granollers","description":"","potentialAction":[{"@type":"SearchAction","target":{"@type":"EntryPoint","urlTemplate":"https:\/\/iaec2026granollers.com\/?s={search_term_string}"},"query-input":{"@type":"PropertyValueSpecification","valueRequired":true,"valueName":"search_term_string"}}],"inLanguage":"en-GB"}]}},"_links":{"self":[{"href":"https:\/\/iaec2026granollers.com\/en\/wp-json\/wp\/v2\/pages\/2","targetHints":{"allow":["GET"]}}],"collection":[{"href":"https:\/\/iaec2026granollers.com\/en\/wp-json\/wp\/v2\/pages"}],"about":[{"href":"https:\/\/iaec2026granollers.com\/en\/wp-json\/wp\/v2\/types\/page"}],"author":[{"embeddable":true,"href":"https:\/\/iaec2026granollers.com\/en\/wp-json\/wp\/v2\/users\/1"}],"replies":[{"embeddable":true,"href":"https:\/\/iaec2026granollers.com\/en\/wp-json\/wp\/v2\/comments?post=2"}],"version-history":[{"count":25,"href":"https:\/\/iaec2026granollers.com\/en\/wp-json\/wp\/v2\/pages\/2\/revisions"}],"predecessor-version":[{"id":2747,"href":"https:\/\/iaec2026granollers.com\/en\/wp-json\/wp\/v2\/pages\/2\/revisions\/2747"}],"wp:attachment":[{"href":"https:\/\/iaec2026granollers.com\/en\/wp-json\/wp\/v2\/media?parent=2"}],"curies":[{"name":"wp","href":"https:\/\/api.w.org\/{rel}","templated":true}]}}