{"id":2643,"date":"2025-07-21T13:56:47","date_gmt":"2025-07-21T12:56:47","guid":{"rendered":"https:\/\/iaec2026granollers.com\/?page_id=2643"},"modified":"2025-07-22T08:34:44","modified_gmt":"2025-07-22T07:34:44","slug":"recursos","status":"publish","type":"page","link":"https:\/\/iaec2026granollers.com\/en\/recursos\/","title":{"rendered":"Resources"},"content":{"rendered":"<p data-start=\"442\" data-end=\"581\">A selection designed to inspire, deepen and share tools that connect education and culture as engines of social transformation.<\/p>\n<p data-start=\"583\" data-end=\"705\">This section will be available <strong data-start=\"616\" data-end=\"631\">soon<\/strong>.<\/p>\n<p data-start=\"583\" data-end=\"705\">\n<p data-start=\"583\" data-end=\"705\">\n<p data-start=\"583\" data-end=\"705\">\n<p data-start=\"583\" data-end=\"705\">","protected":false},"excerpt":{"rendered":"<p>A selection designed to inspire, deepen and share tools that connect education and culture as engines of social transformation. This section will be available soon.<\/p>","protected":false},"author":1,"featured_media":0,"parent":0,"menu_order":5,"comment_status":"closed","ping_status":"closed","template":"","meta":{"_acf_changed":false,"footnotes":""},"class_list":["post-2643","page","type-page","status-publish","hentry"],"acf":[],"yoast_head":"<!-- This site is optimized with the Yoast SEO plugin v26.6 - https:\/\/yoast.com\/wordpress\/plugins\/seo\/ -->\n<title>Recursos - IAEC 2026 Granollers<\/title>\n<meta name=\"robots\" content=\"index, follow, max-snippet:-1, max-image-preview:large, max-video-preview:-1\" \/>\n<link rel=\"canonical\" href=\"https:\/\/iaec2026granollers.com\/en\/recursos\/\" \/>\n<meta property=\"og:locale\" content=\"en_GB\" \/>\n<meta property=\"og:type\" content=\"article\" \/>\n<meta property=\"og:title\" content=\"Recursos - IAEC 2026 Granollers\" \/>\n<meta property=\"og:description\" content=\"Una selecci\u00f3 pensada per inspirar, aprofundir i compartir eines que connecten l\u2019educaci\u00f3 i la cultura com a motors de transformaci\u00f3 social. Aquest apartat estar\u00e0 disponible pr\u00f2ximament.\" \/>\n<meta property=\"og:url\" content=\"https:\/\/iaec2026granollers.com\/en\/recursos\/\" \/>\n<meta property=\"og:site_name\" content=\"IAEC 2026 Granollers\" \/>\n<meta property=\"article:modified_time\" content=\"2025-07-22T07:34:44+00:00\" \/>\n<meta name=\"twitter:card\" content=\"summary_large_image\" \/>\n<meta name=\"twitter:label1\" content=\"Estimated reading time\" \/>\n\t<meta name=\"twitter:data1\" content=\"1 minute\" \/>\n<script type=\"application\/ld+json\" class=\"yoast-schema-graph\">{\"@context\":\"https:\/\/schema.org\",\"@graph\":[{\"@type\":\"WebPage\",\"@id\":\"https:\/\/iaec2026granollers.com\/recursos\/\",\"url\":\"https:\/\/iaec2026granollers.com\/recursos\/\",\"name\":\"Recursos - IAEC 2026 Granollers\",\"isPartOf\":{\"@id\":\"https:\/\/iaec2026granollers.com\/#website\"},\"datePublished\":\"2025-07-21T12:56:47+00:00\",\"dateModified\":\"2025-07-22T07:34:44+00:00\",\"breadcrumb\":{\"@id\":\"https:\/\/iaec2026granollers.com\/recursos\/#breadcrumb\"},\"inLanguage\":\"en-GB\",\"potentialAction\":[{\"@type\":\"ReadAction\",\"target\":[\"https:\/\/iaec2026granollers.com\/recursos\/\"]}]},{\"@type\":\"BreadcrumbList\",\"@id\":\"https:\/\/iaec2026granollers.com\/recursos\/#breadcrumb\",\"itemListElement\":[{\"@type\":\"ListItem\",\"position\":1,\"name\":\"Inici\",\"item\":\"https:\/\/iaec2026granollers.com\/\"},{\"@type\":\"ListItem\",\"position\":2,\"name\":\"Recursos\"}]},{\"@type\":\"WebSite\",\"@id\":\"https:\/\/iaec2026granollers.com\/#website\",\"url\":\"https:\/\/iaec2026granollers.com\/\",\"name\":\"IAEC 2026 Granollers\",\"description\":\"\",\"potentialAction\":[{\"@type\":\"SearchAction\",\"target\":{\"@type\":\"EntryPoint\",\"urlTemplate\":\"https:\/\/iaec2026granollers.com\/?s={search_term_string}\"},\"query-input\":{\"@type\":\"PropertyValueSpecification\",\"valueRequired\":true,\"valueName\":\"search_term_string\"}}],\"inLanguage\":\"en-GB\"}]}<\/script>\n<!-- \/ Yoast SEO plugin. -->","yoast_head_json":{"title":"Resources - IAEC 2026 Granollers","robots":{"index":"index","follow":"follow","max-snippet":"max-snippet:-1","max-image-preview":"max-image-preview:large","max-video-preview":"max-video-preview:-1"},"canonical":"https:\/\/iaec2026granollers.com\/en\/recursos\/","og_locale":"en_GB","og_type":"article","og_title":"Recursos - IAEC 2026 Granollers","og_description":"Una selecci\u00f3 pensada per inspirar, aprofundir i compartir eines que connecten l\u2019educaci\u00f3 i la cultura com a motors de transformaci\u00f3 social. Aquest apartat estar\u00e0 disponible pr\u00f2ximament.","og_url":"https:\/\/iaec2026granollers.com\/en\/recursos\/","og_site_name":"IAEC 2026 Granollers","article_modified_time":"2025-07-22T07:34:44+00:00","twitter_card":"summary_large_image","twitter_misc":{"Estimated reading time":"1 minute"},"schema":{"@context":"https:\/\/schema.org","@graph":[{"@type":"WebPage","@id":"https:\/\/iaec2026granollers.com\/recursos\/","url":"https:\/\/iaec2026granollers.com\/recursos\/","name":"Resources - IAEC 2026 Granollers","isPartOf":{"@id":"https:\/\/iaec2026granollers.com\/#website"},"datePublished":"2025-07-21T12:56:47+00:00","dateModified":"2025-07-22T07:34:44+00:00","breadcrumb":{"@id":"https:\/\/iaec2026granollers.com\/recursos\/#breadcrumb"},"inLanguage":"en-GB","potentialAction":[{"@type":"ReadAction","target":["https:\/\/iaec2026granollers.com\/recursos\/"]}]},{"@type":"BreadcrumbList","@id":"https:\/\/iaec2026granollers.com\/recursos\/#breadcrumb","itemListElement":[{"@type":"ListItem","position":1,"name":"Inici","item":"https:\/\/iaec2026granollers.com\/"},{"@type":"ListItem","position":2,"name":"Recursos"}]},{"@type":"WebSite","@id":"https:\/\/iaec2026granollers.com\/#website","url":"https:\/\/iaec2026granollers.com\/","name":"IAEC 2026 Granollers","description":"","potentialAction":[{"@type":"SearchAction","target":{"@type":"EntryPoint","urlTemplate":"https:\/\/iaec2026granollers.com\/?s={search_term_string}"},"query-input":{"@type":"PropertyValueSpecification","valueRequired":true,"valueName":"search_term_string"}}],"inLanguage":"en-GB"}]}},"_links":{"self":[{"href":"https:\/\/iaec2026granollers.com\/en\/wp-json\/wp\/v2\/pages\/2643","targetHints":{"allow":["GET"]}}],"collection":[{"href":"https:\/\/iaec2026granollers.com\/en\/wp-json\/wp\/v2\/pages"}],"about":[{"href":"https:\/\/iaec2026granollers.com\/en\/wp-json\/wp\/v2\/types\/page"}],"author":[{"embeddable":true,"href":"https:\/\/iaec2026granollers.com\/en\/wp-json\/wp\/v2\/users\/1"}],"replies":[{"embeddable":true,"href":"https:\/\/iaec2026granollers.com\/en\/wp-json\/wp\/v2\/comments?post=2643"}],"version-history":[{"count":3,"href":"https:\/\/iaec2026granollers.com\/en\/wp-json\/wp\/v2\/pages\/2643\/revisions"}],"predecessor-version":[{"id":2651,"href":"https:\/\/iaec2026granollers.com\/en\/wp-json\/wp\/v2\/pages\/2643\/revisions\/2651"}],"wp:attachment":[{"href":"https:\/\/iaec2026granollers.com\/en\/wp-json\/wp\/v2\/media?parent=2643"}],"curies":[{"name":"wp","href":"https:\/\/api.w.org\/{rel}","templated":true}]}}