{"id":2811,"date":"2025-09-01T13:52:07","date_gmt":"2025-09-01T12:52:07","guid":{"rendered":"https:\/\/iaec2026granollers.com\/?page_id=2811"},"modified":"2025-09-02T09:52:00","modified_gmt":"2025-09-02T08:52:00","slug":"eixos","status":"publish","type":"page","link":"https:\/\/iaec2026granollers.com\/en\/congres-aice\/eixos\/","title":{"rendered":"Axles"},"content":{"rendered":"<p data-start=\"173\" data-end=\"662\">The importance of building inclusive and diverse communities, where the sense of belonging reflects the coexistence of different cultures, religions and languages, is relevant. We recognize that diversity is an opportunity for enrichment, but also presents challenges such as exclusion and inequalities, which is why it is essential to promote genuine bonds, personal contact and narratives that strengthen the social fabric based on respect, equality and active participation.<\/p>\n<p data-start=\"664\" data-end=\"1174\">Likewise, we highlight the importance of forming a critical and free citizenry, capable of participating in the construction of the local future. For this reason, it is necessary to promote critical thinking in the face of populist discourses, sectarianism, simplifications and manipulations on social networks, which often spread false and biased information. We also want to point out that on the internet, although everything seems free, in reality we pay with our data and attention, which influences our decisions.<\/p>\n<p data-start=\"1176\" data-end=\"1794\">On the other hand, creativity education has been undervalued, often seen only as something for artists, when in reality it is an innate capacity of all human beings. Educating in creativity involves developing skills to generate new and valuable ideas that can transform and promote changes in different areas. The ability to create and innovate is essential to face the future challenges of cities, which is why it is crucial to meet the cultural and educational needs of citizens, promoting programs that strengthen their creative capacities and, thus, strengthen social capital.<\/p>","protected":false},"excerpt":{"rendered":"<p>The importance of building inclusive and diverse communities, where a sense of belonging reflects the coexistence of different cultures, religions, and languages, is relevant. We recognise that diversity is an opportunity for enrichment, but it also presents challenges such as exclusion and inequalities, which is why it is fundamental to promote genuine bonds, personal contact, and narratives [...]<\/p>","protected":false},"author":1,"featured_media":0,"parent":1289,"menu_order":22,"comment_status":"closed","ping_status":"closed","template":"","meta":{"_acf_changed":false,"footnotes":""},"class_list":["post-2811","page","type-page","status-publish","hentry"],"acf":[],"yoast_head":"<!-- This site is optimized with the Yoast SEO plugin v26.6 - https:\/\/yoast.com\/wordpress\/plugins\/seo\/ -->\n<title>Eixos - IAEC 2026 Granollers<\/title>\n<meta name=\"robots\" content=\"index, follow, max-snippet:-1, max-image-preview:large, max-video-preview:-1\" \/>\n<link rel=\"canonical\" href=\"https:\/\/iaec2026granollers.com\/en\/congres-aice\/presentacio-dexperiencies__trashed\/eixos\/\" \/>\n<meta property=\"og:locale\" content=\"en_GB\" \/>\n<meta property=\"og:type\" content=\"article\" \/>\n<meta property=\"og:title\" content=\"Eixos - IAEC 2026 Granollers\" \/>\n<meta property=\"og:description\" content=\"\u00c9s rellevant la import\u00e0ncia de construir comunitats inclusives i diverses, on el sentit de pertinen\u00e7a reflecteixi la conviv\u00e8ncia de diferents cultures, religions i lleng\u00fces. Reconeixem que la diversitat \u00e9s una oportunitat per enriquir-se, per\u00f2 tamb\u00e9 presenta desafiaments com l\u2019exclusi\u00f3 i les desigualtats, per la qual cosa \u00e9s fonamental promoure vincles genu\u00efns, contacte personal i narratives [&hellip;]\" \/>\n<meta property=\"og:url\" content=\"https:\/\/iaec2026granollers.com\/en\/congres-aice\/presentacio-dexperiencies__trashed\/eixos\/\" \/>\n<meta property=\"og:site_name\" content=\"IAEC 2026 Granollers\" \/>\n<meta property=\"article:modified_time\" content=\"2025-09-02T08:52:00+00:00\" \/>\n<meta name=\"twitter:card\" content=\"summary_large_image\" \/>\n<meta name=\"twitter:label1\" content=\"Estimated reading time\" \/>\n\t<meta name=\"twitter:data1\" content=\"2 minutes\" \/>\n<script type=\"application\/ld+json\" class=\"yoast-schema-graph\">{\"@context\":\"https:\/\/schema.org\",\"@graph\":[{\"@type\":\"WebPage\",\"@id\":\"https:\/\/iaec2026granollers.com\/congres-aice\/presentacio-dexperiencies__trashed\/eixos\/\",\"url\":\"https:\/\/iaec2026granollers.com\/congres-aice\/presentacio-dexperiencies__trashed\/eixos\/\",\"name\":\"Eixos - IAEC 2026 Granollers\",\"isPartOf\":{\"@id\":\"https:\/\/iaec2026granollers.com\/#website\"},\"datePublished\":\"2025-09-01T12:52:07+00:00\",\"dateModified\":\"2025-09-02T08:52:00+00:00\",\"breadcrumb\":{\"@id\":\"https:\/\/iaec2026granollers.com\/congres-aice\/presentacio-dexperiencies__trashed\/eixos\/#breadcrumb\"},\"inLanguage\":\"en-GB\",\"potentialAction\":[{\"@type\":\"ReadAction\",\"target\":[\"https:\/\/iaec2026granollers.com\/congres-aice\/presentacio-dexperiencies__trashed\/eixos\/\"]}]},{\"@type\":\"BreadcrumbList\",\"@id\":\"https:\/\/iaec2026granollers.com\/congres-aice\/presentacio-dexperiencies__trashed\/eixos\/#breadcrumb\",\"itemListElement\":[{\"@type\":\"ListItem\",\"position\":1,\"name\":\"Inici\",\"item\":\"https:\/\/iaec2026granollers.com\/\"},{\"@type\":\"ListItem\",\"position\":2,\"name\":\"Congr\u00e9s AICE\",\"item\":\"https:\/\/iaec2026granollers.com\/congres-aice\/\"},{\"@type\":\"ListItem\",\"position\":3,\"name\":\"Eixos\"}]},{\"@type\":\"WebSite\",\"@id\":\"https:\/\/iaec2026granollers.com\/#website\",\"url\":\"https:\/\/iaec2026granollers.com\/\",\"name\":\"IAEC 2026 Granollers\",\"description\":\"\",\"potentialAction\":[{\"@type\":\"SearchAction\",\"target\":{\"@type\":\"EntryPoint\",\"urlTemplate\":\"https:\/\/iaec2026granollers.com\/?s={search_term_string}\"},\"query-input\":{\"@type\":\"PropertyValueSpecification\",\"valueRequired\":true,\"valueName\":\"search_term_string\"}}],\"inLanguage\":\"en-GB\"}]}<\/script>\n<!-- \/ Yoast SEO plugin. -->","yoast_head_json":{"title":"Axes - IAEC 2026 Granollers","robots":{"index":"index","follow":"follow","max-snippet":"max-snippet:-1","max-image-preview":"max-image-preview:large","max-video-preview":"max-video-preview:-1"},"canonical":"https:\/\/iaec2026granollers.com\/en\/congres-aice\/presentacio-dexperiencies__trashed\/eixos\/","og_locale":"en_GB","og_type":"article","og_title":"Eixos - IAEC 2026 Granollers","og_description":"\u00c9s rellevant la import\u00e0ncia de construir comunitats inclusives i diverses, on el sentit de pertinen\u00e7a reflecteixi la conviv\u00e8ncia de diferents cultures, religions i lleng\u00fces. Reconeixem que la diversitat \u00e9s una oportunitat per enriquir-se, per\u00f2 tamb\u00e9 presenta desafiaments com l\u2019exclusi\u00f3 i les desigualtats, per la qual cosa \u00e9s fonamental promoure vincles genu\u00efns, contacte personal i narratives [&hellip;]","og_url":"https:\/\/iaec2026granollers.com\/en\/congres-aice\/presentacio-dexperiencies__trashed\/eixos\/","og_site_name":"IAEC 2026 Granollers","article_modified_time":"2025-09-02T08:52:00+00:00","twitter_card":"summary_large_image","twitter_misc":{"Estimated reading time":"2 minutes"},"schema":{"@context":"https:\/\/schema.org","@graph":[{"@type":"WebPage","@id":"https:\/\/iaec2026granollers.com\/congres-aice\/presentacio-dexperiencies__trashed\/eixos\/","url":"https:\/\/iaec2026granollers.com\/congres-aice\/presentacio-dexperiencies__trashed\/eixos\/","name":"Axes - IAEC 2026 Granollers","isPartOf":{"@id":"https:\/\/iaec2026granollers.com\/#website"},"datePublished":"2025-09-01T12:52:07+00:00","dateModified":"2025-09-02T08:52:00+00:00","breadcrumb":{"@id":"https:\/\/iaec2026granollers.com\/congres-aice\/presentacio-dexperiencies__trashed\/eixos\/#breadcrumb"},"inLanguage":"en-GB","potentialAction":[{"@type":"ReadAction","target":["https:\/\/iaec2026granollers.com\/congres-aice\/presentacio-dexperiencies__trashed\/eixos\/"]}]},{"@type":"BreadcrumbList","@id":"https:\/\/iaec2026granollers.com\/congres-aice\/presentacio-dexperiencies__trashed\/eixos\/#breadcrumb","itemListElement":[{"@type":"ListItem","position":1,"name":"Inici","item":"https:\/\/iaec2026granollers.com\/"},{"@type":"ListItem","position":2,"name":"Congr\u00e9s AICE","item":"https:\/\/iaec2026granollers.com\/congres-aice\/"},{"@type":"ListItem","position":3,"name":"Eixos"}]},{"@type":"WebSite","@id":"https:\/\/iaec2026granollers.com\/#website","url":"https:\/\/iaec2026granollers.com\/","name":"IAEC 2026 Granollers","description":"","potentialAction":[{"@type":"SearchAction","target":{"@type":"EntryPoint","urlTemplate":"https:\/\/iaec2026granollers.com\/?s={search_term_string}"},"query-input":{"@type":"PropertyValueSpecification","valueRequired":true,"valueName":"search_term_string"}}],"inLanguage":"en-GB"}]}},"_links":{"self":[{"href":"https:\/\/iaec2026granollers.com\/en\/wp-json\/wp\/v2\/pages\/2811","targetHints":{"allow":["GET"]}}],"collection":[{"href":"https:\/\/iaec2026granollers.com\/en\/wp-json\/wp\/v2\/pages"}],"about":[{"href":"https:\/\/iaec2026granollers.com\/en\/wp-json\/wp\/v2\/types\/page"}],"author":[{"embeddable":true,"href":"https:\/\/iaec2026granollers.com\/en\/wp-json\/wp\/v2\/users\/1"}],"replies":[{"embeddable":true,"href":"https:\/\/iaec2026granollers.com\/en\/wp-json\/wp\/v2\/comments?post=2811"}],"version-history":[{"count":4,"href":"https:\/\/iaec2026granollers.com\/en\/wp-json\/wp\/v2\/pages\/2811\/revisions"}],"predecessor-version":[{"id":2832,"href":"https:\/\/iaec2026granollers.com\/en\/wp-json\/wp\/v2\/pages\/2811\/revisions\/2832"}],"up":[{"embeddable":true,"href":"https:\/\/iaec2026granollers.com\/en\/wp-json\/wp\/v2\/pages\/1289"}],"wp:attachment":[{"href":"https:\/\/iaec2026granollers.com\/en\/wp-json\/wp\/v2\/media?parent=2811"}],"curies":[{"name":"wp","href":"https:\/\/api.w.org\/{rel}","templated":true}]}}