{"id":2815,"date":"2025-09-01T14:07:06","date_gmt":"2025-09-01T13:07:06","guid":{"rendered":"https:\/\/iaec2026granollers.com\/?page_id=2815"},"modified":"2025-09-02T09:52:23","modified_gmt":"2025-09-02T08:52:23","slug":"criteris-de-seleccio","status":"publish","type":"page","link":"https:\/\/iaec2026granollers.com\/en\/congres-aice\/criteris-de-seleccio\/","title":{"rendered":"Selection criteria"},"content":{"rendered":"<p data-start=\"165\" data-end=\"292\">Below are the selection criteria for the experiences of the <strong data-start=\"236\" data-end=\"289\">XVIII International Congress of Educating Cities<\/strong>.<\/p>\n<p data-start=\"294\" data-end=\"435\">It should be noted that the presentation of experiences will be carried out exclusively in person, in May 2026, at <strong data-start=\"418\" data-end=\"432\">Granollers<\/strong>.<\/p>\n<blockquote>\n<p data-start=\"437\" data-end=\"714\">\u201cWe invite cities to send their experiences. The maximum number of initiatives that can be sent is 3 experiences per city with the impetus and endorsement of the municipal government. Likewise, experiences from other institutions, entities and associations will be valued.\u201d<\/p>\n<\/blockquote>\n<ol>\n<li>\u00a0<strong>Thematic coherence:<\/strong> The experiences must be clearly connected to the central theme of the Congress &quot;Education and culture in the city: community, critical sense and creativity&quot; and aligned with one of its three axes:\n<ul>\n<li>The construction of the city\/community in increasingly complex cities.<\/li>\n<li>The development of a critical and free citizenship to participate in building the future of cities.<\/li>\n<li>The development of a creative citizenship that generates new sensitivities, strategies and tools to face the challenges of their society.<\/li>\n<\/ul>\n<\/li>\n<li><strong>Link:<\/strong> Priority will be given to experiences promoted or endorsed by local governments, institutions and entities.<\/li>\n<li><strong>Interdepartmental collaboration:<\/strong> Those initiatives carried out in collaboration between different departments\/areas of the municipal government or other spheres of government and other entities will be especially valued.<\/li>\n<li><strong>Educational aspect:<\/strong> The experiences must have an educational intention that must be made explicit.<\/li>\n<li><strong>Community participation:<\/strong> Priority will be given to experiences that involve the local community, promoting collaboration between citizens, educational and cultural institutions. Also those that encourage the participation of children and young people in an autonomous, free and responsible manner.<\/li>\n<li><strong>Pedagogical or social transformation:<\/strong> Experiences that provide solutions to existing problems will be prioritized.<\/li>\n<li><strong>Accessibility:<\/strong> It is necessary to ensure that experiences are accessible to those population groups in situations of vulnerability, eliminating physical and socioeconomic barriers.<\/li>\n<li><strong>Social cohesion:<\/strong> Experiences that promote social cohesion and respect between different cultural and social groups will be particularly valued.<\/li>\n<li><strong>Consolidation:<\/strong> The experiences must have a minimum completion time of two years, which allows their impact to be shown.<\/li>\n<li><strong>Sustainability of the initiative:<\/strong> The experiences must be sustainable over time, with the human and economic resources necessary for their proper development.<\/li>\n<li><strong>Evaluation:<\/strong> Experiences that provide a contrasted evaluation will be positively valued.<\/li>\n<li><strong>Social impact:<\/strong> Priority will be given to experiences that have an impact on the community, promoting social development and the well-being of citizens.<\/li>\n<li><strong>Environmental sustainability:<\/strong> Those initiatives that minimize their impact on the environment and promote a commitment to sustainability will be valued.<\/li>\n<li><strong>Transferability:<\/strong> Priority will be given to initiatives that can be totally or partially transferable to other municipalities, neighborhoods, etc.<\/li>\n<\/ol>","protected":false},"excerpt":{"rendered":"<p>The selection criteria for experiences at the XVIII International Congress of Educating Cities are set out below. Please note that the presentation of experiences will be exclusively in person, in May 2026, in Granollers. \u201cWe invite cities to submit their experiences. The maximum number of initiatives that can be submitted is 3 experiences [...]<\/p>","protected":false},"author":1,"featured_media":0,"parent":1289,"menu_order":21,"comment_status":"closed","ping_status":"closed","template":"","meta":{"_acf_changed":false,"footnotes":""},"class_list":["post-2815","page","type-page","status-publish","hentry"],"acf":[],"yoast_head":"<!-- This site is optimized with the Yoast SEO plugin v26.6 - https:\/\/yoast.com\/wordpress\/plugins\/seo\/ -->\n<title>Criteris de selecci\u00f3 - IAEC 2026 Granollers<\/title>\n<meta name=\"robots\" content=\"index, follow, max-snippet:-1, max-image-preview:large, max-video-preview:-1\" \/>\n<link rel=\"canonical\" href=\"https:\/\/iaec2026granollers.com\/en\/congres-aice\/presentacio-dexperiencies__trashed\/criteris-de-seleccio\/\" \/>\n<meta property=\"og:locale\" content=\"en_GB\" \/>\n<meta property=\"og:type\" content=\"article\" \/>\n<meta property=\"og:title\" content=\"Criteris de selecci\u00f3 - IAEC 2026 Granollers\" \/>\n<meta property=\"og:description\" content=\"A continuaci\u00f3, es recullen els criteris de selecci\u00f3 d\u2019experi\u00e8ncies del XVIII Congr\u00e9s Internacional de Ciutats Educadores. Cal tenir en compte que la presentaci\u00f3 d\u2019experi\u00e8ncies es realitzar\u00e0 exclusivament de manera presencial, al maig del 2026, a Granollers. \u201cConvidem les ciutats a enviar les seves experi\u00e8ncies. El nombre m\u00e0xim d\u2019iniciatives que poden enviar-se \u00e9s de 3 experi\u00e8ncies [&hellip;]\" \/>\n<meta property=\"og:url\" content=\"https:\/\/iaec2026granollers.com\/en\/congres-aice\/presentacio-dexperiencies__trashed\/criteris-de-seleccio\/\" \/>\n<meta property=\"og:site_name\" content=\"IAEC 2026 Granollers\" \/>\n<meta property=\"article:modified_time\" content=\"2025-09-02T08:52:23+00:00\" \/>\n<meta name=\"twitter:card\" content=\"summary_large_image\" \/>\n<meta name=\"twitter:label1\" content=\"Estimated reading time\" \/>\n\t<meta name=\"twitter:data1\" content=\"2 minutes\" \/>\n<script type=\"application\/ld+json\" class=\"yoast-schema-graph\">{\"@context\":\"https:\/\/schema.org\",\"@graph\":[{\"@type\":\"WebPage\",\"@id\":\"https:\/\/iaec2026granollers.com\/congres-aice\/presentacio-dexperiencies__trashed\/criteris-de-seleccio\/\",\"url\":\"https:\/\/iaec2026granollers.com\/congres-aice\/presentacio-dexperiencies__trashed\/criteris-de-seleccio\/\",\"name\":\"Criteris de selecci\u00f3 - IAEC 2026 Granollers\",\"isPartOf\":{\"@id\":\"https:\/\/iaec2026granollers.com\/#website\"},\"datePublished\":\"2025-09-01T13:07:06+00:00\",\"dateModified\":\"2025-09-02T08:52:23+00:00\",\"breadcrumb\":{\"@id\":\"https:\/\/iaec2026granollers.com\/congres-aice\/presentacio-dexperiencies__trashed\/criteris-de-seleccio\/#breadcrumb\"},\"inLanguage\":\"en-GB\",\"potentialAction\":[{\"@type\":\"ReadAction\",\"target\":[\"https:\/\/iaec2026granollers.com\/congres-aice\/presentacio-dexperiencies__trashed\/criteris-de-seleccio\/\"]}]},{\"@type\":\"BreadcrumbList\",\"@id\":\"https:\/\/iaec2026granollers.com\/congres-aice\/presentacio-dexperiencies__trashed\/criteris-de-seleccio\/#breadcrumb\",\"itemListElement\":[{\"@type\":\"ListItem\",\"position\":1,\"name\":\"Inici\",\"item\":\"https:\/\/iaec2026granollers.com\/\"},{\"@type\":\"ListItem\",\"position\":2,\"name\":\"Congr\u00e9s AICE\",\"item\":\"https:\/\/iaec2026granollers.com\/congres-aice\/\"},{\"@type\":\"ListItem\",\"position\":3,\"name\":\"Criteris de selecci\u00f3\"}]},{\"@type\":\"WebSite\",\"@id\":\"https:\/\/iaec2026granollers.com\/#website\",\"url\":\"https:\/\/iaec2026granollers.com\/\",\"name\":\"IAEC 2026 Granollers\",\"description\":\"\",\"potentialAction\":[{\"@type\":\"SearchAction\",\"target\":{\"@type\":\"EntryPoint\",\"urlTemplate\":\"https:\/\/iaec2026granollers.com\/?s={search_term_string}\"},\"query-input\":{\"@type\":\"PropertyValueSpecification\",\"valueRequired\":true,\"valueName\":\"search_term_string\"}}],\"inLanguage\":\"en-GB\"}]}<\/script>\n<!-- \/ Yoast SEO plugin. -->","yoast_head_json":{"title":"Selection Criteria - IAEC 2026 Granollers","robots":{"index":"index","follow":"follow","max-snippet":"max-snippet:-1","max-image-preview":"max-image-preview:large","max-video-preview":"max-video-preview:-1"},"canonical":"https:\/\/iaec2026granollers.com\/en\/congres-aice\/presentacio-dexperiencies__trashed\/criteris-de-seleccio\/","og_locale":"en_GB","og_type":"article","og_title":"Criteris de selecci\u00f3 - IAEC 2026 Granollers","og_description":"A continuaci\u00f3, es recullen els criteris de selecci\u00f3 d\u2019experi\u00e8ncies del XVIII Congr\u00e9s Internacional de Ciutats Educadores. Cal tenir en compte que la presentaci\u00f3 d\u2019experi\u00e8ncies es realitzar\u00e0 exclusivament de manera presencial, al maig del 2026, a Granollers. \u201cConvidem les ciutats a enviar les seves experi\u00e8ncies. El nombre m\u00e0xim d\u2019iniciatives que poden enviar-se \u00e9s de 3 experi\u00e8ncies [&hellip;]","og_url":"https:\/\/iaec2026granollers.com\/en\/congres-aice\/presentacio-dexperiencies__trashed\/criteris-de-seleccio\/","og_site_name":"IAEC 2026 Granollers","article_modified_time":"2025-09-02T08:52:23+00:00","twitter_card":"summary_large_image","twitter_misc":{"Estimated reading time":"2 minutes"},"schema":{"@context":"https:\/\/schema.org","@graph":[{"@type":"WebPage","@id":"https:\/\/iaec2026granollers.com\/congres-aice\/presentacio-dexperiencies__trashed\/criteris-de-seleccio\/","url":"https:\/\/iaec2026granollers.com\/congres-aice\/presentacio-dexperiencies__trashed\/criteris-de-seleccio\/","name":"Selection Criteria - IAEC 2026 Granollers","isPartOf":{"@id":"https:\/\/iaec2026granollers.com\/#website"},"datePublished":"2025-09-01T13:07:06+00:00","dateModified":"2025-09-02T08:52:23+00:00","breadcrumb":{"@id":"https:\/\/iaec2026granollers.com\/congres-aice\/presentacio-dexperiencies__trashed\/criteris-de-seleccio\/#breadcrumb"},"inLanguage":"en-GB","potentialAction":[{"@type":"ReadAction","target":["https:\/\/iaec2026granollers.com\/congres-aice\/presentacio-dexperiencies__trashed\/criteris-de-seleccio\/"]}]},{"@type":"BreadcrumbList","@id":"https:\/\/iaec2026granollers.com\/congres-aice\/presentacio-dexperiencies__trashed\/criteris-de-seleccio\/#breadcrumb","itemListElement":[{"@type":"ListItem","position":1,"name":"Inici","item":"https:\/\/iaec2026granollers.com\/"},{"@type":"ListItem","position":2,"name":"Congr\u00e9s AICE","item":"https:\/\/iaec2026granollers.com\/congres-aice\/"},{"@type":"ListItem","position":3,"name":"Criteris de selecci\u00f3"}]},{"@type":"WebSite","@id":"https:\/\/iaec2026granollers.com\/#website","url":"https:\/\/iaec2026granollers.com\/","name":"IAEC 2026 Granollers","description":"","potentialAction":[{"@type":"SearchAction","target":{"@type":"EntryPoint","urlTemplate":"https:\/\/iaec2026granollers.com\/?s={search_term_string}"},"query-input":{"@type":"PropertyValueSpecification","valueRequired":true,"valueName":"search_term_string"}}],"inLanguage":"en-GB"}]}},"_links":{"self":[{"href":"https:\/\/iaec2026granollers.com\/en\/wp-json\/wp\/v2\/pages\/2815","targetHints":{"allow":["GET"]}}],"collection":[{"href":"https:\/\/iaec2026granollers.com\/en\/wp-json\/wp\/v2\/pages"}],"about":[{"href":"https:\/\/iaec2026granollers.com\/en\/wp-json\/wp\/v2\/types\/page"}],"author":[{"embeddable":true,"href":"https:\/\/iaec2026granollers.com\/en\/wp-json\/wp\/v2\/users\/1"}],"replies":[{"embeddable":true,"href":"https:\/\/iaec2026granollers.com\/en\/wp-json\/wp\/v2\/comments?post=2815"}],"version-history":[{"count":6,"href":"https:\/\/iaec2026granollers.com\/en\/wp-json\/wp\/v2\/pages\/2815\/revisions"}],"predecessor-version":[{"id":2833,"href":"https:\/\/iaec2026granollers.com\/en\/wp-json\/wp\/v2\/pages\/2815\/revisions\/2833"}],"up":[{"embeddable":true,"href":"https:\/\/iaec2026granollers.com\/en\/wp-json\/wp\/v2\/pages\/1289"}],"wp:attachment":[{"href":"https:\/\/iaec2026granollers.com\/en\/wp-json\/wp\/v2\/media?parent=2815"}],"curies":[{"name":"wp","href":"https:\/\/api.w.org\/{rel}","templated":true}]}}