{"id":3193,"date":"2026-01-27T12:37:31","date_gmt":"2026-01-27T11:37:31","guid":{"rendered":"https:\/\/iaec2026granollers.com\/?page_id=3193"},"modified":"2026-01-29T09:44:29","modified_gmt":"2026-01-29T08:44:29","slug":"allotjaments","status":"publish","type":"page","link":"https:\/\/iaec2026granollers.com\/en\/congres-aice\/allotjaments\/","title":{"rendered":"Accommodations"},"content":{"rendered":"<p>When contacting the accommodations, you must specify that you are participating in the XVIII International Congress of Educating Cities.<\/p>\n<h6><\/h6>\n<h6><a href=\"https:\/\/www.hotelciutatgranollers.com\/ca\/\">Hotel Ciutat de Granollers<\/a><\/h6>\n<p align=\"left\">Single room + breakfast: <strong>91 euros<\/strong><\/p>\n<p align=\"left\">Double room (2 people) + breakfast <strong>105.50 euros<\/strong><\/p>\n<p align=\"left\">Contact: atc@ciutathotels.com<\/p>\n<h6 align=\"left\"><\/h6>\n<h6 align=\"left\"><a href=\"https:\/\/www.hotelgranollers.com\/CA\/home.html\">Hotel Granollers<\/a><\/h6>\n<p align=\"left\">Single or double room (1 person) + breakfast: <strong>79 euros<\/strong> + 10% VAT<\/p>\n<p align=\"left\">Double room (2 people): <strong>95 euros<\/strong> + 10% VAT<\/p>\n<p align=\"left\">Tourist tax: 0.60 euros + 10% VAT (per person and day)<\/p>\n<p align=\"left\">Contact: h.granollers@hotelgranollers.com<\/p>\n<h6 align=\"left\"><\/h6>\n<h6 align=\"left\"><a href=\"https:\/\/www.hotel-bb.com\/es\/hotel\/barcelona-granollers\">Bed and breakfast<\/a><\/h6>\n<p align=\"left\">Double room (1 person) + breakfast: <strong>102 euros<\/strong><\/p>\n<p align=\"left\">Double room (2 people) + breakfast: <strong>110 euros<\/strong><\/p>\n<p align=\"left\">Contact: hotel.granollers@hotelbb.com<\/p>\n<h6 align=\"left\"><\/h6>\n<h6 align=\"left\"><a href=\"https:\/\/www.hoteliris.com\/ca\/\">Hotel Iris<\/a><\/h6>\n<p align=\"left\">Single room: <strong>63.75 euros<\/strong><\/p>\n<p align=\"left\">Double room: <strong>79.50 euros<\/strong><\/p>\n<p align=\"left\">Breakfast 8 euros per person<\/p>\n<p align=\"left\">(Taxes included)<\/p>\n<p align=\"left\">Contact: hotel@hoteliris.com<\/p>\n<h6 align=\"left\"><\/h6>\n<h6><a href=\"https:\/\/all.accor.com\/hotel\/5258\/index.es.shtml?utm_campaign=seo+maps&amp;utm_medium=seo+maps&amp;utm_source=google+Maps\">Hotel Ibis<\/a><\/h6>\n<p>Double room: <strong>From 81 to 87 euros<\/strong> per person<\/p>\n<p>Contact: Click <a href=\"https:\/\/all.accor.com\/hotel\/5258\/index.es.shtml?utm_campaign=seo+maps&amp;utm_medium=seo+maps&amp;utm_source=google+Maps\">here<\/a><\/p>\n<h6><\/h6>\n<h6><a href=\"https:\/\/www.ihg.com\/holidayinnexpress\/hotels\/es\/es\/granollers\/bcnmo\/hoteldetail\">Holiday Inn Hotel<\/a><\/h6>\n<p>Approximate price:<strong> 80 euros<\/strong> per person -10% of the price on the date of booking<\/p>\n<p>Contact: Book through this <a href=\"https:\/\/www.ihg.com\/hotels\/es\/es\/reservation?fromRedirect=true&amp;qSrt=sAV&amp;qIta=99502056&amp;icdv=99502056&amp;qSlH=ALLBR&amp;qCpid=787216653&amp;qAAR=AEKGB&amp;qRtP=AEKGB&amp;setPMCookies=true&amp;showApp=true&amp;adjustMonth=false&amp;srb_u=1\">link<\/a> to get the discount. Just search for the hotel and make the reservation.<\/p>\n<h6><\/h6>\n<h6><a href=\"https:\/\/hotelfondaeuropa.com\/\">Europe Inn<\/a><\/h6>\n<p align=\"left\">Room without breakfast: <strong>109 euros<\/strong> + 0.66 euros tourist tax<\/p>\n<p align=\"left\">Room + breakfast: <strong>121 euros<\/strong> + 0.66 euros tourist tax<\/p>\n<p align=\"left\">Contact: hotel@fondaeuropa.eu<\/p>\n<h6 align=\"left\"><\/h6>\n<h6><a href=\"https:\/\/www.hotelaugustavalles.com\/ca\/\">Hotel Augusta<\/a><\/h6>\n<p align=\"left\">\u201cExecutive\u201d room (1 person): <strong>105 euros<\/strong><\/p>\n<p align=\"left\">\u201cExecutive\u201d room (2 people): <strong>120 euros<\/strong><\/p>\n<p align=\"left\">\u201cPrivilege\u201d room (1 person): <strong>115 euros<\/strong><\/p>\n<p align=\"left\">\u201cPrivilege\u201d room (2 people): <strong>130 euros<\/strong><\/p>\n<p align=\"left\">Breakfast included + VAT included<\/p>\n<p align=\"left\">Tourist tax not included<\/p>\n<p align=\"left\">Contact: reservas@hotelaugustavalles.com \/ If you book by <a href=\"https:\/\/www.hotelaugustavalles.com\/ca\/\">website<\/a> you must use the code: CICE2026<\/p>","protected":false},"excerpt":{"rendered":"<p>En el moment de contactar amb els allotjaments cal especificar que participeu en el XVIII Congr\u00e9s Internacional de Ciutats Educadores. Hotel Ciutat de Granollers Habitaci\u00f3 individual + esmorzar: 91 euros Habitaci\u00f3 doble (2 persones) + esmorzar 105,50 euros Contacte: atc@ciutathotels.com Hotel Granollers Habitaci\u00f3 individual o doble (1 persona) + esmorzar: 79 euros + 10% d&#8217;IVA [&hellip;]<\/p>","protected":false},"author":7,"featured_media":0,"parent":1289,"menu_order":18,"comment_status":"closed","ping_status":"closed","template":"","meta":{"_acf_changed":false,"footnotes":""},"class_list":["post-3193","page","type-page","status-publish","hentry"],"acf":[],"yoast_head":"<!-- This site is optimized with the Yoast SEO plugin v26.6 - https:\/\/yoast.com\/wordpress\/plugins\/seo\/ -->\n<title>Allotjaments - IAEC 2026 Granollers<\/title>\n<meta name=\"robots\" content=\"index, follow, max-snippet:-1, max-image-preview:large, max-video-preview:-1\" \/>\n<link rel=\"canonical\" href=\"https:\/\/iaec2026granollers.com\/en\/congres-aice\/allotjaments\/\" \/>\n<meta property=\"og:locale\" content=\"en_GB\" \/>\n<meta property=\"og:type\" content=\"article\" \/>\n<meta property=\"og:title\" content=\"Allotjaments - IAEC 2026 Granollers\" \/>\n<meta property=\"og:description\" content=\"En el moment de contactar amb els allotjaments cal especificar que participeu en el XVIII Congr\u00e9s Internacional de Ciutats Educadores. Hotel Ciutat de Granollers Habitaci\u00f3 individual + esmorzar: 91 euros Habitaci\u00f3 doble (2 persones) + esmorzar 105,50 euros Contacte: atc@ciutathotels.com Hotel Granollers Habitaci\u00f3 individual o doble (1 persona) + esmorzar: 79 euros + 10% d&#8217;IVA [&hellip;]\" \/>\n<meta property=\"og:url\" content=\"https:\/\/iaec2026granollers.com\/en\/congres-aice\/allotjaments\/\" \/>\n<meta property=\"og:site_name\" content=\"IAEC 2026 Granollers\" \/>\n<meta property=\"article:modified_time\" content=\"2026-01-29T08:44:29+00:00\" \/>\n<meta name=\"twitter:card\" content=\"summary_large_image\" \/>\n<meta name=\"twitter:label1\" content=\"Estimated reading time\" \/>\n\t<meta name=\"twitter:data1\" content=\"2 minutes\" \/>\n<script type=\"application\/ld+json\" class=\"yoast-schema-graph\">{\"@context\":\"https:\/\/schema.org\",\"@graph\":[{\"@type\":\"WebPage\",\"@id\":\"https:\/\/iaec2026granollers.com\/congres-aice\/allotjaments\/\",\"url\":\"https:\/\/iaec2026granollers.com\/congres-aice\/allotjaments\/\",\"name\":\"Allotjaments - IAEC 2026 Granollers\",\"isPartOf\":{\"@id\":\"https:\/\/iaec2026granollers.com\/#website\"},\"datePublished\":\"2026-01-27T11:37:31+00:00\",\"dateModified\":\"2026-01-29T08:44:29+00:00\",\"breadcrumb\":{\"@id\":\"https:\/\/iaec2026granollers.com\/congres-aice\/allotjaments\/#breadcrumb\"},\"inLanguage\":\"en-GB\",\"potentialAction\":[{\"@type\":\"ReadAction\",\"target\":[\"https:\/\/iaec2026granollers.com\/congres-aice\/allotjaments\/\"]}]},{\"@type\":\"BreadcrumbList\",\"@id\":\"https:\/\/iaec2026granollers.com\/congres-aice\/allotjaments\/#breadcrumb\",\"itemListElement\":[{\"@type\":\"ListItem\",\"position\":1,\"name\":\"Inici\",\"item\":\"https:\/\/iaec2026granollers.com\/\"},{\"@type\":\"ListItem\",\"position\":2,\"name\":\"Congr\u00e9s AICE\",\"item\":\"https:\/\/iaec2026granollers.com\/congres-aice\/\"},{\"@type\":\"ListItem\",\"position\":3,\"name\":\"Allotjaments\"}]},{\"@type\":\"WebSite\",\"@id\":\"https:\/\/iaec2026granollers.com\/#website\",\"url\":\"https:\/\/iaec2026granollers.com\/\",\"name\":\"IAEC 2026 Granollers\",\"description\":\"\",\"potentialAction\":[{\"@type\":\"SearchAction\",\"target\":{\"@type\":\"EntryPoint\",\"urlTemplate\":\"https:\/\/iaec2026granollers.com\/?s={search_term_string}\"},\"query-input\":{\"@type\":\"PropertyValueSpecification\",\"valueRequired\":true,\"valueName\":\"search_term_string\"}}],\"inLanguage\":\"en-GB\"}]}<\/script>\n<!-- \/ Yoast SEO plugin. -->","yoast_head_json":{"title":"Allotjaments - IAEC 2026 Granollers","robots":{"index":"index","follow":"follow","max-snippet":"max-snippet:-1","max-image-preview":"max-image-preview:large","max-video-preview":"max-video-preview:-1"},"canonical":"https:\/\/iaec2026granollers.com\/en\/congres-aice\/allotjaments\/","og_locale":"en_GB","og_type":"article","og_title":"Allotjaments - IAEC 2026 Granollers","og_description":"En el moment de contactar amb els allotjaments cal especificar que participeu en el XVIII Congr\u00e9s Internacional de Ciutats Educadores. Hotel Ciutat de Granollers Habitaci\u00f3 individual + esmorzar: 91 euros Habitaci\u00f3 doble (2 persones) + esmorzar 105,50 euros Contacte: atc@ciutathotels.com Hotel Granollers Habitaci\u00f3 individual o doble (1 persona) + esmorzar: 79 euros + 10% d&#8217;IVA [&hellip;]","og_url":"https:\/\/iaec2026granollers.com\/en\/congres-aice\/allotjaments\/","og_site_name":"IAEC 2026 Granollers","article_modified_time":"2026-01-29T08:44:29+00:00","twitter_card":"summary_large_image","twitter_misc":{"Estimated reading time":"2 minutes"},"schema":{"@context":"https:\/\/schema.org","@graph":[{"@type":"WebPage","@id":"https:\/\/iaec2026granollers.com\/congres-aice\/allotjaments\/","url":"https:\/\/iaec2026granollers.com\/congres-aice\/allotjaments\/","name":"Allotjaments - IAEC 2026 Granollers","isPartOf":{"@id":"https:\/\/iaec2026granollers.com\/#website"},"datePublished":"2026-01-27T11:37:31+00:00","dateModified":"2026-01-29T08:44:29+00:00","breadcrumb":{"@id":"https:\/\/iaec2026granollers.com\/congres-aice\/allotjaments\/#breadcrumb"},"inLanguage":"en-GB","potentialAction":[{"@type":"ReadAction","target":["https:\/\/iaec2026granollers.com\/congres-aice\/allotjaments\/"]}]},{"@type":"BreadcrumbList","@id":"https:\/\/iaec2026granollers.com\/congres-aice\/allotjaments\/#breadcrumb","itemListElement":[{"@type":"ListItem","position":1,"name":"Inici","item":"https:\/\/iaec2026granollers.com\/"},{"@type":"ListItem","position":2,"name":"Congr\u00e9s AICE","item":"https:\/\/iaec2026granollers.com\/congres-aice\/"},{"@type":"ListItem","position":3,"name":"Allotjaments"}]},{"@type":"WebSite","@id":"https:\/\/iaec2026granollers.com\/#website","url":"https:\/\/iaec2026granollers.com\/","name":"IAEC 2026 Granollers","description":"","potentialAction":[{"@type":"SearchAction","target":{"@type":"EntryPoint","urlTemplate":"https:\/\/iaec2026granollers.com\/?s={search_term_string}"},"query-input":{"@type":"PropertyValueSpecification","valueRequired":true,"valueName":"search_term_string"}}],"inLanguage":"en-GB"}]}},"_links":{"self":[{"href":"https:\/\/iaec2026granollers.com\/en\/wp-json\/wp\/v2\/pages\/3193","targetHints":{"allow":["GET"]}}],"collection":[{"href":"https:\/\/iaec2026granollers.com\/en\/wp-json\/wp\/v2\/pages"}],"about":[{"href":"https:\/\/iaec2026granollers.com\/en\/wp-json\/wp\/v2\/types\/page"}],"author":[{"embeddable":true,"href":"https:\/\/iaec2026granollers.com\/en\/wp-json\/wp\/v2\/users\/7"}],"replies":[{"embeddable":true,"href":"https:\/\/iaec2026granollers.com\/en\/wp-json\/wp\/v2\/comments?post=3193"}],"version-history":[{"count":12,"href":"https:\/\/iaec2026granollers.com\/en\/wp-json\/wp\/v2\/pages\/3193\/revisions"}],"predecessor-version":[{"id":3267,"href":"https:\/\/iaec2026granollers.com\/en\/wp-json\/wp\/v2\/pages\/3193\/revisions\/3267"}],"up":[{"embeddable":true,"href":"https:\/\/iaec2026granollers.com\/en\/wp-json\/wp\/v2\/pages\/1289"}],"wp:attachment":[{"href":"https:\/\/iaec2026granollers.com\/en\/wp-json\/wp\/v2\/media?parent=3193"}],"curies":[{"name":"wp","href":"https:\/\/api.w.org\/{rel}","templated":true}]}}