{"id":3228,"date":"2026-02-02T17:02:07","date_gmt":"2026-02-02T16:02:07","guid":{"rendered":"https:\/\/iaec2026granollers.com\/?page_id=3228"},"modified":"2026-02-11T08:16:03","modified_gmt":"2026-02-11T07:16:03","slug":"francesco-tonucci","status":"publish","type":"page","link":"https:\/\/iaec2026granollers.com\/en\/congres-aice\/ponents\/francesco-tonucci\/","title":{"rendered":"Francesco Tonucci"},"content":{"rendered":"<p>Francesco Tonucci is a <strong>educational psychologist<\/strong> and Italian thinker who questions traditional educational models, defending a<strong> child-centered education<\/strong>, based on curiosity, play and free exploration. According to him, learning should be a creative and pressure-free process, where each child learns at their own pace and develops skills to actively participate in society.<\/p>\n<p>Tonucci is a researcher at the\u2019<strong>Institute of Psychology of the National Research Council of Rome<\/strong>. In addition to his pedagogical work, Tonucci is known for his alter ego &quot;Frato&quot;, with whom he draws comic strips that humorously criticize the educational system and the daily challenges of children.<\/p>\n<p>Your project <a href=\"https:\/\/www.francescotonucci.org\/es\/la-citta-dei-bambini\"><strong>The city of children<\/strong><\/a> (1991) proposed an urban model designed to guarantee the safety and autonomy of the youngest, promoting public spaces that favor a more inclusive and equitable society for all.<\/p>\n<h4>Featured works<\/h4>\n<p><strong>The city of children.<\/strong> It is not just a theoretical work: it has given rise to an international project applied in dozens of cities around the world. It is the central reference when talking about Tonucci in institutional and municipal contexts.<\/p>\n<p><strong>With child&#039;s eyes<\/strong>. It is Francesco Tonucci&#039;s most cited pedagogical work, where he formulates his critique of traditional schools and defends an education based on autonomy, curiosity, experience and trust in children.<\/p>\n<p><strong>When children say enough.<\/strong> This book consolidates the political and democratic dimension of Tonucci&#039;s thought. Here children appear clearly as social and political subjects, not just educational ones.<\/p>","protected":false},"excerpt":{"rendered":"<p>Francesco Tonucci \u00e9s un psicopedagog i pensador itali\u00e0 que q\u00fcestiona els models educatius tradicionals, defensant una educaci\u00f3 centrada en els infants, basada en la curiositat, el joc i l&#8217;exploraci\u00f3 lliure. Segons ell, l&#8217;aprenentatge ha de ser un proc\u00e9s creatiu i sense pressions, on cada nen aprengui al seu ritme i desenvolupi habilitats per participar activament [&hellip;]<\/p>","protected":false},"author":7,"featured_media":3350,"parent":2311,"menu_order":28,"comment_status":"closed","ping_status":"closed","template":"page-ponents.php","meta":{"_acf_changed":false,"footnotes":""},"class_list":["post-3228","page","type-page","status-publish","has-post-thumbnail","hentry"],"acf":[],"yoast_head":"<!-- This site is optimized with the Yoast SEO plugin v26.6 - https:\/\/yoast.com\/wordpress\/plugins\/seo\/ -->\n<title>Francesco Tonucci - IAEC 2026 Granollers<\/title>\n<meta name=\"robots\" content=\"index, follow, max-snippet:-1, max-image-preview:large, max-video-preview:-1\" \/>\n<link rel=\"canonical\" href=\"https:\/\/iaec2026granollers.com\/en\/congres-aice\/ponents\/francesco-tonucci\/\" \/>\n<meta property=\"og:locale\" content=\"en_GB\" \/>\n<meta property=\"og:type\" content=\"article\" \/>\n<meta property=\"og:title\" content=\"Francesco Tonucci - IAEC 2026 Granollers\" \/>\n<meta property=\"og:description\" content=\"Francesco Tonucci \u00e9s un psicopedagog i pensador itali\u00e0 que q\u00fcestiona els models educatius tradicionals, defensant una educaci\u00f3 centrada en els infants, basada en la curiositat, el joc i l&#8217;exploraci\u00f3 lliure. Segons ell, l&#8217;aprenentatge ha de ser un proc\u00e9s creatiu i sense pressions, on cada nen aprengui al seu ritme i desenvolupi habilitats per participar activament [&hellip;]\" \/>\n<meta property=\"og:url\" content=\"https:\/\/iaec2026granollers.com\/en\/congres-aice\/ponents\/francesco-tonucci\/\" \/>\n<meta property=\"og:site_name\" content=\"IAEC 2026 Granollers\" \/>\n<meta property=\"article:modified_time\" content=\"2026-02-11T07:16:03+00:00\" \/>\n<meta property=\"og:image\" content=\"https:\/\/iaec2026granollers.com\/wp-content\/uploads\/2026\/02\/Francesco-Tonucci.jpg\" \/>\n\t<meta property=\"og:image:width\" content=\"1729\" \/>\n\t<meta property=\"og:image:height\" content=\"2153\" \/>\n\t<meta property=\"og:image:type\" content=\"image\/jpeg\" \/>\n<meta name=\"twitter:card\" content=\"summary_large_image\" \/>\n<meta name=\"twitter:label1\" content=\"Estimated reading time\" \/>\n\t<meta name=\"twitter:data1\" content=\"2 minutes\" \/>\n<script type=\"application\/ld+json\" class=\"yoast-schema-graph\">{\"@context\":\"https:\/\/schema.org\",\"@graph\":[{\"@type\":\"WebPage\",\"@id\":\"https:\/\/iaec2026granollers.com\/congres-aice\/ponents\/francesco-tonucci\/\",\"url\":\"https:\/\/iaec2026granollers.com\/congres-aice\/ponents\/francesco-tonucci\/\",\"name\":\"Francesco Tonucci - IAEC 2026 Granollers\",\"isPartOf\":{\"@id\":\"https:\/\/iaec2026granollers.com\/#website\"},\"primaryImageOfPage\":{\"@id\":\"https:\/\/iaec2026granollers.com\/congres-aice\/ponents\/francesco-tonucci\/#primaryimage\"},\"image\":{\"@id\":\"https:\/\/iaec2026granollers.com\/congres-aice\/ponents\/francesco-tonucci\/#primaryimage\"},\"thumbnailUrl\":\"https:\/\/iaec2026granollers.com\/wp-content\/uploads\/2026\/02\/Francesco-Tonucci.jpg\",\"datePublished\":\"2026-02-02T16:02:07+00:00\",\"dateModified\":\"2026-02-11T07:16:03+00:00\",\"breadcrumb\":{\"@id\":\"https:\/\/iaec2026granollers.com\/congres-aice\/ponents\/francesco-tonucci\/#breadcrumb\"},\"inLanguage\":\"en-GB\",\"potentialAction\":[{\"@type\":\"ReadAction\",\"target\":[\"https:\/\/iaec2026granollers.com\/congres-aice\/ponents\/francesco-tonucci\/\"]}]},{\"@type\":\"ImageObject\",\"inLanguage\":\"en-GB\",\"@id\":\"https:\/\/iaec2026granollers.com\/congres-aice\/ponents\/francesco-tonucci\/#primaryimage\",\"url\":\"https:\/\/iaec2026granollers.com\/wp-content\/uploads\/2026\/02\/Francesco-Tonucci.jpg\",\"contentUrl\":\"https:\/\/iaec2026granollers.com\/wp-content\/uploads\/2026\/02\/Francesco-Tonucci.jpg\",\"width\":1729,\"height\":2153},{\"@type\":\"BreadcrumbList\",\"@id\":\"https:\/\/iaec2026granollers.com\/congres-aice\/ponents\/francesco-tonucci\/#breadcrumb\",\"itemListElement\":[{\"@type\":\"ListItem\",\"position\":1,\"name\":\"Inici\",\"item\":\"https:\/\/iaec2026granollers.com\/\"},{\"@type\":\"ListItem\",\"position\":2,\"name\":\"Congr\u00e9s AICE\",\"item\":\"https:\/\/iaec2026granollers.com\/congres-aice\/\"},{\"@type\":\"ListItem\",\"position\":3,\"name\":\"Ponents\",\"item\":\"https:\/\/iaec2026granollers.com\/congres-aice\/ponents\/\"},{\"@type\":\"ListItem\",\"position\":4,\"name\":\"Francesco Tonucci\"}]},{\"@type\":\"WebSite\",\"@id\":\"https:\/\/iaec2026granollers.com\/#website\",\"url\":\"https:\/\/iaec2026granollers.com\/\",\"name\":\"IAEC 2026 Granollers\",\"description\":\"\",\"potentialAction\":[{\"@type\":\"SearchAction\",\"target\":{\"@type\":\"EntryPoint\",\"urlTemplate\":\"https:\/\/iaec2026granollers.com\/?s={search_term_string}\"},\"query-input\":{\"@type\":\"PropertyValueSpecification\",\"valueRequired\":true,\"valueName\":\"search_term_string\"}}],\"inLanguage\":\"en-GB\"}]}<\/script>\n<!-- \/ Yoast SEO plugin. -->","yoast_head_json":{"title":"Francesco Tonucci - IAEC 2026 Granollers","robots":{"index":"index","follow":"follow","max-snippet":"max-snippet:-1","max-image-preview":"max-image-preview:large","max-video-preview":"max-video-preview:-1"},"canonical":"https:\/\/iaec2026granollers.com\/en\/congres-aice\/ponents\/francesco-tonucci\/","og_locale":"en_GB","og_type":"article","og_title":"Francesco Tonucci - IAEC 2026 Granollers","og_description":"Francesco Tonucci \u00e9s un psicopedagog i pensador itali\u00e0 que q\u00fcestiona els models educatius tradicionals, defensant una educaci\u00f3 centrada en els infants, basada en la curiositat, el joc i l&#8217;exploraci\u00f3 lliure. Segons ell, l&#8217;aprenentatge ha de ser un proc\u00e9s creatiu i sense pressions, on cada nen aprengui al seu ritme i desenvolupi habilitats per participar activament [&hellip;]","og_url":"https:\/\/iaec2026granollers.com\/en\/congres-aice\/ponents\/francesco-tonucci\/","og_site_name":"IAEC 2026 Granollers","article_modified_time":"2026-02-11T07:16:03+00:00","og_image":[{"width":1729,"height":2153,"url":"https:\/\/iaec2026granollers.com\/wp-content\/uploads\/2026\/02\/Francesco-Tonucci.jpg","type":"image\/jpeg"}],"twitter_card":"summary_large_image","twitter_misc":{"Estimated reading time":"2 minutes"},"schema":{"@context":"https:\/\/schema.org","@graph":[{"@type":"WebPage","@id":"https:\/\/iaec2026granollers.com\/congres-aice\/ponents\/francesco-tonucci\/","url":"https:\/\/iaec2026granollers.com\/congres-aice\/ponents\/francesco-tonucci\/","name":"Francesco Tonucci - IAEC 2026 Granollers","isPartOf":{"@id":"https:\/\/iaec2026granollers.com\/#website"},"primaryImageOfPage":{"@id":"https:\/\/iaec2026granollers.com\/congres-aice\/ponents\/francesco-tonucci\/#primaryimage"},"image":{"@id":"https:\/\/iaec2026granollers.com\/congres-aice\/ponents\/francesco-tonucci\/#primaryimage"},"thumbnailUrl":"https:\/\/iaec2026granollers.com\/wp-content\/uploads\/2026\/02\/Francesco-Tonucci.jpg","datePublished":"2026-02-02T16:02:07+00:00","dateModified":"2026-02-11T07:16:03+00:00","breadcrumb":{"@id":"https:\/\/iaec2026granollers.com\/congres-aice\/ponents\/francesco-tonucci\/#breadcrumb"},"inLanguage":"en-GB","potentialAction":[{"@type":"ReadAction","target":["https:\/\/iaec2026granollers.com\/congres-aice\/ponents\/francesco-tonucci\/"]}]},{"@type":"ImageObject","inLanguage":"en-GB","@id":"https:\/\/iaec2026granollers.com\/congres-aice\/ponents\/francesco-tonucci\/#primaryimage","url":"https:\/\/iaec2026granollers.com\/wp-content\/uploads\/2026\/02\/Francesco-Tonucci.jpg","contentUrl":"https:\/\/iaec2026granollers.com\/wp-content\/uploads\/2026\/02\/Francesco-Tonucci.jpg","width":1729,"height":2153},{"@type":"BreadcrumbList","@id":"https:\/\/iaec2026granollers.com\/congres-aice\/ponents\/francesco-tonucci\/#breadcrumb","itemListElement":[{"@type":"ListItem","position":1,"name":"Inici","item":"https:\/\/iaec2026granollers.com\/"},{"@type":"ListItem","position":2,"name":"Congr\u00e9s AICE","item":"https:\/\/iaec2026granollers.com\/congres-aice\/"},{"@type":"ListItem","position":3,"name":"Ponents","item":"https:\/\/iaec2026granollers.com\/congres-aice\/ponents\/"},{"@type":"ListItem","position":4,"name":"Francesco Tonucci"}]},{"@type":"WebSite","@id":"https:\/\/iaec2026granollers.com\/#website","url":"https:\/\/iaec2026granollers.com\/","name":"IAEC 2026 Granollers","description":"","potentialAction":[{"@type":"SearchAction","target":{"@type":"EntryPoint","urlTemplate":"https:\/\/iaec2026granollers.com\/?s={search_term_string}"},"query-input":{"@type":"PropertyValueSpecification","valueRequired":true,"valueName":"search_term_string"}}],"inLanguage":"en-GB"}]}},"_links":{"self":[{"href":"https:\/\/iaec2026granollers.com\/en\/wp-json\/wp\/v2\/pages\/3228","targetHints":{"allow":["GET"]}}],"collection":[{"href":"https:\/\/iaec2026granollers.com\/en\/wp-json\/wp\/v2\/pages"}],"about":[{"href":"https:\/\/iaec2026granollers.com\/en\/wp-json\/wp\/v2\/types\/page"}],"author":[{"embeddable":true,"href":"https:\/\/iaec2026granollers.com\/en\/wp-json\/wp\/v2\/users\/7"}],"replies":[{"embeddable":true,"href":"https:\/\/iaec2026granollers.com\/en\/wp-json\/wp\/v2\/comments?post=3228"}],"version-history":[{"count":1,"href":"https:\/\/iaec2026granollers.com\/en\/wp-json\/wp\/v2\/pages\/3228\/revisions"}],"predecessor-version":[{"id":3307,"href":"https:\/\/iaec2026granollers.com\/en\/wp-json\/wp\/v2\/pages\/3228\/revisions\/3307"}],"up":[{"embeddable":true,"href":"https:\/\/iaec2026granollers.com\/en\/wp-json\/wp\/v2\/pages\/2311"}],"wp:featuredmedia":[{"embeddable":true,"href":"https:\/\/iaec2026granollers.com\/en\/wp-json\/wp\/v2\/media\/3350"}],"wp:attachment":[{"href":"https:\/\/iaec2026granollers.com\/en\/wp-json\/wp\/v2\/media?parent=3228"}],"curies":[{"name":"wp","href":"https:\/\/api.w.org\/{rel}","templated":true}]}}