{"id":3236,"date":"2026-02-02T17:02:52","date_gmt":"2026-02-02T16:02:52","guid":{"rendered":"https:\/\/iaec2026granollers.com\/?page_id=3236"},"modified":"2026-02-02T17:02:52","modified_gmt":"2026-02-02T16:02:52","slug":"philippe-meirieu","status":"publish","type":"page","link":"https:\/\/iaec2026granollers.com\/en\/congres-aice\/ponents\/philippe-meirieu\/","title":{"rendered":"Philippe Meirieu"},"content":{"rendered":"<p align=\"left\">Philippe Meirieu is a<strong> researcher, essayist, teacher and pedagogue<\/strong> French reference, with a very prolific intellectual production and constant participation in the institutions and pedagogical debates of recent decades in France.<\/p>\n<p align=\"left\">Specialist in <strong>educational sciences<\/strong> and pedagogy, is a professor of Educational Sciences at the Lumi\u00e8re\u2013Lyon 2 University, where he has developed an intense research activity, especially in differentiated pedagogy and philosophy of education. He has also directed<strong> 49 doctoral theses<\/strong> and has written more than forty books.<\/p>\n<p align=\"left\">Trained in Philosophy and Letters in Paris, he began his activism in popular education movements at a very young age. He has been a key figure in the dissemination of the principles of the<strong> New Education movement<\/strong>. He participated in the design and construction of the University Teacher Training Institutes and directed the one in Lyon until 2006.<\/p>\n<p align=\"left\">Meirieu defends that the teacher must put himself in the shoes of the learner. In line with this conviction, he asked to return to teaching at a high school in the suburbs of Lyon, despite his university career, stating that <strong>Teachers cannot be trained without direct contact with students.<\/strong>.<\/p>\n<h4 align=\"left\"><span lang=\"ca-ES\">Featured works<\/span><\/h4>\n<p align=\"left\"><strong>Frankenstein educator.<\/strong> An influential work in pedagogical reflection that compares the figure of Frankenstein&#039;s monster with educational models based on the control and &quot;manufacture&quot; of the other, and proposes another way of understanding education.<\/p>\n<p align=\"left\"><strong>Pedagogy: Need to resist.<\/strong> Reflection on the need to resist both the commercialization of education and the imposition of &quot;easy solutions&quot;, defending a pedagogy based on the transmission of knowledge and the training of free and supportive individuals<\/p>\n<p align=\"left\"><strong>What the school can still do for democracy.<\/strong> A work that explores the relationship between education and democracy, the values that schools can promote and the importance of pedagogy in fostering active citizenship.<\/p>","protected":false},"excerpt":{"rendered":"<p>Philippe Meirieu \u00e9s un investigador, assagista, docent i pedagog franc\u00e8s de refer\u00e8ncia, amb una producci\u00f3 intel\u00b7lectual molt prol\u00edfica i una participaci\u00f3 constant en les institucions i els debats pedag\u00f2gics de les darreres d\u00e8cades a Fran\u00e7a. Especialista en ci\u00e8ncies de l\u2019educaci\u00f3 i pedagogia, \u00e9s professor de Ci\u00e8ncies de l\u2019Educaci\u00f3 a la Universitat Lumi\u00e8re\u2013Lyon 2, on ha [&hellip;]<\/p>","protected":false},"author":7,"featured_media":3237,"parent":2311,"menu_order":33,"comment_status":"closed","ping_status":"closed","template":"page-ponents.php","meta":{"_acf_changed":false,"footnotes":""},"class_list":["post-3236","page","type-page","status-publish","has-post-thumbnail","hentry"],"acf":[],"yoast_head":"<!-- This site is optimized with the Yoast SEO plugin v26.6 - https:\/\/yoast.com\/wordpress\/plugins\/seo\/ -->\n<title>Philippe Meirieu - IAEC 2026 Granollers<\/title>\n<meta name=\"robots\" content=\"index, follow, max-snippet:-1, max-image-preview:large, max-video-preview:-1\" \/>\n<link rel=\"canonical\" href=\"https:\/\/iaec2026granollers.com\/en\/congres-aice\/ponents\/philippe-meirieu\/\" \/>\n<meta property=\"og:locale\" content=\"en_GB\" \/>\n<meta property=\"og:type\" content=\"article\" \/>\n<meta property=\"og:title\" content=\"Philippe Meirieu - IAEC 2026 Granollers\" \/>\n<meta property=\"og:description\" content=\"Philippe Meirieu \u00e9s un investigador, assagista, docent i pedagog franc\u00e8s de refer\u00e8ncia, amb una producci\u00f3 intel\u00b7lectual molt prol\u00edfica i una participaci\u00f3 constant en les institucions i els debats pedag\u00f2gics de les darreres d\u00e8cades a Fran\u00e7a. Especialista en ci\u00e8ncies de l\u2019educaci\u00f3 i pedagogia, \u00e9s professor de Ci\u00e8ncies de l\u2019Educaci\u00f3 a la Universitat Lumi\u00e8re\u2013Lyon 2, on ha [&hellip;]\" \/>\n<meta property=\"og:url\" content=\"https:\/\/iaec2026granollers.com\/en\/congres-aice\/ponents\/philippe-meirieu\/\" \/>\n<meta property=\"og:site_name\" content=\"IAEC 2026 Granollers\" \/>\n<meta property=\"og:image\" content=\"https:\/\/iaec2026granollers.com\/wp-content\/uploads\/2026\/01\/Philippe-Meirieu.jpg\" \/>\n\t<meta property=\"og:image:width\" content=\"640\" \/>\n\t<meta property=\"og:image:height\" content=\"960\" \/>\n\t<meta property=\"og:image:type\" content=\"image\/jpeg\" \/>\n<meta name=\"twitter:card\" content=\"summary_large_image\" \/>\n<meta name=\"twitter:label1\" content=\"Estimated reading time\" \/>\n\t<meta name=\"twitter:data1\" content=\"2 minutes\" \/>\n<script type=\"application\/ld+json\" class=\"yoast-schema-graph\">{\"@context\":\"https:\/\/schema.org\",\"@graph\":[{\"@type\":\"WebPage\",\"@id\":\"https:\/\/iaec2026granollers.com\/congres-aice\/ponents\/philippe-meirieu\/\",\"url\":\"https:\/\/iaec2026granollers.com\/congres-aice\/ponents\/philippe-meirieu\/\",\"name\":\"Philippe Meirieu - IAEC 2026 Granollers\",\"isPartOf\":{\"@id\":\"https:\/\/iaec2026granollers.com\/#website\"},\"primaryImageOfPage\":{\"@id\":\"https:\/\/iaec2026granollers.com\/congres-aice\/ponents\/philippe-meirieu\/#primaryimage\"},\"image\":{\"@id\":\"https:\/\/iaec2026granollers.com\/congres-aice\/ponents\/philippe-meirieu\/#primaryimage\"},\"thumbnailUrl\":\"https:\/\/iaec2026granollers.com\/wp-content\/uploads\/2026\/01\/Philippe-Meirieu.jpg\",\"datePublished\":\"2026-02-02T16:02:52+00:00\",\"breadcrumb\":{\"@id\":\"https:\/\/iaec2026granollers.com\/congres-aice\/ponents\/philippe-meirieu\/#breadcrumb\"},\"inLanguage\":\"en-GB\",\"potentialAction\":[{\"@type\":\"ReadAction\",\"target\":[\"https:\/\/iaec2026granollers.com\/congres-aice\/ponents\/philippe-meirieu\/\"]}]},{\"@type\":\"ImageObject\",\"inLanguage\":\"en-GB\",\"@id\":\"https:\/\/iaec2026granollers.com\/congres-aice\/ponents\/philippe-meirieu\/#primaryimage\",\"url\":\"https:\/\/iaec2026granollers.com\/wp-content\/uploads\/2026\/01\/Philippe-Meirieu.jpg\",\"contentUrl\":\"https:\/\/iaec2026granollers.com\/wp-content\/uploads\/2026\/01\/Philippe-Meirieu.jpg\",\"width\":640,\"height\":960,\"caption\":\"Philippe Meirieu\"},{\"@type\":\"BreadcrumbList\",\"@id\":\"https:\/\/iaec2026granollers.com\/congres-aice\/ponents\/philippe-meirieu\/#breadcrumb\",\"itemListElement\":[{\"@type\":\"ListItem\",\"position\":1,\"name\":\"Inici\",\"item\":\"https:\/\/iaec2026granollers.com\/\"},{\"@type\":\"ListItem\",\"position\":2,\"name\":\"Congr\u00e9s AICE\",\"item\":\"https:\/\/iaec2026granollers.com\/congres-aice\/\"},{\"@type\":\"ListItem\",\"position\":3,\"name\":\"Ponents\",\"item\":\"https:\/\/iaec2026granollers.com\/congres-aice\/ponents\/\"},{\"@type\":\"ListItem\",\"position\":4,\"name\":\"Philippe Meirieu\"}]},{\"@type\":\"WebSite\",\"@id\":\"https:\/\/iaec2026granollers.com\/#website\",\"url\":\"https:\/\/iaec2026granollers.com\/\",\"name\":\"IAEC 2026 Granollers\",\"description\":\"\",\"potentialAction\":[{\"@type\":\"SearchAction\",\"target\":{\"@type\":\"EntryPoint\",\"urlTemplate\":\"https:\/\/iaec2026granollers.com\/?s={search_term_string}\"},\"query-input\":{\"@type\":\"PropertyValueSpecification\",\"valueRequired\":true,\"valueName\":\"search_term_string\"}}],\"inLanguage\":\"en-GB\"}]}<\/script>\n<!-- \/ Yoast SEO plugin. -->","yoast_head_json":{"title":"Philippe Meirieu - IAEC 2026 Granollers","robots":{"index":"index","follow":"follow","max-snippet":"max-snippet:-1","max-image-preview":"max-image-preview:large","max-video-preview":"max-video-preview:-1"},"canonical":"https:\/\/iaec2026granollers.com\/en\/congres-aice\/ponents\/philippe-meirieu\/","og_locale":"en_GB","og_type":"article","og_title":"Philippe Meirieu - IAEC 2026 Granollers","og_description":"Philippe Meirieu \u00e9s un investigador, assagista, docent i pedagog franc\u00e8s de refer\u00e8ncia, amb una producci\u00f3 intel\u00b7lectual molt prol\u00edfica i una participaci\u00f3 constant en les institucions i els debats pedag\u00f2gics de les darreres d\u00e8cades a Fran\u00e7a. Especialista en ci\u00e8ncies de l\u2019educaci\u00f3 i pedagogia, \u00e9s professor de Ci\u00e8ncies de l\u2019Educaci\u00f3 a la Universitat Lumi\u00e8re\u2013Lyon 2, on ha [&hellip;]","og_url":"https:\/\/iaec2026granollers.com\/en\/congres-aice\/ponents\/philippe-meirieu\/","og_site_name":"IAEC 2026 Granollers","og_image":[{"width":640,"height":960,"url":"https:\/\/iaec2026granollers.com\/wp-content\/uploads\/2026\/01\/Philippe-Meirieu.jpg","type":"image\/jpeg"}],"twitter_card":"summary_large_image","twitter_misc":{"Estimated reading time":"2 minutes"},"schema":{"@context":"https:\/\/schema.org","@graph":[{"@type":"WebPage","@id":"https:\/\/iaec2026granollers.com\/congres-aice\/ponents\/philippe-meirieu\/","url":"https:\/\/iaec2026granollers.com\/congres-aice\/ponents\/philippe-meirieu\/","name":"Philippe Meirieu - IAEC 2026 Granollers","isPartOf":{"@id":"https:\/\/iaec2026granollers.com\/#website"},"primaryImageOfPage":{"@id":"https:\/\/iaec2026granollers.com\/congres-aice\/ponents\/philippe-meirieu\/#primaryimage"},"image":{"@id":"https:\/\/iaec2026granollers.com\/congres-aice\/ponents\/philippe-meirieu\/#primaryimage"},"thumbnailUrl":"https:\/\/iaec2026granollers.com\/wp-content\/uploads\/2026\/01\/Philippe-Meirieu.jpg","datePublished":"2026-02-02T16:02:52+00:00","breadcrumb":{"@id":"https:\/\/iaec2026granollers.com\/congres-aice\/ponents\/philippe-meirieu\/#breadcrumb"},"inLanguage":"en-GB","potentialAction":[{"@type":"ReadAction","target":["https:\/\/iaec2026granollers.com\/congres-aice\/ponents\/philippe-meirieu\/"]}]},{"@type":"ImageObject","inLanguage":"en-GB","@id":"https:\/\/iaec2026granollers.com\/congres-aice\/ponents\/philippe-meirieu\/#primaryimage","url":"https:\/\/iaec2026granollers.com\/wp-content\/uploads\/2026\/01\/Philippe-Meirieu.jpg","contentUrl":"https:\/\/iaec2026granollers.com\/wp-content\/uploads\/2026\/01\/Philippe-Meirieu.jpg","width":640,"height":960,"caption":"Philippe Meirieu"},{"@type":"BreadcrumbList","@id":"https:\/\/iaec2026granollers.com\/congres-aice\/ponents\/philippe-meirieu\/#breadcrumb","itemListElement":[{"@type":"ListItem","position":1,"name":"Inici","item":"https:\/\/iaec2026granollers.com\/"},{"@type":"ListItem","position":2,"name":"Congr\u00e9s AICE","item":"https:\/\/iaec2026granollers.com\/congres-aice\/"},{"@type":"ListItem","position":3,"name":"Ponents","item":"https:\/\/iaec2026granollers.com\/congres-aice\/ponents\/"},{"@type":"ListItem","position":4,"name":"Philippe Meirieu"}]},{"@type":"WebSite","@id":"https:\/\/iaec2026granollers.com\/#website","url":"https:\/\/iaec2026granollers.com\/","name":"IAEC 2026 Granollers","description":"","potentialAction":[{"@type":"SearchAction","target":{"@type":"EntryPoint","urlTemplate":"https:\/\/iaec2026granollers.com\/?s={search_term_string}"},"query-input":{"@type":"PropertyValueSpecification","valueRequired":true,"valueName":"search_term_string"}}],"inLanguage":"en-GB"}]}},"_links":{"self":[{"href":"https:\/\/iaec2026granollers.com\/en\/wp-json\/wp\/v2\/pages\/3236","targetHints":{"allow":["GET"]}}],"collection":[{"href":"https:\/\/iaec2026granollers.com\/en\/wp-json\/wp\/v2\/pages"}],"about":[{"href":"https:\/\/iaec2026granollers.com\/en\/wp-json\/wp\/v2\/types\/page"}],"author":[{"embeddable":true,"href":"https:\/\/iaec2026granollers.com\/en\/wp-json\/wp\/v2\/users\/7"}],"replies":[{"embeddable":true,"href":"https:\/\/iaec2026granollers.com\/en\/wp-json\/wp\/v2\/comments?post=3236"}],"version-history":[{"count":1,"href":"https:\/\/iaec2026granollers.com\/en\/wp-json\/wp\/v2\/pages\/3236\/revisions"}],"predecessor-version":[{"id":3238,"href":"https:\/\/iaec2026granollers.com\/en\/wp-json\/wp\/v2\/pages\/3236\/revisions\/3238"}],"up":[{"embeddable":true,"href":"https:\/\/iaec2026granollers.com\/en\/wp-json\/wp\/v2\/pages\/2311"}],"wp:featuredmedia":[{"embeddable":true,"href":"https:\/\/iaec2026granollers.com\/en\/wp-json\/wp\/v2\/media\/3237"}],"wp:attachment":[{"href":"https:\/\/iaec2026granollers.com\/en\/wp-json\/wp\/v2\/media?parent=3236"}],"curies":[{"name":"wp","href":"https:\/\/api.w.org\/{rel}","templated":true}]}}