{"id":3239,"date":"2026-02-02T17:02:45","date_gmt":"2026-02-02T16:02:45","guid":{"rendered":"https:\/\/iaec2026granollers.com\/?page_id=3239"},"modified":"2026-02-02T17:02:45","modified_gmt":"2026-02-02T16:02:45","slug":"marina-garces","status":"publish","type":"page","link":"https:\/\/iaec2026granollers.com\/en\/congres-aice\/ponents\/marina-garces\/","title":{"rendered":"Marina Garces"},"content":{"rendered":"<p align=\"left\">Marina Garc\u00e9s is<strong> philosopher, essayist and teacher<\/strong> of Contemporary Philosophical and Scientific Thought at the Open University of Catalonia, where she also directs the Master&#039;s degree in Philosophy for Contemporary Challenges. She has been a professor at the University of Zaragoza for fifteen years and has taught at the Pompeu Fabra University and the University of Girona.<\/p>\n<p align=\"left\">His thinking is situated in a perspective of critical thinking oriented towards action and emancipation. He conceives philosophy as a way of life linked not only to academia, but also to the <strong>social and cultural movements<\/strong>, understood as spaces for experimentation, criticism and commitment.<\/p>\n<p align=\"left\">She is the author of an extensive work in the field of <strong>critical thinking, politics, education and the humanities<\/strong>. Among his books are Nova il\u00b7lustraci\u00f3 radical (2017), awarded the Ciutat de Barcelona Essay Prize, Escola d&#039;aprenents (2020) and Pedagogies i emancipaci\u00f3 (2020).<\/p>\n<h4 align=\"left\"><span lang=\"ca-ES\">Featured works<\/span><\/h4>\n<p align=\"left\"><strong>Unfinished philosophy.<\/strong> One of his best-known texts that expresses his way of doing philosophy as an open, critical praxis committed to the present. It is widely cited when discussing his introductory work and the construction of critical thought.<\/p>\n<p align=\"left\"><strong>Radical new illustration.<\/strong> Awarded the City of Barcelona Prize for his ability to rethink the Enlightenment and the need for renewed critical thinking in times of crisis. It is one of his most outstanding and internationally cited contributions.<\/p>\n<p align=\"left\"><strong>A common world.<\/strong> Considered fundamental to understanding Garc\u00e9s&#039; commitment to philosophy as a collective act and oriented towards coexistence and the interdependence of the common. This book has often been referenced as the starting point of his career.<\/p>","protected":false},"excerpt":{"rendered":"<p>Marina Garc\u00e9s \u00e9s fil\u00f2sofa, assagista i professora de Pensament filos\u00f2fic i cient\u00edfic contemporani a la Universitat Oberta de Catalunya, on tamb\u00e9 dirigeix el m\u00e0ster de Filosofia per als reptes contemporanis. Ha estat professora a la Universitat de Saragossa durant quinze anys i ha impartit doc\u00e8ncia a la Universitat Pompeu Fabra i la Universitat de Girona. [&hellip;]<\/p>","protected":false},"author":7,"featured_media":3240,"parent":2311,"menu_order":32,"comment_status":"closed","ping_status":"closed","template":"page-ponents.php","meta":{"_acf_changed":false,"footnotes":""},"class_list":["post-3239","page","type-page","status-publish","has-post-thumbnail","hentry"],"acf":[],"yoast_head":"<!-- This site is optimized with the Yoast SEO plugin v26.6 - https:\/\/yoast.com\/wordpress\/plugins\/seo\/ -->\n<title>Marina Garc\u00e9s - IAEC 2026 Granollers<\/title>\n<meta name=\"robots\" content=\"index, follow, max-snippet:-1, max-image-preview:large, max-video-preview:-1\" \/>\n<link rel=\"canonical\" href=\"https:\/\/iaec2026granollers.com\/en\/congres-aice\/ponents\/marina-garces\/\" \/>\n<meta property=\"og:locale\" content=\"en_GB\" \/>\n<meta property=\"og:type\" content=\"article\" \/>\n<meta property=\"og:title\" content=\"Marina Garc\u00e9s - IAEC 2026 Granollers\" \/>\n<meta property=\"og:description\" content=\"Marina Garc\u00e9s \u00e9s fil\u00f2sofa, assagista i professora de Pensament filos\u00f2fic i cient\u00edfic contemporani a la Universitat Oberta de Catalunya, on tamb\u00e9 dirigeix el m\u00e0ster de Filosofia per als reptes contemporanis. Ha estat professora a la Universitat de Saragossa durant quinze anys i ha impartit doc\u00e8ncia a la Universitat Pompeu Fabra i la Universitat de Girona. [&hellip;]\" \/>\n<meta property=\"og:url\" content=\"https:\/\/iaec2026granollers.com\/en\/congres-aice\/ponents\/marina-garces\/\" \/>\n<meta property=\"og:site_name\" content=\"IAEC 2026 Granollers\" \/>\n<meta property=\"og:image\" content=\"https:\/\/iaec2026granollers.com\/wp-content\/uploads\/2026\/01\/Marina_Garces.jpg\" \/>\n\t<meta property=\"og:image:width\" content=\"640\" \/>\n\t<meta property=\"og:image:height\" content=\"920\" \/>\n\t<meta property=\"og:image:type\" content=\"image\/jpeg\" \/>\n<meta name=\"twitter:card\" content=\"summary_large_image\" \/>\n<meta name=\"twitter:label1\" content=\"Estimated reading time\" \/>\n\t<meta name=\"twitter:data1\" content=\"2 minutes\" \/>\n<script type=\"application\/ld+json\" class=\"yoast-schema-graph\">{\"@context\":\"https:\/\/schema.org\",\"@graph\":[{\"@type\":\"WebPage\",\"@id\":\"https:\/\/iaec2026granollers.com\/congres-aice\/ponents\/marina-garces\/\",\"url\":\"https:\/\/iaec2026granollers.com\/congres-aice\/ponents\/marina-garces\/\",\"name\":\"Marina Garc\u00e9s - IAEC 2026 Granollers\",\"isPartOf\":{\"@id\":\"https:\/\/iaec2026granollers.com\/#website\"},\"primaryImageOfPage\":{\"@id\":\"https:\/\/iaec2026granollers.com\/congres-aice\/ponents\/marina-garces\/#primaryimage\"},\"image\":{\"@id\":\"https:\/\/iaec2026granollers.com\/congres-aice\/ponents\/marina-garces\/#primaryimage\"},\"thumbnailUrl\":\"https:\/\/iaec2026granollers.com\/wp-content\/uploads\/2026\/01\/Marina_Garces.jpg\",\"datePublished\":\"2026-02-02T16:02:45+00:00\",\"breadcrumb\":{\"@id\":\"https:\/\/iaec2026granollers.com\/congres-aice\/ponents\/marina-garces\/#breadcrumb\"},\"inLanguage\":\"en-GB\",\"potentialAction\":[{\"@type\":\"ReadAction\",\"target\":[\"https:\/\/iaec2026granollers.com\/congres-aice\/ponents\/marina-garces\/\"]}]},{\"@type\":\"ImageObject\",\"inLanguage\":\"en-GB\",\"@id\":\"https:\/\/iaec2026granollers.com\/congres-aice\/ponents\/marina-garces\/#primaryimage\",\"url\":\"https:\/\/iaec2026granollers.com\/wp-content\/uploads\/2026\/01\/Marina_Garces.jpg\",\"contentUrl\":\"https:\/\/iaec2026granollers.com\/wp-content\/uploads\/2026\/01\/Marina_Garces.jpg\",\"width\":640,\"height\":920,\"caption\":\"Marina_Garc\u00e9s\"},{\"@type\":\"BreadcrumbList\",\"@id\":\"https:\/\/iaec2026granollers.com\/congres-aice\/ponents\/marina-garces\/#breadcrumb\",\"itemListElement\":[{\"@type\":\"ListItem\",\"position\":1,\"name\":\"Inici\",\"item\":\"https:\/\/iaec2026granollers.com\/\"},{\"@type\":\"ListItem\",\"position\":2,\"name\":\"Congr\u00e9s AICE\",\"item\":\"https:\/\/iaec2026granollers.com\/congres-aice\/\"},{\"@type\":\"ListItem\",\"position\":3,\"name\":\"Ponents\",\"item\":\"https:\/\/iaec2026granollers.com\/congres-aice\/ponents\/\"},{\"@type\":\"ListItem\",\"position\":4,\"name\":\"Marina Garc\u00e9s\"}]},{\"@type\":\"WebSite\",\"@id\":\"https:\/\/iaec2026granollers.com\/#website\",\"url\":\"https:\/\/iaec2026granollers.com\/\",\"name\":\"IAEC 2026 Granollers\",\"description\":\"\",\"potentialAction\":[{\"@type\":\"SearchAction\",\"target\":{\"@type\":\"EntryPoint\",\"urlTemplate\":\"https:\/\/iaec2026granollers.com\/?s={search_term_string}\"},\"query-input\":{\"@type\":\"PropertyValueSpecification\",\"valueRequired\":true,\"valueName\":\"search_term_string\"}}],\"inLanguage\":\"en-GB\"}]}<\/script>\n<!-- \/ Yoast SEO plugin. -->","yoast_head_json":{"title":"Marina Garc\u00e9s - IAEC 2026 Granollers","robots":{"index":"index","follow":"follow","max-snippet":"max-snippet:-1","max-image-preview":"max-image-preview:large","max-video-preview":"max-video-preview:-1"},"canonical":"https:\/\/iaec2026granollers.com\/en\/congres-aice\/ponents\/marina-garces\/","og_locale":"en_GB","og_type":"article","og_title":"Marina Garc\u00e9s - IAEC 2026 Granollers","og_description":"Marina Garc\u00e9s \u00e9s fil\u00f2sofa, assagista i professora de Pensament filos\u00f2fic i cient\u00edfic contemporani a la Universitat Oberta de Catalunya, on tamb\u00e9 dirigeix el m\u00e0ster de Filosofia per als reptes contemporanis. Ha estat professora a la Universitat de Saragossa durant quinze anys i ha impartit doc\u00e8ncia a la Universitat Pompeu Fabra i la Universitat de Girona. [&hellip;]","og_url":"https:\/\/iaec2026granollers.com\/en\/congres-aice\/ponents\/marina-garces\/","og_site_name":"IAEC 2026 Granollers","og_image":[{"width":640,"height":920,"url":"https:\/\/iaec2026granollers.com\/wp-content\/uploads\/2026\/01\/Marina_Garces.jpg","type":"image\/jpeg"}],"twitter_card":"summary_large_image","twitter_misc":{"Estimated reading time":"2 minutes"},"schema":{"@context":"https:\/\/schema.org","@graph":[{"@type":"WebPage","@id":"https:\/\/iaec2026granollers.com\/congres-aice\/ponents\/marina-garces\/","url":"https:\/\/iaec2026granollers.com\/congres-aice\/ponents\/marina-garces\/","name":"Marina Garc\u00e9s - IAEC 2026 Granollers","isPartOf":{"@id":"https:\/\/iaec2026granollers.com\/#website"},"primaryImageOfPage":{"@id":"https:\/\/iaec2026granollers.com\/congres-aice\/ponents\/marina-garces\/#primaryimage"},"image":{"@id":"https:\/\/iaec2026granollers.com\/congres-aice\/ponents\/marina-garces\/#primaryimage"},"thumbnailUrl":"https:\/\/iaec2026granollers.com\/wp-content\/uploads\/2026\/01\/Marina_Garces.jpg","datePublished":"2026-02-02T16:02:45+00:00","breadcrumb":{"@id":"https:\/\/iaec2026granollers.com\/congres-aice\/ponents\/marina-garces\/#breadcrumb"},"inLanguage":"en-GB","potentialAction":[{"@type":"ReadAction","target":["https:\/\/iaec2026granollers.com\/congres-aice\/ponents\/marina-garces\/"]}]},{"@type":"ImageObject","inLanguage":"en-GB","@id":"https:\/\/iaec2026granollers.com\/congres-aice\/ponents\/marina-garces\/#primaryimage","url":"https:\/\/iaec2026granollers.com\/wp-content\/uploads\/2026\/01\/Marina_Garces.jpg","contentUrl":"https:\/\/iaec2026granollers.com\/wp-content\/uploads\/2026\/01\/Marina_Garces.jpg","width":640,"height":920,"caption":"Marina_Garc\u00e9s"},{"@type":"BreadcrumbList","@id":"https:\/\/iaec2026granollers.com\/congres-aice\/ponents\/marina-garces\/#breadcrumb","itemListElement":[{"@type":"ListItem","position":1,"name":"Inici","item":"https:\/\/iaec2026granollers.com\/"},{"@type":"ListItem","position":2,"name":"Congr\u00e9s AICE","item":"https:\/\/iaec2026granollers.com\/congres-aice\/"},{"@type":"ListItem","position":3,"name":"Ponents","item":"https:\/\/iaec2026granollers.com\/congres-aice\/ponents\/"},{"@type":"ListItem","position":4,"name":"Marina Garc\u00e9s"}]},{"@type":"WebSite","@id":"https:\/\/iaec2026granollers.com\/#website","url":"https:\/\/iaec2026granollers.com\/","name":"IAEC 2026 Granollers","description":"","potentialAction":[{"@type":"SearchAction","target":{"@type":"EntryPoint","urlTemplate":"https:\/\/iaec2026granollers.com\/?s={search_term_string}"},"query-input":{"@type":"PropertyValueSpecification","valueRequired":true,"valueName":"search_term_string"}}],"inLanguage":"en-GB"}]}},"_links":{"self":[{"href":"https:\/\/iaec2026granollers.com\/en\/wp-json\/wp\/v2\/pages\/3239","targetHints":{"allow":["GET"]}}],"collection":[{"href":"https:\/\/iaec2026granollers.com\/en\/wp-json\/wp\/v2\/pages"}],"about":[{"href":"https:\/\/iaec2026granollers.com\/en\/wp-json\/wp\/v2\/types\/page"}],"author":[{"embeddable":true,"href":"https:\/\/iaec2026granollers.com\/en\/wp-json\/wp\/v2\/users\/7"}],"replies":[{"embeddable":true,"href":"https:\/\/iaec2026granollers.com\/en\/wp-json\/wp\/v2\/comments?post=3239"}],"version-history":[{"count":1,"href":"https:\/\/iaec2026granollers.com\/en\/wp-json\/wp\/v2\/pages\/3239\/revisions"}],"predecessor-version":[{"id":3241,"href":"https:\/\/iaec2026granollers.com\/en\/wp-json\/wp\/v2\/pages\/3239\/revisions\/3241"}],"up":[{"embeddable":true,"href":"https:\/\/iaec2026granollers.com\/en\/wp-json\/wp\/v2\/pages\/2311"}],"wp:featuredmedia":[{"embeddable":true,"href":"https:\/\/iaec2026granollers.com\/en\/wp-json\/wp\/v2\/media\/3240"}],"wp:attachment":[{"href":"https:\/\/iaec2026granollers.com\/en\/wp-json\/wp\/v2\/media?parent=3239"}],"curies":[{"name":"wp","href":"https:\/\/api.w.org\/{rel}","templated":true}]}}