{"id":3242,"date":"2026-02-02T17:03:02","date_gmt":"2026-02-02T16:03:02","guid":{"rendered":"https:\/\/iaec2026granollers.com\/?page_id=3242"},"modified":"2026-04-30T08:51:31","modified_gmt":"2026-04-30T07:51:31","slug":"marcia-tiburi","status":"publish","type":"page","link":"https:\/\/iaec2026granollers.com\/en\/congres-aice\/ponents\/marcia-tiburi\/","title":{"rendered":"Marcia Tiburi"},"content":{"rendered":"<p align=\"left\">M\u00e1rcia Tiburi is a <strong>philosopher, writer, visual artist and literary critic<\/strong> Brazilian. She has a doctorate in Contemporary Philosophy from the Federal University of Rio Grande do Sul and a degree in Plastic Arts. She is also a professor in the Postgraduate Program in Education, Art and Cultural History at the Mackenzie Presbyterian University of Sao Paulo.<\/p>\n<p align=\"left\">His research focuses on <strong>ethics, aesthetics and philosophy of knowledge<\/strong>. She has published numerous philosophy books and novels, in addition to writing for specialized magazines and newspapers. Tiburi defends a feminism that fights for the rights of everyone, opening spaces for other expressions of gender and sexuality and promoting an inclusive idea of humanity.<\/p>\n<p align=\"left\">For four years she was part of the Socialism and Freedom Party and in 2018 she joined the Workers&#039; Party, endorsed by Lula. In December 2018 she went into exile in Paris due to\u2019<strong>death threats<\/strong> and persecution motivated by the Free Brazil Movement.<\/p>\n<h4 align=\"left\"><span lang=\"ca-ES\">Featured works<\/span><\/h4>\n<p align=\"left\"><strong>How to talk like a fascist: reflections on Brazilian authoritarian daily life.<\/strong> It analyzes how authoritarian thinking and fascism manifest themselves in everyday life and how to dialogue with these forms of thought, using philosophical and critical tools. This title has been translated and published in English, expanding its international impact.<\/p>\n<p align=\"left\"><strong>Practical philosophy: ethics, everyday life, virtual life<\/strong>. One of his most cited philosophical books, where Tiburi applies philosophical thought to contemporary ethical issues, such as digital life, human relationships, and everyday decisions.<\/p>\n<p align=\"left\"><strong>Del\u00edrio do poder: psychopower and collective madness in the era of misinformation.<\/strong> It analyzes how disinformation, hate speech and authoritarian dynamics generate a form of psychopower that fuels emotional manipulation and collective madness.<\/p>","protected":false},"excerpt":{"rendered":"<p>M\u00e1rcia Tiburi \u00e9s una fil\u00f2sofa, escriptora, artista pl\u00e0stica i cr\u00edtica liter\u00e0ria brasilera. \u00c9s doctora en Filosofia Contempor\u00e0nia per la Universitat Federal de Rio Grande do Sul i llicenciada en Arts Pl\u00e0stiques. Tamb\u00e9 \u00e9s professora del Programa de Postgrau en Educaci\u00f3, Art i Hist\u00f2ria de la Cultura de la Universitat Presbiteriana Mackenzie de Sao Paulo. La [&hellip;]<\/p>","protected":false},"author":7,"featured_media":3598,"parent":2311,"menu_order":34,"comment_status":"closed","ping_status":"closed","template":"page-ponents.php","meta":{"_acf_changed":false,"footnotes":""},"class_list":["post-3242","page","type-page","status-publish","has-post-thumbnail","hentry"],"acf":[],"yoast_head":"<!-- This site is optimized with the Yoast SEO plugin v26.6 - https:\/\/yoast.com\/wordpress\/plugins\/seo\/ -->\n<title>M\u00e1rcia Tiburi - IAEC 2026 Granollers<\/title>\n<meta name=\"robots\" content=\"index, follow, max-snippet:-1, max-image-preview:large, max-video-preview:-1\" \/>\n<link rel=\"canonical\" href=\"https:\/\/iaec2026granollers.com\/en\/congres-aice\/ponents\/marcia-tiburi\/\" \/>\n<meta property=\"og:locale\" content=\"en_GB\" \/>\n<meta property=\"og:type\" content=\"article\" \/>\n<meta property=\"og:title\" content=\"M\u00e1rcia Tiburi - IAEC 2026 Granollers\" \/>\n<meta property=\"og:description\" content=\"M\u00e1rcia Tiburi \u00e9s una fil\u00f2sofa, escriptora, artista pl\u00e0stica i cr\u00edtica liter\u00e0ria brasilera. \u00c9s doctora en Filosofia Contempor\u00e0nia per la Universitat Federal de Rio Grande do Sul i llicenciada en Arts Pl\u00e0stiques. Tamb\u00e9 \u00e9s professora del Programa de Postgrau en Educaci\u00f3, Art i Hist\u00f2ria de la Cultura de la Universitat Presbiteriana Mackenzie de Sao Paulo. La [&hellip;]\" \/>\n<meta property=\"og:url\" content=\"https:\/\/iaec2026granollers.com\/en\/congres-aice\/ponents\/marcia-tiburi\/\" \/>\n<meta property=\"og:site_name\" content=\"IAEC 2026 Granollers\" \/>\n<meta property=\"article:modified_time\" content=\"2026-04-30T07:51:31+00:00\" \/>\n<meta property=\"og:image\" content=\"https:\/\/iaec2026granollers.com\/wp-content\/uploads\/2026\/04\/Marcia-Tiburi.jpeg\" \/>\n\t<meta property=\"og:image:width\" content=\"1179\" \/>\n\t<meta property=\"og:image:height\" content=\"1225\" \/>\n\t<meta property=\"og:image:type\" content=\"image\/jpeg\" \/>\n<meta name=\"twitter:card\" content=\"summary_large_image\" \/>\n<meta name=\"twitter:label1\" content=\"Estimated reading time\" \/>\n\t<meta name=\"twitter:data1\" content=\"2 minutes\" \/>\n<script type=\"application\/ld+json\" class=\"yoast-schema-graph\">{\"@context\":\"https:\/\/schema.org\",\"@graph\":[{\"@type\":\"WebPage\",\"@id\":\"https:\/\/iaec2026granollers.com\/congres-aice\/ponents\/marcia-tiburi\/\",\"url\":\"https:\/\/iaec2026granollers.com\/congres-aice\/ponents\/marcia-tiburi\/\",\"name\":\"M\u00e1rcia Tiburi - IAEC 2026 Granollers\",\"isPartOf\":{\"@id\":\"https:\/\/iaec2026granollers.com\/#website\"},\"primaryImageOfPage\":{\"@id\":\"https:\/\/iaec2026granollers.com\/congres-aice\/ponents\/marcia-tiburi\/#primaryimage\"},\"image\":{\"@id\":\"https:\/\/iaec2026granollers.com\/congres-aice\/ponents\/marcia-tiburi\/#primaryimage\"},\"thumbnailUrl\":\"https:\/\/iaec2026granollers.com\/wp-content\/uploads\/2026\/04\/Marcia-Tiburi.jpeg\",\"datePublished\":\"2026-02-02T16:03:02+00:00\",\"dateModified\":\"2026-04-30T07:51:31+00:00\",\"breadcrumb\":{\"@id\":\"https:\/\/iaec2026granollers.com\/congres-aice\/ponents\/marcia-tiburi\/#breadcrumb\"},\"inLanguage\":\"en-GB\",\"potentialAction\":[{\"@type\":\"ReadAction\",\"target\":[\"https:\/\/iaec2026granollers.com\/congres-aice\/ponents\/marcia-tiburi\/\"]}]},{\"@type\":\"ImageObject\",\"inLanguage\":\"en-GB\",\"@id\":\"https:\/\/iaec2026granollers.com\/congres-aice\/ponents\/marcia-tiburi\/#primaryimage\",\"url\":\"https:\/\/iaec2026granollers.com\/wp-content\/uploads\/2026\/04\/Marcia-Tiburi.jpeg\",\"contentUrl\":\"https:\/\/iaec2026granollers.com\/wp-content\/uploads\/2026\/04\/Marcia-Tiburi.jpeg\",\"width\":1179,\"height\":1225},{\"@type\":\"BreadcrumbList\",\"@id\":\"https:\/\/iaec2026granollers.com\/congres-aice\/ponents\/marcia-tiburi\/#breadcrumb\",\"itemListElement\":[{\"@type\":\"ListItem\",\"position\":1,\"name\":\"Inici\",\"item\":\"https:\/\/iaec2026granollers.com\/\"},{\"@type\":\"ListItem\",\"position\":2,\"name\":\"Congr\u00e9s AICE\",\"item\":\"https:\/\/iaec2026granollers.com\/congres-aice\/\"},{\"@type\":\"ListItem\",\"position\":3,\"name\":\"Ponents\",\"item\":\"https:\/\/iaec2026granollers.com\/congres-aice\/ponents\/\"},{\"@type\":\"ListItem\",\"position\":4,\"name\":\"M\u00e1rcia Tiburi\"}]},{\"@type\":\"WebSite\",\"@id\":\"https:\/\/iaec2026granollers.com\/#website\",\"url\":\"https:\/\/iaec2026granollers.com\/\",\"name\":\"IAEC 2026 Granollers\",\"description\":\"\",\"potentialAction\":[{\"@type\":\"SearchAction\",\"target\":{\"@type\":\"EntryPoint\",\"urlTemplate\":\"https:\/\/iaec2026granollers.com\/?s={search_term_string}\"},\"query-input\":{\"@type\":\"PropertyValueSpecification\",\"valueRequired\":true,\"valueName\":\"search_term_string\"}}],\"inLanguage\":\"en-GB\"}]}<\/script>\n<!-- \/ Yoast SEO plugin. -->","yoast_head_json":{"title":"M\u00e1rcia Tiburi - IAEC 2026 Granollers","robots":{"index":"index","follow":"follow","max-snippet":"max-snippet:-1","max-image-preview":"max-image-preview:large","max-video-preview":"max-video-preview:-1"},"canonical":"https:\/\/iaec2026granollers.com\/en\/congres-aice\/ponents\/marcia-tiburi\/","og_locale":"en_GB","og_type":"article","og_title":"M\u00e1rcia Tiburi - IAEC 2026 Granollers","og_description":"M\u00e1rcia Tiburi \u00e9s una fil\u00f2sofa, escriptora, artista pl\u00e0stica i cr\u00edtica liter\u00e0ria brasilera. \u00c9s doctora en Filosofia Contempor\u00e0nia per la Universitat Federal de Rio Grande do Sul i llicenciada en Arts Pl\u00e0stiques. Tamb\u00e9 \u00e9s professora del Programa de Postgrau en Educaci\u00f3, Art i Hist\u00f2ria de la Cultura de la Universitat Presbiteriana Mackenzie de Sao Paulo. La [&hellip;]","og_url":"https:\/\/iaec2026granollers.com\/en\/congres-aice\/ponents\/marcia-tiburi\/","og_site_name":"IAEC 2026 Granollers","article_modified_time":"2026-04-30T07:51:31+00:00","og_image":[{"width":1179,"height":1225,"url":"https:\/\/iaec2026granollers.com\/wp-content\/uploads\/2026\/04\/Marcia-Tiburi.jpeg","type":"image\/jpeg"}],"twitter_card":"summary_large_image","twitter_misc":{"Estimated reading time":"2 minutes"},"schema":{"@context":"https:\/\/schema.org","@graph":[{"@type":"WebPage","@id":"https:\/\/iaec2026granollers.com\/congres-aice\/ponents\/marcia-tiburi\/","url":"https:\/\/iaec2026granollers.com\/congres-aice\/ponents\/marcia-tiburi\/","name":"M\u00e1rcia Tiburi - IAEC 2026 Granollers","isPartOf":{"@id":"https:\/\/iaec2026granollers.com\/#website"},"primaryImageOfPage":{"@id":"https:\/\/iaec2026granollers.com\/congres-aice\/ponents\/marcia-tiburi\/#primaryimage"},"image":{"@id":"https:\/\/iaec2026granollers.com\/congres-aice\/ponents\/marcia-tiburi\/#primaryimage"},"thumbnailUrl":"https:\/\/iaec2026granollers.com\/wp-content\/uploads\/2026\/04\/Marcia-Tiburi.jpeg","datePublished":"2026-02-02T16:03:02+00:00","dateModified":"2026-04-30T07:51:31+00:00","breadcrumb":{"@id":"https:\/\/iaec2026granollers.com\/congres-aice\/ponents\/marcia-tiburi\/#breadcrumb"},"inLanguage":"en-GB","potentialAction":[{"@type":"ReadAction","target":["https:\/\/iaec2026granollers.com\/congres-aice\/ponents\/marcia-tiburi\/"]}]},{"@type":"ImageObject","inLanguage":"en-GB","@id":"https:\/\/iaec2026granollers.com\/congres-aice\/ponents\/marcia-tiburi\/#primaryimage","url":"https:\/\/iaec2026granollers.com\/wp-content\/uploads\/2026\/04\/Marcia-Tiburi.jpeg","contentUrl":"https:\/\/iaec2026granollers.com\/wp-content\/uploads\/2026\/04\/Marcia-Tiburi.jpeg","width":1179,"height":1225},{"@type":"BreadcrumbList","@id":"https:\/\/iaec2026granollers.com\/congres-aice\/ponents\/marcia-tiburi\/#breadcrumb","itemListElement":[{"@type":"ListItem","position":1,"name":"Inici","item":"https:\/\/iaec2026granollers.com\/"},{"@type":"ListItem","position":2,"name":"Congr\u00e9s AICE","item":"https:\/\/iaec2026granollers.com\/congres-aice\/"},{"@type":"ListItem","position":3,"name":"Ponents","item":"https:\/\/iaec2026granollers.com\/congres-aice\/ponents\/"},{"@type":"ListItem","position":4,"name":"M\u00e1rcia Tiburi"}]},{"@type":"WebSite","@id":"https:\/\/iaec2026granollers.com\/#website","url":"https:\/\/iaec2026granollers.com\/","name":"IAEC 2026 Granollers","description":"","potentialAction":[{"@type":"SearchAction","target":{"@type":"EntryPoint","urlTemplate":"https:\/\/iaec2026granollers.com\/?s={search_term_string}"},"query-input":{"@type":"PropertyValueSpecification","valueRequired":true,"valueName":"search_term_string"}}],"inLanguage":"en-GB"}]}},"_links":{"self":[{"href":"https:\/\/iaec2026granollers.com\/en\/wp-json\/wp\/v2\/pages\/3242","targetHints":{"allow":["GET"]}}],"collection":[{"href":"https:\/\/iaec2026granollers.com\/en\/wp-json\/wp\/v2\/pages"}],"about":[{"href":"https:\/\/iaec2026granollers.com\/en\/wp-json\/wp\/v2\/types\/page"}],"author":[{"embeddable":true,"href":"https:\/\/iaec2026granollers.com\/en\/wp-json\/wp\/v2\/users\/7"}],"replies":[{"embeddable":true,"href":"https:\/\/iaec2026granollers.com\/en\/wp-json\/wp\/v2\/comments?post=3242"}],"version-history":[{"count":1,"href":"https:\/\/iaec2026granollers.com\/en\/wp-json\/wp\/v2\/pages\/3242\/revisions"}],"predecessor-version":[{"id":3244,"href":"https:\/\/iaec2026granollers.com\/en\/wp-json\/wp\/v2\/pages\/3242\/revisions\/3244"}],"up":[{"embeddable":true,"href":"https:\/\/iaec2026granollers.com\/en\/wp-json\/wp\/v2\/pages\/2311"}],"wp:featuredmedia":[{"embeddable":true,"href":"https:\/\/iaec2026granollers.com\/en\/wp-json\/wp\/v2\/media\/3598"}],"wp:attachment":[{"href":"https:\/\/iaec2026granollers.com\/en\/wp-json\/wp\/v2\/media?parent=3242"}],"curies":[{"name":"wp","href":"https:\/\/api.w.org\/{rel}","templated":true}]}}