{"id":3248,"date":"2026-02-02T09:34:24","date_gmt":"2026-02-02T08:34:24","guid":{"rendered":"https:\/\/iaec2026granollers.com\/?page_id=3248"},"modified":"2026-02-02T09:34:24","modified_gmt":"2026-02-02T08:34:24","slug":"joan-fontcuberta","status":"publish","type":"page","link":"https:\/\/iaec2026granollers.com\/en\/congres-aice\/ponents\/joan-fontcuberta\/","title":{"rendered":"Joan Fontcuberta"},"content":{"rendered":"<p align=\"left\">Joan Fontcuberta has a degree in Information Sciences and <strong>one of the Catalan photographers with the most international projection<\/strong>. He also works as a theorist of the photographic image and as a photographic editor, and has promoted contemporary photography through numerous events, conferences and exhibitions.<\/p>\n<p align=\"left\">His multifaceted artistic production revolves around <strong>the plausibility of the image and its ability to represent and supplant the real world<\/strong>. In fact, both his theoretical work and his photography question the truth that is assumed in the image. He is interested in the social function of photography, its public use and the intoxication of information.<\/p>\n<p align=\"left\">Since the late eighties, Fontcuberta has exhibited regularly in the most prestigious art centers in the world, and among the many awards received, the prestigious <strong>Hasselblad International Photography Award in 2013<\/strong>. In 2020, the University of Paris VIII awarded him the title Doctor Honoris Causa.<\/p>\n<p align=\"left\">His work is found in <strong>featured collections<\/strong> such as the MoMA in New York, the Metropolitan Museum of Art in New York, The Art Institute in Chicago, the Museo Nacional Centro de Arte Reina Sof\u00eda in Madrid, the Center Pompidou in Paris and the MACBA in Barcelona, among others.<\/p>\n<h4 align=\"left\"><span lang=\"ca-ES\">Featured works<\/span><\/h4>\n<p><strong>The kiss of Judas. Photography and truth<\/strong>.One of his fundamental books; he reflects on photography as an ideological construction and not as objective evidence.<\/p>\n<p><strong>The fury of the images. Notes on post photography.<\/strong>\u00a0Key text on post-photography, visual saturation and images in the age of social networks.<\/p>\n<p><strong>The book of wonders.<\/strong>\u00a0Reflection on knowledge, curiosity and visual devices throughout history.<\/p>","protected":false},"excerpt":{"rendered":"<p>Joan Fontcuberta \u00e9s llicenciat en Ci\u00e8ncies de la Informaci\u00f3 i un dels fot\u00f2grafs catalans amb m\u00e9s projecci\u00f3 internacional. Exerceix tamb\u00e9 com a te\u00f2ric de la imatge fotogr\u00e0fica i com a editor fotogr\u00e0fic, i ha impulsat la fotografia contempor\u00e0nia a trav\u00e9s de nombrosos esdeveniments, jornades i exposicions. La seva producci\u00f3 art\u00edstica, multifac\u00e8tica, gira entorn de la [&hellip;]<\/p>","protected":false},"author":7,"featured_media":3273,"parent":2311,"menu_order":39,"comment_status":"closed","ping_status":"closed","template":"page-ponents.php","meta":{"_acf_changed":false,"footnotes":""},"class_list":["post-3248","page","type-page","status-publish","has-post-thumbnail","hentry"],"acf":[],"yoast_head":"<!-- This site is optimized with the Yoast SEO plugin v26.6 - https:\/\/yoast.com\/wordpress\/plugins\/seo\/ -->\n<title>Joan Fontcuberta - IAEC 2026 Granollers<\/title>\n<meta name=\"robots\" content=\"index, follow, max-snippet:-1, max-image-preview:large, max-video-preview:-1\" \/>\n<link rel=\"canonical\" href=\"https:\/\/iaec2026granollers.com\/en\/congres-aice\/ponents\/joan-fontcuberta\/\" \/>\n<meta property=\"og:locale\" content=\"en_GB\" \/>\n<meta property=\"og:type\" content=\"article\" \/>\n<meta property=\"og:title\" content=\"Joan Fontcuberta - IAEC 2026 Granollers\" \/>\n<meta property=\"og:description\" content=\"Joan Fontcuberta \u00e9s llicenciat en Ci\u00e8ncies de la Informaci\u00f3 i un dels fot\u00f2grafs catalans amb m\u00e9s projecci\u00f3 internacional. Exerceix tamb\u00e9 com a te\u00f2ric de la imatge fotogr\u00e0fica i com a editor fotogr\u00e0fic, i ha impulsat la fotografia contempor\u00e0nia a trav\u00e9s de nombrosos esdeveniments, jornades i exposicions. La seva producci\u00f3 art\u00edstica, multifac\u00e8tica, gira entorn de la [&hellip;]\" \/>\n<meta property=\"og:url\" content=\"https:\/\/iaec2026granollers.com\/en\/congres-aice\/ponents\/joan-fontcuberta\/\" \/>\n<meta property=\"og:site_name\" content=\"IAEC 2026 Granollers\" \/>\n<meta property=\"og:image\" content=\"https:\/\/iaec2026granollers.com\/wp-content\/uploads\/2026\/02\/joan-fontcuberta-scaled.jpg\" \/>\n\t<meta property=\"og:image:width\" content=\"2560\" \/>\n\t<meta property=\"og:image:height\" content=\"1684\" \/>\n\t<meta property=\"og:image:type\" content=\"image\/jpeg\" \/>\n<meta name=\"twitter:card\" content=\"summary_large_image\" \/>\n<meta name=\"twitter:label1\" content=\"Estimated reading time\" \/>\n\t<meta name=\"twitter:data1\" content=\"2 minutes\" \/>\n<script type=\"application\/ld+json\" class=\"yoast-schema-graph\">{\"@context\":\"https:\/\/schema.org\",\"@graph\":[{\"@type\":\"WebPage\",\"@id\":\"https:\/\/iaec2026granollers.com\/congres-aice\/ponents\/joan-fontcuberta\/\",\"url\":\"https:\/\/iaec2026granollers.com\/congres-aice\/ponents\/joan-fontcuberta\/\",\"name\":\"Joan Fontcuberta - IAEC 2026 Granollers\",\"isPartOf\":{\"@id\":\"https:\/\/iaec2026granollers.com\/#website\"},\"primaryImageOfPage\":{\"@id\":\"https:\/\/iaec2026granollers.com\/congres-aice\/ponents\/joan-fontcuberta\/#primaryimage\"},\"image\":{\"@id\":\"https:\/\/iaec2026granollers.com\/congres-aice\/ponents\/joan-fontcuberta\/#primaryimage\"},\"thumbnailUrl\":\"https:\/\/iaec2026granollers.com\/wp-content\/uploads\/2026\/02\/joan-fontcuberta-scaled.jpg\",\"datePublished\":\"2026-02-02T08:34:24+00:00\",\"breadcrumb\":{\"@id\":\"https:\/\/iaec2026granollers.com\/congres-aice\/ponents\/joan-fontcuberta\/#breadcrumb\"},\"inLanguage\":\"en-GB\",\"potentialAction\":[{\"@type\":\"ReadAction\",\"target\":[\"https:\/\/iaec2026granollers.com\/congres-aice\/ponents\/joan-fontcuberta\/\"]}]},{\"@type\":\"ImageObject\",\"inLanguage\":\"en-GB\",\"@id\":\"https:\/\/iaec2026granollers.com\/congres-aice\/ponents\/joan-fontcuberta\/#primaryimage\",\"url\":\"https:\/\/iaec2026granollers.com\/wp-content\/uploads\/2026\/02\/joan-fontcuberta-scaled.jpg\",\"contentUrl\":\"https:\/\/iaec2026granollers.com\/wp-content\/uploads\/2026\/02\/joan-fontcuberta-scaled.jpg\",\"width\":2560,\"height\":1684,\"caption\":\"joan fontcuberta\"},{\"@type\":\"BreadcrumbList\",\"@id\":\"https:\/\/iaec2026granollers.com\/congres-aice\/ponents\/joan-fontcuberta\/#breadcrumb\",\"itemListElement\":[{\"@type\":\"ListItem\",\"position\":1,\"name\":\"Inici\",\"item\":\"https:\/\/iaec2026granollers.com\/\"},{\"@type\":\"ListItem\",\"position\":2,\"name\":\"Congr\u00e9s AICE\",\"item\":\"https:\/\/iaec2026granollers.com\/congres-aice\/\"},{\"@type\":\"ListItem\",\"position\":3,\"name\":\"Ponents\",\"item\":\"https:\/\/iaec2026granollers.com\/congres-aice\/ponents\/\"},{\"@type\":\"ListItem\",\"position\":4,\"name\":\"Joan Fontcuberta\"}]},{\"@type\":\"WebSite\",\"@id\":\"https:\/\/iaec2026granollers.com\/#website\",\"url\":\"https:\/\/iaec2026granollers.com\/\",\"name\":\"IAEC 2026 Granollers\",\"description\":\"\",\"potentialAction\":[{\"@type\":\"SearchAction\",\"target\":{\"@type\":\"EntryPoint\",\"urlTemplate\":\"https:\/\/iaec2026granollers.com\/?s={search_term_string}\"},\"query-input\":{\"@type\":\"PropertyValueSpecification\",\"valueRequired\":true,\"valueName\":\"search_term_string\"}}],\"inLanguage\":\"en-GB\"}]}<\/script>\n<!-- \/ Yoast SEO plugin. -->","yoast_head_json":{"title":"Joan Fontcuberta - IAEC 2026 Granollers","robots":{"index":"index","follow":"follow","max-snippet":"max-snippet:-1","max-image-preview":"max-image-preview:large","max-video-preview":"max-video-preview:-1"},"canonical":"https:\/\/iaec2026granollers.com\/en\/congres-aice\/ponents\/joan-fontcuberta\/","og_locale":"en_GB","og_type":"article","og_title":"Joan Fontcuberta - IAEC 2026 Granollers","og_description":"Joan Fontcuberta \u00e9s llicenciat en Ci\u00e8ncies de la Informaci\u00f3 i un dels fot\u00f2grafs catalans amb m\u00e9s projecci\u00f3 internacional. Exerceix tamb\u00e9 com a te\u00f2ric de la imatge fotogr\u00e0fica i com a editor fotogr\u00e0fic, i ha impulsat la fotografia contempor\u00e0nia a trav\u00e9s de nombrosos esdeveniments, jornades i exposicions. La seva producci\u00f3 art\u00edstica, multifac\u00e8tica, gira entorn de la [&hellip;]","og_url":"https:\/\/iaec2026granollers.com\/en\/congres-aice\/ponents\/joan-fontcuberta\/","og_site_name":"IAEC 2026 Granollers","og_image":[{"width":2560,"height":1684,"url":"https:\/\/iaec2026granollers.com\/wp-content\/uploads\/2026\/02\/joan-fontcuberta-scaled.jpg","type":"image\/jpeg"}],"twitter_card":"summary_large_image","twitter_misc":{"Estimated reading time":"2 minutes"},"schema":{"@context":"https:\/\/schema.org","@graph":[{"@type":"WebPage","@id":"https:\/\/iaec2026granollers.com\/congres-aice\/ponents\/joan-fontcuberta\/","url":"https:\/\/iaec2026granollers.com\/congres-aice\/ponents\/joan-fontcuberta\/","name":"Joan Fontcuberta - IAEC 2026 Granollers","isPartOf":{"@id":"https:\/\/iaec2026granollers.com\/#website"},"primaryImageOfPage":{"@id":"https:\/\/iaec2026granollers.com\/congres-aice\/ponents\/joan-fontcuberta\/#primaryimage"},"image":{"@id":"https:\/\/iaec2026granollers.com\/congres-aice\/ponents\/joan-fontcuberta\/#primaryimage"},"thumbnailUrl":"https:\/\/iaec2026granollers.com\/wp-content\/uploads\/2026\/02\/joan-fontcuberta-scaled.jpg","datePublished":"2026-02-02T08:34:24+00:00","breadcrumb":{"@id":"https:\/\/iaec2026granollers.com\/congres-aice\/ponents\/joan-fontcuberta\/#breadcrumb"},"inLanguage":"en-GB","potentialAction":[{"@type":"ReadAction","target":["https:\/\/iaec2026granollers.com\/congres-aice\/ponents\/joan-fontcuberta\/"]}]},{"@type":"ImageObject","inLanguage":"en-GB","@id":"https:\/\/iaec2026granollers.com\/congres-aice\/ponents\/joan-fontcuberta\/#primaryimage","url":"https:\/\/iaec2026granollers.com\/wp-content\/uploads\/2026\/02\/joan-fontcuberta-scaled.jpg","contentUrl":"https:\/\/iaec2026granollers.com\/wp-content\/uploads\/2026\/02\/joan-fontcuberta-scaled.jpg","width":2560,"height":1684,"caption":"joan fontcuberta"},{"@type":"BreadcrumbList","@id":"https:\/\/iaec2026granollers.com\/congres-aice\/ponents\/joan-fontcuberta\/#breadcrumb","itemListElement":[{"@type":"ListItem","position":1,"name":"Inici","item":"https:\/\/iaec2026granollers.com\/"},{"@type":"ListItem","position":2,"name":"Congr\u00e9s AICE","item":"https:\/\/iaec2026granollers.com\/congres-aice\/"},{"@type":"ListItem","position":3,"name":"Ponents","item":"https:\/\/iaec2026granollers.com\/congres-aice\/ponents\/"},{"@type":"ListItem","position":4,"name":"Joan Fontcuberta"}]},{"@type":"WebSite","@id":"https:\/\/iaec2026granollers.com\/#website","url":"https:\/\/iaec2026granollers.com\/","name":"IAEC 2026 Granollers","description":"","potentialAction":[{"@type":"SearchAction","target":{"@type":"EntryPoint","urlTemplate":"https:\/\/iaec2026granollers.com\/?s={search_term_string}"},"query-input":{"@type":"PropertyValueSpecification","valueRequired":true,"valueName":"search_term_string"}}],"inLanguage":"en-GB"}]}},"_links":{"self":[{"href":"https:\/\/iaec2026granollers.com\/en\/wp-json\/wp\/v2\/pages\/3248","targetHints":{"allow":["GET"]}}],"collection":[{"href":"https:\/\/iaec2026granollers.com\/en\/wp-json\/wp\/v2\/pages"}],"about":[{"href":"https:\/\/iaec2026granollers.com\/en\/wp-json\/wp\/v2\/types\/page"}],"author":[{"embeddable":true,"href":"https:\/\/iaec2026granollers.com\/en\/wp-json\/wp\/v2\/users\/7"}],"replies":[{"embeddable":true,"href":"https:\/\/iaec2026granollers.com\/en\/wp-json\/wp\/v2\/comments?post=3248"}],"version-history":[{"count":4,"href":"https:\/\/iaec2026granollers.com\/en\/wp-json\/wp\/v2\/pages\/3248\/revisions"}],"predecessor-version":[{"id":3274,"href":"https:\/\/iaec2026granollers.com\/en\/wp-json\/wp\/v2\/pages\/3248\/revisions\/3274"}],"up":[{"embeddable":true,"href":"https:\/\/iaec2026granollers.com\/en\/wp-json\/wp\/v2\/pages\/2311"}],"wp:featuredmedia":[{"embeddable":true,"href":"https:\/\/iaec2026granollers.com\/en\/wp-json\/wp\/v2\/media\/3273"}],"wp:attachment":[{"href":"https:\/\/iaec2026granollers.com\/en\/wp-json\/wp\/v2\/media?parent=3248"}],"curies":[{"name":"wp","href":"https:\/\/api.w.org\/{rel}","templated":true}]}}