{"id":3252,"date":"2026-02-02T17:03:21","date_gmt":"2026-02-02T16:03:21","guid":{"rendered":"https:\/\/iaec2026granollers.com\/?page_id=3252"},"modified":"2026-02-06T10:20:20","modified_gmt":"2026-02-06T09:20:20","slug":"rosalia-diogo","status":"publish","type":"page","link":"https:\/\/iaec2026granollers.com\/en\/congres-aice\/ponents\/rosalia-diogo\/","title":{"rendered":"Rosalia Diogo"},"content":{"rendered":"<p>Rosalia Diogo is <strong>teacher, journalist, social psychologist, arts curator and cultural activist<\/strong>, with a professional career linked to communication, culture and social studies. She works as a curator at the Casar\u00e3o das Artes Negras Cultural Institute in Brazil and as director of the Canjer\u00ea Magazine, from where she promotes reflection and visibility of black cultures.<\/p>\n<p>His professional activity combines journalistic practice with cultural management and university teaching. His research has focused on areas such as<strong> literature, culture, feminism and social studies<\/strong>, with special attention to Afro-Brazilian and African Portuguese-language cultural productions.<\/p>\n<p>Diogo has a degree in journalism, a master&#039;s degree in Social Psychology from the Federal University of Minas Gerais, a doctorate in Literature from the Pontifical Catholic University of Minas Gerais and has completed a post-doctorate in Anthropology at the University of Barcelona. He has recently served as <strong>visiting professor at the Eduardo Mondlane University, in Mozambique<\/strong>.<\/p>\n<h4>Featured works<\/h4>\n<p><strong>Media and Racism: essays.<\/strong> A work of essays that explores how the media represents and constructs narratives about race and identity in Brazil.<\/p>\n<p><strong>What is Feminism?<\/strong> (Co-author) A title that introduces fundamental concepts of feminism and the way gender relations are articulated.<\/p>\n<p><strong>What is Racism?<\/strong> (Co-author) An informative text that addresses concepts of structural and ideological racism.<\/p>","protected":false},"excerpt":{"rendered":"<p>Ros\u00e1lia Diogo \u00e9s professora, periodista, psic\u00f2loga social, curadora d\u2019arts i activista cultural, amb una traject\u00f2ria professional vinculada a la comunicaci\u00f3, la cultura i els estudis socials. Exerceix com a curadora a l\u2019Institut Cultural Casar\u00e3o das Artes Negras de Brasil i com a directora de la Revista Canjer\u00ea, des d\u2019on impulsa la reflexi\u00f3 i la visibilitzaci\u00f3 [&hellip;]<\/p>","protected":false},"author":7,"featured_media":3339,"parent":2311,"menu_order":36,"comment_status":"closed","ping_status":"closed","template":"page-ponents.php","meta":{"_acf_changed":false,"footnotes":""},"class_list":["post-3252","page","type-page","status-publish","has-post-thumbnail","hentry"],"acf":[],"yoast_head":"<!-- This site is optimized with the Yoast SEO plugin v26.6 - https:\/\/yoast.com\/wordpress\/plugins\/seo\/ -->\n<title>Ros\u00e1lia Diogo - IAEC 2026 Granollers<\/title>\n<meta name=\"robots\" content=\"index, follow, max-snippet:-1, max-image-preview:large, max-video-preview:-1\" \/>\n<link rel=\"canonical\" href=\"https:\/\/iaec2026granollers.com\/en\/congres-aice\/ponents\/rosalia-diogo\/\" \/>\n<meta property=\"og:locale\" content=\"en_GB\" \/>\n<meta property=\"og:type\" content=\"article\" \/>\n<meta property=\"og:title\" content=\"Ros\u00e1lia Diogo - IAEC 2026 Granollers\" \/>\n<meta property=\"og:description\" content=\"Ros\u00e1lia Diogo \u00e9s professora, periodista, psic\u00f2loga social, curadora d\u2019arts i activista cultural, amb una traject\u00f2ria professional vinculada a la comunicaci\u00f3, la cultura i els estudis socials. Exerceix com a curadora a l\u2019Institut Cultural Casar\u00e3o das Artes Negras de Brasil i com a directora de la Revista Canjer\u00ea, des d\u2019on impulsa la reflexi\u00f3 i la visibilitzaci\u00f3 [&hellip;]\" \/>\n<meta property=\"og:url\" content=\"https:\/\/iaec2026granollers.com\/en\/congres-aice\/ponents\/rosalia-diogo\/\" \/>\n<meta property=\"og:site_name\" content=\"IAEC 2026 Granollers\" \/>\n<meta property=\"article:modified_time\" content=\"2026-02-06T09:20:20+00:00\" \/>\n<meta property=\"og:image\" content=\"https:\/\/iaec2026granollers.com\/wp-content\/uploads\/2026\/02\/rosalia-amb-credit-scaled.jpg\" \/>\n\t<meta property=\"og:image:width\" content=\"1717\" \/>\n\t<meta property=\"og:image:height\" content=\"2560\" \/>\n\t<meta property=\"og:image:type\" content=\"image\/jpeg\" \/>\n<meta name=\"twitter:card\" content=\"summary_large_image\" \/>\n<meta name=\"twitter:label1\" content=\"Estimated reading time\" \/>\n\t<meta name=\"twitter:data1\" content=\"2 minutes\" \/>\n<script type=\"application\/ld+json\" class=\"yoast-schema-graph\">{\"@context\":\"https:\/\/schema.org\",\"@graph\":[{\"@type\":\"WebPage\",\"@id\":\"https:\/\/iaec2026granollers.com\/congres-aice\/ponents\/rosalia-diogo\/\",\"url\":\"https:\/\/iaec2026granollers.com\/congres-aice\/ponents\/rosalia-diogo\/\",\"name\":\"Ros\u00e1lia Diogo - IAEC 2026 Granollers\",\"isPartOf\":{\"@id\":\"https:\/\/iaec2026granollers.com\/#website\"},\"primaryImageOfPage\":{\"@id\":\"https:\/\/iaec2026granollers.com\/congres-aice\/ponents\/rosalia-diogo\/#primaryimage\"},\"image\":{\"@id\":\"https:\/\/iaec2026granollers.com\/congres-aice\/ponents\/rosalia-diogo\/#primaryimage\"},\"thumbnailUrl\":\"https:\/\/iaec2026granollers.com\/wp-content\/uploads\/2026\/02\/rosalia-amb-credit-scaled.jpg\",\"datePublished\":\"2026-02-02T16:03:21+00:00\",\"dateModified\":\"2026-02-06T09:20:20+00:00\",\"breadcrumb\":{\"@id\":\"https:\/\/iaec2026granollers.com\/congres-aice\/ponents\/rosalia-diogo\/#breadcrumb\"},\"inLanguage\":\"en-GB\",\"potentialAction\":[{\"@type\":\"ReadAction\",\"target\":[\"https:\/\/iaec2026granollers.com\/congres-aice\/ponents\/rosalia-diogo\/\"]}]},{\"@type\":\"ImageObject\",\"inLanguage\":\"en-GB\",\"@id\":\"https:\/\/iaec2026granollers.com\/congres-aice\/ponents\/rosalia-diogo\/#primaryimage\",\"url\":\"https:\/\/iaec2026granollers.com\/wp-content\/uploads\/2026\/02\/rosalia-amb-credit-scaled.jpg\",\"contentUrl\":\"https:\/\/iaec2026granollers.com\/wp-content\/uploads\/2026\/02\/rosalia-amb-credit-scaled.jpg\",\"width\":1717,\"height\":2560},{\"@type\":\"BreadcrumbList\",\"@id\":\"https:\/\/iaec2026granollers.com\/congres-aice\/ponents\/rosalia-diogo\/#breadcrumb\",\"itemListElement\":[{\"@type\":\"ListItem\",\"position\":1,\"name\":\"Inici\",\"item\":\"https:\/\/iaec2026granollers.com\/\"},{\"@type\":\"ListItem\",\"position\":2,\"name\":\"Congr\u00e9s AICE\",\"item\":\"https:\/\/iaec2026granollers.com\/congres-aice\/\"},{\"@type\":\"ListItem\",\"position\":3,\"name\":\"Ponents\",\"item\":\"https:\/\/iaec2026granollers.com\/congres-aice\/ponents\/\"},{\"@type\":\"ListItem\",\"position\":4,\"name\":\"Ros\u00e1lia Diogo\"}]},{\"@type\":\"WebSite\",\"@id\":\"https:\/\/iaec2026granollers.com\/#website\",\"url\":\"https:\/\/iaec2026granollers.com\/\",\"name\":\"IAEC 2026 Granollers\",\"description\":\"\",\"potentialAction\":[{\"@type\":\"SearchAction\",\"target\":{\"@type\":\"EntryPoint\",\"urlTemplate\":\"https:\/\/iaec2026granollers.com\/?s={search_term_string}\"},\"query-input\":{\"@type\":\"PropertyValueSpecification\",\"valueRequired\":true,\"valueName\":\"search_term_string\"}}],\"inLanguage\":\"en-GB\"}]}<\/script>\n<!-- \/ Yoast SEO plugin. -->","yoast_head_json":{"title":"Ros\u00e1lia Diogo - IAEC 2026 Granollers","robots":{"index":"index","follow":"follow","max-snippet":"max-snippet:-1","max-image-preview":"max-image-preview:large","max-video-preview":"max-video-preview:-1"},"canonical":"https:\/\/iaec2026granollers.com\/en\/congres-aice\/ponents\/rosalia-diogo\/","og_locale":"en_GB","og_type":"article","og_title":"Ros\u00e1lia Diogo - IAEC 2026 Granollers","og_description":"Ros\u00e1lia Diogo \u00e9s professora, periodista, psic\u00f2loga social, curadora d\u2019arts i activista cultural, amb una traject\u00f2ria professional vinculada a la comunicaci\u00f3, la cultura i els estudis socials. Exerceix com a curadora a l\u2019Institut Cultural Casar\u00e3o das Artes Negras de Brasil i com a directora de la Revista Canjer\u00ea, des d\u2019on impulsa la reflexi\u00f3 i la visibilitzaci\u00f3 [&hellip;]","og_url":"https:\/\/iaec2026granollers.com\/en\/congres-aice\/ponents\/rosalia-diogo\/","og_site_name":"IAEC 2026 Granollers","article_modified_time":"2026-02-06T09:20:20+00:00","og_image":[{"width":1717,"height":2560,"url":"https:\/\/iaec2026granollers.com\/wp-content\/uploads\/2026\/02\/rosalia-amb-credit-scaled.jpg","type":"image\/jpeg"}],"twitter_card":"summary_large_image","twitter_misc":{"Estimated reading time":"2 minutes"},"schema":{"@context":"https:\/\/schema.org","@graph":[{"@type":"WebPage","@id":"https:\/\/iaec2026granollers.com\/congres-aice\/ponents\/rosalia-diogo\/","url":"https:\/\/iaec2026granollers.com\/congres-aice\/ponents\/rosalia-diogo\/","name":"Ros\u00e1lia Diogo - IAEC 2026 Granollers","isPartOf":{"@id":"https:\/\/iaec2026granollers.com\/#website"},"primaryImageOfPage":{"@id":"https:\/\/iaec2026granollers.com\/congres-aice\/ponents\/rosalia-diogo\/#primaryimage"},"image":{"@id":"https:\/\/iaec2026granollers.com\/congres-aice\/ponents\/rosalia-diogo\/#primaryimage"},"thumbnailUrl":"https:\/\/iaec2026granollers.com\/wp-content\/uploads\/2026\/02\/rosalia-amb-credit-scaled.jpg","datePublished":"2026-02-02T16:03:21+00:00","dateModified":"2026-02-06T09:20:20+00:00","breadcrumb":{"@id":"https:\/\/iaec2026granollers.com\/congres-aice\/ponents\/rosalia-diogo\/#breadcrumb"},"inLanguage":"en-GB","potentialAction":[{"@type":"ReadAction","target":["https:\/\/iaec2026granollers.com\/congres-aice\/ponents\/rosalia-diogo\/"]}]},{"@type":"ImageObject","inLanguage":"en-GB","@id":"https:\/\/iaec2026granollers.com\/congres-aice\/ponents\/rosalia-diogo\/#primaryimage","url":"https:\/\/iaec2026granollers.com\/wp-content\/uploads\/2026\/02\/rosalia-amb-credit-scaled.jpg","contentUrl":"https:\/\/iaec2026granollers.com\/wp-content\/uploads\/2026\/02\/rosalia-amb-credit-scaled.jpg","width":1717,"height":2560},{"@type":"BreadcrumbList","@id":"https:\/\/iaec2026granollers.com\/congres-aice\/ponents\/rosalia-diogo\/#breadcrumb","itemListElement":[{"@type":"ListItem","position":1,"name":"Inici","item":"https:\/\/iaec2026granollers.com\/"},{"@type":"ListItem","position":2,"name":"Congr\u00e9s AICE","item":"https:\/\/iaec2026granollers.com\/congres-aice\/"},{"@type":"ListItem","position":3,"name":"Ponents","item":"https:\/\/iaec2026granollers.com\/congres-aice\/ponents\/"},{"@type":"ListItem","position":4,"name":"Ros\u00e1lia Diogo"}]},{"@type":"WebSite","@id":"https:\/\/iaec2026granollers.com\/#website","url":"https:\/\/iaec2026granollers.com\/","name":"IAEC 2026 Granollers","description":"","potentialAction":[{"@type":"SearchAction","target":{"@type":"EntryPoint","urlTemplate":"https:\/\/iaec2026granollers.com\/?s={search_term_string}"},"query-input":{"@type":"PropertyValueSpecification","valueRequired":true,"valueName":"search_term_string"}}],"inLanguage":"en-GB"}]}},"_links":{"self":[{"href":"https:\/\/iaec2026granollers.com\/en\/wp-json\/wp\/v2\/pages\/3252","targetHints":{"allow":["GET"]}}],"collection":[{"href":"https:\/\/iaec2026granollers.com\/en\/wp-json\/wp\/v2\/pages"}],"about":[{"href":"https:\/\/iaec2026granollers.com\/en\/wp-json\/wp\/v2\/types\/page"}],"author":[{"embeddable":true,"href":"https:\/\/iaec2026granollers.com\/en\/wp-json\/wp\/v2\/users\/7"}],"replies":[{"embeddable":true,"href":"https:\/\/iaec2026granollers.com\/en\/wp-json\/wp\/v2\/comments?post=3252"}],"version-history":[{"count":2,"href":"https:\/\/iaec2026granollers.com\/en\/wp-json\/wp\/v2\/pages\/3252\/revisions"}],"predecessor-version":[{"id":3337,"href":"https:\/\/iaec2026granollers.com\/en\/wp-json\/wp\/v2\/pages\/3252\/revisions\/3337"}],"up":[{"embeddable":true,"href":"https:\/\/iaec2026granollers.com\/en\/wp-json\/wp\/v2\/pages\/2311"}],"wp:featuredmedia":[{"embeddable":true,"href":"https:\/\/iaec2026granollers.com\/en\/wp-json\/wp\/v2\/media\/3339"}],"wp:attachment":[{"href":"https:\/\/iaec2026granollers.com\/en\/wp-json\/wp\/v2\/media?parent=3252"}],"curies":[{"name":"wp","href":"https:\/\/api.w.org\/{rel}","templated":true}]}}