{"id":2061,"date":"2025-05-13T08:20:15","date_gmt":"2025-05-13T07:20:15","guid":{"rendered":"https:\/\/iaec2026granollers.com\/?page_id=2061"},"modified":"2025-08-26T12:10:24","modified_gmt":"2025-08-26T11:10:24","slug":"presentacio","status":"publish","type":"page","link":"https:\/\/iaec2026granollers.com\/es\/congres-aice\/presentacio\/","title":{"rendered":"Presentaci\u00f3n"},"content":{"rendered":"<p>Estamos preparando un modelo de di\u00e1logo con los participantes. Un modelo con preguntas, comentarios y aportaciones abiertas a la participaci\u00f3n de cada congresista y que vaya m\u00e1s all\u00e1 de los d\u00edas exclusivos de la celebraci\u00f3n del congreso.<\/p>\n<p>Esto significa que nos gustar\u00e1 que vengan \u201cbien pensados\u201d y con las maletas llenas de preguntas.<\/p>","protected":false},"excerpt":{"rendered":"<p>Estem preparant un model de di\u00e0leg amb els participants. Un model amb preguntes, comentaris i aportacions obertes a la participaci\u00f3 de cada congressista i que vagi m\u00e9s enll\u00e0 dels dies exclusius de la celebraci\u00f3 del Congr\u00e9s. Aix\u00f2 vol dir que ens agradar\u00e0 que vingueu \u201cben pensats\u201d i amb les maletes plenes de preguntes.<\/p>","protected":false},"author":1,"featured_media":0,"parent":1289,"menu_order":23,"comment_status":"closed","ping_status":"closed","template":"page-trajectoria.php","meta":{"_acf_changed":false,"footnotes":""},"class_list":["post-2061","page","type-page","status-publish","hentry"],"acf":[],"yoast_head":"<!-- This site is optimized with the Yoast SEO plugin v26.6 - https:\/\/yoast.com\/wordpress\/plugins\/seo\/ -->\n<title>Presentaci\u00f3 - IAEC 2026 Granollers<\/title>\n<meta name=\"robots\" content=\"index, follow, max-snippet:-1, max-image-preview:large, max-video-preview:-1\" \/>\n<link rel=\"canonical\" href=\"https:\/\/iaec2026granollers.com\/es\/congres-aice\/presentacio\/\" \/>\n<meta property=\"og:locale\" content=\"es_ES\" \/>\n<meta property=\"og:type\" content=\"article\" \/>\n<meta property=\"og:title\" content=\"Presentaci\u00f3 - IAEC 2026 Granollers\" \/>\n<meta property=\"og:description\" content=\"Estem preparant un model de di\u00e0leg amb els participants. Un model amb preguntes, comentaris i aportacions obertes a la participaci\u00f3 de cada congressista i que vagi m\u00e9s enll\u00e0 dels dies exclusius de la celebraci\u00f3 del Congr\u00e9s. Aix\u00f2 vol dir que ens agradar\u00e0 que vingueu \u201cben pensats\u201d i amb les maletes plenes de preguntes.\" \/>\n<meta property=\"og:url\" content=\"https:\/\/iaec2026granollers.com\/es\/congres-aice\/presentacio\/\" \/>\n<meta property=\"og:site_name\" content=\"IAEC 2026 Granollers\" \/>\n<meta property=\"article:modified_time\" content=\"2025-08-26T11:10:24+00:00\" \/>\n<meta name=\"twitter:card\" content=\"summary_large_image\" \/>\n<meta name=\"twitter:label1\" content=\"Tiempo de lectura\" \/>\n\t<meta name=\"twitter:data1\" content=\"1 minuto\" \/>\n<script type=\"application\/ld+json\" class=\"yoast-schema-graph\">{\"@context\":\"https:\/\/schema.org\",\"@graph\":[{\"@type\":\"WebPage\",\"@id\":\"https:\/\/iaec2026granollers.com\/congres-aice\/presentacio\/\",\"url\":\"https:\/\/iaec2026granollers.com\/congres-aice\/presentacio\/\",\"name\":\"Presentaci\u00f3 - IAEC 2026 Granollers\",\"isPartOf\":{\"@id\":\"https:\/\/iaec2026granollers.com\/#website\"},\"datePublished\":\"2025-05-13T07:20:15+00:00\",\"dateModified\":\"2025-08-26T11:10:24+00:00\",\"breadcrumb\":{\"@id\":\"https:\/\/iaec2026granollers.com\/congres-aice\/presentacio\/#breadcrumb\"},\"inLanguage\":\"es\",\"potentialAction\":[{\"@type\":\"ReadAction\",\"target\":[\"https:\/\/iaec2026granollers.com\/congres-aice\/presentacio\/\"]}]},{\"@type\":\"BreadcrumbList\",\"@id\":\"https:\/\/iaec2026granollers.com\/congres-aice\/presentacio\/#breadcrumb\",\"itemListElement\":[{\"@type\":\"ListItem\",\"position\":1,\"name\":\"Inici\",\"item\":\"https:\/\/iaec2026granollers.com\/\"},{\"@type\":\"ListItem\",\"position\":2,\"name\":\"Congr\u00e9s AICE\",\"item\":\"https:\/\/iaec2026granollers.com\/congres-aice\/\"},{\"@type\":\"ListItem\",\"position\":3,\"name\":\"Presentaci\u00f3\"}]},{\"@type\":\"WebSite\",\"@id\":\"https:\/\/iaec2026granollers.com\/#website\",\"url\":\"https:\/\/iaec2026granollers.com\/\",\"name\":\"IAEC 2026 Granollers\",\"description\":\"\",\"potentialAction\":[{\"@type\":\"SearchAction\",\"target\":{\"@type\":\"EntryPoint\",\"urlTemplate\":\"https:\/\/iaec2026granollers.com\/?s={search_term_string}\"},\"query-input\":{\"@type\":\"PropertyValueSpecification\",\"valueRequired\":true,\"valueName\":\"search_term_string\"}}],\"inLanguage\":\"es\"}]}<\/script>\n<!-- \/ Yoast SEO plugin. -->","yoast_head_json":{"title":"Presentaci\u00f3 - IAEC 2026 Granollers","robots":{"index":"index","follow":"follow","max-snippet":"max-snippet:-1","max-image-preview":"max-image-preview:large","max-video-preview":"max-video-preview:-1"},"canonical":"https:\/\/iaec2026granollers.com\/es\/congres-aice\/presentacio\/","og_locale":"es_ES","og_type":"article","og_title":"Presentaci\u00f3 - IAEC 2026 Granollers","og_description":"Estem preparant un model de di\u00e0leg amb els participants. Un model amb preguntes, comentaris i aportacions obertes a la participaci\u00f3 de cada congressista i que vagi m\u00e9s enll\u00e0 dels dies exclusius de la celebraci\u00f3 del Congr\u00e9s. Aix\u00f2 vol dir que ens agradar\u00e0 que vingueu \u201cben pensats\u201d i amb les maletes plenes de preguntes.","og_url":"https:\/\/iaec2026granollers.com\/es\/congres-aice\/presentacio\/","og_site_name":"IAEC 2026 Granollers","article_modified_time":"2025-08-26T11:10:24+00:00","twitter_card":"summary_large_image","twitter_misc":{"Tiempo de lectura":"1 minuto"},"schema":{"@context":"https:\/\/schema.org","@graph":[{"@type":"WebPage","@id":"https:\/\/iaec2026granollers.com\/congres-aice\/presentacio\/","url":"https:\/\/iaec2026granollers.com\/congres-aice\/presentacio\/","name":"Presentaci\u00f3 - IAEC 2026 Granollers","isPartOf":{"@id":"https:\/\/iaec2026granollers.com\/#website"},"datePublished":"2025-05-13T07:20:15+00:00","dateModified":"2025-08-26T11:10:24+00:00","breadcrumb":{"@id":"https:\/\/iaec2026granollers.com\/congres-aice\/presentacio\/#breadcrumb"},"inLanguage":"es","potentialAction":[{"@type":"ReadAction","target":["https:\/\/iaec2026granollers.com\/congres-aice\/presentacio\/"]}]},{"@type":"BreadcrumbList","@id":"https:\/\/iaec2026granollers.com\/congres-aice\/presentacio\/#breadcrumb","itemListElement":[{"@type":"ListItem","position":1,"name":"Inici","item":"https:\/\/iaec2026granollers.com\/"},{"@type":"ListItem","position":2,"name":"Congr\u00e9s AICE","item":"https:\/\/iaec2026granollers.com\/congres-aice\/"},{"@type":"ListItem","position":3,"name":"Presentaci\u00f3"}]},{"@type":"WebSite","@id":"https:\/\/iaec2026granollers.com\/#website","url":"https:\/\/iaec2026granollers.com\/","name":"IAEC 2026 Granollers","description":"","potentialAction":[{"@type":"SearchAction","target":{"@type":"EntryPoint","urlTemplate":"https:\/\/iaec2026granollers.com\/?s={search_term_string}"},"query-input":{"@type":"PropertyValueSpecification","valueRequired":true,"valueName":"search_term_string"}}],"inLanguage":"es"}]}},"_links":{"self":[{"href":"https:\/\/iaec2026granollers.com\/es\/wp-json\/wp\/v2\/pages\/2061","targetHints":{"allow":["GET"]}}],"collection":[{"href":"https:\/\/iaec2026granollers.com\/es\/wp-json\/wp\/v2\/pages"}],"about":[{"href":"https:\/\/iaec2026granollers.com\/es\/wp-json\/wp\/v2\/types\/page"}],"author":[{"embeddable":true,"href":"https:\/\/iaec2026granollers.com\/es\/wp-json\/wp\/v2\/users\/1"}],"replies":[{"embeddable":true,"href":"https:\/\/iaec2026granollers.com\/es\/wp-json\/wp\/v2\/comments?post=2061"}],"version-history":[{"count":64,"href":"https:\/\/iaec2026granollers.com\/es\/wp-json\/wp\/v2\/pages\/2061\/revisions"}],"predecessor-version":[{"id":2803,"href":"https:\/\/iaec2026granollers.com\/es\/wp-json\/wp\/v2\/pages\/2061\/revisions\/2803"}],"up":[{"embeddable":true,"href":"https:\/\/iaec2026granollers.com\/es\/wp-json\/wp\/v2\/pages\/1289"}],"wp:attachment":[{"href":"https:\/\/iaec2026granollers.com\/es\/wp-json\/wp\/v2\/media?parent=2061"}],"curies":[{"name":"wp","href":"https:\/\/api.w.org\/{rel}","templated":true}]}}