{"id":2661,"date":"2025-07-23T09:40:17","date_gmt":"2025-07-23T08:40:17","guid":{"rendered":"https:\/\/iaec2026granollers.com\/?page_id=2661"},"modified":"2025-09-04T12:23:36","modified_gmt":"2025-09-04T11:23:36","slug":"politica-de-privacitat","status":"publish","type":"page","link":"https:\/\/iaec2026granollers.com\/es\/politica-de-privacitat\/","title":{"rendered":"Pol\u00edtica de privacidad"},"content":{"rendered":"<p>El Ayuntamiento de Granollers, como Responsable del tratamiento, garantiza un nivel adecuado y coherente de protecci\u00f3n de las personas f\u00edsicas en lo que respecta a sus datos personales, objeto de tratamiento por los diversos servicios municipales del Ayuntamiento, de acuerdo con el Reglamento general de protecci\u00f3n de datos (2016\/679).<\/p>\n<p>El Ayuntamiento de Granollers s\u00f3lo trata los datos personales con plena responsabilidad y lealmente y de acuerdo con las bases jur\u00eddicas que permiten la licitud del tratamiento, seg\u00fan el Reglamento General de Protecci\u00f3n de Datos.<\/p>\n<p>Con el objetivo de dar cumplimiento al Reglamento General de Protecci\u00f3n de Datos, el Ayuntamiento de Granollers ha elaborado un Registro de Actividades de Tratamiento y ha adoptado las medidas de seguridad oportunas y apropiadas a los riesgos evaluados e identificados objetivamente para los derechos y libertades de los interesados, a los que podr\u00edan dar lugar los tratamientos realizados por el Ayuntamiento.<\/p>\n<p>El Ayuntamiento de Granollers aplica el principio de transparencia en el tratamiento de datos personales, entregando a las personas interesadas una informaci\u00f3n concisa, f\u00e1cilmente accesible, completa y con un lenguaje f\u00e1cil de entender y, a su vez, facilitando el ejercicio de derechos mediante formularios.<\/p>\n<p>Asimismo, el ayuntamiento de Granollers ha designado a un delegado de protecci\u00f3n de datos, de acuerdo con lo dispuesto en el art\u00edculo 37.1.a. del Reglamento general de protecci\u00f3n de datos (2016\/679). La direcci\u00f3n de contacto del Delegado de Protecci\u00f3n de Datos es\u00a0<a href=\"mailto:dpd@granollers.cat\" target=\"_blank\" rel=\"noopener\" data-extlink=\"\">dpd@granollers.cat<span class=\"mailto\"><span class=\"element-invisible\">(link sends e-mail)<\/span><\/span><\/a><\/p>\n<p>A continuaci\u00f3n, se ofrece una informaci\u00f3n adicional y ampliada respecto a actividades de tratamiento espec\u00edficas, realizadas por el Ayuntamiento de Granollers:<\/p>\n<p class=\"editor_titol2\"><strong>INFORMACI\u00d3N AMPLIADA SOBRE PROTECCI\u00d3N DE DATOS<\/strong><\/p>\n<p class=\"editor_titol3\"><strong>1. Responsable del tratamiento<\/strong><\/p>\n<p>Identidad: Ayuntamiento de Granollers<br \/>\nNIF: P0809500B<br \/>\nDirecci\u00f3n postal: Plaza de la Porxada 6, 08401 Granollers (Barcelona)<br \/>\nTel\u00e9fono: 938 426 610<br \/>\nCorreo electr\u00f3nico:\u00a0<a href=\"mailto:dpd@granollers.cat\" target=\"_blank\" rel=\"noopener\" data-extlink=\"\">dpd@granollers.cat\u00a0<span class=\"mailto\"><span class=\"element-invisible\">(link sends e-mail)<\/span><\/span><\/a><\/p>\n<p class=\"editor_titol3\"><strong>2. Delegado de Protecci\u00f3n de Datos:<\/strong><br \/>\n<a href=\"mailto:dpd@granollers.cat\" target=\"_blank\" rel=\"noopener\" data-extlink=\"\"><br \/>\ndpd@granollers.cat<span class=\"mailto\"><span class=\"element-invisible\">(link sends e-mail)<\/span><\/span><\/a>\u00a0\/\u00a0<a href=\"mailto:dpo@segurdades.com\" target=\"_blank\" rel=\"noopener\" data-extlink=\"\">dpo@segurdades.com<span class=\"mailto\"><span class=\"element-invisible\">(link sends e-mail)<\/span><\/span><\/a><\/p>\n<p class=\"editor_titol3\"><strong>3. Periodo de conservaci\u00f3n:<\/strong><\/p>\n<p>Los datos personales de las personas interesadas se conservar\u00e1n durante el tiempo necesario para el cumplimiento de los fines para los que fueron obtenidos, en ejercicio de las competencias y funciones del ayuntamiento, y para determinar las posibles responsabilidades derivadas de estas finalidades.<\/p>\n<p class=\"editor_titol3\"><strong>4. Base jur\u00eddica del tratamiento:<\/strong><\/p>\n<p>Las bases jur\u00eddicas que legitiman el tratamiento de los datos personales de las personas interesadas, en base a las competencias y funciones del ayuntamiento, son las siguientes:<\/p>\n<p><strong>4.1. Con car\u00e1cter general:<\/strong><\/p>\n<p>Reglamento General de Protecci\u00f3n de Datos 2016\/679<\/p>\n<p>Art\u00edculo 6.1.c. El tratamiento es necesario para el cumplimiento de una obligaci\u00f3n legal aplicable al responsable del tratamiento<\/p>\n<p>Art\u00edculo 6.1.e. El tratamiento es necesario para el cumplimiento de una misi\u00f3n realizada en inter\u00e9s p\u00fablico o en ejercicio de poderes p\u00fablicos conferidos al responsable del tratamiento<\/p>\n<p><strong>4.2. Legislaci\u00f3n espec\u00edfica<\/strong><\/p>\n<ul>\n<li>Transparencia. Acceso a la informaci\u00f3n: Ley 19\/2014, de 29 de diciembre, de transparencia, acceso a la informaci\u00f3n p\u00fablica y buen gobierno.<\/li>\n<li>Servicios sociales: Reglamento General de Protecci\u00f3n de Datos 2016\/679<br \/>\nArt\u00edculo 9. 2.h. El tratamiento es necesario para fines de tipo social, o gesti\u00f3n de los sistemas y servicios de asistencia social.<\/li>\n<li>Subvenciones:Ley 38\/2003, de 17 de noviembre, general de subvenciones<\/li>\n<li>Padr\u00f3n Municipal de Habitantes: Ley 7\/1985, de 2 de abril, reguladora de las Bases del R\u00e9gimen Local<\/li>\n<li>Registro de entrada y salida de documentos: Ley 26\/2010, de r\u00e9gimen jur\u00eddico y de procedimiento de las administraciones p\u00fablicas de Catalu\u00f1a<br \/>\nLey 39\/2015, de 1 de octubre, del procedimiento administrativo com\u00fan de las administraciones p\u00fablicas.<\/li>\n<\/ul>\n<p class=\"editor_titol3\"><strong>5. Finalidades del tratamiento<\/strong><\/p>\n<p><strong>5.1. Con car\u00e1cter general:<\/strong><\/p>\n<p>La finalidad del tratamiento de sus datos personales se refiere a la comunicaci\u00f3n del ayuntamiento con el ciudadano, en ejercicio de sus diversas competencias municipales y de acuerdo con las bases jur\u00eddicas que legitiman el tratamiento de datos personales por el ayuntamiento.<\/p>\n<p><strong>5.2. Finalidades espec\u00edficas<\/strong><\/p>\n<ul>\n<li>Solicitudes generales: La finalidad del tratamiento de datos personales se refiere al registro, atenci\u00f3n y gesti\u00f3n del derecho de las personas a comunicarse con el ayuntamiento, incluido el derecho de petici\u00f3n.<\/li>\n<li>Incidencias, quejas, sugerencias y peticiones: La finalidad del tratamiento de datos personales se refiere al registro, atenci\u00f3n y gesti\u00f3n del derecho de las personas a comunicarse con el ayuntamiento, incluido el derecho de petici\u00f3n.<\/li>\n<li>Transparencia. Acceso a la informaci\u00f3n: La finalidad del tratamiento de datos personales se refiere al registro, atenci\u00f3n y gesti\u00f3n de las peticiones de acceso de las personas a la informaci\u00f3n p\u00fablica, como derecho subjetivo que tienen todas las personas de acceder a la informaci\u00f3n p\u00fablica.<\/li>\n<li>Licencias de actividades: La finalidad del tratamiento de datos personales se refiere a la tramitaci\u00f3n de licencias de actividades de competencia municipal, a trav\u00e9s de la Oficina de licencias de actividades, tanto la habilitaci\u00f3n de instalaci\u00f3n y ejercicio en el municipio de actividades con incidencia ambiental o de tipo comercial-industrial (comunicaci\u00f3n previa, licencias, permisos y autorizaciones ambientales).<\/li>\n<li>Comunicaciones: La finalidad del tratamiento de datos personales se refiere a la gesti\u00f3n y tramitaci\u00f3n de comunicaciones de los ciudadanos con el Ayuntamiento a efectos de contactar con el Ayuntamiento y que puedan ser atendidos por los distintos servicios municipales.<\/li>\n<li>Certificados:. La finalidad del tratamiento de datos personales se refiere a la tramitaci\u00f3n y emisi\u00f3n de certificados solicitados por las personas interesadas.<\/li>\n<li>Padr\u00f3n Municipal de Habitantes: La finalidad del tratamiento de datos personales se refiere a la gesti\u00f3n del registro administrativo en el que constan los vecinos del municipio. Tambi\u00e9n en la acreditaci\u00f3n y determinaci\u00f3n del domicilio y residencia habitual de los vecinos del municipio y en la vinculaci\u00f3n de una persona al municipio como parte integrante de su poblaci\u00f3n.<br \/>\nAsimismo, se refiere a la utilizaci\u00f3n de los datos del PMV, incluido el tel\u00e9fono, para que el ayuntamiento pueda comunicarse con las personas empadronadas en el municipio, respecto a las relaciones jur\u00eddico-administrativas derivadas de competencias municipales.<\/li>\n<li>Subvenciones: La finalidad del tratamiento de datos personales se refiere a la gesti\u00f3n y tramitaci\u00f3n de las solicitudes de subvenciones de acuerdo con las bases de una convocatoria p\u00fablica.<\/li>\n<li>Denuncias: La finalidad del tratamiento de datos personales se refiere al registro, gesti\u00f3n y tramitaci\u00f3n de denuncias en el \u00e1mbito de las competencias municipales.<\/li>\n<li>Tributos municipales: La finalidad del tratamiento de datos personales se refiere, a todos los efectos, a la gesti\u00f3n de la relaci\u00f3n del obligado tributario con el Ayuntamiento ya la atenci\u00f3n y gesti\u00f3n de los derechos de los obligados tributarios. Espec\u00edficamente, en la gesti\u00f3n, liquidaci\u00f3n y recaudaci\u00f3n los tributos municipales: Impuesto de Actividades Econ\u00f3micas, Impuesto de Bienes Inmuebles, Impuesto sobre el Incremento del Valor de los Terrenos de Naturaleza Urbana, Impuesto sobre veh\u00edculos de tracci\u00f3n mec\u00e1nica. Tasas municipales y contribuciones especiales.<\/li>\n<li>Servicios sociales\/Bienestar Social: La finalidad del tratamiento de datos personales se refiere a la gesti\u00f3n de los servicios sociales de atenci\u00f3n primaria municipal.<\/li>\n<li>Servicios de Educaci\u00f3n: La finalidad del tratamiento de datos personales se refiere a la gesti\u00f3n de las distintas actividades de prestaci\u00f3n del servicio p\u00fablico de educaci\u00f3n que realiza el Ayuntamiento en ejercicio de sus competencias y funciones educativas. Espec\u00edficamente, la gesti\u00f3n de las guarder\u00edas municipales Tortuga, El Teler y Giravoltes, la gesti\u00f3n de la prestaci\u00f3n del servicio p\u00fablico de estudios musicales. Informaci\u00f3n y gesti\u00f3n de la escolarizaci\u00f3n en los centros de educaci\u00f3n infantil, primaria y secundaria de la ciudad sostenidos con fondos p\u00fablicos a trav\u00e9s de la Oficina de Escolarizaci\u00f3n Municipal.<\/li>\n<li>Servicios de Deportes: La finalidad del tratamiento de datos personales se refiere a la gesti\u00f3n de los equipamientos y actividades deportivas municipales dirigidas a la ciudadan\u00eda.<\/li>\n<li>Servicios de Cultura: La finalidad del tratamiento de datos personales se refiere a la organizaci\u00f3n y gesti\u00f3n de actividades culturales y de ocio del municipio.<\/li>\n<li>Juventud: La finalidad del tratamiento de datos personales se refiere a la promoci\u00f3n y actuaciones en pol\u00edticas dirigidas a los j\u00f3venes del municipio. Tambi\u00e9n a la prestaci\u00f3n de una atenci\u00f3n global para los j\u00f3venes, desde distintos \u00e1mbitos: laboral, formativo, asociativo, cultural y l\u00fadico.<\/li>\n<li>Personas mayores: La finalidad del tratamiento de datos personales se refiere a la promoci\u00f3n y actuaciones en pol\u00edticas dirigidas a las personas mayores del municipio ya la gesti\u00f3n de las actividades dirigidas a las personas mayores. Espec\u00edficamente la gesti\u00f3n del Espacio Activo de Personas Mayores.<\/li>\n<li>Registro de entrada y salida de documentos: La finalidad del tratamiento de datos personales se refiere a la garant\u00eda interna y externa de los documentos que se presentan en el Ayuntamiento y de los documentos oficiales que se env\u00edan a otros \u00f3rganos oa particulares.<\/li>\n<li>Registro de uniones estables de parejas: La finalidad del tratamiento de datos personales se refiere a la gesti\u00f3n del registro de las uniones estables de pareja.<\/li>\n<li>Registro censal de animales dom\u00e9sticos: La finalidad del tratamiento de datos personales se refiere al registro, gesti\u00f3n y control de los c\u00f3digos identificadores de animales dom\u00e9sticos del municipio.<\/li>\n<li>Registro de animales potencialmente peligrosos: La finalidad del tratamiento de datos personales se refiere al registro, gesti\u00f3n y control de los c\u00f3digos identificadores de animales peligrosos e idoneidad de los propietarios con el cumplimiento de los requisitos exigidos.<\/li>\n<li>V\u00eda p\u00fablica: La finalidad del tratamiento de datos personales se refiere a la tramitaci\u00f3n y gesti\u00f3n de la solicitud de autorizaciones y permisos relacionados con la afectaci\u00f3n de la v\u00eda p\u00fablica.<\/li>\n<li>Territorio (Urbanismo y Vivienda): La finalidad del tratamiento de datos personales se refiere a la gesti\u00f3n de los procedimientos relativos al servicio de urbanismo y vivienda del territorio.<\/li>\n<li>Salud p\u00fablica: La finalidad del tratamiento de datos personales se refiere a la gesti\u00f3n de los servicios p\u00fablicos municipales en materia de salud p\u00fablica. Vigilancia de la salubridad p\u00fablica y control sanitario.<\/li>\n<li>Espacios municipales: La finalidad del tratamiento de datos personales se refiere a la gesti\u00f3n y los espacios de las instalaciones municipales para las actividades deportivas de los clubes del municipio.<\/li>\n<li>Movilidad (Transporte): La finalidad del tratamiento de datos personales se refiere a la gesti\u00f3n y tramitaci\u00f3n administrativa de aspectos relativos a la movilidad de los ciudadanos.<\/li>\n<li>Servicios funerarios (Cementerio): La finalidad del tratamiento de datos personales se refiere a la gesti\u00f3n de la titularidad de los derechos funerarios sobre nichos y de las inhumaciones y exhumaciones producidas en el cementerio municipal.<\/li>\n<li>Promoci\u00f3n econ\u00f3mica: La finalidad del tratamiento de datos personales se refiere a la gesti\u00f3n de la promoci\u00f3n y dinamizaci\u00f3n de la actividad comercial y de la prestaci\u00f3n de servicios comerciales en el municipio ya la gesti\u00f3n del servicio de promoci\u00f3n de creaci\u00f3n de empresas y emprendimiento. Tambi\u00e9n a la gesti\u00f3n del servicio de empleo para personas en b\u00fasqueda de empleo.<\/li>\n<li>Medio ambiente:. La finalidad del tratamiento de datos personales se refiere al desarrollo de actividades y proyectos ambientales.<\/li>\n<li>Participaci\u00f3n ciudadana: La finalidad del tratamiento de datos personales se refiere a la gesti\u00f3n de actuaciones para que las personas y la sociedad civil puedan participar de la toma de decisiones p\u00fablicas.<\/li>\n<li>Registro de entidades: La finalidad del tratamiento de datos personales se refiere a la gesti\u00f3n del Registro de entidades del municipio y tramitaci\u00f3n de las notificaciones en el Ayuntamiento sobre Entidades y Asociaciones.<\/li>\n<li>Selecci\u00f3n personal: Tramitaci\u00f3n y gesti\u00f3n de los procesos de selecci\u00f3n de personal y provisi\u00f3n de puestos.<\/li>\n<li>Gesti\u00f3n econ\u00f3mica y presupuestaria: Gesti\u00f3n de expedientes de gastos y control presupuestario del Ayuntamiento.<\/li>\n<li>Control de accesos. La finalidad del tratamiento de datos personales se refiere a garantizar la seguridad de instalaciones, dependencias y personas. Tambi\u00e9n en el registro y control de visitas.<\/li>\n<li>Seguridad ciudadana (Polic\u00eda Local): La finalidad del tratamiento de datos personales se refiere a la gesti\u00f3n de las actuaciones relativas al ejercicio de las funciones de la Polic\u00eda Local.<\/li>\n<li>Turismo: La finalidad del tratamiento de datos personales se refiere a la promoci\u00f3n tur\u00edstica del municipio.<\/li>\n<li>Atenci\u00f3n de los derechos de los interesados: La finalidad del tratamiento de datos personales se refiere al registro, atenci\u00f3n y gesti\u00f3n de las solicitudes de derechos de protecci\u00f3n de datos, reconocidos a las personas interesadas.<\/li>\n<li>Contrataci\u00f3n del sector p\u00fablico: La finalidad del tratamiento de datos personales se refiere al registro y gesti\u00f3n administrativa de los contratos administrativos de los expedientes de contrataci\u00f3n del ayuntamiento<\/li>\n<\/ul>\n<p class=\"editor_titol3\"><strong>6. \u00bfCu\u00e1les son sus derechos?<\/strong><\/p>\n<p>Las personas titulares de los datos tratados por el Ayuntamiento de Granollers tienen reconocido el derecho en todo momento a ejercer el derecho de acceso a sus datos, de rectificaci\u00f3n de datos err\u00f3neos o inexactos, de supresi\u00f3n cuando, entre otros motivos, los datos ya no sean necesarios para los fines que fueron recogidos, ya la portabilidad de los mismos.<\/p>\n<p>En determinadas circunstancias, los interesados podr\u00e1n solicitar la limitaci\u00f3n del tratamiento de sus datos, en cuyo caso \u00fanicamente se conservar\u00e1n para el ejercicio o la defensa de reclamaciones.<\/p>\n<p>Tambi\u00e9n por motivos relacionados con su situaci\u00f3n particular, los interesados podr\u00e1n oponerse al tratamiento de sus datos. El Ayuntamiento de Granollers dejar\u00e1 de tratar los datos, salvo por motivos leg\u00edtimos o para el ejercicio o defensa de posibles reclamaciones.<\/p>\n<p>Para ejercitar estos derechos podr\u00e1 ponerse en contacto con el Ayuntamiento de Granollers presentando el formulario correspondiente al correo electr\u00f3nico\u00a0<a href=\"mailto:oac@granollers.cat\" target=\"_blank\" rel=\"noopener\" data-extlink=\"\">oac@granollers.cat<span class=\"mailto\"><span class=\"element-invisible\">(link sends e-mail)<\/span><\/span><\/a>\u00a0o al correo postal al Ayuntamiento en la Plaza de la Porxada, 6 08401 Granollers (Barcelona) .<\/p>\n<p>Asimismo, en caso de no estar satisfecho con la respuesta al ejercicio de sus derechos, y en todo caso, siempre que lo considere oportuno, podr\u00e1 presentar una reclamaci\u00f3n ante la Autoridad Catalana de Protecci\u00f3n de Datos a trav\u00e9s de su sede electr\u00f3nica en\u00a0<a href=\"http:\/\/www.apd.cat\/\" target=\"_blank\" rel=\"noopener noreferrer\" data-extlink=\"\">www.apd.cat<span class=\"ext\"><span class=\"element-invisible\">(link is external)<\/span><\/span><\/a>.<\/p>\n<p class=\"editor_titol3\"><strong>7. Destinatarios de los datos:<\/strong><\/p>\n<p>Otras administraciones p\u00fablicas competentes en la materia, cuando corresponda<\/p>\n<p class=\"editor_titol3\"><strong>8. Procedencia de los datos personales:<\/strong><\/p>\n<p>Los datos personales objeto de tratamiento por el ayuntamiento de Granollers en cumplimiento de una misi\u00f3n realizada en inter\u00e9s p\u00fablico, en ejercicio de poderes p\u00fablicos o en cumplimiento de una obligaci\u00f3n legal proceden directamente de los interesados o de sus representantes, o de otras administraciones p\u00fablicas de acuerdo con las previsiones legales.<\/p>\n<p class=\"editor_titol3\"><strong>9. Categor\u00edas de datos objeto de tratamiento:<\/strong><\/p>\n<p>Datos identificadores, datos relativos a las caracter\u00edsticas personales: estado civil, familia, nacimiento, lugar de nacimiento, edad, sexo, nacionalidad, datos acad\u00e9micos y profesionales o relativos al puesto de trabajo, y categor\u00edas especiales de datos, y otros datos que puedan aportarse por el ciudadano, dependiendo del tr\u00e1mite administrativo o actuaci\u00f3n municipal.<\/p>","protected":false},"excerpt":{"rendered":"<p>L\u2019Ajuntament de Granollers, com a Responsable del tractament, garanteix un nivell adequat i coherent de protecci\u00f3 de les persones f\u00edsiques en all\u00f2 que respecte a les seves dades personals, objecte de tractament pels diversos serveis municipals de l\u2019Ajuntament, d\u2019acord amb el Reglament general de protecci\u00f3 de dades (2016\/679). L\u2019Ajuntament de Granollers nom\u00e9s tracta les dades [&hellip;]<\/p>","protected":false},"author":1,"featured_media":0,"parent":0,"menu_order":3,"comment_status":"closed","ping_status":"closed","template":"","meta":{"_acf_changed":false,"footnotes":""},"class_list":["post-2661","page","type-page","status-publish","hentry"],"acf":[],"yoast_head":"<!-- This site is optimized with the Yoast SEO plugin v26.6 - https:\/\/yoast.com\/wordpress\/plugins\/seo\/ -->\n<title>Pol\u00edtica de privacitat - IAEC 2026 Granollers<\/title>\n<meta name=\"robots\" content=\"index, follow, max-snippet:-1, max-image-preview:large, max-video-preview:-1\" \/>\n<link rel=\"canonical\" href=\"https:\/\/iaec2026granollers.com\/es\/politica-de-privacitat\/\" \/>\n<meta property=\"og:locale\" content=\"es_ES\" \/>\n<meta property=\"og:type\" content=\"article\" \/>\n<meta property=\"og:title\" content=\"Pol\u00edtica de privacitat - IAEC 2026 Granollers\" \/>\n<meta property=\"og:description\" content=\"L\u2019Ajuntament de Granollers, com a Responsable del tractament, garanteix un nivell adequat i coherent de protecci\u00f3 de les persones f\u00edsiques en all\u00f2 que respecte a les seves dades personals, objecte de tractament pels diversos serveis municipals de l\u2019Ajuntament, d\u2019acord amb el Reglament general de protecci\u00f3 de dades (2016\/679). L\u2019Ajuntament de Granollers nom\u00e9s tracta les dades [&hellip;]\" \/>\n<meta property=\"og:url\" content=\"https:\/\/iaec2026granollers.com\/es\/politica-de-privacitat\/\" \/>\n<meta property=\"og:site_name\" content=\"IAEC 2026 Granollers\" \/>\n<meta property=\"article:modified_time\" content=\"2025-09-04T11:23:36+00:00\" \/>\n<meta name=\"twitter:card\" content=\"summary_large_image\" \/>\n<meta name=\"twitter:label1\" content=\"Tiempo de lectura\" \/>\n\t<meta name=\"twitter:data1\" content=\"10 minutos\" \/>\n<script type=\"application\/ld+json\" class=\"yoast-schema-graph\">{\"@context\":\"https:\/\/schema.org\",\"@graph\":[{\"@type\":\"WebPage\",\"@id\":\"https:\/\/iaec2026granollers.com\/politica-de-privacitat\/\",\"url\":\"https:\/\/iaec2026granollers.com\/politica-de-privacitat\/\",\"name\":\"Pol\u00edtica de privacitat - IAEC 2026 Granollers\",\"isPartOf\":{\"@id\":\"https:\/\/iaec2026granollers.com\/#website\"},\"datePublished\":\"2025-07-23T08:40:17+00:00\",\"dateModified\":\"2025-09-04T11:23:36+00:00\",\"breadcrumb\":{\"@id\":\"https:\/\/iaec2026granollers.com\/politica-de-privacitat\/#breadcrumb\"},\"inLanguage\":\"es\",\"potentialAction\":[{\"@type\":\"ReadAction\",\"target\":[\"https:\/\/iaec2026granollers.com\/politica-de-privacitat\/\"]}]},{\"@type\":\"BreadcrumbList\",\"@id\":\"https:\/\/iaec2026granollers.com\/politica-de-privacitat\/#breadcrumb\",\"itemListElement\":[{\"@type\":\"ListItem\",\"position\":1,\"name\":\"Inici\",\"item\":\"https:\/\/iaec2026granollers.com\/\"},{\"@type\":\"ListItem\",\"position\":2,\"name\":\"Pol\u00edtica de privacitat\"}]},{\"@type\":\"WebSite\",\"@id\":\"https:\/\/iaec2026granollers.com\/#website\",\"url\":\"https:\/\/iaec2026granollers.com\/\",\"name\":\"IAEC 2026 Granollers\",\"description\":\"\",\"potentialAction\":[{\"@type\":\"SearchAction\",\"target\":{\"@type\":\"EntryPoint\",\"urlTemplate\":\"https:\/\/iaec2026granollers.com\/?s={search_term_string}\"},\"query-input\":{\"@type\":\"PropertyValueSpecification\",\"valueRequired\":true,\"valueName\":\"search_term_string\"}}],\"inLanguage\":\"es\"}]}<\/script>\n<!-- \/ Yoast SEO plugin. -->","yoast_head_json":{"title":"Pol\u00edtica de privacitat - IAEC 2026 Granollers","robots":{"index":"index","follow":"follow","max-snippet":"max-snippet:-1","max-image-preview":"max-image-preview:large","max-video-preview":"max-video-preview:-1"},"canonical":"https:\/\/iaec2026granollers.com\/es\/politica-de-privacitat\/","og_locale":"es_ES","og_type":"article","og_title":"Pol\u00edtica de privacitat - IAEC 2026 Granollers","og_description":"L\u2019Ajuntament de Granollers, com a Responsable del tractament, garanteix un nivell adequat i coherent de protecci\u00f3 de les persones f\u00edsiques en all\u00f2 que respecte a les seves dades personals, objecte de tractament pels diversos serveis municipals de l\u2019Ajuntament, d\u2019acord amb el Reglament general de protecci\u00f3 de dades (2016\/679). L\u2019Ajuntament de Granollers nom\u00e9s tracta les dades [&hellip;]","og_url":"https:\/\/iaec2026granollers.com\/es\/politica-de-privacitat\/","og_site_name":"IAEC 2026 Granollers","article_modified_time":"2025-09-04T11:23:36+00:00","twitter_card":"summary_large_image","twitter_misc":{"Tiempo de lectura":"10 minutos"},"schema":{"@context":"https:\/\/schema.org","@graph":[{"@type":"WebPage","@id":"https:\/\/iaec2026granollers.com\/politica-de-privacitat\/","url":"https:\/\/iaec2026granollers.com\/politica-de-privacitat\/","name":"Pol\u00edtica de privacitat - IAEC 2026 Granollers","isPartOf":{"@id":"https:\/\/iaec2026granollers.com\/#website"},"datePublished":"2025-07-23T08:40:17+00:00","dateModified":"2025-09-04T11:23:36+00:00","breadcrumb":{"@id":"https:\/\/iaec2026granollers.com\/politica-de-privacitat\/#breadcrumb"},"inLanguage":"es","potentialAction":[{"@type":"ReadAction","target":["https:\/\/iaec2026granollers.com\/politica-de-privacitat\/"]}]},{"@type":"BreadcrumbList","@id":"https:\/\/iaec2026granollers.com\/politica-de-privacitat\/#breadcrumb","itemListElement":[{"@type":"ListItem","position":1,"name":"Inici","item":"https:\/\/iaec2026granollers.com\/"},{"@type":"ListItem","position":2,"name":"Pol\u00edtica de privacitat"}]},{"@type":"WebSite","@id":"https:\/\/iaec2026granollers.com\/#website","url":"https:\/\/iaec2026granollers.com\/","name":"IAEC 2026 Granollers","description":"","potentialAction":[{"@type":"SearchAction","target":{"@type":"EntryPoint","urlTemplate":"https:\/\/iaec2026granollers.com\/?s={search_term_string}"},"query-input":{"@type":"PropertyValueSpecification","valueRequired":true,"valueName":"search_term_string"}}],"inLanguage":"es"}]}},"_links":{"self":[{"href":"https:\/\/iaec2026granollers.com\/es\/wp-json\/wp\/v2\/pages\/2661","targetHints":{"allow":["GET"]}}],"collection":[{"href":"https:\/\/iaec2026granollers.com\/es\/wp-json\/wp\/v2\/pages"}],"about":[{"href":"https:\/\/iaec2026granollers.com\/es\/wp-json\/wp\/v2\/types\/page"}],"author":[{"embeddable":true,"href":"https:\/\/iaec2026granollers.com\/es\/wp-json\/wp\/v2\/users\/1"}],"replies":[{"embeddable":true,"href":"https:\/\/iaec2026granollers.com\/es\/wp-json\/wp\/v2\/comments?post=2661"}],"version-history":[{"count":6,"href":"https:\/\/iaec2026granollers.com\/es\/wp-json\/wp\/v2\/pages\/2661\/revisions"}],"predecessor-version":[{"id":2667,"href":"https:\/\/iaec2026granollers.com\/es\/wp-json\/wp\/v2\/pages\/2661\/revisions\/2667"}],"wp:attachment":[{"href":"https:\/\/iaec2026granollers.com\/es\/wp-json\/wp\/v2\/media?parent=2661"}],"curies":[{"name":"wp","href":"https:\/\/api.w.org\/{rel}","templated":true}]}}