{"id":2815,"date":"2025-09-01T14:07:06","date_gmt":"2025-09-01T13:07:06","guid":{"rendered":"https:\/\/iaec2026granollers.com\/?page_id=2815"},"modified":"2025-09-02T09:52:23","modified_gmt":"2025-09-02T08:52:23","slug":"criteris-de-seleccio","status":"publish","type":"page","link":"https:\/\/iaec2026granollers.com\/es\/congres-aice\/criteris-de-seleccio\/","title":{"rendered":"Criterios de selecci\u00f3n"},"content":{"rendered":"<p data-start=\"165\" data-end=\"292\">A continuaci\u00f3n, se recogen los criterios de selecci\u00f3n de experiencias del <strong data-start=\"236\" data-end=\"289\">XVIII Congreso Internacional de Ciudades Educadoras<\/strong>.<\/p>\n<p data-start=\"294\" data-end=\"435\">Hay que tener en cuenta que la presentaci\u00f3n de experiencias se realizar\u00e1 exclusivamente de forma presencial, en mayo de 2026, en <strong data-start=\"418\" data-end=\"432\">Granollers<\/strong>.<\/p>\n<blockquote>\n<p data-start=\"437\" data-end=\"714\">&quot;Invitamos a las ciudades a enviar sus experiencias. El n\u00famero m\u00e1ximo de iniciativas que pueden enviarse es de 3 experiencias por ciudad con el impulso y aval del gobierno municipal. Asimismo, se valorar\u00e1n experiencias por parte de otras instituciones, entidades y asociaciones.&quot;<\/p>\n<\/blockquote>\n<ol>\n<li>\u00a0<strong>Coherencia tem\u00e1tica:<\/strong> Las experiencias deben estar claramente conectadas con el tema central del Congreso \u201cEducaci\u00f3n y cultura en la ciudad: comunidad, sentido cr\u00edtico y creatividad\u201d y alineadas con alguno de sus tres ejes:\n<ul>\n<li>La construcci\u00f3n de la ciudad\/comunidad en unas ciudades cada vez m\u00e1s complejas.<\/li>\n<li>El desarrollo de una ciudadan\u00eda cr\u00edtica y libre para participar en la construcci\u00f3n del futuro de las ciudades.<\/li>\n<li>El desarrollo de una ciudadan\u00eda creativa que genera nuevas sensibilidades, estrategias y herramientas para afrontar los retos de su sociedad.<\/li>\n<\/ul>\n<\/li>\n<li><strong>Vinculaci\u00f3n:<\/strong> Se dar\u00e1 prioridad a las experiencias impulsadas o avaladas por gobiernos locales, instituciones y entidades.<\/li>\n<li><strong>Colaboraci\u00f3n interdepartamental:<\/strong> Se valorar\u00e1n especialmente aquellas iniciativas llevadas a cabo en colaboraci\u00f3n entre distintos departamentos\/\u00e1reas del gobierno municipal u otras esferas de gobierno y otras entidades.<\/li>\n<li><strong>Aspecto educativo:<\/strong> Las experiencias deben tener una intencionalidad educadora que debe explicitarse.<\/li>\n<li><strong>Participaci\u00f3n comunitaria:<\/strong> Se dar\u00e1 prioridad a las experiencias que involucren a la comunidad local, fomentando la colaboraci\u00f3n entre la ciudadan\u00eda, las instituciones educativas y culturales. Tambi\u00e9n aquellas que fomenten la participaci\u00f3n de ni\u00f1os y j\u00f3venes de forma aut\u00f3noma, libre y responsable.<\/li>\n<li><strong>Transformaci\u00f3n pedag\u00f3gica o social:<\/strong> Se priorizar\u00e1n experiencias que aporten soluciones a problemas existentes.<\/li>\n<li><strong>Accesibilidad:<\/strong> Es necesario asegurar que las experiencias sean accesibles para aquellos grupos de poblaci\u00f3n en situaci\u00f3n de vulnerabilidad, eliminando barreras f\u00edsicas y socioecon\u00f3micas.<\/li>\n<li><strong>Cohesi\u00f3n social:<\/strong> Se valorar\u00e1n especialmente las experiencias que fomenten la cohesi\u00f3n social y el respeto entre distintos grupos culturales y sociales.<\/li>\n<li><strong>Consolidaci\u00f3n:<\/strong> Las experiencias deben tener un tiempo m\u00ednimo de realizaci\u00f3n de dos a\u00f1os, que permita poder mostrar su impacto.<\/li>\n<li><strong>Perdurabilidad de la iniciativa:<\/strong> Las experiencias deben ser sostenibles en el tiempo, contando con los recursos humanos y econ\u00f3micos necesarios para su buen desarrollo.<\/li>\n<li><strong>Evaluaci\u00f3n:<\/strong> Se valorar\u00e1 positivamente las experiencias que aporten una evaluaci\u00f3n contrastada.<\/li>\n<li><strong>Impacto social:<\/strong> Se dar\u00e1 prioridad a las experiencias que tengan un impacto en la comunidad, promoviendo el desarrollo social y el bienestar de la ciudadan\u00eda.<\/li>\n<li><strong>Sostenibilidad medioambiental:<\/strong> Se valorar\u00e1n aquellas iniciativas que minimicen su impacto en el medio ambiente y favorezcan el compromiso con la sostenibilidad.<\/li>\n<li><strong>Transferibilidad:<\/strong> Se dar\u00e1 prioridad a iniciativas que puedan ser total o parcialmente transferibles a otros municipios, barrios, etc.<\/li>\n<\/ol>","protected":false},"excerpt":{"rendered":"<p>A continuaci\u00f3n, se recogen los criterios de selecci\u00f3n de experiencias del XVIII Congreso Internacional de Ciudades Educadoras. Hay que tener en cuenta que la presentaci\u00f3n de experiencias se realizar\u00e1 exclusivamente de forma presencial, en mayo de 2026, en Granollers. \u201cInvitamos a las ciudades a enviar sus experiencias. El n\u00famero m\u00e1ximo de iniciativas que pueden enviarse es de 3 experiencias [\u2026]<\/p>","protected":false},"author":1,"featured_media":0,"parent":1289,"menu_order":21,"comment_status":"closed","ping_status":"closed","template":"","meta":{"_acf_changed":false,"footnotes":""},"class_list":["post-2815","page","type-page","status-publish","hentry"],"acf":[],"yoast_head":"<!-- This site is optimized with the Yoast SEO plugin v26.6 - https:\/\/yoast.com\/wordpress\/plugins\/seo\/ -->\n<title>Criteris de selecci\u00f3 - IAEC 2026 Granollers<\/title>\n<meta name=\"robots\" content=\"index, follow, max-snippet:-1, max-image-preview:large, max-video-preview:-1\" \/>\n<link rel=\"canonical\" href=\"https:\/\/iaec2026granollers.com\/es\/congres-aice\/presentacio-dexperiencies__trashed\/criteris-de-seleccio\/\" \/>\n<meta property=\"og:locale\" content=\"es_ES\" \/>\n<meta property=\"og:type\" content=\"article\" \/>\n<meta property=\"og:title\" content=\"Criteris de selecci\u00f3 - IAEC 2026 Granollers\" \/>\n<meta property=\"og:description\" content=\"A continuaci\u00f3, es recullen els criteris de selecci\u00f3 d\u2019experi\u00e8ncies del XVIII Congr\u00e9s Internacional de Ciutats Educadores. Cal tenir en compte que la presentaci\u00f3 d\u2019experi\u00e8ncies es realitzar\u00e0 exclusivament de manera presencial, al maig del 2026, a Granollers. \u201cConvidem les ciutats a enviar les seves experi\u00e8ncies. El nombre m\u00e0xim d\u2019iniciatives que poden enviar-se \u00e9s de 3 experi\u00e8ncies [&hellip;]\" \/>\n<meta property=\"og:url\" content=\"https:\/\/iaec2026granollers.com\/es\/congres-aice\/presentacio-dexperiencies__trashed\/criteris-de-seleccio\/\" \/>\n<meta property=\"og:site_name\" content=\"IAEC 2026 Granollers\" \/>\n<meta property=\"article:modified_time\" content=\"2025-09-02T08:52:23+00:00\" \/>\n<meta name=\"twitter:card\" content=\"summary_large_image\" \/>\n<meta name=\"twitter:label1\" content=\"Tiempo de lectura\" \/>\n\t<meta name=\"twitter:data1\" content=\"2 minutos\" \/>\n<script type=\"application\/ld+json\" class=\"yoast-schema-graph\">{\"@context\":\"https:\/\/schema.org\",\"@graph\":[{\"@type\":\"WebPage\",\"@id\":\"https:\/\/iaec2026granollers.com\/congres-aice\/presentacio-dexperiencies__trashed\/criteris-de-seleccio\/\",\"url\":\"https:\/\/iaec2026granollers.com\/congres-aice\/presentacio-dexperiencies__trashed\/criteris-de-seleccio\/\",\"name\":\"Criteris de selecci\u00f3 - IAEC 2026 Granollers\",\"isPartOf\":{\"@id\":\"https:\/\/iaec2026granollers.com\/#website\"},\"datePublished\":\"2025-09-01T13:07:06+00:00\",\"dateModified\":\"2025-09-02T08:52:23+00:00\",\"breadcrumb\":{\"@id\":\"https:\/\/iaec2026granollers.com\/congres-aice\/presentacio-dexperiencies__trashed\/criteris-de-seleccio\/#breadcrumb\"},\"inLanguage\":\"es\",\"potentialAction\":[{\"@type\":\"ReadAction\",\"target\":[\"https:\/\/iaec2026granollers.com\/congres-aice\/presentacio-dexperiencies__trashed\/criteris-de-seleccio\/\"]}]},{\"@type\":\"BreadcrumbList\",\"@id\":\"https:\/\/iaec2026granollers.com\/congres-aice\/presentacio-dexperiencies__trashed\/criteris-de-seleccio\/#breadcrumb\",\"itemListElement\":[{\"@type\":\"ListItem\",\"position\":1,\"name\":\"Inici\",\"item\":\"https:\/\/iaec2026granollers.com\/\"},{\"@type\":\"ListItem\",\"position\":2,\"name\":\"Congr\u00e9s AICE\",\"item\":\"https:\/\/iaec2026granollers.com\/congres-aice\/\"},{\"@type\":\"ListItem\",\"position\":3,\"name\":\"Criteris de selecci\u00f3\"}]},{\"@type\":\"WebSite\",\"@id\":\"https:\/\/iaec2026granollers.com\/#website\",\"url\":\"https:\/\/iaec2026granollers.com\/\",\"name\":\"IAEC 2026 Granollers\",\"description\":\"\",\"potentialAction\":[{\"@type\":\"SearchAction\",\"target\":{\"@type\":\"EntryPoint\",\"urlTemplate\":\"https:\/\/iaec2026granollers.com\/?s={search_term_string}\"},\"query-input\":{\"@type\":\"PropertyValueSpecification\",\"valueRequired\":true,\"valueName\":\"search_term_string\"}}],\"inLanguage\":\"es\"}]}<\/script>\n<!-- \/ Yoast SEO plugin. -->","yoast_head_json":{"title":"Criterios de Selecci\u00f3n - IAEC 2026 Granollers","robots":{"index":"index","follow":"follow","max-snippet":"max-snippet:-1","max-image-preview":"max-image-preview:large","max-video-preview":"max-video-preview:-1"},"canonical":"https:\/\/iaec2026granollers.com\/es\/congres-aice\/presentacio-dexperiencies__trashed\/criteris-de-seleccio\/","og_locale":"es_ES","og_type":"article","og_title":"Criteris de selecci\u00f3 - IAEC 2026 Granollers","og_description":"A continuaci\u00f3, es recullen els criteris de selecci\u00f3 d\u2019experi\u00e8ncies del XVIII Congr\u00e9s Internacional de Ciutats Educadores. Cal tenir en compte que la presentaci\u00f3 d\u2019experi\u00e8ncies es realitzar\u00e0 exclusivament de manera presencial, al maig del 2026, a Granollers. \u201cConvidem les ciutats a enviar les seves experi\u00e8ncies. El nombre m\u00e0xim d\u2019iniciatives que poden enviar-se \u00e9s de 3 experi\u00e8ncies [&hellip;]","og_url":"https:\/\/iaec2026granollers.com\/es\/congres-aice\/presentacio-dexperiencies__trashed\/criteris-de-seleccio\/","og_site_name":"IAEC 2026 Granollers","article_modified_time":"2025-09-02T08:52:23+00:00","twitter_card":"summary_large_image","twitter_misc":{"Tiempo de lectura":"2 minutos"},"schema":{"@context":"https:\/\/schema.org","@graph":[{"@type":"WebPage","@id":"https:\/\/iaec2026granollers.com\/congres-aice\/presentacio-dexperiencies__trashed\/criteris-de-seleccio\/","url":"https:\/\/iaec2026granollers.com\/congres-aice\/presentacio-dexperiencies__trashed\/criteris-de-seleccio\/","name":"Criterios de Selecci\u00f3n - IAEC 2026 Granollers","isPartOf":{"@id":"https:\/\/iaec2026granollers.com\/#website"},"datePublished":"2025-09-01T13:07:06+00:00","dateModified":"2025-09-02T08:52:23+00:00","breadcrumb":{"@id":"https:\/\/iaec2026granollers.com\/congres-aice\/presentacio-dexperiencies__trashed\/criteris-de-seleccio\/#breadcrumb"},"inLanguage":"es","potentialAction":[{"@type":"ReadAction","target":["https:\/\/iaec2026granollers.com\/congres-aice\/presentacio-dexperiencies__trashed\/criteris-de-seleccio\/"]}]},{"@type":"BreadcrumbList","@id":"https:\/\/iaec2026granollers.com\/congres-aice\/presentacio-dexperiencies__trashed\/criteris-de-seleccio\/#breadcrumb","itemListElement":[{"@type":"ListItem","position":1,"name":"Inici","item":"https:\/\/iaec2026granollers.com\/"},{"@type":"ListItem","position":2,"name":"Congr\u00e9s AICE","item":"https:\/\/iaec2026granollers.com\/congres-aice\/"},{"@type":"ListItem","position":3,"name":"Criteris de selecci\u00f3"}]},{"@type":"WebSite","@id":"https:\/\/iaec2026granollers.com\/#website","url":"https:\/\/iaec2026granollers.com\/","name":"IAEC 2026 Granollers","description":"","potentialAction":[{"@type":"SearchAction","target":{"@type":"EntryPoint","urlTemplate":"https:\/\/iaec2026granollers.com\/?s={search_term_string}"},"query-input":{"@type":"PropertyValueSpecification","valueRequired":true,"valueName":"search_term_string"}}],"inLanguage":"es"}]}},"_links":{"self":[{"href":"https:\/\/iaec2026granollers.com\/es\/wp-json\/wp\/v2\/pages\/2815","targetHints":{"allow":["GET"]}}],"collection":[{"href":"https:\/\/iaec2026granollers.com\/es\/wp-json\/wp\/v2\/pages"}],"about":[{"href":"https:\/\/iaec2026granollers.com\/es\/wp-json\/wp\/v2\/types\/page"}],"author":[{"embeddable":true,"href":"https:\/\/iaec2026granollers.com\/es\/wp-json\/wp\/v2\/users\/1"}],"replies":[{"embeddable":true,"href":"https:\/\/iaec2026granollers.com\/es\/wp-json\/wp\/v2\/comments?post=2815"}],"version-history":[{"count":6,"href":"https:\/\/iaec2026granollers.com\/es\/wp-json\/wp\/v2\/pages\/2815\/revisions"}],"predecessor-version":[{"id":2833,"href":"https:\/\/iaec2026granollers.com\/es\/wp-json\/wp\/v2\/pages\/2815\/revisions\/2833"}],"up":[{"embeddable":true,"href":"https:\/\/iaec2026granollers.com\/es\/wp-json\/wp\/v2\/pages\/1289"}],"wp:attachment":[{"href":"https:\/\/iaec2026granollers.com\/es\/wp-json\/wp\/v2\/media?parent=2815"}],"curies":[{"name":"wp","href":"https:\/\/api.w.org\/{rel}","templated":true}]}}