{"id":3177,"date":"2026-01-26T13:33:15","date_gmt":"2026-01-26T12:33:15","guid":{"rendered":"https:\/\/iaec2026granollers.com\/?page_id=3177"},"modified":"2026-02-02T17:03:11","modified_gmt":"2026-02-02T16:03:11","slug":"souleymane-bachir","status":"publish","type":"page","link":"https:\/\/iaec2026granollers.com\/es\/congres-aice\/ponents\/souleymane-bachir\/","title":{"rendered":"Souleymane Bachir"},"content":{"rendered":"<p align=\"left\"><span lang=\"ca-ES\">Souleymane Bachir es un <strong>fil\u00f3sofo y profesor<\/strong> universitario senegal\u00e9s, reconocido como uno de los principales referentes mundiales de los <strong>estudios postcoloniales<\/strong>. Su obra aborda un amplio abanico de campos, como la historia de la l\u00f3gica y de las matem\u00e1ticas, la epistemolog\u00eda, la filosof\u00eda isl\u00e1mica, la historia de la ciencia y las filosof\u00edas y literaturas africanas.<\/span><\/p>\n<p align=\"left\"><span lang=\"ca-ES\">Fue el primer senegal\u00e9s admitido en el\u2019<a href=\"https:\/\/www.ens.psl.eu\/\">\u00c9cole Normale Sup\u00e9rieure de Par\u00eds<\/a> y se doctor\u00f3 en Filosof\u00eda en 1988. Ha desarrollado una destacada trayectoria acad\u00e9mica como profesor en universidades de Dakar, Illinois y Nueva York, donde dirige el\u2019<strong>Instituto de Estudios Africanos<\/strong>.<\/span><\/p>\n<p align=\"left\"><span lang=\"ca-ES\">Es autor de numerosos libros de referencia, entre los que destaca Bergson poscolonial, premiado en 2011 por el\u2019<strong>Acad\u00e9mie des sciences morales et politiques<\/strong>, a\u00f1o en que tambi\u00e9n recibi\u00f3 el premio \u00c9douard Glissant por el conjunto de su carrera. Desde 2019 es miembro de la Academia Estadounidense de las Artes y las Ciencias y miembro asociado de la Real Academia de B\u00e9lgica.<\/span><\/p>\n<h4 align=\"left\"><span lang=\"ca-ES\">Obras destacadas<\/span><\/h4>\n<p align=\"left\"><span lang=\"ca-ES\"><strong>Open to Reason: Muslim Philosophers en Conversation with the Western Tradition.<\/strong> A trav\u00e9s de una lectura rica de fil\u00f3sofos musulmanes cl\u00e1sicos y modernos, Diagne cuenta la larga historia de la filosof\u00eda en el mundo isl\u00e1mico y su relevancia para cuestiones primordiales de nuestro tiempo.<\/span><\/p>\n<p align=\"left\"><span lang=\"ca-ES\"><strong>The Ink of the Scholars: Reflections on Philosophy in Africa<\/strong>. En este libro se explican cu\u00e1les son las cuestiones que debaten hoy los fil\u00f3sofos africanos, identificando los grandes temas de reflexi\u00f3n filos\u00f3fica en el continente.<\/span><\/p>\n<p align=\"left\"><span lang=\"ca-ES\"><strong>From Language to Language: The Hospitality of Translation.<\/strong> Reflexiones dentro de los campos de la filosof\u00eda intercultural, los estudios de traducci\u00f3n y el pensamiento poscolonial.<\/span><\/p>","protected":false},"excerpt":{"rendered":"<p>Souleymane Bachir\u00a0\u00e9s un fil\u00f2sof i professor universitari senegal\u00e8s, reconegut com un dels principals referents mundials dels estudis postcolonials. La seva obra aborda un ampli ventall de camps, com la hist\u00f2ria de la l\u00f2gica i de les matem\u00e0tiques, l\u2019epistemologia, la filosofia isl\u00e0mica, la hist\u00f2ria de la ci\u00e8ncia i les filosofies i literatures africanes. Va ser el [&hellip;]<\/p>","protected":false},"author":1,"featured_media":3178,"parent":2311,"menu_order":35,"comment_status":"closed","ping_status":"closed","template":"page-ponents.php","meta":{"_acf_changed":false,"footnotes":""},"class_list":["post-3177","page","type-page","status-publish","has-post-thumbnail","hentry"],"acf":[],"yoast_head":"<!-- This site is optimized with the Yoast SEO plugin v26.6 - https:\/\/yoast.com\/wordpress\/plugins\/seo\/ -->\n<title>Souleymane Bachir - IAEC 2026 Granollers<\/title>\n<meta name=\"robots\" content=\"index, follow, max-snippet:-1, max-image-preview:large, max-video-preview:-1\" \/>\n<link rel=\"canonical\" href=\"https:\/\/iaec2026granollers.com\/es\/congres-aice\/ponents\/souleymane-bachir\/\" \/>\n<meta property=\"og:locale\" content=\"es_ES\" \/>\n<meta property=\"og:type\" content=\"article\" \/>\n<meta property=\"og:title\" content=\"Souleymane Bachir - IAEC 2026 Granollers\" \/>\n<meta property=\"og:description\" content=\"Souleymane Bachir\u00a0\u00e9s un fil\u00f2sof i professor universitari senegal\u00e8s, reconegut com un dels principals referents mundials dels estudis postcolonials. La seva obra aborda un ampli ventall de camps, com la hist\u00f2ria de la l\u00f2gica i de les matem\u00e0tiques, l\u2019epistemologia, la filosofia isl\u00e0mica, la hist\u00f2ria de la ci\u00e8ncia i les filosofies i literatures africanes. Va ser el [&hellip;]\" \/>\n<meta property=\"og:url\" content=\"https:\/\/iaec2026granollers.com\/es\/congres-aice\/ponents\/souleymane-bachir\/\" \/>\n<meta property=\"og:site_name\" content=\"IAEC 2026 Granollers\" \/>\n<meta property=\"article:modified_time\" content=\"2026-02-02T16:03:11+00:00\" \/>\n<meta property=\"og:image\" content=\"https:\/\/iaec2026granollers.com\/wp-content\/uploads\/2026\/01\/Souleymane_Bachir_Diagne-Strasbourg-Septembre_2018_2-e1769434717355.jpg\" \/>\n\t<meta property=\"og:image:width\" content=\"640\" \/>\n\t<meta property=\"og:image:height\" content=\"717\" \/>\n\t<meta property=\"og:image:type\" content=\"image\/jpeg\" \/>\n<meta name=\"twitter:card\" content=\"summary_large_image\" \/>\n<meta name=\"twitter:label1\" content=\"Tiempo de lectura\" \/>\n\t<meta name=\"twitter:data1\" content=\"2 minutos\" \/>\n<script type=\"application\/ld+json\" class=\"yoast-schema-graph\">{\"@context\":\"https:\/\/schema.org\",\"@graph\":[{\"@type\":\"WebPage\",\"@id\":\"https:\/\/iaec2026granollers.com\/congres-aice\/ponents\/souleymane-bachir\/\",\"url\":\"https:\/\/iaec2026granollers.com\/congres-aice\/ponents\/souleymane-bachir\/\",\"name\":\"Souleymane Bachir - IAEC 2026 Granollers\",\"isPartOf\":{\"@id\":\"https:\/\/iaec2026granollers.com\/#website\"},\"primaryImageOfPage\":{\"@id\":\"https:\/\/iaec2026granollers.com\/congres-aice\/ponents\/souleymane-bachir\/#primaryimage\"},\"image\":{\"@id\":\"https:\/\/iaec2026granollers.com\/congres-aice\/ponents\/souleymane-bachir\/#primaryimage\"},\"thumbnailUrl\":\"https:\/\/iaec2026granollers.com\/wp-content\/uploads\/2026\/01\/Souleymane_Bachir_Diagne-Strasbourg-Septembre_2018_2-e1769434717355.jpg\",\"datePublished\":\"2026-01-26T12:33:15+00:00\",\"dateModified\":\"2026-02-02T16:03:11+00:00\",\"breadcrumb\":{\"@id\":\"https:\/\/iaec2026granollers.com\/congres-aice\/ponents\/souleymane-bachir\/#breadcrumb\"},\"inLanguage\":\"es\",\"potentialAction\":[{\"@type\":\"ReadAction\",\"target\":[\"https:\/\/iaec2026granollers.com\/congres-aice\/ponents\/souleymane-bachir\/\"]}]},{\"@type\":\"ImageObject\",\"inLanguage\":\"es\",\"@id\":\"https:\/\/iaec2026granollers.com\/congres-aice\/ponents\/souleymane-bachir\/#primaryimage\",\"url\":\"https:\/\/iaec2026granollers.com\/wp-content\/uploads\/2026\/01\/Souleymane_Bachir_Diagne-Strasbourg-Septembre_2018_2-e1769434717355.jpg\",\"contentUrl\":\"https:\/\/iaec2026granollers.com\/wp-content\/uploads\/2026\/01\/Souleymane_Bachir_Diagne-Strasbourg-Septembre_2018_2-e1769434717355.jpg\",\"width\":640,\"height\":717},{\"@type\":\"BreadcrumbList\",\"@id\":\"https:\/\/iaec2026granollers.com\/congres-aice\/ponents\/souleymane-bachir\/#breadcrumb\",\"itemListElement\":[{\"@type\":\"ListItem\",\"position\":1,\"name\":\"Inici\",\"item\":\"https:\/\/iaec2026granollers.com\/\"},{\"@type\":\"ListItem\",\"position\":2,\"name\":\"Congr\u00e9s AICE\",\"item\":\"https:\/\/iaec2026granollers.com\/congres-aice\/\"},{\"@type\":\"ListItem\",\"position\":3,\"name\":\"Ponents\",\"item\":\"https:\/\/iaec2026granollers.com\/congres-aice\/ponents\/\"},{\"@type\":\"ListItem\",\"position\":4,\"name\":\"Souleymane Bachir\"}]},{\"@type\":\"WebSite\",\"@id\":\"https:\/\/iaec2026granollers.com\/#website\",\"url\":\"https:\/\/iaec2026granollers.com\/\",\"name\":\"IAEC 2026 Granollers\",\"description\":\"\",\"potentialAction\":[{\"@type\":\"SearchAction\",\"target\":{\"@type\":\"EntryPoint\",\"urlTemplate\":\"https:\/\/iaec2026granollers.com\/?s={search_term_string}\"},\"query-input\":{\"@type\":\"PropertyValueSpecification\",\"valueRequired\":true,\"valueName\":\"search_term_string\"}}],\"inLanguage\":\"es\"}]}<\/script>\n<!-- \/ Yoast SEO plugin. -->","yoast_head_json":{"title":"Souleymane Bachir - IAEC 2026 Granollers","robots":{"index":"index","follow":"follow","max-snippet":"max-snippet:-1","max-image-preview":"max-image-preview:large","max-video-preview":"max-video-preview:-1"},"canonical":"https:\/\/iaec2026granollers.com\/es\/congres-aice\/ponents\/souleymane-bachir\/","og_locale":"es_ES","og_type":"article","og_title":"Souleymane Bachir - IAEC 2026 Granollers","og_description":"Souleymane Bachir\u00a0\u00e9s un fil\u00f2sof i professor universitari senegal\u00e8s, reconegut com un dels principals referents mundials dels estudis postcolonials. La seva obra aborda un ampli ventall de camps, com la hist\u00f2ria de la l\u00f2gica i de les matem\u00e0tiques, l\u2019epistemologia, la filosofia isl\u00e0mica, la hist\u00f2ria de la ci\u00e8ncia i les filosofies i literatures africanes. Va ser el [&hellip;]","og_url":"https:\/\/iaec2026granollers.com\/es\/congres-aice\/ponents\/souleymane-bachir\/","og_site_name":"IAEC 2026 Granollers","article_modified_time":"2026-02-02T16:03:11+00:00","og_image":[{"width":640,"height":717,"url":"https:\/\/iaec2026granollers.com\/wp-content\/uploads\/2026\/01\/Souleymane_Bachir_Diagne-Strasbourg-Septembre_2018_2-e1769434717355.jpg","type":"image\/jpeg"}],"twitter_card":"summary_large_image","twitter_misc":{"Tiempo de lectura":"2 minutos"},"schema":{"@context":"https:\/\/schema.org","@graph":[{"@type":"WebPage","@id":"https:\/\/iaec2026granollers.com\/congres-aice\/ponents\/souleymane-bachir\/","url":"https:\/\/iaec2026granollers.com\/congres-aice\/ponents\/souleymane-bachir\/","name":"Souleymane Bachir - IAEC 2026 Granollers","isPartOf":{"@id":"https:\/\/iaec2026granollers.com\/#website"},"primaryImageOfPage":{"@id":"https:\/\/iaec2026granollers.com\/congres-aice\/ponents\/souleymane-bachir\/#primaryimage"},"image":{"@id":"https:\/\/iaec2026granollers.com\/congres-aice\/ponents\/souleymane-bachir\/#primaryimage"},"thumbnailUrl":"https:\/\/iaec2026granollers.com\/wp-content\/uploads\/2026\/01\/Souleymane_Bachir_Diagne-Strasbourg-Septembre_2018_2-e1769434717355.jpg","datePublished":"2026-01-26T12:33:15+00:00","dateModified":"2026-02-02T16:03:11+00:00","breadcrumb":{"@id":"https:\/\/iaec2026granollers.com\/congres-aice\/ponents\/souleymane-bachir\/#breadcrumb"},"inLanguage":"es","potentialAction":[{"@type":"ReadAction","target":["https:\/\/iaec2026granollers.com\/congres-aice\/ponents\/souleymane-bachir\/"]}]},{"@type":"ImageObject","inLanguage":"es","@id":"https:\/\/iaec2026granollers.com\/congres-aice\/ponents\/souleymane-bachir\/#primaryimage","url":"https:\/\/iaec2026granollers.com\/wp-content\/uploads\/2026\/01\/Souleymane_Bachir_Diagne-Strasbourg-Septembre_2018_2-e1769434717355.jpg","contentUrl":"https:\/\/iaec2026granollers.com\/wp-content\/uploads\/2026\/01\/Souleymane_Bachir_Diagne-Strasbourg-Septembre_2018_2-e1769434717355.jpg","width":640,"height":717},{"@type":"BreadcrumbList","@id":"https:\/\/iaec2026granollers.com\/congres-aice\/ponents\/souleymane-bachir\/#breadcrumb","itemListElement":[{"@type":"ListItem","position":1,"name":"Inici","item":"https:\/\/iaec2026granollers.com\/"},{"@type":"ListItem","position":2,"name":"Congr\u00e9s AICE","item":"https:\/\/iaec2026granollers.com\/congres-aice\/"},{"@type":"ListItem","position":3,"name":"Ponents","item":"https:\/\/iaec2026granollers.com\/congres-aice\/ponents\/"},{"@type":"ListItem","position":4,"name":"Souleymane Bachir"}]},{"@type":"WebSite","@id":"https:\/\/iaec2026granollers.com\/#website","url":"https:\/\/iaec2026granollers.com\/","name":"IAEC 2026 Granollers","description":"","potentialAction":[{"@type":"SearchAction","target":{"@type":"EntryPoint","urlTemplate":"https:\/\/iaec2026granollers.com\/?s={search_term_string}"},"query-input":{"@type":"PropertyValueSpecification","valueRequired":true,"valueName":"search_term_string"}}],"inLanguage":"es"}]}},"_links":{"self":[{"href":"https:\/\/iaec2026granollers.com\/es\/wp-json\/wp\/v2\/pages\/3177","targetHints":{"allow":["GET"]}}],"collection":[{"href":"https:\/\/iaec2026granollers.com\/es\/wp-json\/wp\/v2\/pages"}],"about":[{"href":"https:\/\/iaec2026granollers.com\/es\/wp-json\/wp\/v2\/types\/page"}],"author":[{"embeddable":true,"href":"https:\/\/iaec2026granollers.com\/es\/wp-json\/wp\/v2\/users\/1"}],"replies":[{"embeddable":true,"href":"https:\/\/iaec2026granollers.com\/es\/wp-json\/wp\/v2\/comments?post=3177"}],"version-history":[{"count":10,"href":"https:\/\/iaec2026granollers.com\/es\/wp-json\/wp\/v2\/pages\/3177\/revisions"}],"predecessor-version":[{"id":3256,"href":"https:\/\/iaec2026granollers.com\/es\/wp-json\/wp\/v2\/pages\/3177\/revisions\/3256"}],"up":[{"embeddable":true,"href":"https:\/\/iaec2026granollers.com\/es\/wp-json\/wp\/v2\/pages\/2311"}],"wp:featuredmedia":[{"embeddable":true,"href":"https:\/\/iaec2026granollers.com\/es\/wp-json\/wp\/v2\/media\/3178"}],"wp:attachment":[{"href":"https:\/\/iaec2026granollers.com\/es\/wp-json\/wp\/v2\/media?parent=3177"}],"curies":[{"name":"wp","href":"https:\/\/api.w.org\/{rel}","templated":true}]}}