{"id":3228,"date":"2026-02-02T17:02:07","date_gmt":"2026-02-02T16:02:07","guid":{"rendered":"https:\/\/iaec2026granollers.com\/?page_id=3228"},"modified":"2026-02-11T08:16:03","modified_gmt":"2026-02-11T07:16:03","slug":"francesco-tonucci","status":"publish","type":"page","link":"https:\/\/iaec2026granollers.com\/es\/congres-aice\/ponents\/francesco-tonucci\/","title":{"rendered":"Francesco Tonucci"},"content":{"rendered":"<p>Francesco Tonucci es un <strong>psicopedagogo<\/strong> y pensador italiano que cuestiona los modelos educativos tradicionales, defendiendo una<strong> educaci\u00f3n centrada en los ni\u00f1os<\/strong>, basada en la curiosidad, el juego y la exploraci\u00f3n libre. A su juicio, el aprendizaje debe ser un proceso creativo y sin presiones, donde cada ni\u00f1o aprenda a su ritmo y desarrolle habilidades para participar activamente en la sociedad.<\/p>\n<p>Tonucci es investigador del\u2019<strong>Instituto de Psicolog\u00eda del Consejo Nacional de Investigaciones de Roma<\/strong>. Adem\u00e1s de su labor pedag\u00f3gica, Tonucci es conocido por su alter ego Frato, con el que dibuja tiras c\u00f3micas que critican con humor el sistema educativo y los retos cotidianos de los ni\u00f1os.<\/p>\n<p>Su proyecto <a href=\"https:\/\/www.francescotonucci.org\/es\/la-citta-dei-bambini\"><strong>La ciudad de los ni\u00f1os<\/strong><\/a> (1991) propuso un modelo urbano pensado para garantizar la seguridad y autonom\u00eda de los m\u00e1s peque\u00f1os, promoviendo espacios p\u00fablicos que favorezcan a una sociedad m\u00e1s inclusiva y equitativa para todos.<\/p>\n<h4>Obras destacadas<\/h4>\n<p><strong>La ciudad de los ni\u00f1os.<\/strong> No es s\u00f3lo una obra te\u00f3rica: ha dado lugar a un proyecto internacional aplicado en decenas de ciudades en todo el mundo. Es la referencia central cuando se habla de Tonucci en contextos institucionales y municipales.<\/p>\n<p><strong>Con ojos de ni\u00f1o<\/strong>. Es la obra pedag\u00f3gica m\u00e1s citada de Francesco Tonucci, donde formula su cr\u00edtica a la escuela tradicional y defiende una educaci\u00f3n basada en la autonom\u00eda, la curiosidad, la experiencia y la confianza en los ni\u00f1os.<\/p>\n<p><strong>Cuando los ni\u00f1os dicen lo suficiente.<\/strong> Este libro afianza la dimensi\u00f3n pol\u00edtica y democr\u00e1tica del pensamiento de Tonucci. Aqu\u00ed los ni\u00f1os aparecen claramente como sujetos sociales y pol\u00edticos, no s\u00f3lo educativos.<\/p>","protected":false},"excerpt":{"rendered":"<p>Francesco Tonucci \u00e9s un psicopedagog i pensador itali\u00e0 que q\u00fcestiona els models educatius tradicionals, defensant una educaci\u00f3 centrada en els infants, basada en la curiositat, el joc i l&#8217;exploraci\u00f3 lliure. Segons ell, l&#8217;aprenentatge ha de ser un proc\u00e9s creatiu i sense pressions, on cada nen aprengui al seu ritme i desenvolupi habilitats per participar activament [&hellip;]<\/p>","protected":false},"author":7,"featured_media":3350,"parent":2311,"menu_order":28,"comment_status":"closed","ping_status":"closed","template":"page-ponents.php","meta":{"_acf_changed":false,"footnotes":""},"class_list":["post-3228","page","type-page","status-publish","has-post-thumbnail","hentry"],"acf":[],"yoast_head":"<!-- This site is optimized with the Yoast SEO plugin v26.6 - https:\/\/yoast.com\/wordpress\/plugins\/seo\/ -->\n<title>Francesco Tonucci - IAEC 2026 Granollers<\/title>\n<meta name=\"robots\" content=\"index, follow, max-snippet:-1, max-image-preview:large, max-video-preview:-1\" \/>\n<link rel=\"canonical\" href=\"https:\/\/iaec2026granollers.com\/es\/congres-aice\/ponents\/francesco-tonucci\/\" \/>\n<meta property=\"og:locale\" content=\"es_ES\" \/>\n<meta property=\"og:type\" content=\"article\" \/>\n<meta property=\"og:title\" content=\"Francesco Tonucci - IAEC 2026 Granollers\" \/>\n<meta property=\"og:description\" content=\"Francesco Tonucci \u00e9s un psicopedagog i pensador itali\u00e0 que q\u00fcestiona els models educatius tradicionals, defensant una educaci\u00f3 centrada en els infants, basada en la curiositat, el joc i l&#8217;exploraci\u00f3 lliure. Segons ell, l&#8217;aprenentatge ha de ser un proc\u00e9s creatiu i sense pressions, on cada nen aprengui al seu ritme i desenvolupi habilitats per participar activament [&hellip;]\" \/>\n<meta property=\"og:url\" content=\"https:\/\/iaec2026granollers.com\/es\/congres-aice\/ponents\/francesco-tonucci\/\" \/>\n<meta property=\"og:site_name\" content=\"IAEC 2026 Granollers\" \/>\n<meta property=\"article:modified_time\" content=\"2026-02-11T07:16:03+00:00\" \/>\n<meta property=\"og:image\" content=\"https:\/\/iaec2026granollers.com\/wp-content\/uploads\/2026\/02\/Francesco-Tonucci.jpg\" \/>\n\t<meta property=\"og:image:width\" content=\"1729\" \/>\n\t<meta property=\"og:image:height\" content=\"2153\" \/>\n\t<meta property=\"og:image:type\" content=\"image\/jpeg\" \/>\n<meta name=\"twitter:card\" content=\"summary_large_image\" \/>\n<meta name=\"twitter:label1\" content=\"Tiempo de lectura\" \/>\n\t<meta name=\"twitter:data1\" content=\"2 minutos\" \/>\n<script type=\"application\/ld+json\" class=\"yoast-schema-graph\">{\"@context\":\"https:\/\/schema.org\",\"@graph\":[{\"@type\":\"WebPage\",\"@id\":\"https:\/\/iaec2026granollers.com\/congres-aice\/ponents\/francesco-tonucci\/\",\"url\":\"https:\/\/iaec2026granollers.com\/congres-aice\/ponents\/francesco-tonucci\/\",\"name\":\"Francesco Tonucci - IAEC 2026 Granollers\",\"isPartOf\":{\"@id\":\"https:\/\/iaec2026granollers.com\/#website\"},\"primaryImageOfPage\":{\"@id\":\"https:\/\/iaec2026granollers.com\/congres-aice\/ponents\/francesco-tonucci\/#primaryimage\"},\"image\":{\"@id\":\"https:\/\/iaec2026granollers.com\/congres-aice\/ponents\/francesco-tonucci\/#primaryimage\"},\"thumbnailUrl\":\"https:\/\/iaec2026granollers.com\/wp-content\/uploads\/2026\/02\/Francesco-Tonucci.jpg\",\"datePublished\":\"2026-02-02T16:02:07+00:00\",\"dateModified\":\"2026-02-11T07:16:03+00:00\",\"breadcrumb\":{\"@id\":\"https:\/\/iaec2026granollers.com\/congres-aice\/ponents\/francesco-tonucci\/#breadcrumb\"},\"inLanguage\":\"es\",\"potentialAction\":[{\"@type\":\"ReadAction\",\"target\":[\"https:\/\/iaec2026granollers.com\/congres-aice\/ponents\/francesco-tonucci\/\"]}]},{\"@type\":\"ImageObject\",\"inLanguage\":\"es\",\"@id\":\"https:\/\/iaec2026granollers.com\/congres-aice\/ponents\/francesco-tonucci\/#primaryimage\",\"url\":\"https:\/\/iaec2026granollers.com\/wp-content\/uploads\/2026\/02\/Francesco-Tonucci.jpg\",\"contentUrl\":\"https:\/\/iaec2026granollers.com\/wp-content\/uploads\/2026\/02\/Francesco-Tonucci.jpg\",\"width\":1729,\"height\":2153},{\"@type\":\"BreadcrumbList\",\"@id\":\"https:\/\/iaec2026granollers.com\/congres-aice\/ponents\/francesco-tonucci\/#breadcrumb\",\"itemListElement\":[{\"@type\":\"ListItem\",\"position\":1,\"name\":\"Inici\",\"item\":\"https:\/\/iaec2026granollers.com\/\"},{\"@type\":\"ListItem\",\"position\":2,\"name\":\"Congr\u00e9s AICE\",\"item\":\"https:\/\/iaec2026granollers.com\/congres-aice\/\"},{\"@type\":\"ListItem\",\"position\":3,\"name\":\"Ponents\",\"item\":\"https:\/\/iaec2026granollers.com\/congres-aice\/ponents\/\"},{\"@type\":\"ListItem\",\"position\":4,\"name\":\"Francesco Tonucci\"}]},{\"@type\":\"WebSite\",\"@id\":\"https:\/\/iaec2026granollers.com\/#website\",\"url\":\"https:\/\/iaec2026granollers.com\/\",\"name\":\"IAEC 2026 Granollers\",\"description\":\"\",\"potentialAction\":[{\"@type\":\"SearchAction\",\"target\":{\"@type\":\"EntryPoint\",\"urlTemplate\":\"https:\/\/iaec2026granollers.com\/?s={search_term_string}\"},\"query-input\":{\"@type\":\"PropertyValueSpecification\",\"valueRequired\":true,\"valueName\":\"search_term_string\"}}],\"inLanguage\":\"es\"}]}<\/script>\n<!-- \/ Yoast SEO plugin. -->","yoast_head_json":{"title":"Francesco Tonucci - IAEC 2026 Granollers","robots":{"index":"index","follow":"follow","max-snippet":"max-snippet:-1","max-image-preview":"max-image-preview:large","max-video-preview":"max-video-preview:-1"},"canonical":"https:\/\/iaec2026granollers.com\/es\/congres-aice\/ponents\/francesco-tonucci\/","og_locale":"es_ES","og_type":"article","og_title":"Francesco Tonucci - IAEC 2026 Granollers","og_description":"Francesco Tonucci \u00e9s un psicopedagog i pensador itali\u00e0 que q\u00fcestiona els models educatius tradicionals, defensant una educaci\u00f3 centrada en els infants, basada en la curiositat, el joc i l&#8217;exploraci\u00f3 lliure. Segons ell, l&#8217;aprenentatge ha de ser un proc\u00e9s creatiu i sense pressions, on cada nen aprengui al seu ritme i desenvolupi habilitats per participar activament [&hellip;]","og_url":"https:\/\/iaec2026granollers.com\/es\/congres-aice\/ponents\/francesco-tonucci\/","og_site_name":"IAEC 2026 Granollers","article_modified_time":"2026-02-11T07:16:03+00:00","og_image":[{"width":1729,"height":2153,"url":"https:\/\/iaec2026granollers.com\/wp-content\/uploads\/2026\/02\/Francesco-Tonucci.jpg","type":"image\/jpeg"}],"twitter_card":"summary_large_image","twitter_misc":{"Tiempo de lectura":"2 minutos"},"schema":{"@context":"https:\/\/schema.org","@graph":[{"@type":"WebPage","@id":"https:\/\/iaec2026granollers.com\/congres-aice\/ponents\/francesco-tonucci\/","url":"https:\/\/iaec2026granollers.com\/congres-aice\/ponents\/francesco-tonucci\/","name":"Francesco Tonucci - IAEC 2026 Granollers","isPartOf":{"@id":"https:\/\/iaec2026granollers.com\/#website"},"primaryImageOfPage":{"@id":"https:\/\/iaec2026granollers.com\/congres-aice\/ponents\/francesco-tonucci\/#primaryimage"},"image":{"@id":"https:\/\/iaec2026granollers.com\/congres-aice\/ponents\/francesco-tonucci\/#primaryimage"},"thumbnailUrl":"https:\/\/iaec2026granollers.com\/wp-content\/uploads\/2026\/02\/Francesco-Tonucci.jpg","datePublished":"2026-02-02T16:02:07+00:00","dateModified":"2026-02-11T07:16:03+00:00","breadcrumb":{"@id":"https:\/\/iaec2026granollers.com\/congres-aice\/ponents\/francesco-tonucci\/#breadcrumb"},"inLanguage":"es","potentialAction":[{"@type":"ReadAction","target":["https:\/\/iaec2026granollers.com\/congres-aice\/ponents\/francesco-tonucci\/"]}]},{"@type":"ImageObject","inLanguage":"es","@id":"https:\/\/iaec2026granollers.com\/congres-aice\/ponents\/francesco-tonucci\/#primaryimage","url":"https:\/\/iaec2026granollers.com\/wp-content\/uploads\/2026\/02\/Francesco-Tonucci.jpg","contentUrl":"https:\/\/iaec2026granollers.com\/wp-content\/uploads\/2026\/02\/Francesco-Tonucci.jpg","width":1729,"height":2153},{"@type":"BreadcrumbList","@id":"https:\/\/iaec2026granollers.com\/congres-aice\/ponents\/francesco-tonucci\/#breadcrumb","itemListElement":[{"@type":"ListItem","position":1,"name":"Inici","item":"https:\/\/iaec2026granollers.com\/"},{"@type":"ListItem","position":2,"name":"Congr\u00e9s AICE","item":"https:\/\/iaec2026granollers.com\/congres-aice\/"},{"@type":"ListItem","position":3,"name":"Ponents","item":"https:\/\/iaec2026granollers.com\/congres-aice\/ponents\/"},{"@type":"ListItem","position":4,"name":"Francesco Tonucci"}]},{"@type":"WebSite","@id":"https:\/\/iaec2026granollers.com\/#website","url":"https:\/\/iaec2026granollers.com\/","name":"IAEC 2026 Granollers","description":"","potentialAction":[{"@type":"SearchAction","target":{"@type":"EntryPoint","urlTemplate":"https:\/\/iaec2026granollers.com\/?s={search_term_string}"},"query-input":{"@type":"PropertyValueSpecification","valueRequired":true,"valueName":"search_term_string"}}],"inLanguage":"es"}]}},"_links":{"self":[{"href":"https:\/\/iaec2026granollers.com\/es\/wp-json\/wp\/v2\/pages\/3228","targetHints":{"allow":["GET"]}}],"collection":[{"href":"https:\/\/iaec2026granollers.com\/es\/wp-json\/wp\/v2\/pages"}],"about":[{"href":"https:\/\/iaec2026granollers.com\/es\/wp-json\/wp\/v2\/types\/page"}],"author":[{"embeddable":true,"href":"https:\/\/iaec2026granollers.com\/es\/wp-json\/wp\/v2\/users\/7"}],"replies":[{"embeddable":true,"href":"https:\/\/iaec2026granollers.com\/es\/wp-json\/wp\/v2\/comments?post=3228"}],"version-history":[{"count":1,"href":"https:\/\/iaec2026granollers.com\/es\/wp-json\/wp\/v2\/pages\/3228\/revisions"}],"predecessor-version":[{"id":3307,"href":"https:\/\/iaec2026granollers.com\/es\/wp-json\/wp\/v2\/pages\/3228\/revisions\/3307"}],"up":[{"embeddable":true,"href":"https:\/\/iaec2026granollers.com\/es\/wp-json\/wp\/v2\/pages\/2311"}],"wp:featuredmedia":[{"embeddable":true,"href":"https:\/\/iaec2026granollers.com\/es\/wp-json\/wp\/v2\/media\/3350"}],"wp:attachment":[{"href":"https:\/\/iaec2026granollers.com\/es\/wp-json\/wp\/v2\/media?parent=3228"}],"curies":[{"name":"wp","href":"https:\/\/api.w.org\/{rel}","templated":true}]}}