{"id":3233,"date":"2026-02-02T17:03:44","date_gmt":"2026-02-02T16:03:44","guid":{"rendered":"https:\/\/iaec2026granollers.com\/?page_id=3233"},"modified":"2026-02-02T17:03:44","modified_gmt":"2026-02-02T16:03:44","slug":"pablo-sendra","status":"publish","type":"page","link":"https:\/\/iaec2026granollers.com\/es\/congres-aice\/ponents\/pablo-sendra\/","title":{"rendered":"Pablo Sendra"},"content":{"rendered":"<p align=\"left\">Pablo Sendra es <strong>arquitecto<\/strong> de formaci\u00f3n y combina la docencia y la investigaci\u00f3n con la pr\u00e1ctica profesional del dise\u00f1o urbano. Actualmente es <strong>profesor de Dise\u00f1o Urbano y Participaci\u00f3n P\u00fablica<\/strong> en la Bartlett School of Planning de la University College of London y tambi\u00e9n ha impartido clases en la Cambridge University.<\/p>\n<p align=\"left\">Su labor acad\u00e9mica se ha centrado en investigar las posibilidades de <strong>regeneraci\u00f3n de zonas urbanas marginales<\/strong> que han quedado obsoletas. Adem\u00e1s, es tambi\u00e9n director de la empresa Lugadero, un estudio de dise\u00f1o urbano que se centra en facilitar procesos de codise\u00f1o con las comunidades.<\/p>\n<p align=\"left\">Es coautor del libro Designing Disorder (con Richard Sennett, 2020), que se ha traducido a <strong>ocho idiomas<\/strong>, coautor de Community-Led Regeneration (con Daniel Fitzpatrick, 2020) y coeditor de Civic Practices (con Maria Joao Pita y CivicWise, 2017). Forma parte del City Collective para la revista City.<\/p>\n<h4 align=\"left\"><span lang=\"ca-ES\">Obras destacadas<\/span><\/h4>\n<p align=\"left\"><strong>Community-Led Regeneration En Toolkit for Residents and Planners<\/strong> (UCL Press, 2020), escrito junto a Daniel Fitzpatrick . A trav\u00e9s de siete estudios de caso londinenses de comunidades que se oponen a la demolici\u00f3n de viviendas sociales, ofrece un conjunto de herramientas de planificaci\u00f3n que los residentes y planificadores pueden utilizar para proponer esquemas dirigidos por la comunidad.<\/p>\n<p align=\"left\"><strong>Dise\u00f1ar el des\u00f3rden. Experimentos y disrupciones en la ciudad<\/strong> (Alianza Editorial, 2021), un ensayo a dos manos donde, junto al prestigioso soci\u00f3logo Richard Sennett, despliega propuestas de dise\u00f1o urbano para crear ciudades que convivan con la disrupci\u00f3n y la diversidad que las habitan.<\/p>","protected":false},"excerpt":{"rendered":"<p>Pablo Sendra \u00e9s arquitecte de formaci\u00f3 i combina la doc\u00e8ncia i la investigaci\u00f3 amb la pr\u00e0ctica professional del disseny urb\u00e0. Actualment \u00e9s professor de Disseny Urb\u00e0 i Participaci\u00f3 P\u00fablica a la Bartlett School of Planning del University College of London i tamb\u00e9 ha impartit classes a la Cambridge University. La seva tasca acad\u00e8mica s\u2019ha centrat [&hellip;]<\/p>","protected":false},"author":7,"featured_media":3234,"parent":2311,"menu_order":40,"comment_status":"closed","ping_status":"closed","template":"page-ponents.php","meta":{"_acf_changed":false,"footnotes":""},"class_list":["post-3233","page","type-page","status-publish","has-post-thumbnail","hentry"],"acf":[],"yoast_head":"<!-- This site is optimized with the Yoast SEO plugin v26.6 - https:\/\/yoast.com\/wordpress\/plugins\/seo\/ -->\n<title>Pablo Sendra - IAEC 2026 Granollers<\/title>\n<meta name=\"robots\" content=\"index, follow, max-snippet:-1, max-image-preview:large, max-video-preview:-1\" \/>\n<link rel=\"canonical\" href=\"https:\/\/iaec2026granollers.com\/es\/congres-aice\/ponents\/pablo-sendra\/\" \/>\n<meta property=\"og:locale\" content=\"es_ES\" \/>\n<meta property=\"og:type\" content=\"article\" \/>\n<meta property=\"og:title\" content=\"Pablo Sendra - IAEC 2026 Granollers\" \/>\n<meta property=\"og:description\" content=\"Pablo Sendra \u00e9s arquitecte de formaci\u00f3 i combina la doc\u00e8ncia i la investigaci\u00f3 amb la pr\u00e0ctica professional del disseny urb\u00e0. Actualment \u00e9s professor de Disseny Urb\u00e0 i Participaci\u00f3 P\u00fablica a la Bartlett School of Planning del University College of London i tamb\u00e9 ha impartit classes a la Cambridge University. La seva tasca acad\u00e8mica s\u2019ha centrat [&hellip;]\" \/>\n<meta property=\"og:url\" content=\"https:\/\/iaec2026granollers.com\/es\/congres-aice\/ponents\/pablo-sendra\/\" \/>\n<meta property=\"og:site_name\" content=\"IAEC 2026 Granollers\" \/>\n<meta property=\"og:image\" content=\"https:\/\/iaec2026granollers.com\/wp-content\/uploads\/2026\/01\/pablo-sendra.jpg\" \/>\n\t<meta property=\"og:image:width\" content=\"500\" \/>\n\t<meta property=\"og:image:height\" content=\"500\" \/>\n\t<meta property=\"og:image:type\" content=\"image\/jpeg\" \/>\n<meta name=\"twitter:card\" content=\"summary_large_image\" \/>\n<meta name=\"twitter:label1\" content=\"Tiempo de lectura\" \/>\n\t<meta name=\"twitter:data1\" content=\"2 minutos\" \/>\n<script type=\"application\/ld+json\" class=\"yoast-schema-graph\">{\"@context\":\"https:\/\/schema.org\",\"@graph\":[{\"@type\":\"WebPage\",\"@id\":\"https:\/\/iaec2026granollers.com\/congres-aice\/ponents\/pablo-sendra\/\",\"url\":\"https:\/\/iaec2026granollers.com\/congres-aice\/ponents\/pablo-sendra\/\",\"name\":\"Pablo Sendra - IAEC 2026 Granollers\",\"isPartOf\":{\"@id\":\"https:\/\/iaec2026granollers.com\/#website\"},\"primaryImageOfPage\":{\"@id\":\"https:\/\/iaec2026granollers.com\/congres-aice\/ponents\/pablo-sendra\/#primaryimage\"},\"image\":{\"@id\":\"https:\/\/iaec2026granollers.com\/congres-aice\/ponents\/pablo-sendra\/#primaryimage\"},\"thumbnailUrl\":\"https:\/\/iaec2026granollers.com\/wp-content\/uploads\/2026\/01\/pablo-sendra.jpg\",\"datePublished\":\"2026-02-02T16:03:44+00:00\",\"breadcrumb\":{\"@id\":\"https:\/\/iaec2026granollers.com\/congres-aice\/ponents\/pablo-sendra\/#breadcrumb\"},\"inLanguage\":\"es\",\"potentialAction\":[{\"@type\":\"ReadAction\",\"target\":[\"https:\/\/iaec2026granollers.com\/congres-aice\/ponents\/pablo-sendra\/\"]}]},{\"@type\":\"ImageObject\",\"inLanguage\":\"es\",\"@id\":\"https:\/\/iaec2026granollers.com\/congres-aice\/ponents\/pablo-sendra\/#primaryimage\",\"url\":\"https:\/\/iaec2026granollers.com\/wp-content\/uploads\/2026\/01\/pablo-sendra.jpg\",\"contentUrl\":\"https:\/\/iaec2026granollers.com\/wp-content\/uploads\/2026\/01\/pablo-sendra.jpg\",\"width\":500,\"height\":500,\"caption\":\"pablo sendra\"},{\"@type\":\"BreadcrumbList\",\"@id\":\"https:\/\/iaec2026granollers.com\/congres-aice\/ponents\/pablo-sendra\/#breadcrumb\",\"itemListElement\":[{\"@type\":\"ListItem\",\"position\":1,\"name\":\"Inici\",\"item\":\"https:\/\/iaec2026granollers.com\/\"},{\"@type\":\"ListItem\",\"position\":2,\"name\":\"Congr\u00e9s AICE\",\"item\":\"https:\/\/iaec2026granollers.com\/congres-aice\/\"},{\"@type\":\"ListItem\",\"position\":3,\"name\":\"Ponents\",\"item\":\"https:\/\/iaec2026granollers.com\/congres-aice\/ponents\/\"},{\"@type\":\"ListItem\",\"position\":4,\"name\":\"Pablo Sendra\"}]},{\"@type\":\"WebSite\",\"@id\":\"https:\/\/iaec2026granollers.com\/#website\",\"url\":\"https:\/\/iaec2026granollers.com\/\",\"name\":\"IAEC 2026 Granollers\",\"description\":\"\",\"potentialAction\":[{\"@type\":\"SearchAction\",\"target\":{\"@type\":\"EntryPoint\",\"urlTemplate\":\"https:\/\/iaec2026granollers.com\/?s={search_term_string}\"},\"query-input\":{\"@type\":\"PropertyValueSpecification\",\"valueRequired\":true,\"valueName\":\"search_term_string\"}}],\"inLanguage\":\"es\"}]}<\/script>\n<!-- \/ Yoast SEO plugin. -->","yoast_head_json":{"title":"Pablo Sendra - IAEC 2026 Granollers","robots":{"index":"index","follow":"follow","max-snippet":"max-snippet:-1","max-image-preview":"max-image-preview:large","max-video-preview":"max-video-preview:-1"},"canonical":"https:\/\/iaec2026granollers.com\/es\/congres-aice\/ponents\/pablo-sendra\/","og_locale":"es_ES","og_type":"article","og_title":"Pablo Sendra - IAEC 2026 Granollers","og_description":"Pablo Sendra \u00e9s arquitecte de formaci\u00f3 i combina la doc\u00e8ncia i la investigaci\u00f3 amb la pr\u00e0ctica professional del disseny urb\u00e0. Actualment \u00e9s professor de Disseny Urb\u00e0 i Participaci\u00f3 P\u00fablica a la Bartlett School of Planning del University College of London i tamb\u00e9 ha impartit classes a la Cambridge University. La seva tasca acad\u00e8mica s\u2019ha centrat [&hellip;]","og_url":"https:\/\/iaec2026granollers.com\/es\/congres-aice\/ponents\/pablo-sendra\/","og_site_name":"IAEC 2026 Granollers","og_image":[{"width":500,"height":500,"url":"https:\/\/iaec2026granollers.com\/wp-content\/uploads\/2026\/01\/pablo-sendra.jpg","type":"image\/jpeg"}],"twitter_card":"summary_large_image","twitter_misc":{"Tiempo de lectura":"2 minutos"},"schema":{"@context":"https:\/\/schema.org","@graph":[{"@type":"WebPage","@id":"https:\/\/iaec2026granollers.com\/congres-aice\/ponents\/pablo-sendra\/","url":"https:\/\/iaec2026granollers.com\/congres-aice\/ponents\/pablo-sendra\/","name":"Pablo Sendra - IAEC 2026 Granollers","isPartOf":{"@id":"https:\/\/iaec2026granollers.com\/#website"},"primaryImageOfPage":{"@id":"https:\/\/iaec2026granollers.com\/congres-aice\/ponents\/pablo-sendra\/#primaryimage"},"image":{"@id":"https:\/\/iaec2026granollers.com\/congres-aice\/ponents\/pablo-sendra\/#primaryimage"},"thumbnailUrl":"https:\/\/iaec2026granollers.com\/wp-content\/uploads\/2026\/01\/pablo-sendra.jpg","datePublished":"2026-02-02T16:03:44+00:00","breadcrumb":{"@id":"https:\/\/iaec2026granollers.com\/congres-aice\/ponents\/pablo-sendra\/#breadcrumb"},"inLanguage":"es","potentialAction":[{"@type":"ReadAction","target":["https:\/\/iaec2026granollers.com\/congres-aice\/ponents\/pablo-sendra\/"]}]},{"@type":"ImageObject","inLanguage":"es","@id":"https:\/\/iaec2026granollers.com\/congres-aice\/ponents\/pablo-sendra\/#primaryimage","url":"https:\/\/iaec2026granollers.com\/wp-content\/uploads\/2026\/01\/pablo-sendra.jpg","contentUrl":"https:\/\/iaec2026granollers.com\/wp-content\/uploads\/2026\/01\/pablo-sendra.jpg","width":500,"height":500,"caption":"pablo sendra"},{"@type":"BreadcrumbList","@id":"https:\/\/iaec2026granollers.com\/congres-aice\/ponents\/pablo-sendra\/#breadcrumb","itemListElement":[{"@type":"ListItem","position":1,"name":"Inici","item":"https:\/\/iaec2026granollers.com\/"},{"@type":"ListItem","position":2,"name":"Congr\u00e9s AICE","item":"https:\/\/iaec2026granollers.com\/congres-aice\/"},{"@type":"ListItem","position":3,"name":"Ponents","item":"https:\/\/iaec2026granollers.com\/congres-aice\/ponents\/"},{"@type":"ListItem","position":4,"name":"Pablo Sendra"}]},{"@type":"WebSite","@id":"https:\/\/iaec2026granollers.com\/#website","url":"https:\/\/iaec2026granollers.com\/","name":"IAEC 2026 Granollers","description":"","potentialAction":[{"@type":"SearchAction","target":{"@type":"EntryPoint","urlTemplate":"https:\/\/iaec2026granollers.com\/?s={search_term_string}"},"query-input":{"@type":"PropertyValueSpecification","valueRequired":true,"valueName":"search_term_string"}}],"inLanguage":"es"}]}},"_links":{"self":[{"href":"https:\/\/iaec2026granollers.com\/es\/wp-json\/wp\/v2\/pages\/3233","targetHints":{"allow":["GET"]}}],"collection":[{"href":"https:\/\/iaec2026granollers.com\/es\/wp-json\/wp\/v2\/pages"}],"about":[{"href":"https:\/\/iaec2026granollers.com\/es\/wp-json\/wp\/v2\/types\/page"}],"author":[{"embeddable":true,"href":"https:\/\/iaec2026granollers.com\/es\/wp-json\/wp\/v2\/users\/7"}],"replies":[{"embeddable":true,"href":"https:\/\/iaec2026granollers.com\/es\/wp-json\/wp\/v2\/comments?post=3233"}],"version-history":[{"count":2,"href":"https:\/\/iaec2026granollers.com\/es\/wp-json\/wp\/v2\/pages\/3233\/revisions"}],"predecessor-version":[{"id":3270,"href":"https:\/\/iaec2026granollers.com\/es\/wp-json\/wp\/v2\/pages\/3233\/revisions\/3270"}],"up":[{"embeddable":true,"href":"https:\/\/iaec2026granollers.com\/es\/wp-json\/wp\/v2\/pages\/2311"}],"wp:featuredmedia":[{"embeddable":true,"href":"https:\/\/iaec2026granollers.com\/es\/wp-json\/wp\/v2\/media\/3234"}],"wp:attachment":[{"href":"https:\/\/iaec2026granollers.com\/es\/wp-json\/wp\/v2\/media?parent=3233"}],"curies":[{"name":"wp","href":"https:\/\/api.w.org\/{rel}","templated":true}]}}