{"id":3236,"date":"2026-02-02T17:02:52","date_gmt":"2026-02-02T16:02:52","guid":{"rendered":"https:\/\/iaec2026granollers.com\/?page_id=3236"},"modified":"2026-02-02T17:02:52","modified_gmt":"2026-02-02T16:02:52","slug":"philippe-meirieu","status":"publish","type":"page","link":"https:\/\/iaec2026granollers.com\/es\/congres-aice\/ponents\/philippe-meirieu\/","title":{"rendered":"Philippe Meirieu"},"content":{"rendered":"<p align=\"left\">Philippe Meirieu es un<strong> investigador, ensayista, docente y pedagogo<\/strong> franc\u00e9s de referencia, con una producci\u00f3n intelectual muy prol\u00edfica y una participaci\u00f3n constante en las instituciones y los debates pedag\u00f3gicos de las \u00faltimas d\u00e9cadas en Francia.<\/p>\n<p align=\"left\">Especialista en <strong>ciencias de la educaci\u00f3n<\/strong> y pedagog\u00eda, es profesor de Ciencias de la Educaci\u00f3n en la Universidad Lumi\u00e8re\u2013Lyon 2, donde ha desarrollado una intensa actividad de investigaci\u00f3n, especialmente en pedagog\u00eda diferenciada y filosof\u00eda de la educaci\u00f3n. Tambi\u00e9n ha dirigido<strong> 49 tesis doctorales<\/strong> y ha escrito m\u00e1s cuarenta libros.<\/p>\n<p align=\"left\">Formado en Filosof\u00eda y Letras en Par\u00eds, inici\u00f3 muy joven su militancia en movimientos de educaci\u00f3n popular. Ha sido una figura clave en la difusi\u00f3n en Francia de los principios del<strong> movimiento de la Nueva Educaci\u00f3n<\/strong>. Particip\u00f3 en el dise\u00f1o y construcci\u00f3n de los Institutos Universitarios de Formaci\u00f3n del Profesorado y dirigi\u00f3 el de Lyon hasta 2006.<\/p>\n<p align=\"left\">Meirieu defiende que el docente debe ponerse en el lugar de quien aprende. Por coherencia con esta convicci\u00f3n, pidi\u00f3 volver a dar clase en un liceo de los suburbios de Lyon, a pesar de su trayectoria universitaria, afirmando que <strong>no se pueden formar docentes sin contacto directo con el alumnado<\/strong>.<\/p>\n<h4 align=\"left\"><span lang=\"ca-ES\">Obras destacadas<\/span><\/h4>\n<p align=\"left\"><strong>Frankenstein educador.<\/strong> Una obra influyente en la reflexi\u00f3n pedag\u00f3gica que compara la figura del monstruo de Frankenstein con modelos de educaci\u00f3n basados en el control y la \u201cfabricaci\u00f3n\u201d del otro, y propone otra forma de entender la educaci\u00f3n.<\/p>\n<p align=\"left\"><strong>Pedagog\u00eda: Necesidad de resistir.<\/strong> Reflexi\u00f3n sobre la necesidad de resistir tanto a la mercantilizaci\u00f3n de la educaci\u00f3n como a la imposici\u00f3n de \u201csoluciones f\u00e1ciles\u201d, defendiendo una pedagog\u00eda basada en la transmisi\u00f3n de saber y la formaci\u00f3n de individuos libres y solidarios<\/p>\n<p align=\"left\"><strong>Lo que la escuela puede hacer todav\u00eda por la democracia.<\/strong> Una obra que explora la relaci\u00f3n entre la educaci\u00f3n y la democracia, los valores que puede promover la escuela y la importancia de la pedagog\u00eda para fomentar ciudadan\u00eda activa.<\/p>","protected":false},"excerpt":{"rendered":"<p>Philippe Meirieu \u00e9s un investigador, assagista, docent i pedagog franc\u00e8s de refer\u00e8ncia, amb una producci\u00f3 intel\u00b7lectual molt prol\u00edfica i una participaci\u00f3 constant en les institucions i els debats pedag\u00f2gics de les darreres d\u00e8cades a Fran\u00e7a. Especialista en ci\u00e8ncies de l\u2019educaci\u00f3 i pedagogia, \u00e9s professor de Ci\u00e8ncies de l\u2019Educaci\u00f3 a la Universitat Lumi\u00e8re\u2013Lyon 2, on ha [&hellip;]<\/p>","protected":false},"author":7,"featured_media":3237,"parent":2311,"menu_order":33,"comment_status":"closed","ping_status":"closed","template":"page-ponents.php","meta":{"_acf_changed":false,"footnotes":""},"class_list":["post-3236","page","type-page","status-publish","has-post-thumbnail","hentry"],"acf":[],"yoast_head":"<!-- This site is optimized with the Yoast SEO plugin v26.6 - https:\/\/yoast.com\/wordpress\/plugins\/seo\/ -->\n<title>Philippe Meirieu - IAEC 2026 Granollers<\/title>\n<meta name=\"robots\" content=\"index, follow, max-snippet:-1, max-image-preview:large, max-video-preview:-1\" \/>\n<link rel=\"canonical\" href=\"https:\/\/iaec2026granollers.com\/es\/congres-aice\/ponents\/philippe-meirieu\/\" \/>\n<meta property=\"og:locale\" content=\"es_ES\" \/>\n<meta property=\"og:type\" content=\"article\" \/>\n<meta property=\"og:title\" content=\"Philippe Meirieu - IAEC 2026 Granollers\" \/>\n<meta property=\"og:description\" content=\"Philippe Meirieu \u00e9s un investigador, assagista, docent i pedagog franc\u00e8s de refer\u00e8ncia, amb una producci\u00f3 intel\u00b7lectual molt prol\u00edfica i una participaci\u00f3 constant en les institucions i els debats pedag\u00f2gics de les darreres d\u00e8cades a Fran\u00e7a. Especialista en ci\u00e8ncies de l\u2019educaci\u00f3 i pedagogia, \u00e9s professor de Ci\u00e8ncies de l\u2019Educaci\u00f3 a la Universitat Lumi\u00e8re\u2013Lyon 2, on ha [&hellip;]\" \/>\n<meta property=\"og:url\" content=\"https:\/\/iaec2026granollers.com\/es\/congres-aice\/ponents\/philippe-meirieu\/\" \/>\n<meta property=\"og:site_name\" content=\"IAEC 2026 Granollers\" \/>\n<meta property=\"og:image\" content=\"https:\/\/iaec2026granollers.com\/wp-content\/uploads\/2026\/01\/Philippe-Meirieu.jpg\" \/>\n\t<meta property=\"og:image:width\" content=\"640\" \/>\n\t<meta property=\"og:image:height\" content=\"960\" \/>\n\t<meta property=\"og:image:type\" content=\"image\/jpeg\" \/>\n<meta name=\"twitter:card\" content=\"summary_large_image\" \/>\n<meta name=\"twitter:label1\" content=\"Tiempo de lectura\" \/>\n\t<meta name=\"twitter:data1\" content=\"2 minutos\" \/>\n<script type=\"application\/ld+json\" class=\"yoast-schema-graph\">{\"@context\":\"https:\/\/schema.org\",\"@graph\":[{\"@type\":\"WebPage\",\"@id\":\"https:\/\/iaec2026granollers.com\/congres-aice\/ponents\/philippe-meirieu\/\",\"url\":\"https:\/\/iaec2026granollers.com\/congres-aice\/ponents\/philippe-meirieu\/\",\"name\":\"Philippe Meirieu - IAEC 2026 Granollers\",\"isPartOf\":{\"@id\":\"https:\/\/iaec2026granollers.com\/#website\"},\"primaryImageOfPage\":{\"@id\":\"https:\/\/iaec2026granollers.com\/congres-aice\/ponents\/philippe-meirieu\/#primaryimage\"},\"image\":{\"@id\":\"https:\/\/iaec2026granollers.com\/congres-aice\/ponents\/philippe-meirieu\/#primaryimage\"},\"thumbnailUrl\":\"https:\/\/iaec2026granollers.com\/wp-content\/uploads\/2026\/01\/Philippe-Meirieu.jpg\",\"datePublished\":\"2026-02-02T16:02:52+00:00\",\"breadcrumb\":{\"@id\":\"https:\/\/iaec2026granollers.com\/congres-aice\/ponents\/philippe-meirieu\/#breadcrumb\"},\"inLanguage\":\"es\",\"potentialAction\":[{\"@type\":\"ReadAction\",\"target\":[\"https:\/\/iaec2026granollers.com\/congres-aice\/ponents\/philippe-meirieu\/\"]}]},{\"@type\":\"ImageObject\",\"inLanguage\":\"es\",\"@id\":\"https:\/\/iaec2026granollers.com\/congres-aice\/ponents\/philippe-meirieu\/#primaryimage\",\"url\":\"https:\/\/iaec2026granollers.com\/wp-content\/uploads\/2026\/01\/Philippe-Meirieu.jpg\",\"contentUrl\":\"https:\/\/iaec2026granollers.com\/wp-content\/uploads\/2026\/01\/Philippe-Meirieu.jpg\",\"width\":640,\"height\":960,\"caption\":\"Philippe Meirieu\"},{\"@type\":\"BreadcrumbList\",\"@id\":\"https:\/\/iaec2026granollers.com\/congres-aice\/ponents\/philippe-meirieu\/#breadcrumb\",\"itemListElement\":[{\"@type\":\"ListItem\",\"position\":1,\"name\":\"Inici\",\"item\":\"https:\/\/iaec2026granollers.com\/\"},{\"@type\":\"ListItem\",\"position\":2,\"name\":\"Congr\u00e9s AICE\",\"item\":\"https:\/\/iaec2026granollers.com\/congres-aice\/\"},{\"@type\":\"ListItem\",\"position\":3,\"name\":\"Ponents\",\"item\":\"https:\/\/iaec2026granollers.com\/congres-aice\/ponents\/\"},{\"@type\":\"ListItem\",\"position\":4,\"name\":\"Philippe Meirieu\"}]},{\"@type\":\"WebSite\",\"@id\":\"https:\/\/iaec2026granollers.com\/#website\",\"url\":\"https:\/\/iaec2026granollers.com\/\",\"name\":\"IAEC 2026 Granollers\",\"description\":\"\",\"potentialAction\":[{\"@type\":\"SearchAction\",\"target\":{\"@type\":\"EntryPoint\",\"urlTemplate\":\"https:\/\/iaec2026granollers.com\/?s={search_term_string}\"},\"query-input\":{\"@type\":\"PropertyValueSpecification\",\"valueRequired\":true,\"valueName\":\"search_term_string\"}}],\"inLanguage\":\"es\"}]}<\/script>\n<!-- \/ Yoast SEO plugin. -->","yoast_head_json":{"title":"Philippe Meirieu - IAEC 2026 Granollers","robots":{"index":"index","follow":"follow","max-snippet":"max-snippet:-1","max-image-preview":"max-image-preview:large","max-video-preview":"max-video-preview:-1"},"canonical":"https:\/\/iaec2026granollers.com\/es\/congres-aice\/ponents\/philippe-meirieu\/","og_locale":"es_ES","og_type":"article","og_title":"Philippe Meirieu - IAEC 2026 Granollers","og_description":"Philippe Meirieu \u00e9s un investigador, assagista, docent i pedagog franc\u00e8s de refer\u00e8ncia, amb una producci\u00f3 intel\u00b7lectual molt prol\u00edfica i una participaci\u00f3 constant en les institucions i els debats pedag\u00f2gics de les darreres d\u00e8cades a Fran\u00e7a. Especialista en ci\u00e8ncies de l\u2019educaci\u00f3 i pedagogia, \u00e9s professor de Ci\u00e8ncies de l\u2019Educaci\u00f3 a la Universitat Lumi\u00e8re\u2013Lyon 2, on ha [&hellip;]","og_url":"https:\/\/iaec2026granollers.com\/es\/congres-aice\/ponents\/philippe-meirieu\/","og_site_name":"IAEC 2026 Granollers","og_image":[{"width":640,"height":960,"url":"https:\/\/iaec2026granollers.com\/wp-content\/uploads\/2026\/01\/Philippe-Meirieu.jpg","type":"image\/jpeg"}],"twitter_card":"summary_large_image","twitter_misc":{"Tiempo de lectura":"2 minutos"},"schema":{"@context":"https:\/\/schema.org","@graph":[{"@type":"WebPage","@id":"https:\/\/iaec2026granollers.com\/congres-aice\/ponents\/philippe-meirieu\/","url":"https:\/\/iaec2026granollers.com\/congres-aice\/ponents\/philippe-meirieu\/","name":"Philippe Meirieu - IAEC 2026 Granollers","isPartOf":{"@id":"https:\/\/iaec2026granollers.com\/#website"},"primaryImageOfPage":{"@id":"https:\/\/iaec2026granollers.com\/congres-aice\/ponents\/philippe-meirieu\/#primaryimage"},"image":{"@id":"https:\/\/iaec2026granollers.com\/congres-aice\/ponents\/philippe-meirieu\/#primaryimage"},"thumbnailUrl":"https:\/\/iaec2026granollers.com\/wp-content\/uploads\/2026\/01\/Philippe-Meirieu.jpg","datePublished":"2026-02-02T16:02:52+00:00","breadcrumb":{"@id":"https:\/\/iaec2026granollers.com\/congres-aice\/ponents\/philippe-meirieu\/#breadcrumb"},"inLanguage":"es","potentialAction":[{"@type":"ReadAction","target":["https:\/\/iaec2026granollers.com\/congres-aice\/ponents\/philippe-meirieu\/"]}]},{"@type":"ImageObject","inLanguage":"es","@id":"https:\/\/iaec2026granollers.com\/congres-aice\/ponents\/philippe-meirieu\/#primaryimage","url":"https:\/\/iaec2026granollers.com\/wp-content\/uploads\/2026\/01\/Philippe-Meirieu.jpg","contentUrl":"https:\/\/iaec2026granollers.com\/wp-content\/uploads\/2026\/01\/Philippe-Meirieu.jpg","width":640,"height":960,"caption":"Philippe Meirieu"},{"@type":"BreadcrumbList","@id":"https:\/\/iaec2026granollers.com\/congres-aice\/ponents\/philippe-meirieu\/#breadcrumb","itemListElement":[{"@type":"ListItem","position":1,"name":"Inici","item":"https:\/\/iaec2026granollers.com\/"},{"@type":"ListItem","position":2,"name":"Congr\u00e9s AICE","item":"https:\/\/iaec2026granollers.com\/congres-aice\/"},{"@type":"ListItem","position":3,"name":"Ponents","item":"https:\/\/iaec2026granollers.com\/congres-aice\/ponents\/"},{"@type":"ListItem","position":4,"name":"Philippe Meirieu"}]},{"@type":"WebSite","@id":"https:\/\/iaec2026granollers.com\/#website","url":"https:\/\/iaec2026granollers.com\/","name":"IAEC 2026 Granollers","description":"","potentialAction":[{"@type":"SearchAction","target":{"@type":"EntryPoint","urlTemplate":"https:\/\/iaec2026granollers.com\/?s={search_term_string}"},"query-input":{"@type":"PropertyValueSpecification","valueRequired":true,"valueName":"search_term_string"}}],"inLanguage":"es"}]}},"_links":{"self":[{"href":"https:\/\/iaec2026granollers.com\/es\/wp-json\/wp\/v2\/pages\/3236","targetHints":{"allow":["GET"]}}],"collection":[{"href":"https:\/\/iaec2026granollers.com\/es\/wp-json\/wp\/v2\/pages"}],"about":[{"href":"https:\/\/iaec2026granollers.com\/es\/wp-json\/wp\/v2\/types\/page"}],"author":[{"embeddable":true,"href":"https:\/\/iaec2026granollers.com\/es\/wp-json\/wp\/v2\/users\/7"}],"replies":[{"embeddable":true,"href":"https:\/\/iaec2026granollers.com\/es\/wp-json\/wp\/v2\/comments?post=3236"}],"version-history":[{"count":1,"href":"https:\/\/iaec2026granollers.com\/es\/wp-json\/wp\/v2\/pages\/3236\/revisions"}],"predecessor-version":[{"id":3238,"href":"https:\/\/iaec2026granollers.com\/es\/wp-json\/wp\/v2\/pages\/3236\/revisions\/3238"}],"up":[{"embeddable":true,"href":"https:\/\/iaec2026granollers.com\/es\/wp-json\/wp\/v2\/pages\/2311"}],"wp:featuredmedia":[{"embeddable":true,"href":"https:\/\/iaec2026granollers.com\/es\/wp-json\/wp\/v2\/media\/3237"}],"wp:attachment":[{"href":"https:\/\/iaec2026granollers.com\/es\/wp-json\/wp\/v2\/media?parent=3236"}],"curies":[{"name":"wp","href":"https:\/\/api.w.org\/{rel}","templated":true}]}}