{"id":3239,"date":"2026-02-02T17:02:45","date_gmt":"2026-02-02T16:02:45","guid":{"rendered":"https:\/\/iaec2026granollers.com\/?page_id=3239"},"modified":"2026-02-02T17:02:45","modified_gmt":"2026-02-02T16:02:45","slug":"marina-garces","status":"publish","type":"page","link":"https:\/\/iaec2026granollers.com\/es\/congres-aice\/ponents\/marina-garces\/","title":{"rendered":"Marina Garc\u00e9s"},"content":{"rendered":"<p align=\"left\">Marina Garc\u00e9s es<strong> fil\u00f3sofa, ensayista y profesora<\/strong> de Pensamiento filos\u00f3fico y cient\u00edfico contempor\u00e1neo en la Universitat Oberta de Catalunya, donde tambi\u00e9n dirige el m\u00e1ster de Filosof\u00eda para los retos contempor\u00e1neos. Ha sido profesora en la Universidad de Zaragoza durante quince a\u00f1os y ha impartido docencia en la Universidad Pompeu Fabra y la Universidad de Girona.<\/p>\n<p align=\"left\">Su pensamiento se sit\u00faa en una perspectiva de pensamiento cr\u00edtico orientada a la acci\u00f3n y la emancipaci\u00f3n. Concibe la filosof\u00eda como una forma de vida vinculada no s\u00f3lo a la academia, sino tambi\u00e9n a los <strong>movimientos sociales y culturales<\/strong>, entendidos como espacios de experimentaci\u00f3n, cr\u00edtica y compromiso.<\/p>\n<p align=\"left\">Es autora de una obra extensa en el \u00e1mbito del <strong>pensamiento cr\u00edtico, la pol\u00edtica, la educaci\u00f3n y las humanidades<\/strong>. Entre sus libros destacan Nueva ilustraci\u00f3n radical (2017), galardonado con el Premio Ciudad de Barcelona de ensayo, Escuela de aprendices (2020) y Pedagog\u00edas y emancipaci\u00f3n (2020).<\/p>\n<h4 align=\"left\"><span lang=\"ca-ES\">Obras destacadas<\/span><\/h4>\n<p align=\"left\"><strong>Filosof\u00eda inacabada.<\/strong> Uno de sus textos m\u00e1s conocidos que expresa su forma de hacer filosof\u00eda como praxis abierta, cr\u00edtica y comprometida con el presente. Es citado ampliamente cuando se habla de su obra introductoria y de construcci\u00f3n de pensamiento cr\u00edtico.<\/p>\n<p align=\"left\"><strong>Nueva ilustraci\u00f3n radical.<\/strong> Galardonado con el Premio Ciutat de Barcelona por su capacidad de repensar la Ilustraci\u00f3n y la necesidad de un pensamiento cr\u00edtico renovado en tiempos de crisis. Es de sus aportaciones m\u00e1s destacadas y citadas internacionalmente.<\/p>\n<p align=\"left\"><strong>Un mundo com\u00fan.<\/strong> Considerado fundamental para entender el compromiso de Garc\u00e9s con la filosof\u00eda como acto colectivo y orientado a la convivencia y la interdependencia de lo com\u00fan. Este libro ha sido referenciado a menudo como punto de partida de su trayectoria.<\/p>","protected":false},"excerpt":{"rendered":"<p>Marina Garc\u00e9s \u00e9s fil\u00f2sofa, assagista i professora de Pensament filos\u00f2fic i cient\u00edfic contemporani a la Universitat Oberta de Catalunya, on tamb\u00e9 dirigeix el m\u00e0ster de Filosofia per als reptes contemporanis. Ha estat professora a la Universitat de Saragossa durant quinze anys i ha impartit doc\u00e8ncia a la Universitat Pompeu Fabra i la Universitat de Girona. [&hellip;]<\/p>","protected":false},"author":7,"featured_media":3240,"parent":2311,"menu_order":32,"comment_status":"closed","ping_status":"closed","template":"page-ponents.php","meta":{"_acf_changed":false,"footnotes":""},"class_list":["post-3239","page","type-page","status-publish","has-post-thumbnail","hentry"],"acf":[],"yoast_head":"<!-- This site is optimized with the Yoast SEO plugin v26.6 - https:\/\/yoast.com\/wordpress\/plugins\/seo\/ -->\n<title>Marina Garc\u00e9s - IAEC 2026 Granollers<\/title>\n<meta name=\"robots\" content=\"index, follow, max-snippet:-1, max-image-preview:large, max-video-preview:-1\" \/>\n<link rel=\"canonical\" href=\"https:\/\/iaec2026granollers.com\/es\/congres-aice\/ponents\/marina-garces\/\" \/>\n<meta property=\"og:locale\" content=\"es_ES\" \/>\n<meta property=\"og:type\" content=\"article\" \/>\n<meta property=\"og:title\" content=\"Marina Garc\u00e9s - IAEC 2026 Granollers\" \/>\n<meta property=\"og:description\" content=\"Marina Garc\u00e9s \u00e9s fil\u00f2sofa, assagista i professora de Pensament filos\u00f2fic i cient\u00edfic contemporani a la Universitat Oberta de Catalunya, on tamb\u00e9 dirigeix el m\u00e0ster de Filosofia per als reptes contemporanis. Ha estat professora a la Universitat de Saragossa durant quinze anys i ha impartit doc\u00e8ncia a la Universitat Pompeu Fabra i la Universitat de Girona. [&hellip;]\" \/>\n<meta property=\"og:url\" content=\"https:\/\/iaec2026granollers.com\/es\/congres-aice\/ponents\/marina-garces\/\" \/>\n<meta property=\"og:site_name\" content=\"IAEC 2026 Granollers\" \/>\n<meta property=\"og:image\" content=\"https:\/\/iaec2026granollers.com\/wp-content\/uploads\/2026\/01\/Marina_Garces.jpg\" \/>\n\t<meta property=\"og:image:width\" content=\"640\" \/>\n\t<meta property=\"og:image:height\" content=\"920\" \/>\n\t<meta property=\"og:image:type\" content=\"image\/jpeg\" \/>\n<meta name=\"twitter:card\" content=\"summary_large_image\" \/>\n<meta name=\"twitter:label1\" content=\"Tiempo de lectura\" \/>\n\t<meta name=\"twitter:data1\" content=\"2 minutos\" \/>\n<script type=\"application\/ld+json\" class=\"yoast-schema-graph\">{\"@context\":\"https:\/\/schema.org\",\"@graph\":[{\"@type\":\"WebPage\",\"@id\":\"https:\/\/iaec2026granollers.com\/congres-aice\/ponents\/marina-garces\/\",\"url\":\"https:\/\/iaec2026granollers.com\/congres-aice\/ponents\/marina-garces\/\",\"name\":\"Marina Garc\u00e9s - IAEC 2026 Granollers\",\"isPartOf\":{\"@id\":\"https:\/\/iaec2026granollers.com\/#website\"},\"primaryImageOfPage\":{\"@id\":\"https:\/\/iaec2026granollers.com\/congres-aice\/ponents\/marina-garces\/#primaryimage\"},\"image\":{\"@id\":\"https:\/\/iaec2026granollers.com\/congres-aice\/ponents\/marina-garces\/#primaryimage\"},\"thumbnailUrl\":\"https:\/\/iaec2026granollers.com\/wp-content\/uploads\/2026\/01\/Marina_Garces.jpg\",\"datePublished\":\"2026-02-02T16:02:45+00:00\",\"breadcrumb\":{\"@id\":\"https:\/\/iaec2026granollers.com\/congres-aice\/ponents\/marina-garces\/#breadcrumb\"},\"inLanguage\":\"es\",\"potentialAction\":[{\"@type\":\"ReadAction\",\"target\":[\"https:\/\/iaec2026granollers.com\/congres-aice\/ponents\/marina-garces\/\"]}]},{\"@type\":\"ImageObject\",\"inLanguage\":\"es\",\"@id\":\"https:\/\/iaec2026granollers.com\/congres-aice\/ponents\/marina-garces\/#primaryimage\",\"url\":\"https:\/\/iaec2026granollers.com\/wp-content\/uploads\/2026\/01\/Marina_Garces.jpg\",\"contentUrl\":\"https:\/\/iaec2026granollers.com\/wp-content\/uploads\/2026\/01\/Marina_Garces.jpg\",\"width\":640,\"height\":920,\"caption\":\"Marina_Garc\u00e9s\"},{\"@type\":\"BreadcrumbList\",\"@id\":\"https:\/\/iaec2026granollers.com\/congres-aice\/ponents\/marina-garces\/#breadcrumb\",\"itemListElement\":[{\"@type\":\"ListItem\",\"position\":1,\"name\":\"Inici\",\"item\":\"https:\/\/iaec2026granollers.com\/\"},{\"@type\":\"ListItem\",\"position\":2,\"name\":\"Congr\u00e9s AICE\",\"item\":\"https:\/\/iaec2026granollers.com\/congres-aice\/\"},{\"@type\":\"ListItem\",\"position\":3,\"name\":\"Ponents\",\"item\":\"https:\/\/iaec2026granollers.com\/congres-aice\/ponents\/\"},{\"@type\":\"ListItem\",\"position\":4,\"name\":\"Marina Garc\u00e9s\"}]},{\"@type\":\"WebSite\",\"@id\":\"https:\/\/iaec2026granollers.com\/#website\",\"url\":\"https:\/\/iaec2026granollers.com\/\",\"name\":\"IAEC 2026 Granollers\",\"description\":\"\",\"potentialAction\":[{\"@type\":\"SearchAction\",\"target\":{\"@type\":\"EntryPoint\",\"urlTemplate\":\"https:\/\/iaec2026granollers.com\/?s={search_term_string}\"},\"query-input\":{\"@type\":\"PropertyValueSpecification\",\"valueRequired\":true,\"valueName\":\"search_term_string\"}}],\"inLanguage\":\"es\"}]}<\/script>\n<!-- \/ Yoast SEO plugin. -->","yoast_head_json":{"title":"Marina Garc\u00e9s - IAEC 2026 Granollers","robots":{"index":"index","follow":"follow","max-snippet":"max-snippet:-1","max-image-preview":"max-image-preview:large","max-video-preview":"max-video-preview:-1"},"canonical":"https:\/\/iaec2026granollers.com\/es\/congres-aice\/ponents\/marina-garces\/","og_locale":"es_ES","og_type":"article","og_title":"Marina Garc\u00e9s - IAEC 2026 Granollers","og_description":"Marina Garc\u00e9s \u00e9s fil\u00f2sofa, assagista i professora de Pensament filos\u00f2fic i cient\u00edfic contemporani a la Universitat Oberta de Catalunya, on tamb\u00e9 dirigeix el m\u00e0ster de Filosofia per als reptes contemporanis. Ha estat professora a la Universitat de Saragossa durant quinze anys i ha impartit doc\u00e8ncia a la Universitat Pompeu Fabra i la Universitat de Girona. [&hellip;]","og_url":"https:\/\/iaec2026granollers.com\/es\/congres-aice\/ponents\/marina-garces\/","og_site_name":"IAEC 2026 Granollers","og_image":[{"width":640,"height":920,"url":"https:\/\/iaec2026granollers.com\/wp-content\/uploads\/2026\/01\/Marina_Garces.jpg","type":"image\/jpeg"}],"twitter_card":"summary_large_image","twitter_misc":{"Tiempo de lectura":"2 minutos"},"schema":{"@context":"https:\/\/schema.org","@graph":[{"@type":"WebPage","@id":"https:\/\/iaec2026granollers.com\/congres-aice\/ponents\/marina-garces\/","url":"https:\/\/iaec2026granollers.com\/congres-aice\/ponents\/marina-garces\/","name":"Marina Garc\u00e9s - IAEC 2026 Granollers","isPartOf":{"@id":"https:\/\/iaec2026granollers.com\/#website"},"primaryImageOfPage":{"@id":"https:\/\/iaec2026granollers.com\/congres-aice\/ponents\/marina-garces\/#primaryimage"},"image":{"@id":"https:\/\/iaec2026granollers.com\/congres-aice\/ponents\/marina-garces\/#primaryimage"},"thumbnailUrl":"https:\/\/iaec2026granollers.com\/wp-content\/uploads\/2026\/01\/Marina_Garces.jpg","datePublished":"2026-02-02T16:02:45+00:00","breadcrumb":{"@id":"https:\/\/iaec2026granollers.com\/congres-aice\/ponents\/marina-garces\/#breadcrumb"},"inLanguage":"es","potentialAction":[{"@type":"ReadAction","target":["https:\/\/iaec2026granollers.com\/congres-aice\/ponents\/marina-garces\/"]}]},{"@type":"ImageObject","inLanguage":"es","@id":"https:\/\/iaec2026granollers.com\/congres-aice\/ponents\/marina-garces\/#primaryimage","url":"https:\/\/iaec2026granollers.com\/wp-content\/uploads\/2026\/01\/Marina_Garces.jpg","contentUrl":"https:\/\/iaec2026granollers.com\/wp-content\/uploads\/2026\/01\/Marina_Garces.jpg","width":640,"height":920,"caption":"Marina_Garc\u00e9s"},{"@type":"BreadcrumbList","@id":"https:\/\/iaec2026granollers.com\/congres-aice\/ponents\/marina-garces\/#breadcrumb","itemListElement":[{"@type":"ListItem","position":1,"name":"Inici","item":"https:\/\/iaec2026granollers.com\/"},{"@type":"ListItem","position":2,"name":"Congr\u00e9s AICE","item":"https:\/\/iaec2026granollers.com\/congres-aice\/"},{"@type":"ListItem","position":3,"name":"Ponents","item":"https:\/\/iaec2026granollers.com\/congres-aice\/ponents\/"},{"@type":"ListItem","position":4,"name":"Marina Garc\u00e9s"}]},{"@type":"WebSite","@id":"https:\/\/iaec2026granollers.com\/#website","url":"https:\/\/iaec2026granollers.com\/","name":"IAEC 2026 Granollers","description":"","potentialAction":[{"@type":"SearchAction","target":{"@type":"EntryPoint","urlTemplate":"https:\/\/iaec2026granollers.com\/?s={search_term_string}"},"query-input":{"@type":"PropertyValueSpecification","valueRequired":true,"valueName":"search_term_string"}}],"inLanguage":"es"}]}},"_links":{"self":[{"href":"https:\/\/iaec2026granollers.com\/es\/wp-json\/wp\/v2\/pages\/3239","targetHints":{"allow":["GET"]}}],"collection":[{"href":"https:\/\/iaec2026granollers.com\/es\/wp-json\/wp\/v2\/pages"}],"about":[{"href":"https:\/\/iaec2026granollers.com\/es\/wp-json\/wp\/v2\/types\/page"}],"author":[{"embeddable":true,"href":"https:\/\/iaec2026granollers.com\/es\/wp-json\/wp\/v2\/users\/7"}],"replies":[{"embeddable":true,"href":"https:\/\/iaec2026granollers.com\/es\/wp-json\/wp\/v2\/comments?post=3239"}],"version-history":[{"count":1,"href":"https:\/\/iaec2026granollers.com\/es\/wp-json\/wp\/v2\/pages\/3239\/revisions"}],"predecessor-version":[{"id":3241,"href":"https:\/\/iaec2026granollers.com\/es\/wp-json\/wp\/v2\/pages\/3239\/revisions\/3241"}],"up":[{"embeddable":true,"href":"https:\/\/iaec2026granollers.com\/es\/wp-json\/wp\/v2\/pages\/2311"}],"wp:featuredmedia":[{"embeddable":true,"href":"https:\/\/iaec2026granollers.com\/es\/wp-json\/wp\/v2\/media\/3240"}],"wp:attachment":[{"href":"https:\/\/iaec2026granollers.com\/es\/wp-json\/wp\/v2\/media?parent=3239"}],"curies":[{"name":"wp","href":"https:\/\/api.w.org\/{rel}","templated":true}]}}