{"id":3242,"date":"2026-02-02T17:03:02","date_gmt":"2026-02-02T16:03:02","guid":{"rendered":"https:\/\/iaec2026granollers.com\/?page_id=3242"},"modified":"2026-04-30T08:51:31","modified_gmt":"2026-04-30T07:51:31","slug":"marcia-tiburi","status":"publish","type":"page","link":"https:\/\/iaec2026granollers.com\/es\/congres-aice\/ponents\/marcia-tiburi\/","title":{"rendered":"M\u00e1rcia Tiburi"},"content":{"rendered":"<p align=\"left\">M\u00e1rcia Tiburi es una <strong>fil\u00f3sofa, escritora, artista pl\u00e1stica y cr\u00edtica literaria<\/strong> brasile\u00f1a. Es doctora en Filosof\u00eda Contempor\u00e1nea por la Universidad Federal de R\u00edo Grande do Sul y licenciada en Artes Pl\u00e1sticas. Tambi\u00e9n es profesora del Programa de Postgrado en Educaci\u00f3n, Arte e Historia de la Cultura de la Universidad Presbiteriana Mackenzie de Sao Paulo.<\/p>\n<p align=\"left\">Su investigaci\u00f3n se centra en <strong>la \u00e9tica, la est\u00e9tica y la filosof\u00eda del conocimiento<\/strong>. Ha publicado numerosos libros de filosof\u00eda y novelas, adem\u00e1s de escribir para revistas especializadas y diarios. Tiburi defiende un feminismo que lucha por los derechos de todos, abriendo espacios para otras expresiones de g\u00e9nero y sexualidad y promoviendo una idea inclusiva de humanidad.<\/p>\n<p align=\"left\">Durante cuatro a\u00f1os form\u00f3 parte del Partido Socialismo y Libertad y en 2018 se afili\u00f3 al Partido de los Trabajadores, avalada por Lula. En diciembre de 2018 se exili\u00f3 en Par\u00eds a causa de\u2019<strong>amenazas de muerte<\/strong> y persecuci\u00f3n motivadas por el Movimiento Brasil Libre.<\/p>\n<h4 align=\"left\"><span lang=\"ca-ES\">Obras destacadas<\/span><\/h4>\n<p align=\"left\"><strong>Como conversar como um fascista: reflex\u00f5es sobre o cotidiano autorit\u00e1rio brasileiro.<\/strong> Analiza c\u00f3mo se manifiesta el pensamiento autoritario y el fascismo en el d\u00eda a d\u00eda y c\u00f3mo dialogar con estas formas de pensamiento, utilizando herramientas filos\u00f3ficas y cr\u00edticas. Este t\u00edtulo ha sido traducido y publicado en ingl\u00e9s, ampliando su impacto internacional.<\/p>\n<p align=\"left\"><strong>Filosof\u00eda pr\u00e1ctica: \u00e9tica, vida quotidiana, vida virtual<\/strong>. Uno de sus libros filos\u00f3ficos m\u00e1s citados, donde Tiburi aplica el pensamiento filos\u00f3fico a cuestiones \u00e9ticas contempor\u00e1neas, como la vida digital, las relaciones humanas y las decisiones cotidianas.<\/p>\n<p align=\"left\"><strong>Del\u00edrio do poder: psicopoder y loucura colectiva en la da desinforma\u00e7\u00e3o.<\/strong> Analiza c\u00f3mo la desinformaci\u00f3n, el discurso de odio y las din\u00e1micas autoritarias generan una forma de psicopoder que alimenta la manipulaci\u00f3n emocional y la locura colectiva.<\/p>","protected":false},"excerpt":{"rendered":"<p>M\u00e1rcia Tiburi \u00e9s una fil\u00f2sofa, escriptora, artista pl\u00e0stica i cr\u00edtica liter\u00e0ria brasilera. \u00c9s doctora en Filosofia Contempor\u00e0nia per la Universitat Federal de Rio Grande do Sul i llicenciada en Arts Pl\u00e0stiques. Tamb\u00e9 \u00e9s professora del Programa de Postgrau en Educaci\u00f3, Art i Hist\u00f2ria de la Cultura de la Universitat Presbiteriana Mackenzie de Sao Paulo. La [&hellip;]<\/p>","protected":false},"author":7,"featured_media":3598,"parent":2311,"menu_order":34,"comment_status":"closed","ping_status":"closed","template":"page-ponents.php","meta":{"_acf_changed":false,"footnotes":""},"class_list":["post-3242","page","type-page","status-publish","has-post-thumbnail","hentry"],"acf":[],"yoast_head":"<!-- This site is optimized with the Yoast SEO plugin v26.6 - https:\/\/yoast.com\/wordpress\/plugins\/seo\/ -->\n<title>M\u00e1rcia Tiburi - IAEC 2026 Granollers<\/title>\n<meta name=\"robots\" content=\"index, follow, max-snippet:-1, max-image-preview:large, max-video-preview:-1\" \/>\n<link rel=\"canonical\" href=\"https:\/\/iaec2026granollers.com\/es\/congres-aice\/ponents\/marcia-tiburi\/\" \/>\n<meta property=\"og:locale\" content=\"es_ES\" \/>\n<meta property=\"og:type\" content=\"article\" \/>\n<meta property=\"og:title\" content=\"M\u00e1rcia Tiburi - IAEC 2026 Granollers\" \/>\n<meta property=\"og:description\" content=\"M\u00e1rcia Tiburi \u00e9s una fil\u00f2sofa, escriptora, artista pl\u00e0stica i cr\u00edtica liter\u00e0ria brasilera. \u00c9s doctora en Filosofia Contempor\u00e0nia per la Universitat Federal de Rio Grande do Sul i llicenciada en Arts Pl\u00e0stiques. Tamb\u00e9 \u00e9s professora del Programa de Postgrau en Educaci\u00f3, Art i Hist\u00f2ria de la Cultura de la Universitat Presbiteriana Mackenzie de Sao Paulo. La [&hellip;]\" \/>\n<meta property=\"og:url\" content=\"https:\/\/iaec2026granollers.com\/es\/congres-aice\/ponents\/marcia-tiburi\/\" \/>\n<meta property=\"og:site_name\" content=\"IAEC 2026 Granollers\" \/>\n<meta property=\"article:modified_time\" content=\"2026-04-30T07:51:31+00:00\" \/>\n<meta property=\"og:image\" content=\"https:\/\/iaec2026granollers.com\/wp-content\/uploads\/2026\/04\/Marcia-Tiburi.jpeg\" \/>\n\t<meta property=\"og:image:width\" content=\"1179\" \/>\n\t<meta property=\"og:image:height\" content=\"1225\" \/>\n\t<meta property=\"og:image:type\" content=\"image\/jpeg\" \/>\n<meta name=\"twitter:card\" content=\"summary_large_image\" \/>\n<meta name=\"twitter:label1\" content=\"Tiempo de lectura\" \/>\n\t<meta name=\"twitter:data1\" content=\"2 minutos\" \/>\n<script type=\"application\/ld+json\" class=\"yoast-schema-graph\">{\"@context\":\"https:\/\/schema.org\",\"@graph\":[{\"@type\":\"WebPage\",\"@id\":\"https:\/\/iaec2026granollers.com\/congres-aice\/ponents\/marcia-tiburi\/\",\"url\":\"https:\/\/iaec2026granollers.com\/congres-aice\/ponents\/marcia-tiburi\/\",\"name\":\"M\u00e1rcia Tiburi - IAEC 2026 Granollers\",\"isPartOf\":{\"@id\":\"https:\/\/iaec2026granollers.com\/#website\"},\"primaryImageOfPage\":{\"@id\":\"https:\/\/iaec2026granollers.com\/congres-aice\/ponents\/marcia-tiburi\/#primaryimage\"},\"image\":{\"@id\":\"https:\/\/iaec2026granollers.com\/congres-aice\/ponents\/marcia-tiburi\/#primaryimage\"},\"thumbnailUrl\":\"https:\/\/iaec2026granollers.com\/wp-content\/uploads\/2026\/04\/Marcia-Tiburi.jpeg\",\"datePublished\":\"2026-02-02T16:03:02+00:00\",\"dateModified\":\"2026-04-30T07:51:31+00:00\",\"breadcrumb\":{\"@id\":\"https:\/\/iaec2026granollers.com\/congres-aice\/ponents\/marcia-tiburi\/#breadcrumb\"},\"inLanguage\":\"es\",\"potentialAction\":[{\"@type\":\"ReadAction\",\"target\":[\"https:\/\/iaec2026granollers.com\/congres-aice\/ponents\/marcia-tiburi\/\"]}]},{\"@type\":\"ImageObject\",\"inLanguage\":\"es\",\"@id\":\"https:\/\/iaec2026granollers.com\/congres-aice\/ponents\/marcia-tiburi\/#primaryimage\",\"url\":\"https:\/\/iaec2026granollers.com\/wp-content\/uploads\/2026\/04\/Marcia-Tiburi.jpeg\",\"contentUrl\":\"https:\/\/iaec2026granollers.com\/wp-content\/uploads\/2026\/04\/Marcia-Tiburi.jpeg\",\"width\":1179,\"height\":1225},{\"@type\":\"BreadcrumbList\",\"@id\":\"https:\/\/iaec2026granollers.com\/congres-aice\/ponents\/marcia-tiburi\/#breadcrumb\",\"itemListElement\":[{\"@type\":\"ListItem\",\"position\":1,\"name\":\"Inici\",\"item\":\"https:\/\/iaec2026granollers.com\/\"},{\"@type\":\"ListItem\",\"position\":2,\"name\":\"Congr\u00e9s AICE\",\"item\":\"https:\/\/iaec2026granollers.com\/congres-aice\/\"},{\"@type\":\"ListItem\",\"position\":3,\"name\":\"Ponents\",\"item\":\"https:\/\/iaec2026granollers.com\/congres-aice\/ponents\/\"},{\"@type\":\"ListItem\",\"position\":4,\"name\":\"M\u00e1rcia Tiburi\"}]},{\"@type\":\"WebSite\",\"@id\":\"https:\/\/iaec2026granollers.com\/#website\",\"url\":\"https:\/\/iaec2026granollers.com\/\",\"name\":\"IAEC 2026 Granollers\",\"description\":\"\",\"potentialAction\":[{\"@type\":\"SearchAction\",\"target\":{\"@type\":\"EntryPoint\",\"urlTemplate\":\"https:\/\/iaec2026granollers.com\/?s={search_term_string}\"},\"query-input\":{\"@type\":\"PropertyValueSpecification\",\"valueRequired\":true,\"valueName\":\"search_term_string\"}}],\"inLanguage\":\"es\"}]}<\/script>\n<!-- \/ Yoast SEO plugin. -->","yoast_head_json":{"title":"M\u00e1rcia Tiburi - IAEC 2026 Granollers","robots":{"index":"index","follow":"follow","max-snippet":"max-snippet:-1","max-image-preview":"max-image-preview:large","max-video-preview":"max-video-preview:-1"},"canonical":"https:\/\/iaec2026granollers.com\/es\/congres-aice\/ponents\/marcia-tiburi\/","og_locale":"es_ES","og_type":"article","og_title":"M\u00e1rcia Tiburi - IAEC 2026 Granollers","og_description":"M\u00e1rcia Tiburi \u00e9s una fil\u00f2sofa, escriptora, artista pl\u00e0stica i cr\u00edtica liter\u00e0ria brasilera. \u00c9s doctora en Filosofia Contempor\u00e0nia per la Universitat Federal de Rio Grande do Sul i llicenciada en Arts Pl\u00e0stiques. Tamb\u00e9 \u00e9s professora del Programa de Postgrau en Educaci\u00f3, Art i Hist\u00f2ria de la Cultura de la Universitat Presbiteriana Mackenzie de Sao Paulo. La [&hellip;]","og_url":"https:\/\/iaec2026granollers.com\/es\/congres-aice\/ponents\/marcia-tiburi\/","og_site_name":"IAEC 2026 Granollers","article_modified_time":"2026-04-30T07:51:31+00:00","og_image":[{"width":1179,"height":1225,"url":"https:\/\/iaec2026granollers.com\/wp-content\/uploads\/2026\/04\/Marcia-Tiburi.jpeg","type":"image\/jpeg"}],"twitter_card":"summary_large_image","twitter_misc":{"Tiempo de lectura":"2 minutos"},"schema":{"@context":"https:\/\/schema.org","@graph":[{"@type":"WebPage","@id":"https:\/\/iaec2026granollers.com\/congres-aice\/ponents\/marcia-tiburi\/","url":"https:\/\/iaec2026granollers.com\/congres-aice\/ponents\/marcia-tiburi\/","name":"M\u00e1rcia Tiburi - IAEC 2026 Granollers","isPartOf":{"@id":"https:\/\/iaec2026granollers.com\/#website"},"primaryImageOfPage":{"@id":"https:\/\/iaec2026granollers.com\/congres-aice\/ponents\/marcia-tiburi\/#primaryimage"},"image":{"@id":"https:\/\/iaec2026granollers.com\/congres-aice\/ponents\/marcia-tiburi\/#primaryimage"},"thumbnailUrl":"https:\/\/iaec2026granollers.com\/wp-content\/uploads\/2026\/04\/Marcia-Tiburi.jpeg","datePublished":"2026-02-02T16:03:02+00:00","dateModified":"2026-04-30T07:51:31+00:00","breadcrumb":{"@id":"https:\/\/iaec2026granollers.com\/congres-aice\/ponents\/marcia-tiburi\/#breadcrumb"},"inLanguage":"es","potentialAction":[{"@type":"ReadAction","target":["https:\/\/iaec2026granollers.com\/congres-aice\/ponents\/marcia-tiburi\/"]}]},{"@type":"ImageObject","inLanguage":"es","@id":"https:\/\/iaec2026granollers.com\/congres-aice\/ponents\/marcia-tiburi\/#primaryimage","url":"https:\/\/iaec2026granollers.com\/wp-content\/uploads\/2026\/04\/Marcia-Tiburi.jpeg","contentUrl":"https:\/\/iaec2026granollers.com\/wp-content\/uploads\/2026\/04\/Marcia-Tiburi.jpeg","width":1179,"height":1225},{"@type":"BreadcrumbList","@id":"https:\/\/iaec2026granollers.com\/congres-aice\/ponents\/marcia-tiburi\/#breadcrumb","itemListElement":[{"@type":"ListItem","position":1,"name":"Inici","item":"https:\/\/iaec2026granollers.com\/"},{"@type":"ListItem","position":2,"name":"Congr\u00e9s AICE","item":"https:\/\/iaec2026granollers.com\/congres-aice\/"},{"@type":"ListItem","position":3,"name":"Ponents","item":"https:\/\/iaec2026granollers.com\/congres-aice\/ponents\/"},{"@type":"ListItem","position":4,"name":"M\u00e1rcia Tiburi"}]},{"@type":"WebSite","@id":"https:\/\/iaec2026granollers.com\/#website","url":"https:\/\/iaec2026granollers.com\/","name":"IAEC 2026 Granollers","description":"","potentialAction":[{"@type":"SearchAction","target":{"@type":"EntryPoint","urlTemplate":"https:\/\/iaec2026granollers.com\/?s={search_term_string}"},"query-input":{"@type":"PropertyValueSpecification","valueRequired":true,"valueName":"search_term_string"}}],"inLanguage":"es"}]}},"_links":{"self":[{"href":"https:\/\/iaec2026granollers.com\/es\/wp-json\/wp\/v2\/pages\/3242","targetHints":{"allow":["GET"]}}],"collection":[{"href":"https:\/\/iaec2026granollers.com\/es\/wp-json\/wp\/v2\/pages"}],"about":[{"href":"https:\/\/iaec2026granollers.com\/es\/wp-json\/wp\/v2\/types\/page"}],"author":[{"embeddable":true,"href":"https:\/\/iaec2026granollers.com\/es\/wp-json\/wp\/v2\/users\/7"}],"replies":[{"embeddable":true,"href":"https:\/\/iaec2026granollers.com\/es\/wp-json\/wp\/v2\/comments?post=3242"}],"version-history":[{"count":1,"href":"https:\/\/iaec2026granollers.com\/es\/wp-json\/wp\/v2\/pages\/3242\/revisions"}],"predecessor-version":[{"id":3244,"href":"https:\/\/iaec2026granollers.com\/es\/wp-json\/wp\/v2\/pages\/3242\/revisions\/3244"}],"up":[{"embeddable":true,"href":"https:\/\/iaec2026granollers.com\/es\/wp-json\/wp\/v2\/pages\/2311"}],"wp:featuredmedia":[{"embeddable":true,"href":"https:\/\/iaec2026granollers.com\/es\/wp-json\/wp\/v2\/media\/3598"}],"wp:attachment":[{"href":"https:\/\/iaec2026granollers.com\/es\/wp-json\/wp\/v2\/media?parent=3242"}],"curies":[{"name":"wp","href":"https:\/\/api.w.org\/{rel}","templated":true}]}}