{"id":3245,"date":"2026-02-02T17:03:51","date_gmt":"2026-02-02T16:03:51","guid":{"rendered":"https:\/\/iaec2026granollers.com\/?page_id=3245"},"modified":"2026-02-02T17:03:51","modified_gmt":"2026-02-02T16:03:51","slug":"horacio-rios","status":"publish","type":"page","link":"https:\/\/iaec2026granollers.com\/es\/congres-aice\/ponents\/horacio-rios\/","title":{"rendered":"Horacio R\u00edos"},"content":{"rendered":"<p>Horacio R\u00edos es realizador audiovisual, productor y docente argentino, con una trayectoria profesional vinculada a la <strong>comunicaci\u00f3n<\/strong> y la <strong>gesti\u00f3n cultural<\/strong>. Ha sido secretario de Cultura de Rosario (2009-2015) y secretario de Comunicaci\u00f3n Social de la provincia de Santa Fe (2015-2019). Desde 2023 es director de Radio y Televisi\u00f3n Santafesina (RTS).<\/p>\n<p>Formado en la Escuela Provincial de Cine y Televisi\u00f3n de Rosario, en 1993 se convirti\u00f3 en el director del <strong>Festival Latinoamericano de V\u00eddeo y Artes Audiovisuales de Rosario<\/strong>. En el \u00e1mbito de la gesti\u00f3n cultural, en 1996 asumi\u00f3 la direcci\u00f3n de la Videoteca Municipal de Rosario, transformada en 2001 en el Centro Audiovisual Rosario.<\/p>\n<p>Ha sido cofundador del\u2019<strong>Escuela para Animadores de Rosario<\/strong> y ha sido jurado en numerosos festivales internacionales de cine. Paralelamente, ha desarrollado labores docentes relacionadas con el periodismo y la realizaci\u00f3n audiovisual.<\/p>","protected":false},"excerpt":{"rendered":"<p>Horacio R\u00edos \u00e9s realitzador audiovisual, productor i docent argent\u00ed, amb una traject\u00f2ria professional vinculada a la comunicaci\u00f3 i la gesti\u00f3 cultural. Ha estat secretari de Cultura de Rosario (2009-2015) i secretari de Comunicaci\u00f3 Social de la prov\u00edncia de Santa Fe (2015-2019). Des de 2023 \u00e9s el director de Radio y Televisi\u00f3n Santafesina (RTS). Format a [&hellip;]<\/p>","protected":false},"author":7,"featured_media":3260,"parent":2311,"menu_order":41,"comment_status":"closed","ping_status":"closed","template":"page-ponents.php","meta":{"_acf_changed":false,"footnotes":""},"class_list":["post-3245","page","type-page","status-publish","has-post-thumbnail","hentry"],"acf":[],"yoast_head":"<!-- This site is optimized with the Yoast SEO plugin v26.6 - https:\/\/yoast.com\/wordpress\/plugins\/seo\/ -->\n<title>Horacio R\u00edos - IAEC 2026 Granollers<\/title>\n<meta name=\"robots\" content=\"index, follow, max-snippet:-1, max-image-preview:large, max-video-preview:-1\" \/>\n<link rel=\"canonical\" href=\"https:\/\/iaec2026granollers.com\/es\/congres-aice\/ponents\/horacio-rios\/\" \/>\n<meta property=\"og:locale\" content=\"es_ES\" \/>\n<meta property=\"og:type\" content=\"article\" \/>\n<meta property=\"og:title\" content=\"Horacio R\u00edos - IAEC 2026 Granollers\" \/>\n<meta property=\"og:description\" content=\"Horacio R\u00edos \u00e9s realitzador audiovisual, productor i docent argent\u00ed, amb una traject\u00f2ria professional vinculada a la comunicaci\u00f3 i la gesti\u00f3 cultural. Ha estat secretari de Cultura de Rosario (2009-2015) i secretari de Comunicaci\u00f3 Social de la prov\u00edncia de Santa Fe (2015-2019). Des de 2023 \u00e9s el director de Radio y Televisi\u00f3n Santafesina (RTS). Format a [&hellip;]\" \/>\n<meta property=\"og:url\" content=\"https:\/\/iaec2026granollers.com\/es\/congres-aice\/ponents\/horacio-rios\/\" \/>\n<meta property=\"og:site_name\" content=\"IAEC 2026 Granollers\" \/>\n<meta property=\"og:image\" content=\"https:\/\/iaec2026granollers.com\/wp-content\/uploads\/2026\/01\/horacio-rios-scaled.jpeg\" \/>\n\t<meta property=\"og:image:width\" content=\"2560\" \/>\n\t<meta property=\"og:image:height\" content=\"1707\" \/>\n\t<meta property=\"og:image:type\" content=\"image\/jpeg\" \/>\n<meta name=\"twitter:card\" content=\"summary_large_image\" \/>\n<meta name=\"twitter:label1\" content=\"Tiempo de lectura\" \/>\n\t<meta name=\"twitter:data1\" content=\"1 minuto\" \/>\n<script type=\"application\/ld+json\" class=\"yoast-schema-graph\">{\"@context\":\"https:\/\/schema.org\",\"@graph\":[{\"@type\":\"WebPage\",\"@id\":\"https:\/\/iaec2026granollers.com\/congres-aice\/ponents\/horacio-rios\/\",\"url\":\"https:\/\/iaec2026granollers.com\/congres-aice\/ponents\/horacio-rios\/\",\"name\":\"Horacio R\u00edos - IAEC 2026 Granollers\",\"isPartOf\":{\"@id\":\"https:\/\/iaec2026granollers.com\/#website\"},\"primaryImageOfPage\":{\"@id\":\"https:\/\/iaec2026granollers.com\/congres-aice\/ponents\/horacio-rios\/#primaryimage\"},\"image\":{\"@id\":\"https:\/\/iaec2026granollers.com\/congres-aice\/ponents\/horacio-rios\/#primaryimage\"},\"thumbnailUrl\":\"https:\/\/iaec2026granollers.com\/wp-content\/uploads\/2026\/01\/horacio-rios-scaled.jpeg\",\"datePublished\":\"2026-02-02T16:03:51+00:00\",\"breadcrumb\":{\"@id\":\"https:\/\/iaec2026granollers.com\/congres-aice\/ponents\/horacio-rios\/#breadcrumb\"},\"inLanguage\":\"es\",\"potentialAction\":[{\"@type\":\"ReadAction\",\"target\":[\"https:\/\/iaec2026granollers.com\/congres-aice\/ponents\/horacio-rios\/\"]}]},{\"@type\":\"ImageObject\",\"inLanguage\":\"es\",\"@id\":\"https:\/\/iaec2026granollers.com\/congres-aice\/ponents\/horacio-rios\/#primaryimage\",\"url\":\"https:\/\/iaec2026granollers.com\/wp-content\/uploads\/2026\/01\/horacio-rios-scaled.jpeg\",\"contentUrl\":\"https:\/\/iaec2026granollers.com\/wp-content\/uploads\/2026\/01\/horacio-rios-scaled.jpeg\",\"width\":2560,\"height\":1707,\"caption\":\"horacio rios\"},{\"@type\":\"BreadcrumbList\",\"@id\":\"https:\/\/iaec2026granollers.com\/congres-aice\/ponents\/horacio-rios\/#breadcrumb\",\"itemListElement\":[{\"@type\":\"ListItem\",\"position\":1,\"name\":\"Inici\",\"item\":\"https:\/\/iaec2026granollers.com\/\"},{\"@type\":\"ListItem\",\"position\":2,\"name\":\"Congr\u00e9s AICE\",\"item\":\"https:\/\/iaec2026granollers.com\/congres-aice\/\"},{\"@type\":\"ListItem\",\"position\":3,\"name\":\"Ponents\",\"item\":\"https:\/\/iaec2026granollers.com\/congres-aice\/ponents\/\"},{\"@type\":\"ListItem\",\"position\":4,\"name\":\"Horacio R\u00edos\"}]},{\"@type\":\"WebSite\",\"@id\":\"https:\/\/iaec2026granollers.com\/#website\",\"url\":\"https:\/\/iaec2026granollers.com\/\",\"name\":\"IAEC 2026 Granollers\",\"description\":\"\",\"potentialAction\":[{\"@type\":\"SearchAction\",\"target\":{\"@type\":\"EntryPoint\",\"urlTemplate\":\"https:\/\/iaec2026granollers.com\/?s={search_term_string}\"},\"query-input\":{\"@type\":\"PropertyValueSpecification\",\"valueRequired\":true,\"valueName\":\"search_term_string\"}}],\"inLanguage\":\"es\"}]}<\/script>\n<!-- \/ Yoast SEO plugin. -->","yoast_head_json":{"title":"Horacio R\u00edos - IAEC 2026 Granollers","robots":{"index":"index","follow":"follow","max-snippet":"max-snippet:-1","max-image-preview":"max-image-preview:large","max-video-preview":"max-video-preview:-1"},"canonical":"https:\/\/iaec2026granollers.com\/es\/congres-aice\/ponents\/horacio-rios\/","og_locale":"es_ES","og_type":"article","og_title":"Horacio R\u00edos - IAEC 2026 Granollers","og_description":"Horacio R\u00edos \u00e9s realitzador audiovisual, productor i docent argent\u00ed, amb una traject\u00f2ria professional vinculada a la comunicaci\u00f3 i la gesti\u00f3 cultural. Ha estat secretari de Cultura de Rosario (2009-2015) i secretari de Comunicaci\u00f3 Social de la prov\u00edncia de Santa Fe (2015-2019). Des de 2023 \u00e9s el director de Radio y Televisi\u00f3n Santafesina (RTS). Format a [&hellip;]","og_url":"https:\/\/iaec2026granollers.com\/es\/congres-aice\/ponents\/horacio-rios\/","og_site_name":"IAEC 2026 Granollers","og_image":[{"width":2560,"height":1707,"url":"https:\/\/iaec2026granollers.com\/wp-content\/uploads\/2026\/01\/horacio-rios-scaled.jpeg","type":"image\/jpeg"}],"twitter_card":"summary_large_image","twitter_misc":{"Tiempo de lectura":"1 minuto"},"schema":{"@context":"https:\/\/schema.org","@graph":[{"@type":"WebPage","@id":"https:\/\/iaec2026granollers.com\/congres-aice\/ponents\/horacio-rios\/","url":"https:\/\/iaec2026granollers.com\/congres-aice\/ponents\/horacio-rios\/","name":"Horacio R\u00edos - IAEC 2026 Granollers","isPartOf":{"@id":"https:\/\/iaec2026granollers.com\/#website"},"primaryImageOfPage":{"@id":"https:\/\/iaec2026granollers.com\/congres-aice\/ponents\/horacio-rios\/#primaryimage"},"image":{"@id":"https:\/\/iaec2026granollers.com\/congres-aice\/ponents\/horacio-rios\/#primaryimage"},"thumbnailUrl":"https:\/\/iaec2026granollers.com\/wp-content\/uploads\/2026\/01\/horacio-rios-scaled.jpeg","datePublished":"2026-02-02T16:03:51+00:00","breadcrumb":{"@id":"https:\/\/iaec2026granollers.com\/congres-aice\/ponents\/horacio-rios\/#breadcrumb"},"inLanguage":"es","potentialAction":[{"@type":"ReadAction","target":["https:\/\/iaec2026granollers.com\/congres-aice\/ponents\/horacio-rios\/"]}]},{"@type":"ImageObject","inLanguage":"es","@id":"https:\/\/iaec2026granollers.com\/congres-aice\/ponents\/horacio-rios\/#primaryimage","url":"https:\/\/iaec2026granollers.com\/wp-content\/uploads\/2026\/01\/horacio-rios-scaled.jpeg","contentUrl":"https:\/\/iaec2026granollers.com\/wp-content\/uploads\/2026\/01\/horacio-rios-scaled.jpeg","width":2560,"height":1707,"caption":"horacio rios"},{"@type":"BreadcrumbList","@id":"https:\/\/iaec2026granollers.com\/congres-aice\/ponents\/horacio-rios\/#breadcrumb","itemListElement":[{"@type":"ListItem","position":1,"name":"Inici","item":"https:\/\/iaec2026granollers.com\/"},{"@type":"ListItem","position":2,"name":"Congr\u00e9s AICE","item":"https:\/\/iaec2026granollers.com\/congres-aice\/"},{"@type":"ListItem","position":3,"name":"Ponents","item":"https:\/\/iaec2026granollers.com\/congres-aice\/ponents\/"},{"@type":"ListItem","position":4,"name":"Horacio R\u00edos"}]},{"@type":"WebSite","@id":"https:\/\/iaec2026granollers.com\/#website","url":"https:\/\/iaec2026granollers.com\/","name":"IAEC 2026 Granollers","description":"","potentialAction":[{"@type":"SearchAction","target":{"@type":"EntryPoint","urlTemplate":"https:\/\/iaec2026granollers.com\/?s={search_term_string}"},"query-input":{"@type":"PropertyValueSpecification","valueRequired":true,"valueName":"search_term_string"}}],"inLanguage":"es"}]}},"_links":{"self":[{"href":"https:\/\/iaec2026granollers.com\/es\/wp-json\/wp\/v2\/pages\/3245","targetHints":{"allow":["GET"]}}],"collection":[{"href":"https:\/\/iaec2026granollers.com\/es\/wp-json\/wp\/v2\/pages"}],"about":[{"href":"https:\/\/iaec2026granollers.com\/es\/wp-json\/wp\/v2\/types\/page"}],"author":[{"embeddable":true,"href":"https:\/\/iaec2026granollers.com\/es\/wp-json\/wp\/v2\/users\/7"}],"replies":[{"embeddable":true,"href":"https:\/\/iaec2026granollers.com\/es\/wp-json\/wp\/v2\/comments?post=3245"}],"version-history":[{"count":3,"href":"https:\/\/iaec2026granollers.com\/es\/wp-json\/wp\/v2\/pages\/3245\/revisions"}],"predecessor-version":[{"id":3271,"href":"https:\/\/iaec2026granollers.com\/es\/wp-json\/wp\/v2\/pages\/3245\/revisions\/3271"}],"up":[{"embeddable":true,"href":"https:\/\/iaec2026granollers.com\/es\/wp-json\/wp\/v2\/pages\/2311"}],"wp:featuredmedia":[{"embeddable":true,"href":"https:\/\/iaec2026granollers.com\/es\/wp-json\/wp\/v2\/media\/3260"}],"wp:attachment":[{"href":"https:\/\/iaec2026granollers.com\/es\/wp-json\/wp\/v2\/media?parent=3245"}],"curies":[{"name":"wp","href":"https:\/\/api.w.org\/{rel}","templated":true}]}}