{"id":3252,"date":"2026-02-02T17:03:21","date_gmt":"2026-02-02T16:03:21","guid":{"rendered":"https:\/\/iaec2026granollers.com\/?page_id=3252"},"modified":"2026-02-06T10:20:20","modified_gmt":"2026-02-06T09:20:20","slug":"rosalia-diogo","status":"publish","type":"page","link":"https:\/\/iaec2026granollers.com\/es\/congres-aice\/ponents\/rosalia-diogo\/","title":{"rendered":"Ros\u00e1lia Diogo"},"content":{"rendered":"<p>Ros\u00e1lia Diogo es <strong>profesora, periodista, psic\u00f3loga social, curadora de artes y activista cultural<\/strong>, con una trayectoria profesional vinculada a la comunicaci\u00f3n, la cultura y los estudios sociales. Ejerce como curadora en el Instituto Cultural Casar\u00e3o das Artes Negras de Brasil y como directora de la Revista Canjer\u00ea, desde donde impulsa la reflexi\u00f3n y la visibilizaci\u00f3n de las culturas negras.<\/p>\n<p>Su actividad profesional combina la pr\u00e1ctica period\u00edstica con la gesti\u00f3n cultural y la docencia universitaria. Su investigaci\u00f3n se ha centrado en \u00e1mbitos como<strong> la literatura, la cultura, el feminismo y los estudios sociales<\/strong>, con especial atenci\u00f3n a las producciones culturales afrobrasile\u00f1as y africanas de lengua portuguesa.<\/p>\n<p>Diogo es graduada en periodismo, m\u00e1ster en Psicolog\u00eda Social por la Universidad Federal de Minas Gerais, doctora en Literatura por la Pontificia Universidad Cat\u00f3lica de Minas Gerais y ha realizado un postdoctorado en Antropolog\u00eda en la Universidad de Barcelona. \u00daltimamente ha ejercido de <strong>profesora visitante de la Universidad Eduardo Mondlane, en Mozambique<\/strong>.<\/p>\n<h4>Obras destacadas<\/h4>\n<p><strong>M\u00eddia y Racismo: ensayos.<\/strong> Una obra de ensayos que explora c\u00f3mo los medios representan y construyen narrativas sobre raza e identidad en Brasil.<\/p>\n<p><strong>O \u00bfQu\u00e9 es Feminismo?<\/strong> (Coautora) Un t\u00edtulo que introduce conceptos fundamentales del feminismo y la forma en que se articulan las relaciones de g\u00e9nero.<\/p>\n<p><strong>O \u00bfQu\u00e9 es Racismo?<\/strong> (Coautora) Un texto divulgativo que aborda conceptos de racismo estructural e ideol\u00f3gico.<\/p>","protected":false},"excerpt":{"rendered":"<p>Ros\u00e1lia Diogo \u00e9s professora, periodista, psic\u00f2loga social, curadora d\u2019arts i activista cultural, amb una traject\u00f2ria professional vinculada a la comunicaci\u00f3, la cultura i els estudis socials. Exerceix com a curadora a l\u2019Institut Cultural Casar\u00e3o das Artes Negras de Brasil i com a directora de la Revista Canjer\u00ea, des d\u2019on impulsa la reflexi\u00f3 i la visibilitzaci\u00f3 [&hellip;]<\/p>","protected":false},"author":7,"featured_media":3339,"parent":2311,"menu_order":36,"comment_status":"closed","ping_status":"closed","template":"page-ponents.php","meta":{"_acf_changed":false,"footnotes":""},"class_list":["post-3252","page","type-page","status-publish","has-post-thumbnail","hentry"],"acf":[],"yoast_head":"<!-- This site is optimized with the Yoast SEO plugin v26.6 - https:\/\/yoast.com\/wordpress\/plugins\/seo\/ -->\n<title>Ros\u00e1lia Diogo - IAEC 2026 Granollers<\/title>\n<meta name=\"robots\" content=\"index, follow, max-snippet:-1, max-image-preview:large, max-video-preview:-1\" \/>\n<link rel=\"canonical\" href=\"https:\/\/iaec2026granollers.com\/es\/congres-aice\/ponents\/rosalia-diogo\/\" \/>\n<meta property=\"og:locale\" content=\"es_ES\" \/>\n<meta property=\"og:type\" content=\"article\" \/>\n<meta property=\"og:title\" content=\"Ros\u00e1lia Diogo - IAEC 2026 Granollers\" \/>\n<meta property=\"og:description\" content=\"Ros\u00e1lia Diogo \u00e9s professora, periodista, psic\u00f2loga social, curadora d\u2019arts i activista cultural, amb una traject\u00f2ria professional vinculada a la comunicaci\u00f3, la cultura i els estudis socials. Exerceix com a curadora a l\u2019Institut Cultural Casar\u00e3o das Artes Negras de Brasil i com a directora de la Revista Canjer\u00ea, des d\u2019on impulsa la reflexi\u00f3 i la visibilitzaci\u00f3 [&hellip;]\" \/>\n<meta property=\"og:url\" content=\"https:\/\/iaec2026granollers.com\/es\/congres-aice\/ponents\/rosalia-diogo\/\" \/>\n<meta property=\"og:site_name\" content=\"IAEC 2026 Granollers\" \/>\n<meta property=\"article:modified_time\" content=\"2026-02-06T09:20:20+00:00\" \/>\n<meta property=\"og:image\" content=\"https:\/\/iaec2026granollers.com\/wp-content\/uploads\/2026\/02\/rosalia-amb-credit-scaled.jpg\" \/>\n\t<meta property=\"og:image:width\" content=\"1717\" \/>\n\t<meta property=\"og:image:height\" content=\"2560\" \/>\n\t<meta property=\"og:image:type\" content=\"image\/jpeg\" \/>\n<meta name=\"twitter:card\" content=\"summary_large_image\" \/>\n<meta name=\"twitter:label1\" content=\"Tiempo de lectura\" \/>\n\t<meta name=\"twitter:data1\" content=\"2 minutos\" \/>\n<script type=\"application\/ld+json\" class=\"yoast-schema-graph\">{\"@context\":\"https:\/\/schema.org\",\"@graph\":[{\"@type\":\"WebPage\",\"@id\":\"https:\/\/iaec2026granollers.com\/congres-aice\/ponents\/rosalia-diogo\/\",\"url\":\"https:\/\/iaec2026granollers.com\/congres-aice\/ponents\/rosalia-diogo\/\",\"name\":\"Ros\u00e1lia Diogo - IAEC 2026 Granollers\",\"isPartOf\":{\"@id\":\"https:\/\/iaec2026granollers.com\/#website\"},\"primaryImageOfPage\":{\"@id\":\"https:\/\/iaec2026granollers.com\/congres-aice\/ponents\/rosalia-diogo\/#primaryimage\"},\"image\":{\"@id\":\"https:\/\/iaec2026granollers.com\/congres-aice\/ponents\/rosalia-diogo\/#primaryimage\"},\"thumbnailUrl\":\"https:\/\/iaec2026granollers.com\/wp-content\/uploads\/2026\/02\/rosalia-amb-credit-scaled.jpg\",\"datePublished\":\"2026-02-02T16:03:21+00:00\",\"dateModified\":\"2026-02-06T09:20:20+00:00\",\"breadcrumb\":{\"@id\":\"https:\/\/iaec2026granollers.com\/congres-aice\/ponents\/rosalia-diogo\/#breadcrumb\"},\"inLanguage\":\"es\",\"potentialAction\":[{\"@type\":\"ReadAction\",\"target\":[\"https:\/\/iaec2026granollers.com\/congres-aice\/ponents\/rosalia-diogo\/\"]}]},{\"@type\":\"ImageObject\",\"inLanguage\":\"es\",\"@id\":\"https:\/\/iaec2026granollers.com\/congres-aice\/ponents\/rosalia-diogo\/#primaryimage\",\"url\":\"https:\/\/iaec2026granollers.com\/wp-content\/uploads\/2026\/02\/rosalia-amb-credit-scaled.jpg\",\"contentUrl\":\"https:\/\/iaec2026granollers.com\/wp-content\/uploads\/2026\/02\/rosalia-amb-credit-scaled.jpg\",\"width\":1717,\"height\":2560},{\"@type\":\"BreadcrumbList\",\"@id\":\"https:\/\/iaec2026granollers.com\/congres-aice\/ponents\/rosalia-diogo\/#breadcrumb\",\"itemListElement\":[{\"@type\":\"ListItem\",\"position\":1,\"name\":\"Inici\",\"item\":\"https:\/\/iaec2026granollers.com\/\"},{\"@type\":\"ListItem\",\"position\":2,\"name\":\"Congr\u00e9s AICE\",\"item\":\"https:\/\/iaec2026granollers.com\/congres-aice\/\"},{\"@type\":\"ListItem\",\"position\":3,\"name\":\"Ponents\",\"item\":\"https:\/\/iaec2026granollers.com\/congres-aice\/ponents\/\"},{\"@type\":\"ListItem\",\"position\":4,\"name\":\"Ros\u00e1lia Diogo\"}]},{\"@type\":\"WebSite\",\"@id\":\"https:\/\/iaec2026granollers.com\/#website\",\"url\":\"https:\/\/iaec2026granollers.com\/\",\"name\":\"IAEC 2026 Granollers\",\"description\":\"\",\"potentialAction\":[{\"@type\":\"SearchAction\",\"target\":{\"@type\":\"EntryPoint\",\"urlTemplate\":\"https:\/\/iaec2026granollers.com\/?s={search_term_string}\"},\"query-input\":{\"@type\":\"PropertyValueSpecification\",\"valueRequired\":true,\"valueName\":\"search_term_string\"}}],\"inLanguage\":\"es\"}]}<\/script>\n<!-- \/ Yoast SEO plugin. -->","yoast_head_json":{"title":"Ros\u00e1lia Diogo - IAEC 2026 Granollers","robots":{"index":"index","follow":"follow","max-snippet":"max-snippet:-1","max-image-preview":"max-image-preview:large","max-video-preview":"max-video-preview:-1"},"canonical":"https:\/\/iaec2026granollers.com\/es\/congres-aice\/ponents\/rosalia-diogo\/","og_locale":"es_ES","og_type":"article","og_title":"Ros\u00e1lia Diogo - IAEC 2026 Granollers","og_description":"Ros\u00e1lia Diogo \u00e9s professora, periodista, psic\u00f2loga social, curadora d\u2019arts i activista cultural, amb una traject\u00f2ria professional vinculada a la comunicaci\u00f3, la cultura i els estudis socials. Exerceix com a curadora a l\u2019Institut Cultural Casar\u00e3o das Artes Negras de Brasil i com a directora de la Revista Canjer\u00ea, des d\u2019on impulsa la reflexi\u00f3 i la visibilitzaci\u00f3 [&hellip;]","og_url":"https:\/\/iaec2026granollers.com\/es\/congres-aice\/ponents\/rosalia-diogo\/","og_site_name":"IAEC 2026 Granollers","article_modified_time":"2026-02-06T09:20:20+00:00","og_image":[{"width":1717,"height":2560,"url":"https:\/\/iaec2026granollers.com\/wp-content\/uploads\/2026\/02\/rosalia-amb-credit-scaled.jpg","type":"image\/jpeg"}],"twitter_card":"summary_large_image","twitter_misc":{"Tiempo de lectura":"2 minutos"},"schema":{"@context":"https:\/\/schema.org","@graph":[{"@type":"WebPage","@id":"https:\/\/iaec2026granollers.com\/congres-aice\/ponents\/rosalia-diogo\/","url":"https:\/\/iaec2026granollers.com\/congres-aice\/ponents\/rosalia-diogo\/","name":"Ros\u00e1lia Diogo - IAEC 2026 Granollers","isPartOf":{"@id":"https:\/\/iaec2026granollers.com\/#website"},"primaryImageOfPage":{"@id":"https:\/\/iaec2026granollers.com\/congres-aice\/ponents\/rosalia-diogo\/#primaryimage"},"image":{"@id":"https:\/\/iaec2026granollers.com\/congres-aice\/ponents\/rosalia-diogo\/#primaryimage"},"thumbnailUrl":"https:\/\/iaec2026granollers.com\/wp-content\/uploads\/2026\/02\/rosalia-amb-credit-scaled.jpg","datePublished":"2026-02-02T16:03:21+00:00","dateModified":"2026-02-06T09:20:20+00:00","breadcrumb":{"@id":"https:\/\/iaec2026granollers.com\/congres-aice\/ponents\/rosalia-diogo\/#breadcrumb"},"inLanguage":"es","potentialAction":[{"@type":"ReadAction","target":["https:\/\/iaec2026granollers.com\/congres-aice\/ponents\/rosalia-diogo\/"]}]},{"@type":"ImageObject","inLanguage":"es","@id":"https:\/\/iaec2026granollers.com\/congres-aice\/ponents\/rosalia-diogo\/#primaryimage","url":"https:\/\/iaec2026granollers.com\/wp-content\/uploads\/2026\/02\/rosalia-amb-credit-scaled.jpg","contentUrl":"https:\/\/iaec2026granollers.com\/wp-content\/uploads\/2026\/02\/rosalia-amb-credit-scaled.jpg","width":1717,"height":2560},{"@type":"BreadcrumbList","@id":"https:\/\/iaec2026granollers.com\/congres-aice\/ponents\/rosalia-diogo\/#breadcrumb","itemListElement":[{"@type":"ListItem","position":1,"name":"Inici","item":"https:\/\/iaec2026granollers.com\/"},{"@type":"ListItem","position":2,"name":"Congr\u00e9s AICE","item":"https:\/\/iaec2026granollers.com\/congres-aice\/"},{"@type":"ListItem","position":3,"name":"Ponents","item":"https:\/\/iaec2026granollers.com\/congres-aice\/ponents\/"},{"@type":"ListItem","position":4,"name":"Ros\u00e1lia Diogo"}]},{"@type":"WebSite","@id":"https:\/\/iaec2026granollers.com\/#website","url":"https:\/\/iaec2026granollers.com\/","name":"IAEC 2026 Granollers","description":"","potentialAction":[{"@type":"SearchAction","target":{"@type":"EntryPoint","urlTemplate":"https:\/\/iaec2026granollers.com\/?s={search_term_string}"},"query-input":{"@type":"PropertyValueSpecification","valueRequired":true,"valueName":"search_term_string"}}],"inLanguage":"es"}]}},"_links":{"self":[{"href":"https:\/\/iaec2026granollers.com\/es\/wp-json\/wp\/v2\/pages\/3252","targetHints":{"allow":["GET"]}}],"collection":[{"href":"https:\/\/iaec2026granollers.com\/es\/wp-json\/wp\/v2\/pages"}],"about":[{"href":"https:\/\/iaec2026granollers.com\/es\/wp-json\/wp\/v2\/types\/page"}],"author":[{"embeddable":true,"href":"https:\/\/iaec2026granollers.com\/es\/wp-json\/wp\/v2\/users\/7"}],"replies":[{"embeddable":true,"href":"https:\/\/iaec2026granollers.com\/es\/wp-json\/wp\/v2\/comments?post=3252"}],"version-history":[{"count":2,"href":"https:\/\/iaec2026granollers.com\/es\/wp-json\/wp\/v2\/pages\/3252\/revisions"}],"predecessor-version":[{"id":3337,"href":"https:\/\/iaec2026granollers.com\/es\/wp-json\/wp\/v2\/pages\/3252\/revisions\/3337"}],"up":[{"embeddable":true,"href":"https:\/\/iaec2026granollers.com\/es\/wp-json\/wp\/v2\/pages\/2311"}],"wp:featuredmedia":[{"embeddable":true,"href":"https:\/\/iaec2026granollers.com\/es\/wp-json\/wp\/v2\/media\/3339"}],"wp:attachment":[{"href":"https:\/\/iaec2026granollers.com\/es\/wp-json\/wp\/v2\/media?parent=3252"}],"curies":[{"name":"wp","href":"https:\/\/api.w.org\/{rel}","templated":true}]}}