{"id":3264,"date":"2026-02-02T17:03:29","date_gmt":"2026-02-02T16:03:29","guid":{"rendered":"https:\/\/iaec2026granollers.com\/?page_id=3264"},"modified":"2026-02-09T11:53:24","modified_gmt":"2026-02-09T10:53:24","slug":"joan-carles-melich","status":"publish","type":"page","link":"https:\/\/iaec2026granollers.com\/es\/congres-aice\/ponents\/joan-carles-melich\/","title":{"rendered":"Joan-Carles M\u00e8lich"},"content":{"rendered":"<p>Joan-Carles M\u00e8lich Sangr\u00e0 es un fil\u00f3sofo catal\u00e1n y profesor de Filosof\u00eda de la Educaci\u00f3n en la Universidad Aut\u00f3noma de Barcelona. En 1991 fue nombrado <strong>profesor titular del \u00e1rea de Teor\u00eda e Historia de la Educaci\u00f3n<\/strong> en la Facultad de Ciencias de la Educaci\u00f3n de la Universidad Aut\u00f3noma de Barcelona.<\/p>\n<p>Es autor de una extensa obra ensay\u00edstica en filosof\u00eda, \u00e9tica y pedagog\u00eda, centrada desde mediados de los noventa en la noci\u00f3n de finitud, con referencias filos\u00f3ficas, literarias y cinematogr\u00e1ficas. En 2022 recibi\u00f3 el <strong>Premio Nacional de Ensayo<\/strong>, con la obra La fragilidad del mundo: Ensayo sobre un tiempo precario (2021).<\/p>\n<p>La educaci\u00f3n es un eje central de su pensamiento: entiende la relaci\u00f3n educativa como una<strong> relaci\u00f3n dual, \u00edntima y asim\u00e9trica, de car\u00e1cter \u00e9tico<\/strong>. En este marco, otorga un papel fundamental a la memoria y al testimonio, que reivindica como facultades esenciales para situar al ser humano en el mundo.<\/p>\n<h4>Obras destacadas<\/h4>\n<p><strong>Filosof\u00eda de la finitud.<\/strong> La filosof\u00eda aqu\u00ed esbozada intenta mostrar la fragilidad y la vulnerabilidad de la vida y pensar la \u00e9tica y la educaci\u00f3n desde esta perspectiva.<\/p>\n<p><strong>La fragilidad del mundo. Ensayo sobre un tiempo precario.<\/strong> Este ensayo supongo una apertura decidida a la complejidad y ambivalencia del mundo, tambi\u00e9n a sus aspectos oscuros y dolorosos.<\/p>\n<p><strong>La educaci\u00f3n como evento \u00e9tico.<\/strong> Coautor\u00eda con Fernando B\u00e1rcena. El libro trata de pensar la \u00e9tica como la condici\u00f3n de posibilidad de todo v\u00ednculo educativo; la \u00e9tica entendida no como algo que est\u00e1 en el fundamento (epistemol\u00f3gico y ontol\u00f3gico) de la educaci\u00f3n.<\/p>","protected":false},"excerpt":{"rendered":"<p>Joan-Carles M\u00e8lich Sangr\u00e0 \u00e9s un fil\u00f2sof catal\u00e0 i professor de Filosofia de l\u2019Educaci\u00f3 a la Universitat Aut\u00f2noma de Barcelona. El 1991 fou nomenat professor titular de l&#8217;\u00e0rea de Teoria i Hist\u00f2ria de l&#8217;Educaci\u00f3 a la Facultat de Ci\u00e8ncies de l&#8217;Educaci\u00f3 de la Universitat Aut\u00f2noma de Barcelona. \u00c9s autor d\u2019una extensa obra assag\u00edstica en filosofia, \u00e8tica [&hellip;]<\/p>","protected":false},"author":7,"featured_media":3340,"parent":2311,"menu_order":37,"comment_status":"closed","ping_status":"closed","template":"page-ponents.php","meta":{"_acf_changed":false,"footnotes":""},"class_list":["post-3264","page","type-page","status-publish","has-post-thumbnail","hentry"],"acf":[],"yoast_head":"<!-- This site is optimized with the Yoast SEO plugin v26.6 - https:\/\/yoast.com\/wordpress\/plugins\/seo\/ -->\n<title>Joan-Carles M\u00e8lich - IAEC 2026 Granollers<\/title>\n<meta name=\"robots\" content=\"index, follow, max-snippet:-1, max-image-preview:large, max-video-preview:-1\" \/>\n<link rel=\"canonical\" href=\"https:\/\/iaec2026granollers.com\/es\/congres-aice\/ponents\/joan-carles-melich\/\" \/>\n<meta property=\"og:locale\" content=\"es_ES\" \/>\n<meta property=\"og:type\" content=\"article\" \/>\n<meta property=\"og:title\" content=\"Joan-Carles M\u00e8lich - IAEC 2026 Granollers\" \/>\n<meta property=\"og:description\" content=\"Joan-Carles M\u00e8lich Sangr\u00e0 \u00e9s un fil\u00f2sof catal\u00e0 i professor de Filosofia de l\u2019Educaci\u00f3 a la Universitat Aut\u00f2noma de Barcelona. El 1991 fou nomenat professor titular de l&#8217;\u00e0rea de Teoria i Hist\u00f2ria de l&#8217;Educaci\u00f3 a la Facultat de Ci\u00e8ncies de l&#8217;Educaci\u00f3 de la Universitat Aut\u00f2noma de Barcelona. \u00c9s autor d\u2019una extensa obra assag\u00edstica en filosofia, \u00e8tica [&hellip;]\" \/>\n<meta property=\"og:url\" content=\"https:\/\/iaec2026granollers.com\/es\/congres-aice\/ponents\/joan-carles-melich\/\" \/>\n<meta property=\"og:site_name\" content=\"IAEC 2026 Granollers\" \/>\n<meta property=\"article:modified_time\" content=\"2026-02-09T10:53:24+00:00\" \/>\n<meta property=\"og:image\" content=\"https:\/\/iaec2026granollers.com\/wp-content\/uploads\/2026\/02\/FOTO-JOAN-CARLES-MELICH-copia.jpg\" \/>\n\t<meta property=\"og:image:width\" content=\"1194\" \/>\n\t<meta property=\"og:image:height\" content=\"1374\" \/>\n\t<meta property=\"og:image:type\" content=\"image\/jpeg\" \/>\n<meta name=\"twitter:card\" content=\"summary_large_image\" \/>\n<meta name=\"twitter:label1\" content=\"Tiempo de lectura\" \/>\n\t<meta name=\"twitter:data1\" content=\"2 minutos\" \/>\n<script type=\"application\/ld+json\" class=\"yoast-schema-graph\">{\"@context\":\"https:\/\/schema.org\",\"@graph\":[{\"@type\":\"WebPage\",\"@id\":\"https:\/\/iaec2026granollers.com\/congres-aice\/ponents\/joan-carles-melich\/\",\"url\":\"https:\/\/iaec2026granollers.com\/congres-aice\/ponents\/joan-carles-melich\/\",\"name\":\"Joan-Carles M\u00e8lich - IAEC 2026 Granollers\",\"isPartOf\":{\"@id\":\"https:\/\/iaec2026granollers.com\/#website\"},\"primaryImageOfPage\":{\"@id\":\"https:\/\/iaec2026granollers.com\/congres-aice\/ponents\/joan-carles-melich\/#primaryimage\"},\"image\":{\"@id\":\"https:\/\/iaec2026granollers.com\/congres-aice\/ponents\/joan-carles-melich\/#primaryimage\"},\"thumbnailUrl\":\"https:\/\/iaec2026granollers.com\/wp-content\/uploads\/2026\/02\/FOTO-JOAN-CARLES-MELICH-copia.jpg\",\"datePublished\":\"2026-02-02T16:03:29+00:00\",\"dateModified\":\"2026-02-09T10:53:24+00:00\",\"breadcrumb\":{\"@id\":\"https:\/\/iaec2026granollers.com\/congres-aice\/ponents\/joan-carles-melich\/#breadcrumb\"},\"inLanguage\":\"es\",\"potentialAction\":[{\"@type\":\"ReadAction\",\"target\":[\"https:\/\/iaec2026granollers.com\/congres-aice\/ponents\/joan-carles-melich\/\"]}]},{\"@type\":\"ImageObject\",\"inLanguage\":\"es\",\"@id\":\"https:\/\/iaec2026granollers.com\/congres-aice\/ponents\/joan-carles-melich\/#primaryimage\",\"url\":\"https:\/\/iaec2026granollers.com\/wp-content\/uploads\/2026\/02\/FOTO-JOAN-CARLES-MELICH-copia.jpg\",\"contentUrl\":\"https:\/\/iaec2026granollers.com\/wp-content\/uploads\/2026\/02\/FOTO-JOAN-CARLES-MELICH-copia.jpg\",\"width\":1194,\"height\":1374},{\"@type\":\"BreadcrumbList\",\"@id\":\"https:\/\/iaec2026granollers.com\/congres-aice\/ponents\/joan-carles-melich\/#breadcrumb\",\"itemListElement\":[{\"@type\":\"ListItem\",\"position\":1,\"name\":\"Inici\",\"item\":\"https:\/\/iaec2026granollers.com\/\"},{\"@type\":\"ListItem\",\"position\":2,\"name\":\"Congr\u00e9s AICE\",\"item\":\"https:\/\/iaec2026granollers.com\/congres-aice\/\"},{\"@type\":\"ListItem\",\"position\":3,\"name\":\"Ponents\",\"item\":\"https:\/\/iaec2026granollers.com\/congres-aice\/ponents\/\"},{\"@type\":\"ListItem\",\"position\":4,\"name\":\"Joan-Carles M\u00e8lich\"}]},{\"@type\":\"WebSite\",\"@id\":\"https:\/\/iaec2026granollers.com\/#website\",\"url\":\"https:\/\/iaec2026granollers.com\/\",\"name\":\"IAEC 2026 Granollers\",\"description\":\"\",\"potentialAction\":[{\"@type\":\"SearchAction\",\"target\":{\"@type\":\"EntryPoint\",\"urlTemplate\":\"https:\/\/iaec2026granollers.com\/?s={search_term_string}\"},\"query-input\":{\"@type\":\"PropertyValueSpecification\",\"valueRequired\":true,\"valueName\":\"search_term_string\"}}],\"inLanguage\":\"es\"}]}<\/script>\n<!-- \/ Yoast SEO plugin. -->","yoast_head_json":{"title":"Joan-Carles M\u00e8lich - IAEC 2026 Granollers","robots":{"index":"index","follow":"follow","max-snippet":"max-snippet:-1","max-image-preview":"max-image-preview:large","max-video-preview":"max-video-preview:-1"},"canonical":"https:\/\/iaec2026granollers.com\/es\/congres-aice\/ponents\/joan-carles-melich\/","og_locale":"es_ES","og_type":"article","og_title":"Joan-Carles M\u00e8lich - IAEC 2026 Granollers","og_description":"Joan-Carles M\u00e8lich Sangr\u00e0 \u00e9s un fil\u00f2sof catal\u00e0 i professor de Filosofia de l\u2019Educaci\u00f3 a la Universitat Aut\u00f2noma de Barcelona. El 1991 fou nomenat professor titular de l&#8217;\u00e0rea de Teoria i Hist\u00f2ria de l&#8217;Educaci\u00f3 a la Facultat de Ci\u00e8ncies de l&#8217;Educaci\u00f3 de la Universitat Aut\u00f2noma de Barcelona. \u00c9s autor d\u2019una extensa obra assag\u00edstica en filosofia, \u00e8tica [&hellip;]","og_url":"https:\/\/iaec2026granollers.com\/es\/congres-aice\/ponents\/joan-carles-melich\/","og_site_name":"IAEC 2026 Granollers","article_modified_time":"2026-02-09T10:53:24+00:00","og_image":[{"width":1194,"height":1374,"url":"https:\/\/iaec2026granollers.com\/wp-content\/uploads\/2026\/02\/FOTO-JOAN-CARLES-MELICH-copia.jpg","type":"image\/jpeg"}],"twitter_card":"summary_large_image","twitter_misc":{"Tiempo de lectura":"2 minutos"},"schema":{"@context":"https:\/\/schema.org","@graph":[{"@type":"WebPage","@id":"https:\/\/iaec2026granollers.com\/congres-aice\/ponents\/joan-carles-melich\/","url":"https:\/\/iaec2026granollers.com\/congres-aice\/ponents\/joan-carles-melich\/","name":"Joan-Carles M\u00e8lich - IAEC 2026 Granollers","isPartOf":{"@id":"https:\/\/iaec2026granollers.com\/#website"},"primaryImageOfPage":{"@id":"https:\/\/iaec2026granollers.com\/congres-aice\/ponents\/joan-carles-melich\/#primaryimage"},"image":{"@id":"https:\/\/iaec2026granollers.com\/congres-aice\/ponents\/joan-carles-melich\/#primaryimage"},"thumbnailUrl":"https:\/\/iaec2026granollers.com\/wp-content\/uploads\/2026\/02\/FOTO-JOAN-CARLES-MELICH-copia.jpg","datePublished":"2026-02-02T16:03:29+00:00","dateModified":"2026-02-09T10:53:24+00:00","breadcrumb":{"@id":"https:\/\/iaec2026granollers.com\/congres-aice\/ponents\/joan-carles-melich\/#breadcrumb"},"inLanguage":"es","potentialAction":[{"@type":"ReadAction","target":["https:\/\/iaec2026granollers.com\/congres-aice\/ponents\/joan-carles-melich\/"]}]},{"@type":"ImageObject","inLanguage":"es","@id":"https:\/\/iaec2026granollers.com\/congres-aice\/ponents\/joan-carles-melich\/#primaryimage","url":"https:\/\/iaec2026granollers.com\/wp-content\/uploads\/2026\/02\/FOTO-JOAN-CARLES-MELICH-copia.jpg","contentUrl":"https:\/\/iaec2026granollers.com\/wp-content\/uploads\/2026\/02\/FOTO-JOAN-CARLES-MELICH-copia.jpg","width":1194,"height":1374},{"@type":"BreadcrumbList","@id":"https:\/\/iaec2026granollers.com\/congres-aice\/ponents\/joan-carles-melich\/#breadcrumb","itemListElement":[{"@type":"ListItem","position":1,"name":"Inici","item":"https:\/\/iaec2026granollers.com\/"},{"@type":"ListItem","position":2,"name":"Congr\u00e9s AICE","item":"https:\/\/iaec2026granollers.com\/congres-aice\/"},{"@type":"ListItem","position":3,"name":"Ponents","item":"https:\/\/iaec2026granollers.com\/congres-aice\/ponents\/"},{"@type":"ListItem","position":4,"name":"Joan-Carles M\u00e8lich"}]},{"@type":"WebSite","@id":"https:\/\/iaec2026granollers.com\/#website","url":"https:\/\/iaec2026granollers.com\/","name":"IAEC 2026 Granollers","description":"","potentialAction":[{"@type":"SearchAction","target":{"@type":"EntryPoint","urlTemplate":"https:\/\/iaec2026granollers.com\/?s={search_term_string}"},"query-input":{"@type":"PropertyValueSpecification","valueRequired":true,"valueName":"search_term_string"}}],"inLanguage":"es"}]}},"_links":{"self":[{"href":"https:\/\/iaec2026granollers.com\/es\/wp-json\/wp\/v2\/pages\/3264","targetHints":{"allow":["GET"]}}],"collection":[{"href":"https:\/\/iaec2026granollers.com\/es\/wp-json\/wp\/v2\/pages"}],"about":[{"href":"https:\/\/iaec2026granollers.com\/es\/wp-json\/wp\/v2\/types\/page"}],"author":[{"embeddable":true,"href":"https:\/\/iaec2026granollers.com\/es\/wp-json\/wp\/v2\/users\/7"}],"replies":[{"embeddable":true,"href":"https:\/\/iaec2026granollers.com\/es\/wp-json\/wp\/v2\/comments?post=3264"}],"version-history":[{"count":2,"href":"https:\/\/iaec2026granollers.com\/es\/wp-json\/wp\/v2\/pages\/3264\/revisions"}],"predecessor-version":[{"id":3268,"href":"https:\/\/iaec2026granollers.com\/es\/wp-json\/wp\/v2\/pages\/3264\/revisions\/3268"}],"up":[{"embeddable":true,"href":"https:\/\/iaec2026granollers.com\/es\/wp-json\/wp\/v2\/pages\/2311"}],"wp:featuredmedia":[{"embeddable":true,"href":"https:\/\/iaec2026granollers.com\/es\/wp-json\/wp\/v2\/media\/3340"}],"wp:attachment":[{"href":"https:\/\/iaec2026granollers.com\/es\/wp-json\/wp\/v2\/media?parent=3264"}],"curies":[{"name":"wp","href":"https:\/\/api.w.org\/{rel}","templated":true}]}}