{"id":3447,"date":"2026-04-10T09:50:52","date_gmt":"2026-04-10T08:50:52","guid":{"rendered":"https:\/\/iaec2026granollers.com\/?page_id=3447"},"modified":"2026-04-10T14:01:09","modified_gmt":"2026-04-10T13:01:09","slug":"contactar","status":"publish","type":"page","link":"https:\/\/iaec2026granollers.com\/es\/contactar\/","title":{"rendered":"Voluntarios"},"content":{"rendered":"<div class=\"wpcf7 no-js\" id=\"wpcf7-f3449-o1\" lang=\"ca\" dir=\"ltr\" data-wpcf7-id=\"3449\">\n<div class=\"screen-reader-response\"><p role=\"status\" aria-live=\"polite\" aria-atomic=\"true\"><\/p> <ul><\/ul><\/div>\n<form action=\"\/es\/wp-json\/wp\/v2\/pages\/3447#wpcf7-f3449-o1\" method=\"post\" class=\"wpcf7-form init\" aria-label=\"Formulari de contacte\" novalidate=\"novalidate\" data-status=\"init\" data-trp-original-action=\"\/es\/wp-json\/wp\/v2\/pages\/3447#wpcf7-f3449-o1\">\n<fieldset class=\"hidden-fields-container\"><input type=\"hidden\" name=\"_wpcf7\" value=\"3449\" \/><input type=\"hidden\" name=\"_wpcf7_version\" value=\"6.1.6\" \/><input type=\"hidden\" name=\"_wpcf7_locale\" value=\"ca\" \/><input type=\"hidden\" name=\"_wpcf7_unit_tag\" value=\"wpcf7-f3449-o1\" \/><input type=\"hidden\" name=\"_wpcf7_container_post\" value=\"0\" \/><input type=\"hidden\" name=\"_wpcf7_posted_data_hash\" value=\"\" \/><input type=\"hidden\" name=\"_wpcf7_recaptcha_response\" value=\"\" \/>\n<\/fieldset>\n<div class=\"row row-cols-1 row-cols-md-2 justify-content-center\">\n\t<div class=\"col\">\n\t\t<p><span class=\"wpcf7-form-control-wrap\" data-name=\"nom\"><input size=\"40\" maxlength=\"400\" class=\"wpcf7-form-control wpcf7-text wpcf7-validates-as-required form-control mb-25px bg-transparent\" aria-required=\"true\" aria-invalid=\"false\" placeholder=\"Nombre*\" value=\"\" type=\"text\" name=\"nom\" \/><\/span>\n\t\t<\/p>\n\t<\/div>\n\t<div class=\"col\">\n\t\t<p><span class=\"wpcf7-form-control-wrap\" data-name=\"cognom\"><input size=\"40\" maxlength=\"400\" class=\"wpcf7-form-control wpcf7-text wpcf7-validates-as-required form-control mb-25px bg-transparent\" aria-required=\"true\" aria-invalid=\"false\" placeholder=\"Apellido\" value=\"\" type=\"text\" name=\"cognom\" \/><\/span>\n\t\t<\/p>\n\t<\/div>\n\t<div class=\"col\">\n\t\t<p><span class=\"wpcf7-form-control-wrap\" data-name=\"phone\"><input size=\"40\" maxlength=\"400\" class=\"wpcf7-form-control wpcf7-tel wpcf7-validates-as-required wpcf7-text wpcf7-validates-as-tel form-control mb-25px bg-transparent\" aria-required=\"true\" aria-invalid=\"false\" placeholder=\"Tel\u00e9fono\" value=\"\" type=\"tel\" name=\"phone\" \/><\/span>\n\t\t<\/p>\n\t<\/div>\n\t<div class=\"col\">\n\t\t<p><span class=\"wpcf7-form-control-wrap\" data-name=\"email\"><input size=\"40\" maxlength=\"400\" class=\"wpcf7-form-control wpcf7-email wpcf7-validates-as-required wpcf7-text wpcf7-validates-as-email form-control mb-25px bg-transparent\" aria-required=\"true\" aria-invalid=\"false\" placeholder=\"Correo electr\u00f3nico*\" value=\"\" type=\"email\" name=\"email\" \/><\/span>\n\t\t<\/p>\n\t<\/div>\n\t<div class=\"col-md-12\">\n\t\t<div class=\"p-4 border rounded\">\n\t\t\t<p class=\"mb-1\"><strong>Disponibilidad<\/strong>\n\t\t\t<\/p>\n\t\t\t<p class=\"text-muted mb-2\">Marca qu\u00e9 ma\u00f1anas y\/o tardes tienes disponibles para ayudar durante los d\u00edas 26, 27, 28 y 29 de mayo.\n\t\t\t<\/p>\n\t\t\t<div class=\"availability-row d-flex align-items-center justify-content-between flex-wrap py-2 border-bottom\">\n\t\t\t\t<div class=\"availability-day fw-bold\">\n\t\t\t\t\t<p>Martes 26 de mayo\n\t\t\t\t\t<\/p>\n\t\t\t\t<\/div>\n\t\t\t\t<div class=\"availability-options\">\n\t\t\t\t\t<p><span class=\"wpcf7-form-control-wrap\" data-name=\"disponibilitat-26\"><span class=\"wpcf7-form-control wpcf7-checkbox\"><span class=\"wpcf7-list-item first\"><label><input type=\"checkbox\" name=\"disponibilitat-26[]\" value=\"Mat\u00ed\" \/><span class=\"wpcf7-list-item-label\">Ma\u00f1ana<\/span><\/label><\/span><span class=\"wpcf7-list-item last\"><label><input type=\"checkbox\" name=\"disponibilitat-26[]\" value=\"Tarda\" \/><span class=\"wpcf7-list-item-label\">Llegada<\/span><\/label><\/span><\/span><\/span>\n\t\t\t\t\t<\/p>\n\t\t\t\t<\/div>\n\t\t\t<\/div>\n\t\t\t<div class=\"availability-row d-flex align-items-center justify-content-between flex-wrap py-2 border-bottom\">\n\t\t\t\t<div class=\"availability-day fw-bold\">\n\t\t\t\t\t<p>Mi\u00e9rcoles 27 de mayo\n\t\t\t\t\t<\/p>\n\t\t\t\t<\/div>\n\t\t\t\t<div class=\"availability-options\">\n\t\t\t\t\t<p><span class=\"wpcf7-form-control-wrap\" data-name=\"disponibilitat-27\"><span class=\"wpcf7-form-control wpcf7-checkbox\"><span class=\"wpcf7-list-item first\"><label><input type=\"checkbox\" name=\"disponibilitat-27[]\" value=\"Mat\u00ed\" \/><span class=\"wpcf7-list-item-label\">Ma\u00f1ana<\/span><\/label><\/span><span class=\"wpcf7-list-item last\"><label><input type=\"checkbox\" name=\"disponibilitat-27[]\" value=\"Tarda\" \/><span class=\"wpcf7-list-item-label\">Llegada<\/span><\/label><\/span><\/span><\/span>\n\t\t\t\t\t<\/p>\n\t\t\t\t<\/div>\n\t\t\t<\/div>\n\t\t\t<div class=\"availability-row d-flex align-items-center justify-content-between flex-wrap py-2 border-bottom\">\n\t\t\t\t<div class=\"availability-day fw-bold\">\n\t\t\t\t\t<p>Jueves 28 de mayo\n\t\t\t\t\t<\/p>\n\t\t\t\t<\/div>\n\t\t\t\t<div class=\"availability-options\">\n\t\t\t\t\t<p><span class=\"wpcf7-form-control-wrap\" data-name=\"disponibilitat-28\"><span class=\"wpcf7-form-control wpcf7-checkbox\"><span class=\"wpcf7-list-item first\"><label><input type=\"checkbox\" name=\"disponibilitat-28[]\" value=\"Mat\u00ed\" \/><span class=\"wpcf7-list-item-label\">Ma\u00f1ana<\/span><\/label><\/span><span class=\"wpcf7-list-item last\"><label><input type=\"checkbox\" name=\"disponibilitat-28[]\" value=\"Tarda\" \/><span class=\"wpcf7-list-item-label\">Llegada<\/span><\/label><\/span><\/span><\/span>\n\t\t\t\t\t<\/p>\n\t\t\t\t<\/div>\n\t\t\t<\/div>\n\t\t\t<div class=\"availability-row d-flex align-items-center justify-content-between flex-wrap py-2\">\n\t\t\t\t<div class=\"availability-day fw-bold\">\n\t\t\t\t\t<p>Viernes 29 de mayo\n\t\t\t\t\t<\/p>\n\t\t\t\t<\/div>\n\t\t\t\t<div class=\"availability-options\">\n\t\t\t\t\t<p><span class=\"wpcf7-form-control-wrap\" data-name=\"disponibilitat-29\"><span class=\"wpcf7-form-control wpcf7-checkbox\"><span class=\"wpcf7-list-item first last\"><label><input type=\"checkbox\" name=\"disponibilitat-29[]\" value=\"Mat\u00ed\" \/><span class=\"wpcf7-list-item-label\">Ma\u00f1ana<\/span><\/label><\/span><\/span><\/span>\n\t\t\t\t\t<\/p>\n\t\t\t\t<\/div>\n\t\t\t<\/div>\n\t\t\t<div class=\"col-md-12 mt-3\">\n\t\t\t\t<p><label class=\"form-label fw-bold mb-1\">Marque qu\u00e9 tareas puede hacer:<br \/>\n<\/label>\n\t\t\t\t<\/p>\n\t\t\t\t<div class=\"row\">\n\t\t\t\t\t<div class=\"col-md-6 tasques\">\n\t\t\t\t\t\t<p><span class=\"wpcf7-form-control-wrap\" data-name=\"tasques\"><span class=\"wpcf7-form-control wpcf7-checkbox\"><span class=\"wpcf7-list-item first\"><label><input type=\"checkbox\" name=\"tasques[]\" value=\"Guiatge de grups\" \/><span class=\"wpcf7-list-item-label\">Gu\u00eda de grupos<\/span><\/label><\/span><span class=\"wpcf7-list-item\"><label><input type=\"checkbox\" name=\"tasques[]\" value=\"Acompanyament de delegacions i\/o ponents\" \/><span class=\"wpcf7-list-item-label\">Acompa\u00f1amiento de delegaciones y\/o ponentes<\/span><\/label><\/span><span class=\"wpcf7-list-item\"><label><input type=\"checkbox\" name=\"tasques[]\" value=\"Informador\/a\" \/><span class=\"wpcf7-list-item-label\">Informador\/a<\/span><\/label><\/span><span class=\"wpcf7-list-item last\"><label><input type=\"checkbox\" name=\"tasques[]\" value=\"Suport a acreditacions\" \/><span class=\"wpcf7-list-item-label\">Soporte para acreditaciones<\/span><\/label><\/span><\/span><\/span>\n\t\t\t\t\t\t<\/p>\n\t\t\t\t\t<\/div>\n\t\t\t\t\t<div class=\"col-md-6 tasques\">\n\t\t\t\t\t\t<p><span class=\"wpcf7-form-control-wrap\" data-name=\"tasques\"><span class=\"wpcf7-form-control wpcf7-checkbox\"><span class=\"wpcf7-list-item first\"><label><input type=\"checkbox\" name=\"tasques[]\" value=\"Orientaci\u00f3 dins del Palau d\u2019Esports\" \/><span class=\"wpcf7-list-item-label\">Orientaci\u00f3n dentro del Palacio de Deportes<\/span><\/label><\/span><span class=\"wpcf7-list-item\"><label><input type=\"checkbox\" name=\"tasques[]\" value=\"Traduccions i suport ling\u00fc\u00edstic\" \/><span class=\"wpcf7-list-item-label\">Traducci\u00f3n y soporte ling\u00fc\u00edstico<\/span><\/label><\/span><span class=\"wpcf7-list-item\"><label><input type=\"checkbox\" name=\"tasques[]\" value=\"Control d\u2019accessos\" \/><span class=\"wpcf7-list-item-label\">Control de acceso<\/span><\/label><\/span><span class=\"wpcf7-list-item last\"><label><input type=\"checkbox\" name=\"tasques[]\" value=\"Suport a tallers\" \/><span class=\"wpcf7-list-item-label\">Soporte para talleres<\/span><\/label><\/span><\/span><\/span>\n\t\t\t\t\t\t<\/p>\n\t\t\t\t\t<\/div>\n\t\t\t\t<\/div>\n\t\t\t<\/div>\n\t\t<\/div>\n\t<\/div>\n\t<div class=\"col-md-12 mt-20px\">\n\t\t<p><span class=\"wpcf7-form-control-wrap\" data-name=\"acceptance-46\"><span class=\"wpcf7-form-control wpcf7-acceptance\"><span class=\"wpcf7-list-item\"><label><input type=\"checkbox\" name=\"acceptance-46\" value=\"1\" class=\"accept\" aria-invalid=\"false\" \/><span class=\"wpcf7-list-item-label\"><span>Acepto los t\u00e9rminos y condiciones y entiendo que mis datos ser\u00e1n almacenados de forma segura de acuerdo con la nuestra <a href=\"..\/politica-de-privacitat\" target=\"_blank\" class=\"text-decoration-underline\">pol\u00edtica de privacidad<\/a><\/span><\/span><\/label><\/span><\/span><\/span>\n\t\t<\/p>\n\t<\/div>\n\t<div class=\"col-md-12\">\n <!-- Bot\u00f3 d'enviament ocult -->\n\t\t<div style=\"display: none;\">\n\t\t\t<p><input class=\"wpcf7-form-control wpcf7-submit has-spinner\" type=\"submit\" value=\"Enviar\" \/>\n\t\t\t<\/p>\n\t\t<\/div>\n\t\t<p><a href=\"#\" id=\"custom-submit\" class=\"mt-40px btn btn-large btn-dark-gray btn-switch-text btn-box-shadow border-1 left-icon me-10px sm-mb-15px sm-mt-15px\"><span> <span><i class=\"fas fa-caret-square-left\" aria-hidden=\"true\"><\/i><\/span><span class=\"btn-double-text\" data-text=\"Enviar formulari\">Enviar formulario<\/span> <\/span><br \/>\n<\/a>\n\t\t<\/p>\n\t<\/div>\n<\/div><p style=\"display: none !important;\" class=\"akismet-fields-container\" data-prefix=\"_wpcf7_ak_\"><label>\u0394<textarea name=\"_wpcf7_ak_hp_textarea\" cols=\"45\" rows=\"8\" maxlength=\"100\"><\/textarea><\/label><input type=\"hidden\" id=\"ak_js_1\" name=\"_wpcf7_ak_js\" value=\"125\"\/><script type=\"text\/javascript\">\n\/* <![CDATA[ *\/\ndocument.getElementById( \"ak_js_1\" ).setAttribute( \"value\", ( new Date() ).getTime() );\n\/* ]]> *\/\n<\/script>\n<\/p><div class=\"wpcf7-response-output\" aria-hidden=\"true\"><\/div>\n<input type=\"hidden\" name=\"trp-form-language\" value=\"es\"\/><\/form>\n<\/div>","protected":false},"excerpt":{"rendered":"","protected":false},"author":1,"featured_media":0,"parent":0,"menu_order":4,"comment_status":"closed","ping_status":"closed","template":"page-contactar.php","meta":{"_acf_changed":false,"footnotes":""},"class_list":["post-3447","page","type-page","status-publish","hentry"],"acf":[],"yoast_head":"<!-- This site is optimized with the Yoast SEO plugin v26.6 - https:\/\/yoast.com\/wordpress\/plugins\/seo\/ -->\n<title>Voluntaris - IAEC 2026 Granollers<\/title>\n<meta name=\"robots\" content=\"index, follow, max-snippet:-1, max-image-preview:large, max-video-preview:-1\" \/>\n<link rel=\"canonical\" href=\"https:\/\/iaec2026granollers.com\/es\/contactar\/\" \/>\n<meta property=\"og:locale\" content=\"es_ES\" \/>\n<meta property=\"og:type\" content=\"article\" \/>\n<meta property=\"og:title\" content=\"Voluntaris - IAEC 2026 Granollers\" \/>\n<meta property=\"og:url\" content=\"https:\/\/iaec2026granollers.com\/es\/contactar\/\" \/>\n<meta property=\"og:site_name\" content=\"IAEC 2026 Granollers\" \/>\n<meta property=\"article:modified_time\" content=\"2026-04-10T13:01:09+00:00\" \/>\n<meta name=\"twitter:card\" content=\"summary_large_image\" \/>\n<meta name=\"twitter:label1\" content=\"Tiempo de lectura\" \/>\n\t<meta name=\"twitter:data1\" content=\"1 minuto\" \/>\n<script type=\"application\/ld+json\" class=\"yoast-schema-graph\">{\"@context\":\"https:\/\/schema.org\",\"@graph\":[{\"@type\":\"WebPage\",\"@id\":\"https:\/\/iaec2026granollers.com\/contactar\/\",\"url\":\"https:\/\/iaec2026granollers.com\/contactar\/\",\"name\":\"Voluntaris - IAEC 2026 Granollers\",\"isPartOf\":{\"@id\":\"https:\/\/iaec2026granollers.com\/#website\"},\"datePublished\":\"2026-04-10T08:50:52+00:00\",\"dateModified\":\"2026-04-10T13:01:09+00:00\",\"breadcrumb\":{\"@id\":\"https:\/\/iaec2026granollers.com\/contactar\/#breadcrumb\"},\"inLanguage\":\"es\",\"potentialAction\":[{\"@type\":\"ReadAction\",\"target\":[\"https:\/\/iaec2026granollers.com\/contactar\/\"]}]},{\"@type\":\"BreadcrumbList\",\"@id\":\"https:\/\/iaec2026granollers.com\/contactar\/#breadcrumb\",\"itemListElement\":[{\"@type\":\"ListItem\",\"position\":1,\"name\":\"Inici\",\"item\":\"https:\/\/iaec2026granollers.com\/\"},{\"@type\":\"ListItem\",\"position\":2,\"name\":\"Voluntaris\"}]},{\"@type\":\"WebSite\",\"@id\":\"https:\/\/iaec2026granollers.com\/#website\",\"url\":\"https:\/\/iaec2026granollers.com\/\",\"name\":\"IAEC 2026 Granollers\",\"description\":\"\",\"potentialAction\":[{\"@type\":\"SearchAction\",\"target\":{\"@type\":\"EntryPoint\",\"urlTemplate\":\"https:\/\/iaec2026granollers.com\/?s={search_term_string}\"},\"query-input\":{\"@type\":\"PropertyValueSpecification\",\"valueRequired\":true,\"valueName\":\"search_term_string\"}}],\"inLanguage\":\"es\"}]}<\/script>\n<!-- \/ Yoast SEO plugin. -->","yoast_head_json":{"title":"Voluntaris - IAEC 2026 Granollers","robots":{"index":"index","follow":"follow","max-snippet":"max-snippet:-1","max-image-preview":"max-image-preview:large","max-video-preview":"max-video-preview:-1"},"canonical":"https:\/\/iaec2026granollers.com\/es\/contactar\/","og_locale":"es_ES","og_type":"article","og_title":"Voluntaris - IAEC 2026 Granollers","og_url":"https:\/\/iaec2026granollers.com\/es\/contactar\/","og_site_name":"IAEC 2026 Granollers","article_modified_time":"2026-04-10T13:01:09+00:00","twitter_card":"summary_large_image","twitter_misc":{"Tiempo de lectura":"1 minuto"},"schema":{"@context":"https:\/\/schema.org","@graph":[{"@type":"WebPage","@id":"https:\/\/iaec2026granollers.com\/contactar\/","url":"https:\/\/iaec2026granollers.com\/contactar\/","name":"Voluntaris - IAEC 2026 Granollers","isPartOf":{"@id":"https:\/\/iaec2026granollers.com\/#website"},"datePublished":"2026-04-10T08:50:52+00:00","dateModified":"2026-04-10T13:01:09+00:00","breadcrumb":{"@id":"https:\/\/iaec2026granollers.com\/contactar\/#breadcrumb"},"inLanguage":"es","potentialAction":[{"@type":"ReadAction","target":["https:\/\/iaec2026granollers.com\/contactar\/"]}]},{"@type":"BreadcrumbList","@id":"https:\/\/iaec2026granollers.com\/contactar\/#breadcrumb","itemListElement":[{"@type":"ListItem","position":1,"name":"Inici","item":"https:\/\/iaec2026granollers.com\/"},{"@type":"ListItem","position":2,"name":"Voluntaris"}]},{"@type":"WebSite","@id":"https:\/\/iaec2026granollers.com\/#website","url":"https:\/\/iaec2026granollers.com\/","name":"IAEC 2026 Granollers","description":"","potentialAction":[{"@type":"SearchAction","target":{"@type":"EntryPoint","urlTemplate":"https:\/\/iaec2026granollers.com\/?s={search_term_string}"},"query-input":{"@type":"PropertyValueSpecification","valueRequired":true,"valueName":"search_term_string"}}],"inLanguage":"es"}]}},"_links":{"self":[{"href":"https:\/\/iaec2026granollers.com\/es\/wp-json\/wp\/v2\/pages\/3447","targetHints":{"allow":["GET"]}}],"collection":[{"href":"https:\/\/iaec2026granollers.com\/es\/wp-json\/wp\/v2\/pages"}],"about":[{"href":"https:\/\/iaec2026granollers.com\/es\/wp-json\/wp\/v2\/types\/page"}],"author":[{"embeddable":true,"href":"https:\/\/iaec2026granollers.com\/es\/wp-json\/wp\/v2\/users\/1"}],"replies":[{"embeddable":true,"href":"https:\/\/iaec2026granollers.com\/es\/wp-json\/wp\/v2\/comments?post=3447"}],"version-history":[{"count":3,"href":"https:\/\/iaec2026granollers.com\/es\/wp-json\/wp\/v2\/pages\/3447\/revisions"}],"predecessor-version":[{"id":3455,"href":"https:\/\/iaec2026granollers.com\/es\/wp-json\/wp\/v2\/pages\/3447\/revisions\/3455"}],"wp:attachment":[{"href":"https:\/\/iaec2026granollers.com\/es\/wp-json\/wp\/v2\/media?parent=3447"}],"curies":[{"name":"wp","href":"https:\/\/api.w.org\/{rel}","templated":true}]}}