{"id":547,"date":"2024-01-22T10:19:01","date_gmt":"2024-01-22T10:19:01","guid":{"rendered":"https:\/\/iaec2026granollers.com\/avis-legal\/"},"modified":"2025-09-04T12:28:55","modified_gmt":"2025-09-04T11:28:55","slug":"avis-legal","status":"publish","type":"page","link":"https:\/\/iaec2026granollers.com\/es\/avis-legal\/","title":{"rendered":"Aviso legal"},"content":{"rendered":"<p>El Ayuntamiento de Granollers mantiene esta web con el objetivo de facilitar el acceso a informaci\u00f3n municipal y no municipal actualizada y exacta. Trataremos de corregir los errores que se nos se\u00f1ale.<\/p>\n<p>Se autoriza la reproducci\u00f3n de los contenidos, salvo con fines comerciales, siempre que se cite la fuente.<\/p>\n<p>Algunas p\u00e1ginas de esta web contienen referencias o enlaces a webs de otras organizaciones. El Ayuntamiento de Granollers no se responsabiliza ni de la exactitud ni de la actualizaci\u00f3n de estas webs externas.<\/p>\n<p>AYUNTAMIENTO DE GRANOLLERS, informa que, de acuerdo con lo establecido por la Ley Org\u00e1nica 15\/1999 de Protecci\u00f3n de Datos de Car\u00e1cter Personal, la informaci\u00f3n de car\u00e1cter personal es considerada confidencial, por lo que se observa la m\u00e1s absoluta reserva sobre la misma.<\/p>\n<p>De igual modo, la obligaci\u00f3n de secreto profesional, deber\u00e1 ser observado por todos los trabajadores del AYUNTAMIENTO DE GRANOLLERS.<\/p>\n<p>Las personas, de las que el AYUNTAMIENTO DE GRANOLLERS posee datos de car\u00e1cter personal, podr\u00e1n ejercer sus derechos de acceso, rectificaci\u00f3n y cancelaci\u00f3n, mediante el env\u00edo de un escrito a la siguiente direcci\u00f3n postal:<\/p>\n<p>Ayuntamiento de Granollers. Secretar\u00eda<\/p>\n<p>Pl. de la Porxada, 6, 4\u00aa planta<\/p>\n<p>08401 Granollers<\/p>\n<p>indicando claramente en el asunto: Tutela de Derechos Ley Org\u00e1nica de Protecci\u00f3n de Datos (LOPD).<\/p>\n<p><strong>Propiedad intelectual<\/strong><\/p>\n<p>Esta web y todos los signos distintivos, marcas, nombres comerciales, contenidos (textos, gr\u00e1ficos, im\u00e1genes, fotograf\u00edas, mapas, software, enlaces y otros contenidos audiovisuales o sonoros y c\u00f3digos fuente), dise\u00f1o y cualquier otra informaci\u00f3n que aparezca en ellos son propiedad del Ayuntamiento de Granollers, de los terceros que hayan autorizado el uso en el Ayuntamiento o de quien se ha identificado. Estos contenidos est\u00e1n protegidos por los derechos de propiedad industrial e intelectual.<\/p>\n<p>De forma general, y salvo que se indique lo contrario de forma expresa, se puede realizar reproducci\u00f3n, distribuci\u00f3n y comunicaci\u00f3n p\u00fablica de los contenidos de este sitio web que sean responsabilidad del Ayuntamiento de Granollers haciendo constar la procedencia y la autor\u00eda. Sin embargo, no se podr\u00e1n utilizar los contenidos para usos comerciales, ni realizar obras derivadas, sin autorizaci\u00f3n expresa del Ayuntamiento.<\/p>\n<p>El Ayuntamiento de Granollers se reserva el derecho a ejercer las acciones legales oportunas derivadas si se hace un uso il\u00edcito por parte de terceros de los contenidos de su p\u00e1gina web.<\/p>\n<p>En caso de que la p\u00e1gina web utilice cookies<\/p>\n<p>Una cookie es un peque\u00f1o archivo de datos que algunos sitios web escriben en su unidad de disco cuando se visita.<\/p>\n<p>Un archivo cookie puede contener informaci\u00f3n como la identificaci\u00f3n de usuario y el sitio web lo utiliza para rastrear las p\u00e1ginas que usted ha visitado. La \u00fanica informaci\u00f3n personal que una cookie puede contener es la informaci\u00f3n que usted mismo le proporciona.<\/p>\n<p>Una cookie no puede leer datos de su unidad de disco, ni puede ser ejecutada como c\u00f3digo ni contener virus.<\/p>\n<p>Utilizamos cookies para determinar el grado de utilidad de nuestra informaci\u00f3n proporcionada a nuestros usuarios y nos ayuda a ver la eficacia de nuestra estructura de navegaci\u00f3n y enfocar nuestros esfuerzos en la informaci\u00f3n que usted necesita. No ponemos en correlaci\u00f3n esta informaci\u00f3n con datos de usuarios individuales ni compartimos esa informaci\u00f3n con terceros. Usted puede dar la orden a su navegador web para que acepte todas las cookies o que le avise cada vez que se ofrece una cookie.<\/p>\n<p>Si usted no desea recibir cookies, puede dar la orden a su navegador para que le advierta antes de aceptar cookies y rechazarlas. Tambi\u00e9n puede rechazar todas las cookies dando la orden a su navegador web.<\/p>","protected":false},"excerpt":{"rendered":"<p>L&#8217;Ajuntament de Granollers mant\u00e9 aquesta web amb l&#8217;objectiu de facilitar l&#8217;acc\u00e9s a informaci\u00f3 municipal i no municipal actualitzada i exacta. Tractarem de corregir els errors que se&#8217;ns assenyali. S&#8217;autoritza la reproducci\u00f3 dels continguts, excepte amb finalitats comercials, sempre que se citi la font. Algunes p\u00e0gines d&#8217;aquesta web contenen refer\u00e8ncies o enlla\u00e7os a webs d&#8217;altres organitzacions. [&hellip;]<\/p>","protected":false},"author":1,"featured_media":0,"parent":0,"menu_order":8,"comment_status":"closed","ping_status":"closed","template":"","meta":{"_acf_changed":false,"footnotes":""},"class_list":["post-547","page","type-page","status-publish","hentry"],"acf":[],"yoast_head":"<!-- This site is optimized with the Yoast SEO plugin v26.6 - https:\/\/yoast.com\/wordpress\/plugins\/seo\/ -->\n<title>Av\u00eds legal - IAEC 2026 Granollers<\/title>\n<meta name=\"robots\" content=\"index, follow, max-snippet:-1, max-image-preview:large, max-video-preview:-1\" \/>\n<link rel=\"canonical\" href=\"https:\/\/iaec2026granollers.com\/es\/avis-legal\/\" \/>\n<meta property=\"og:locale\" content=\"es_ES\" \/>\n<meta property=\"og:type\" content=\"article\" \/>\n<meta property=\"og:title\" content=\"Av\u00eds legal - IAEC 2026 Granollers\" \/>\n<meta property=\"og:description\" content=\"L&#8217;Ajuntament de Granollers mant\u00e9 aquesta web amb l&#8217;objectiu de facilitar l&#8217;acc\u00e9s a informaci\u00f3 municipal i no municipal actualitzada i exacta. Tractarem de corregir els errors que se&#8217;ns assenyali. S&#8217;autoritza la reproducci\u00f3 dels continguts, excepte amb finalitats comercials, sempre que se citi la font. Algunes p\u00e0gines d&#8217;aquesta web contenen refer\u00e8ncies o enlla\u00e7os a webs d&#8217;altres organitzacions. [&hellip;]\" \/>\n<meta property=\"og:url\" content=\"https:\/\/iaec2026granollers.com\/es\/avis-legal\/\" \/>\n<meta property=\"og:site_name\" content=\"IAEC 2026 Granollers\" \/>\n<meta property=\"article:modified_time\" content=\"2025-09-04T11:28:55+00:00\" \/>\n<meta name=\"twitter:card\" content=\"summary_large_image\" \/>\n<meta name=\"twitter:label1\" content=\"Tiempo de lectura\" \/>\n\t<meta name=\"twitter:data1\" content=\"3 minutos\" \/>\n<script type=\"application\/ld+json\" class=\"yoast-schema-graph\">{\"@context\":\"https:\/\/schema.org\",\"@graph\":[{\"@type\":\"WebPage\",\"@id\":\"https:\/\/iaec2026granollers.com\/avis-legal\/\",\"url\":\"https:\/\/iaec2026granollers.com\/avis-legal\/\",\"name\":\"Av\u00eds legal - IAEC 2026 Granollers\",\"isPartOf\":{\"@id\":\"https:\/\/iaec2026granollers.com\/#website\"},\"datePublished\":\"2024-01-22T10:19:01+00:00\",\"dateModified\":\"2025-09-04T11:28:55+00:00\",\"breadcrumb\":{\"@id\":\"https:\/\/iaec2026granollers.com\/avis-legal\/#breadcrumb\"},\"inLanguage\":\"es\",\"potentialAction\":[{\"@type\":\"ReadAction\",\"target\":[\"https:\/\/iaec2026granollers.com\/avis-legal\/\"]}]},{\"@type\":\"BreadcrumbList\",\"@id\":\"https:\/\/iaec2026granollers.com\/avis-legal\/#breadcrumb\",\"itemListElement\":[{\"@type\":\"ListItem\",\"position\":1,\"name\":\"Inici\",\"item\":\"https:\/\/iaec2026granollers.com\/\"},{\"@type\":\"ListItem\",\"position\":2,\"name\":\"Av\u00eds legal\"}]},{\"@type\":\"WebSite\",\"@id\":\"https:\/\/iaec2026granollers.com\/#website\",\"url\":\"https:\/\/iaec2026granollers.com\/\",\"name\":\"IAEC 2026 Granollers\",\"description\":\"\",\"potentialAction\":[{\"@type\":\"SearchAction\",\"target\":{\"@type\":\"EntryPoint\",\"urlTemplate\":\"https:\/\/iaec2026granollers.com\/?s={search_term_string}\"},\"query-input\":{\"@type\":\"PropertyValueSpecification\",\"valueRequired\":true,\"valueName\":\"search_term_string\"}}],\"inLanguage\":\"es\"}]}<\/script>\n<!-- \/ Yoast SEO plugin. -->","yoast_head_json":{"title":"Av\u00eds legal - IAEC 2026 Granollers","robots":{"index":"index","follow":"follow","max-snippet":"max-snippet:-1","max-image-preview":"max-image-preview:large","max-video-preview":"max-video-preview:-1"},"canonical":"https:\/\/iaec2026granollers.com\/es\/avis-legal\/","og_locale":"es_ES","og_type":"article","og_title":"Av\u00eds legal - IAEC 2026 Granollers","og_description":"L&#8217;Ajuntament de Granollers mant\u00e9 aquesta web amb l&#8217;objectiu de facilitar l&#8217;acc\u00e9s a informaci\u00f3 municipal i no municipal actualitzada i exacta. Tractarem de corregir els errors que se&#8217;ns assenyali. S&#8217;autoritza la reproducci\u00f3 dels continguts, excepte amb finalitats comercials, sempre que se citi la font. Algunes p\u00e0gines d&#8217;aquesta web contenen refer\u00e8ncies o enlla\u00e7os a webs d&#8217;altres organitzacions. [&hellip;]","og_url":"https:\/\/iaec2026granollers.com\/es\/avis-legal\/","og_site_name":"IAEC 2026 Granollers","article_modified_time":"2025-09-04T11:28:55+00:00","twitter_card":"summary_large_image","twitter_misc":{"Tiempo de lectura":"3 minutos"},"schema":{"@context":"https:\/\/schema.org","@graph":[{"@type":"WebPage","@id":"https:\/\/iaec2026granollers.com\/avis-legal\/","url":"https:\/\/iaec2026granollers.com\/avis-legal\/","name":"Av\u00eds legal - IAEC 2026 Granollers","isPartOf":{"@id":"https:\/\/iaec2026granollers.com\/#website"},"datePublished":"2024-01-22T10:19:01+00:00","dateModified":"2025-09-04T11:28:55+00:00","breadcrumb":{"@id":"https:\/\/iaec2026granollers.com\/avis-legal\/#breadcrumb"},"inLanguage":"es","potentialAction":[{"@type":"ReadAction","target":["https:\/\/iaec2026granollers.com\/avis-legal\/"]}]},{"@type":"BreadcrumbList","@id":"https:\/\/iaec2026granollers.com\/avis-legal\/#breadcrumb","itemListElement":[{"@type":"ListItem","position":1,"name":"Inici","item":"https:\/\/iaec2026granollers.com\/"},{"@type":"ListItem","position":2,"name":"Av\u00eds legal"}]},{"@type":"WebSite","@id":"https:\/\/iaec2026granollers.com\/#website","url":"https:\/\/iaec2026granollers.com\/","name":"IAEC 2026 Granollers","description":"","potentialAction":[{"@type":"SearchAction","target":{"@type":"EntryPoint","urlTemplate":"https:\/\/iaec2026granollers.com\/?s={search_term_string}"},"query-input":{"@type":"PropertyValueSpecification","valueRequired":true,"valueName":"search_term_string"}}],"inLanguage":"es"}]}},"_links":{"self":[{"href":"https:\/\/iaec2026granollers.com\/es\/wp-json\/wp\/v2\/pages\/547","targetHints":{"allow":["GET"]}}],"collection":[{"href":"https:\/\/iaec2026granollers.com\/es\/wp-json\/wp\/v2\/pages"}],"about":[{"href":"https:\/\/iaec2026granollers.com\/es\/wp-json\/wp\/v2\/types\/page"}],"author":[{"embeddable":true,"href":"https:\/\/iaec2026granollers.com\/es\/wp-json\/wp\/v2\/users\/1"}],"replies":[{"embeddable":true,"href":"https:\/\/iaec2026granollers.com\/es\/wp-json\/wp\/v2\/comments?post=547"}],"version-history":[{"count":4,"href":"https:\/\/iaec2026granollers.com\/es\/wp-json\/wp\/v2\/pages\/547\/revisions"}],"predecessor-version":[{"id":2852,"href":"https:\/\/iaec2026granollers.com\/es\/wp-json\/wp\/v2\/pages\/547\/revisions\/2852"}],"wp:attachment":[{"href":"https:\/\/iaec2026granollers.com\/es\/wp-json\/wp\/v2\/media?parent=547"}],"curies":[{"name":"wp","href":"https:\/\/api.w.org\/{rel}","templated":true}]}}