{"id":1287,"date":"2025-03-27T08:07:11","date_gmt":"2025-03-27T08:07:11","guid":{"rendered":"https:\/\/iaec2026granollers.com\/?page_id=1287"},"modified":"2026-02-10T13:00:47","modified_gmt":"2026-02-10T12:00:47","slug":"el-comite-cientific","status":"publish","type":"page","link":"https:\/\/iaec2026granollers.com\/fr\/congres-aice\/el-comite-cientific\/","title":{"rendered":"Le comit\u00e9 scientifique"},"content":{"rendered":"<p>Leurs connaissances et exp\u00e9riences nous permettent de :<\/p>\n<ul>\n<li>D\u00e9finissez clairement le cadre th\u00e9orique du sujet que nous vous pr\u00e9sentons pour le Congr\u00e8s.<\/li>\n<li>Concevoir les axes que nous consid\u00e9rons comme devant structurer l&#039;espace de r\u00e9flexion et aussi celui des exp\u00e9riences qui doivent \u00eatre pr\u00e9sent\u00e9es.<\/li>\n<li>Partager et convenir du mod\u00e8le de format pour les pr\u00e9sentations, les dialogues, les rapports et les publications.<\/li>\n<li>G\u00e9n\u00e9rer des questions jug\u00e9es pertinentes pour favoriser la stimulation vers la r\u00e9flexion, la r\u00e9flexion et les propositions.<\/li>\n<li>\u00c9laborer une liste de d\u00e9fis que, dans le cadre du th\u00e8me du Congr\u00e8s, nos villes doivent et devront assumer dans le pr\u00e9sent et le futur.<\/li>\n<li>Et de pr\u00e9parer la D\u00e9claration finale du Congr\u00e8s.<\/li>\n<\/ul>\n<p><strong>Le Comit\u00e9 est compos\u00e9 d\u2019experts et de personnalit\u00e9s reconnues issues de domaines divers tels que les sciences de l\u2019\u00e9ducation, la gestion culturelle, l\u2019anthropologie, la philosophie ou la cr\u00e9ativit\u00e9.<br \/>\n<\/strong>Les personnes qui en font partie sont :<\/p>","protected":false},"excerpt":{"rendered":"<p>Leurs connaissances et exp\u00e9riences nous permettent de\u00a0: d\u00e9finir clairement le cadre th\u00e9orique du sujet que nous vous pr\u00e9senterons pour le congr\u00e8s\u00a0; d\u00e9finir les axes qui, selon nous, structureront le champ de r\u00e9flexion et les exp\u00e9riences \u00e0 pr\u00e9senter\u00a0; partager et convenir du format des pr\u00e9sentations, des dialogues, etc.<\/p>","protected":false},"author":1,"featured_media":0,"parent":1289,"menu_order":26,"comment_status":"closed","ping_status":"closed","template":"page-comite.php","meta":{"_acf_changed":false,"footnotes":""},"class_list":["post-1287","page","type-page","status-publish","hentry"],"acf":[],"yoast_head":"<!-- This site is optimized with the Yoast SEO plugin v26.6 - https:\/\/yoast.com\/wordpress\/plugins\/seo\/ -->\n<title>El Comit\u00e8 Cient\u00edfic - IAEC 2026 Granollers<\/title>\n<meta name=\"robots\" content=\"index, follow, max-snippet:-1, max-image-preview:large, max-video-preview:-1\" \/>\n<link rel=\"canonical\" href=\"https:\/\/iaec2026granollers.com\/fr\/congres-aice\/el-comite-cientific\/\" \/>\n<meta property=\"og:locale\" content=\"fr_FR\" \/>\n<meta property=\"og:type\" content=\"article\" \/>\n<meta property=\"og:title\" content=\"El Comit\u00e8 Cient\u00edfic - IAEC 2026 Granollers\" \/>\n<meta property=\"og:description\" content=\"Els seus coneixements i experi\u00e8ncies ens permeten: Definir amb claredat el marc te\u00f2ric del tema que us presentem pel Congr\u00e9s. Dissenyar els eixos que considerem que han de vertebrar l\u2019\u00e0mbit de reflexi\u00f3 i tamb\u00e9 el de les experi\u00e8ncies que s\u2019hauran de presentar. Compartir i consensuar el model de format de les pon\u00e8ncies, dels di\u00e0legs, dels [&hellip;]\" \/>\n<meta property=\"og:url\" content=\"https:\/\/iaec2026granollers.com\/fr\/congres-aice\/el-comite-cientific\/\" \/>\n<meta property=\"og:site_name\" content=\"IAEC 2026 Granollers\" \/>\n<meta property=\"article:modified_time\" content=\"2026-02-10T12:00:47+00:00\" \/>\n<meta name=\"twitter:card\" content=\"summary_large_image\" \/>\n<meta name=\"twitter:label1\" content=\"Dur\u00e9e de lecture estim\u00e9e\" \/>\n\t<meta name=\"twitter:data1\" content=\"1 minute\" \/>\n<script type=\"application\/ld+json\" class=\"yoast-schema-graph\">{\"@context\":\"https:\/\/schema.org\",\"@graph\":[{\"@type\":\"WebPage\",\"@id\":\"https:\/\/iaec2026granollers.com\/congres-aice\/el-comite-cientific\/\",\"url\":\"https:\/\/iaec2026granollers.com\/congres-aice\/el-comite-cientific\/\",\"name\":\"El Comit\u00e8 Cient\u00edfic - IAEC 2026 Granollers\",\"isPartOf\":{\"@id\":\"https:\/\/iaec2026granollers.com\/#website\"},\"datePublished\":\"2025-03-27T08:07:11+00:00\",\"dateModified\":\"2026-02-10T12:00:47+00:00\",\"breadcrumb\":{\"@id\":\"https:\/\/iaec2026granollers.com\/congres-aice\/el-comite-cientific\/#breadcrumb\"},\"inLanguage\":\"fr-FR\",\"potentialAction\":[{\"@type\":\"ReadAction\",\"target\":[\"https:\/\/iaec2026granollers.com\/congres-aice\/el-comite-cientific\/\"]}]},{\"@type\":\"BreadcrumbList\",\"@id\":\"https:\/\/iaec2026granollers.com\/congres-aice\/el-comite-cientific\/#breadcrumb\",\"itemListElement\":[{\"@type\":\"ListItem\",\"position\":1,\"name\":\"Inici\",\"item\":\"https:\/\/iaec2026granollers.com\/\"},{\"@type\":\"ListItem\",\"position\":2,\"name\":\"Congr\u00e9s AICE\",\"item\":\"https:\/\/iaec2026granollers.com\/congres-aice\/\"},{\"@type\":\"ListItem\",\"position\":3,\"name\":\"El Comit\u00e8 Cient\u00edfic\"}]},{\"@type\":\"WebSite\",\"@id\":\"https:\/\/iaec2026granollers.com\/#website\",\"url\":\"https:\/\/iaec2026granollers.com\/\",\"name\":\"IAEC 2026 Granollers\",\"description\":\"\",\"potentialAction\":[{\"@type\":\"SearchAction\",\"target\":{\"@type\":\"EntryPoint\",\"urlTemplate\":\"https:\/\/iaec2026granollers.com\/?s={search_term_string}\"},\"query-input\":{\"@type\":\"PropertyValueSpecification\",\"valueRequired\":true,\"valueName\":\"search_term_string\"}}],\"inLanguage\":\"fr-FR\"}]}<\/script>\n<!-- \/ Yoast SEO plugin. -->","yoast_head_json":{"title":"Le Comit\u00e9 Scientifique - IAEC 2026 Granollers","robots":{"index":"index","follow":"follow","max-snippet":"max-snippet:-1","max-image-preview":"max-image-preview:large","max-video-preview":"max-video-preview:-1"},"canonical":"https:\/\/iaec2026granollers.com\/fr\/congres-aice\/el-comite-cientific\/","og_locale":"fr_FR","og_type":"article","og_title":"El Comit\u00e8 Cient\u00edfic - IAEC 2026 Granollers","og_description":"Els seus coneixements i experi\u00e8ncies ens permeten: Definir amb claredat el marc te\u00f2ric del tema que us presentem pel Congr\u00e9s. Dissenyar els eixos que considerem que han de vertebrar l\u2019\u00e0mbit de reflexi\u00f3 i tamb\u00e9 el de les experi\u00e8ncies que s\u2019hauran de presentar. Compartir i consensuar el model de format de les pon\u00e8ncies, dels di\u00e0legs, dels [&hellip;]","og_url":"https:\/\/iaec2026granollers.com\/fr\/congres-aice\/el-comite-cientific\/","og_site_name":"IAEC 2026 Granollers","article_modified_time":"2026-02-10T12:00:47+00:00","twitter_card":"summary_large_image","twitter_misc":{"Dur\u00e9e de lecture estim\u00e9e":"1 minute"},"schema":{"@context":"https:\/\/schema.org","@graph":[{"@type":"WebPage","@id":"https:\/\/iaec2026granollers.com\/congres-aice\/el-comite-cientific\/","url":"https:\/\/iaec2026granollers.com\/congres-aice\/el-comite-cientific\/","name":"Le Comit\u00e9 Scientifique - IAEC 2026 Granollers","isPartOf":{"@id":"https:\/\/iaec2026granollers.com\/#website"},"datePublished":"2025-03-27T08:07:11+00:00","dateModified":"2026-02-10T12:00:47+00:00","breadcrumb":{"@id":"https:\/\/iaec2026granollers.com\/congres-aice\/el-comite-cientific\/#breadcrumb"},"inLanguage":"fr-FR","potentialAction":[{"@type":"ReadAction","target":["https:\/\/iaec2026granollers.com\/congres-aice\/el-comite-cientific\/"]}]},{"@type":"BreadcrumbList","@id":"https:\/\/iaec2026granollers.com\/congres-aice\/el-comite-cientific\/#breadcrumb","itemListElement":[{"@type":"ListItem","position":1,"name":"Inici","item":"https:\/\/iaec2026granollers.com\/"},{"@type":"ListItem","position":2,"name":"Congr\u00e9s AICE","item":"https:\/\/iaec2026granollers.com\/congres-aice\/"},{"@type":"ListItem","position":3,"name":"El Comit\u00e8 Cient\u00edfic"}]},{"@type":"WebSite","@id":"https:\/\/iaec2026granollers.com\/#website","url":"https:\/\/iaec2026granollers.com\/","name":"IAEC 2026 Granollers","description":"","potentialAction":[{"@type":"SearchAction","target":{"@type":"EntryPoint","urlTemplate":"https:\/\/iaec2026granollers.com\/?s={search_term_string}"},"query-input":{"@type":"PropertyValueSpecification","valueRequired":true,"valueName":"search_term_string"}}],"inLanguage":"fr-FR"}]}},"_links":{"self":[{"href":"https:\/\/iaec2026granollers.com\/fr\/wp-json\/wp\/v2\/pages\/1287","targetHints":{"allow":["GET"]}}],"collection":[{"href":"https:\/\/iaec2026granollers.com\/fr\/wp-json\/wp\/v2\/pages"}],"about":[{"href":"https:\/\/iaec2026granollers.com\/fr\/wp-json\/wp\/v2\/types\/page"}],"author":[{"embeddable":true,"href":"https:\/\/iaec2026granollers.com\/fr\/wp-json\/wp\/v2\/users\/1"}],"replies":[{"embeddable":true,"href":"https:\/\/iaec2026granollers.com\/fr\/wp-json\/wp\/v2\/comments?post=1287"}],"version-history":[{"count":22,"href":"https:\/\/iaec2026granollers.com\/fr\/wp-json\/wp\/v2\/pages\/1287\/revisions"}],"predecessor-version":[{"id":3348,"href":"https:\/\/iaec2026granollers.com\/fr\/wp-json\/wp\/v2\/pages\/1287\/revisions\/3348"}],"up":[{"embeddable":true,"href":"https:\/\/iaec2026granollers.com\/fr\/wp-json\/wp\/v2\/pages\/1289"}],"wp:attachment":[{"href":"https:\/\/iaec2026granollers.com\/fr\/wp-json\/wp\/v2\/media?parent=1287"}],"curies":[{"name":"wp","href":"https:\/\/api.w.org\/{rel}","templated":true}]}}