{"id":1353,"date":"2025-04-10T13:15:49","date_gmt":"2025-04-10T12:15:49","guid":{"rendered":"https:\/\/iaec2026granollers.com\/?page_id=1353"},"modified":"2026-02-19T13:28:20","modified_gmt":"2026-02-19T12:28:20","slug":"granollers","status":"publish","type":"page","link":"https:\/\/iaec2026granollers.com\/fr\/congres-aice\/granollers\/","title":{"rendered":"Lieu du congr\u00e8s"},"content":{"rendered":"<p>Avec Franqueses del Vall\u00e8s, Canovelles et Roca del Vall\u00e8s, elle forme une agglom\u00e9ration de 115 000 habitants.<\/p>\n<p>Nous b\u00e9n\u00e9ficions du soutien et de la collaboration de ces municipalit\u00e9s voisines.<\/p>\n<p>&nbsp;<\/p>\n<p><strong>Le voyage de Granollers en train \u00e0 Barcelone<\/strong> (Passeig de Gr\u00e0cia) a une dur\u00e9e de <strong>28 minutes.<\/strong><\/p>\n<p>De la gare <strong>Du Centre de Granollers au Palais des Congr\u00e8s<\/strong> la distance de marche est <strong>4 minutes.<\/strong><\/p>","protected":false},"excerpt":{"rendered":"<p>Avec Franqueses del Vall\u00e8s, Canovelles et La Roca del Vall\u00e8s, elle forme une agglom\u00e9ration de 115 000 habitants. Nous avons le soutien et la collaboration de ces municipalit\u00e9s voisines. Le trajet de Granollers en train \u00e0 Barcelone (Passeig de Gr\u00e0cia) dure 28 minutes. De la gare de Granollers Centre \u00e0 [\u2026]<\/p>","protected":false},"author":1,"featured_media":0,"parent":1289,"menu_order":47,"comment_status":"closed","ping_status":"closed","template":"page-info.php","meta":{"_acf_changed":false,"footnotes":""},"class_list":["post-1353","page","type-page","status-publish","hentry"],"acf":[],"yoast_head":"<!-- This site is optimized with the Yoast SEO plugin v26.6 - https:\/\/yoast.com\/wordpress\/plugins\/seo\/ -->\n<title>Ubicaci\u00f3 del Congr\u00e9s - IAEC 2026 Granollers<\/title>\n<meta name=\"robots\" content=\"index, follow, max-snippet:-1, max-image-preview:large, max-video-preview:-1\" \/>\n<link rel=\"canonical\" href=\"https:\/\/iaec2026granollers.com\/fr\/congres-aice\/granollers\/\" \/>\n<meta property=\"og:locale\" content=\"fr_FR\" \/>\n<meta property=\"og:type\" content=\"article\" \/>\n<meta property=\"og:title\" content=\"Ubicaci\u00f3 del Congr\u00e9s - IAEC 2026 Granollers\" \/>\n<meta property=\"og:description\" content=\"Juntament amb les Franqueses del Vall\u00e8s, Canovelles i la Roca del Vall\u00e8s forma una conurbaci\u00f3 de 115.000 habitants. Tenim el suport i la col\u00b7laboraci\u00f3 d\u2019aquests municipis colindants. &nbsp; El trajecte des de Granollers amb tren a Barcelona (Passeig de Gr\u00e0cia) t\u00e9 una durada de 28 minuts. Des de l\u2019estaci\u00f3 de tren de Granollers Centre fins [&hellip;]\" \/>\n<meta property=\"og:url\" content=\"https:\/\/iaec2026granollers.com\/fr\/congres-aice\/granollers\/\" \/>\n<meta property=\"og:site_name\" content=\"IAEC 2026 Granollers\" \/>\n<meta property=\"article:modified_time\" content=\"2026-02-19T12:28:20+00:00\" \/>\n<meta name=\"twitter:card\" content=\"summary_large_image\" \/>\n<meta name=\"twitter:label1\" content=\"Dur\u00e9e de lecture estim\u00e9e\" \/>\n\t<meta name=\"twitter:data1\" content=\"1 minute\" \/>\n<script type=\"application\/ld+json\" class=\"yoast-schema-graph\">{\"@context\":\"https:\/\/schema.org\",\"@graph\":[{\"@type\":\"WebPage\",\"@id\":\"https:\/\/iaec2026granollers.com\/congres-aice\/granollers\/\",\"url\":\"https:\/\/iaec2026granollers.com\/congres-aice\/granollers\/\",\"name\":\"Ubicaci\u00f3 del Congr\u00e9s - IAEC 2026 Granollers\",\"isPartOf\":{\"@id\":\"https:\/\/iaec2026granollers.com\/#website\"},\"datePublished\":\"2025-04-10T12:15:49+00:00\",\"dateModified\":\"2026-02-19T12:28:20+00:00\",\"breadcrumb\":{\"@id\":\"https:\/\/iaec2026granollers.com\/congres-aice\/granollers\/#breadcrumb\"},\"inLanguage\":\"fr-FR\",\"potentialAction\":[{\"@type\":\"ReadAction\",\"target\":[\"https:\/\/iaec2026granollers.com\/congres-aice\/granollers\/\"]}]},{\"@type\":\"BreadcrumbList\",\"@id\":\"https:\/\/iaec2026granollers.com\/congres-aice\/granollers\/#breadcrumb\",\"itemListElement\":[{\"@type\":\"ListItem\",\"position\":1,\"name\":\"Inici\",\"item\":\"https:\/\/iaec2026granollers.com\/\"},{\"@type\":\"ListItem\",\"position\":2,\"name\":\"Congr\u00e9s AICE\",\"item\":\"https:\/\/iaec2026granollers.com\/congres-aice\/\"},{\"@type\":\"ListItem\",\"position\":3,\"name\":\"Ubicaci\u00f3 del Congr\u00e9s\"}]},{\"@type\":\"WebSite\",\"@id\":\"https:\/\/iaec2026granollers.com\/#website\",\"url\":\"https:\/\/iaec2026granollers.com\/\",\"name\":\"IAEC 2026 Granollers\",\"description\":\"\",\"potentialAction\":[{\"@type\":\"SearchAction\",\"target\":{\"@type\":\"EntryPoint\",\"urlTemplate\":\"https:\/\/iaec2026granollers.com\/?s={search_term_string}\"},\"query-input\":{\"@type\":\"PropertyValueSpecification\",\"valueRequired\":true,\"valueName\":\"search_term_string\"}}],\"inLanguage\":\"fr-FR\"}]}<\/script>\n<!-- \/ Yoast SEO plugin. -->","yoast_head_json":{"title":"Ubicaci\u00f3 del Congr\u00e9s - IAEC 2026 Granollers","robots":{"index":"index","follow":"follow","max-snippet":"max-snippet:-1","max-image-preview":"max-image-preview:large","max-video-preview":"max-video-preview:-1"},"canonical":"https:\/\/iaec2026granollers.com\/fr\/congres-aice\/granollers\/","og_locale":"fr_FR","og_type":"article","og_title":"Ubicaci\u00f3 del Congr\u00e9s - IAEC 2026 Granollers","og_description":"Juntament amb les Franqueses del Vall\u00e8s, Canovelles i la Roca del Vall\u00e8s forma una conurbaci\u00f3 de 115.000 habitants. Tenim el suport i la col\u00b7laboraci\u00f3 d\u2019aquests municipis colindants. &nbsp; El trajecte des de Granollers amb tren a Barcelona (Passeig de Gr\u00e0cia) t\u00e9 una durada de 28 minuts. Des de l\u2019estaci\u00f3 de tren de Granollers Centre fins [&hellip;]","og_url":"https:\/\/iaec2026granollers.com\/fr\/congres-aice\/granollers\/","og_site_name":"IAEC 2026 Granollers","article_modified_time":"2026-02-19T12:28:20+00:00","twitter_card":"summary_large_image","twitter_misc":{"Dur\u00e9e de lecture estim\u00e9e":"1 minute"},"schema":{"@context":"https:\/\/schema.org","@graph":[{"@type":"WebPage","@id":"https:\/\/iaec2026granollers.com\/congres-aice\/granollers\/","url":"https:\/\/iaec2026granollers.com\/congres-aice\/granollers\/","name":"Ubicaci\u00f3 del Congr\u00e9s - IAEC 2026 Granollers","isPartOf":{"@id":"https:\/\/iaec2026granollers.com\/#website"},"datePublished":"2025-04-10T12:15:49+00:00","dateModified":"2026-02-19T12:28:20+00:00","breadcrumb":{"@id":"https:\/\/iaec2026granollers.com\/congres-aice\/granollers\/#breadcrumb"},"inLanguage":"fr-FR","potentialAction":[{"@type":"ReadAction","target":["https:\/\/iaec2026granollers.com\/congres-aice\/granollers\/"]}]},{"@type":"BreadcrumbList","@id":"https:\/\/iaec2026granollers.com\/congres-aice\/granollers\/#breadcrumb","itemListElement":[{"@type":"ListItem","position":1,"name":"Inici","item":"https:\/\/iaec2026granollers.com\/"},{"@type":"ListItem","position":2,"name":"Congr\u00e9s AICE","item":"https:\/\/iaec2026granollers.com\/congres-aice\/"},{"@type":"ListItem","position":3,"name":"Ubicaci\u00f3 del Congr\u00e9s"}]},{"@type":"WebSite","@id":"https:\/\/iaec2026granollers.com\/#website","url":"https:\/\/iaec2026granollers.com\/","name":"IAEC 2026 Granollers","description":"","potentialAction":[{"@type":"SearchAction","target":{"@type":"EntryPoint","urlTemplate":"https:\/\/iaec2026granollers.com\/?s={search_term_string}"},"query-input":{"@type":"PropertyValueSpecification","valueRequired":true,"valueName":"search_term_string"}}],"inLanguage":"fr-FR"}]}},"_links":{"self":[{"href":"https:\/\/iaec2026granollers.com\/fr\/wp-json\/wp\/v2\/pages\/1353","targetHints":{"allow":["GET"]}}],"collection":[{"href":"https:\/\/iaec2026granollers.com\/fr\/wp-json\/wp\/v2\/pages"}],"about":[{"href":"https:\/\/iaec2026granollers.com\/fr\/wp-json\/wp\/v2\/types\/page"}],"author":[{"embeddable":true,"href":"https:\/\/iaec2026granollers.com\/fr\/wp-json\/wp\/v2\/users\/1"}],"replies":[{"embeddable":true,"href":"https:\/\/iaec2026granollers.com\/fr\/wp-json\/wp\/v2\/comments?post=1353"}],"version-history":[{"count":53,"href":"https:\/\/iaec2026granollers.com\/fr\/wp-json\/wp\/v2\/pages\/1353\/revisions"}],"predecessor-version":[{"id":3380,"href":"https:\/\/iaec2026granollers.com\/fr\/wp-json\/wp\/v2\/pages\/1353\/revisions\/3380"}],"up":[{"embeddable":true,"href":"https:\/\/iaec2026granollers.com\/fr\/wp-json\/wp\/v2\/pages\/1289"}],"wp:attachment":[{"href":"https:\/\/iaec2026granollers.com\/fr\/wp-json\/wp\/v2\/media?parent=1353"}],"curies":[{"name":"wp","href":"https:\/\/api.w.org\/{rel}","templated":true}]}}