{"id":2,"date":"2021-01-14T14:22:27","date_gmt":"2021-01-14T14:22:27","guid":{"rendered":"https:\/\/iaec2026granollers.com\/nova\/?page_id=2"},"modified":"2025-07-25T09:50:23","modified_gmt":"2025-07-25T08:50:23","slug":"pagina-ejemplo","status":"publish","type":"page","link":"https:\/\/iaec2026granollers.com\/fr\/","title":{"rendered":"Bienvenue \u00e0 Granollers"},"content":{"rendered":"<p>Nous avons h\u00e2te de vous retrouver et de partager, comme toujours, nos connaissances, nos exp\u00e9riences, nos id\u00e9es et nos valeurs. Des valeurs qui nous d\u00e9finissent et qui sont clairement inscrites dans notre Charte.<\/p>\n<p>Nous agissons avec la conviction que ce Congr\u00e8s repr\u00e9sente un d\u00e9fi stimulant pour notre ville et c&#039;est pourquoi nous construisons des projets qui visent \u00e0 durer, au-del\u00e0 du mois de mai 2026.<\/p>\n<p>Nous travaillons avec les enseignants de nos \u00e9coles et instituts et leurs \u00e9tudiants pour que durant l&#039;ann\u00e9e acad\u00e9mique 2025\/2026 le Congr\u00e8s soit bien pr\u00e9sent dans les salles de classe.<\/p>\n<p>Et nous le faisons avec les citoyens, avec des personnes et des agents de tous les quartiers. Nous voulons toucher tout le monde.<\/p>\n<p>Nous avons pr\u00e9vu diverses activit\u00e9s qui nous permettront de faire en sorte que les th\u00e8mes du Congr\u00e8s soient ceux qui articulent des conversations, des r\u00e9flexions, des propositions cr\u00e9atives...<\/p>\n<p>D\u00e8s le premier jour, nous avons \u00e9t\u00e9 conscients de l&#039;h\u00e9ritage que nous souhaitons laisser \u00e0 la ville. Et nous persistons.<\/p>\n<p>Mes amis, nous travaillons chaque jour pour qu&#039;en mai prochain, tout soit pr\u00eat. Chaque chose \u00e0 sa place.<\/p>\n<p>Nous ressentons le d\u00e9sir et l&#039;excitation de vous accueillir \u00ab chez vous \u00bb.<\/p>\n<p>Nous travaillons pour cr\u00e9er les conditions qui rendent possible une r\u00e9union productive et utile et qui vous permettent de vivre des exp\u00e9riences m\u00e9morables.<\/p>\n<p>Nous vous attendons.<\/p>","protected":false},"excerpt":{"rendered":"<p>Nous avons h\u00e2te de vous retrouver et de partager, comme toujours, nos connaissances, nos exp\u00e9riences, nos id\u00e9es et nos valeurs. Des valeurs qui nous d\u00e9finissent et qui sont clairement inscrites dans notre Charte. Nous agissons avec la conviction que ce Congr\u00e8s repr\u00e9sente un d\u00e9fi stimulant pour notre ville et c&#039;est pourquoi nous construisons des projets qui visent \u00e0 \u00eatre durables, [\u2026]<\/p>","protected":false},"author":1,"featured_media":0,"parent":0,"menu_order":50,"comment_status":"closed","ping_status":"open","template":"","meta":{"_acf_changed":false,"footnotes":""},"class_list":["post-2","page","type-page","status-publish","hentry"],"acf":[],"yoast_head":"<!-- This site is optimized with the Yoast SEO plugin v26.6 - https:\/\/yoast.com\/wordpress\/plugins\/seo\/ -->\n<title>Benvinguts a Granollers - IAEC 2026 Granollers<\/title>\n<meta name=\"robots\" content=\"index, follow, max-snippet:-1, max-image-preview:large, max-video-preview:-1\" \/>\n<link rel=\"canonical\" href=\"https:\/\/iaec2026granollers.com\/fr\/\" \/>\n<meta property=\"og:locale\" content=\"fr_FR\" \/>\n<meta property=\"og:type\" content=\"article\" \/>\n<meta property=\"og:title\" content=\"Benvinguts a Granollers - IAEC 2026 Granollers\" \/>\n<meta property=\"og:description\" content=\"Us esperem per retrobar-nos i compartir, com sempre, coneixements, experi\u00e8ncies, idees i valors. Uns valors que ens defineixen i que s\u00f3n ben presents a la nostra Carta. Actuem amb el convenciment que aquest Congr\u00e9s suposa un repte estimulant per a la nostra ciutat i \u00e9s per aix\u00f2 que estem bastint projectes que volen ser perdurables, [&hellip;]\" \/>\n<meta property=\"og:url\" content=\"https:\/\/iaec2026granollers.com\/fr\/\" \/>\n<meta property=\"og:site_name\" content=\"IAEC 2026 Granollers\" \/>\n<meta property=\"article:modified_time\" content=\"2025-07-25T08:50:23+00:00\" \/>\n<meta name=\"twitter:card\" content=\"summary_large_image\" \/>\n<meta name=\"twitter:label1\" content=\"Dur\u00e9e de lecture estim\u00e9e\" \/>\n\t<meta name=\"twitter:data1\" content=\"2 minutes\" \/>\n<script type=\"application\/ld+json\" class=\"yoast-schema-graph\">{\"@context\":\"https:\/\/schema.org\",\"@graph\":[{\"@type\":\"WebPage\",\"@id\":\"https:\/\/iaec2026granollers.com\/\",\"url\":\"https:\/\/iaec2026granollers.com\/\",\"name\":\"Benvinguts a Granollers - IAEC 2026 Granollers\",\"isPartOf\":{\"@id\":\"https:\/\/iaec2026granollers.com\/#website\"},\"datePublished\":\"2021-01-14T14:22:27+00:00\",\"dateModified\":\"2025-07-25T08:50:23+00:00\",\"breadcrumb\":{\"@id\":\"https:\/\/iaec2026granollers.com\/#breadcrumb\"},\"inLanguage\":\"fr-FR\",\"potentialAction\":[{\"@type\":\"ReadAction\",\"target\":[\"https:\/\/iaec2026granollers.com\/\"]}]},{\"@type\":\"BreadcrumbList\",\"@id\":\"https:\/\/iaec2026granollers.com\/#breadcrumb\",\"itemListElement\":[{\"@type\":\"ListItem\",\"position\":1,\"name\":\"Inici\",\"item\":\"https:\/\/iaec2026granollers.com\/\"},{\"@type\":\"ListItem\",\"position\":2,\"name\":\"Benvinguts a Granollers\"}]},{\"@type\":\"WebSite\",\"@id\":\"https:\/\/iaec2026granollers.com\/#website\",\"url\":\"https:\/\/iaec2026granollers.com\/\",\"name\":\"IAEC 2026 Granollers\",\"description\":\"\",\"potentialAction\":[{\"@type\":\"SearchAction\",\"target\":{\"@type\":\"EntryPoint\",\"urlTemplate\":\"https:\/\/iaec2026granollers.com\/?s={search_term_string}\"},\"query-input\":{\"@type\":\"PropertyValueSpecification\",\"valueRequired\":true,\"valueName\":\"search_term_string\"}}],\"inLanguage\":\"fr-FR\"}]}<\/script>\n<!-- \/ Yoast SEO plugin. -->","yoast_head_json":{"title":"Bienvenue \u00e0 Granollers - AIVE 2026 Granollers","robots":{"index":"index","follow":"follow","max-snippet":"max-snippet:-1","max-image-preview":"max-image-preview:large","max-video-preview":"max-video-preview:-1"},"canonical":"https:\/\/iaec2026granollers.com\/fr\/","og_locale":"fr_FR","og_type":"article","og_title":"Benvinguts a Granollers - IAEC 2026 Granollers","og_description":"Us esperem per retrobar-nos i compartir, com sempre, coneixements, experi\u00e8ncies, idees i valors. Uns valors que ens defineixen i que s\u00f3n ben presents a la nostra Carta. Actuem amb el convenciment que aquest Congr\u00e9s suposa un repte estimulant per a la nostra ciutat i \u00e9s per aix\u00f2 que estem bastint projectes que volen ser perdurables, [&hellip;]","og_url":"https:\/\/iaec2026granollers.com\/fr\/","og_site_name":"IAEC 2026 Granollers","article_modified_time":"2025-07-25T08:50:23+00:00","twitter_card":"summary_large_image","twitter_misc":{"Dur\u00e9e de lecture estim\u00e9e":"2 minutes"},"schema":{"@context":"https:\/\/schema.org","@graph":[{"@type":"WebPage","@id":"https:\/\/iaec2026granollers.com\/","url":"https:\/\/iaec2026granollers.com\/","name":"Bienvenue \u00e0 Granollers - AIVE 2026 Granollers","isPartOf":{"@id":"https:\/\/iaec2026granollers.com\/#website"},"datePublished":"2021-01-14T14:22:27+00:00","dateModified":"2025-07-25T08:50:23+00:00","breadcrumb":{"@id":"https:\/\/iaec2026granollers.com\/#breadcrumb"},"inLanguage":"fr-FR","potentialAction":[{"@type":"ReadAction","target":["https:\/\/iaec2026granollers.com\/"]}]},{"@type":"BreadcrumbList","@id":"https:\/\/iaec2026granollers.com\/#breadcrumb","itemListElement":[{"@type":"ListItem","position":1,"name":"Inici","item":"https:\/\/iaec2026granollers.com\/"},{"@type":"ListItem","position":2,"name":"Benvinguts a Granollers"}]},{"@type":"WebSite","@id":"https:\/\/iaec2026granollers.com\/#website","url":"https:\/\/iaec2026granollers.com\/","name":"IAEC 2026 Granollers","description":"","potentialAction":[{"@type":"SearchAction","target":{"@type":"EntryPoint","urlTemplate":"https:\/\/iaec2026granollers.com\/?s={search_term_string}"},"query-input":{"@type":"PropertyValueSpecification","valueRequired":true,"valueName":"search_term_string"}}],"inLanguage":"fr-FR"}]}},"_links":{"self":[{"href":"https:\/\/iaec2026granollers.com\/fr\/wp-json\/wp\/v2\/pages\/2","targetHints":{"allow":["GET"]}}],"collection":[{"href":"https:\/\/iaec2026granollers.com\/fr\/wp-json\/wp\/v2\/pages"}],"about":[{"href":"https:\/\/iaec2026granollers.com\/fr\/wp-json\/wp\/v2\/types\/page"}],"author":[{"embeddable":true,"href":"https:\/\/iaec2026granollers.com\/fr\/wp-json\/wp\/v2\/users\/1"}],"replies":[{"embeddable":true,"href":"https:\/\/iaec2026granollers.com\/fr\/wp-json\/wp\/v2\/comments?post=2"}],"version-history":[{"count":25,"href":"https:\/\/iaec2026granollers.com\/fr\/wp-json\/wp\/v2\/pages\/2\/revisions"}],"predecessor-version":[{"id":2747,"href":"https:\/\/iaec2026granollers.com\/fr\/wp-json\/wp\/v2\/pages\/2\/revisions\/2747"}],"wp:attachment":[{"href":"https:\/\/iaec2026granollers.com\/fr\/wp-json\/wp\/v2\/media?parent=2"}],"curies":[{"name":"wp","href":"https:\/\/api.w.org\/{rel}","templated":true}]}}