{"id":2811,"date":"2025-09-01T13:52:07","date_gmt":"2025-09-01T12:52:07","guid":{"rendered":"https:\/\/iaec2026granollers.com\/?page_id=2811"},"modified":"2025-09-02T09:52:00","modified_gmt":"2025-09-02T08:52:00","slug":"eixos","status":"publish","type":"page","link":"https:\/\/iaec2026granollers.com\/fr\/congres-aice\/eixos\/","title":{"rendered":"Essieux"},"content":{"rendered":"<p data-start=\"173\" data-end=\"662\">Il est essentiel de b\u00e2tir des communaut\u00e9s inclusives et diversifi\u00e9es, o\u00f9 le sentiment d&#039;appartenance refl\u00e8te la coexistence de cultures, de religions et de langues diff\u00e9rentes. Nous reconnaissons que la diversit\u00e9 est une source d&#039;enrichissement, mais qu&#039;elle pr\u00e9sente aussi des d\u00e9fis tels que l&#039;exclusion et les in\u00e9galit\u00e9s. C&#039;est pourquoi il est essentiel de promouvoir des liens authentiques, des contacts personnels et des r\u00e9cits qui renforcent le tissu social, fond\u00e9s sur le respect, l&#039;\u00e9galit\u00e9 et la participation active.<\/p>\n<p data-start=\"664\" data-end=\"1174\">De m\u00eame, nous soulignons l&#039;importance de former une citoyennet\u00e9 critique et libre, capable de participer \u00e0 la construction de l&#039;avenir local. C&#039;est pourquoi il est n\u00e9cessaire de promouvoir la pens\u00e9e critique face aux discours populistes, au sectarisme, aux simplifications et aux manipulations sur les r\u00e9seaux sociaux, qui diffusent souvent des informations fausses et biais\u00e9es. Nous tenons \u00e9galement \u00e0 souligner que sur Internet, bien que tout semble gratuit, nous payons en r\u00e9alit\u00e9 avec nos donn\u00e9es et notre attention, ce qui influence nos d\u00e9cisions.<\/p>\n<p data-start=\"1176\" data-end=\"1794\">D&#039;autre part, l&#039;\u00e9ducation \u00e0 la cr\u00e9ativit\u00e9 a \u00e9t\u00e9 sous-estim\u00e9e, souvent consid\u00e9r\u00e9e comme r\u00e9serv\u00e9e aux artistes, alors qu&#039;il s&#039;agit en r\u00e9alit\u00e9 d&#039;une capacit\u00e9 inn\u00e9e chez tous les \u00eatres humains. \u00c9duquer \u00e0 la cr\u00e9ativit\u00e9 implique de d\u00e9velopper des comp\u00e9tences pour g\u00e9n\u00e9rer des id\u00e9es nouvelles et pr\u00e9cieuses, capables de transformer et de promouvoir des changements dans diff\u00e9rents domaines. La capacit\u00e9 \u00e0 cr\u00e9er et \u00e0 innover est essentielle pour relever les d\u00e9fis futurs des villes. C&#039;est pourquoi il est crucial de r\u00e9pondre aux besoins culturels et \u00e9ducatifs des citoyens, en promouvant des programmes qui renforcent leurs capacit\u00e9s cr\u00e9atives et, par cons\u00e9quent, le capital social.<\/p>","protected":false},"excerpt":{"rendered":"<p>Il est important de b\u00e2tir des communaut\u00e9s inclusives et diversifi\u00e9es, o\u00f9 le sentiment d\u2019appartenance refl\u00e8te la coexistence de diff\u00e9rentes cultures, religions et langues. Nous reconnaissons que la diversit\u00e9 est une occasion de nous enrichir, mais qu'elle pose \u00e9galement des d\u00e9fis tels que l'exclusion et les in\u00e9galit\u00e9s ; c'est pourquoi il est essentiel de favoriser des liens authentiques, des contacts personnels et des r\u00e9cits [\u2026]<\/p>","protected":false},"author":1,"featured_media":0,"parent":1289,"menu_order":22,"comment_status":"closed","ping_status":"closed","template":"","meta":{"_acf_changed":false,"footnotes":""},"class_list":["post-2811","page","type-page","status-publish","hentry"],"acf":[],"yoast_head":"<!-- This site is optimized with the Yoast SEO plugin v26.6 - https:\/\/yoast.com\/wordpress\/plugins\/seo\/ -->\n<title>Eixos - IAEC 2026 Granollers<\/title>\n<meta name=\"robots\" content=\"index, follow, max-snippet:-1, max-image-preview:large, max-video-preview:-1\" \/>\n<link rel=\"canonical\" href=\"https:\/\/iaec2026granollers.com\/fr\/congres-aice\/presentacio-dexperiencies__trashed\/eixos\/\" \/>\n<meta property=\"og:locale\" content=\"fr_FR\" \/>\n<meta property=\"og:type\" content=\"article\" \/>\n<meta property=\"og:title\" content=\"Eixos - IAEC 2026 Granollers\" \/>\n<meta property=\"og:description\" content=\"\u00c9s rellevant la import\u00e0ncia de construir comunitats inclusives i diverses, on el sentit de pertinen\u00e7a reflecteixi la conviv\u00e8ncia de diferents cultures, religions i lleng\u00fces. Reconeixem que la diversitat \u00e9s una oportunitat per enriquir-se, per\u00f2 tamb\u00e9 presenta desafiaments com l\u2019exclusi\u00f3 i les desigualtats, per la qual cosa \u00e9s fonamental promoure vincles genu\u00efns, contacte personal i narratives [&hellip;]\" \/>\n<meta property=\"og:url\" content=\"https:\/\/iaec2026granollers.com\/fr\/congres-aice\/presentacio-dexperiencies__trashed\/eixos\/\" \/>\n<meta property=\"og:site_name\" content=\"IAEC 2026 Granollers\" \/>\n<meta property=\"article:modified_time\" content=\"2025-09-02T08:52:00+00:00\" \/>\n<meta name=\"twitter:card\" content=\"summary_large_image\" \/>\n<meta name=\"twitter:label1\" content=\"Dur\u00e9e de lecture estim\u00e9e\" \/>\n\t<meta name=\"twitter:data1\" content=\"2 minutes\" \/>\n<script type=\"application\/ld+json\" class=\"yoast-schema-graph\">{\"@context\":\"https:\/\/schema.org\",\"@graph\":[{\"@type\":\"WebPage\",\"@id\":\"https:\/\/iaec2026granollers.com\/congres-aice\/presentacio-dexperiencies__trashed\/eixos\/\",\"url\":\"https:\/\/iaec2026granollers.com\/congres-aice\/presentacio-dexperiencies__trashed\/eixos\/\",\"name\":\"Eixos - IAEC 2026 Granollers\",\"isPartOf\":{\"@id\":\"https:\/\/iaec2026granollers.com\/#website\"},\"datePublished\":\"2025-09-01T12:52:07+00:00\",\"dateModified\":\"2025-09-02T08:52:00+00:00\",\"breadcrumb\":{\"@id\":\"https:\/\/iaec2026granollers.com\/congres-aice\/presentacio-dexperiencies__trashed\/eixos\/#breadcrumb\"},\"inLanguage\":\"fr-FR\",\"potentialAction\":[{\"@type\":\"ReadAction\",\"target\":[\"https:\/\/iaec2026granollers.com\/congres-aice\/presentacio-dexperiencies__trashed\/eixos\/\"]}]},{\"@type\":\"BreadcrumbList\",\"@id\":\"https:\/\/iaec2026granollers.com\/congres-aice\/presentacio-dexperiencies__trashed\/eixos\/#breadcrumb\",\"itemListElement\":[{\"@type\":\"ListItem\",\"position\":1,\"name\":\"Inici\",\"item\":\"https:\/\/iaec2026granollers.com\/\"},{\"@type\":\"ListItem\",\"position\":2,\"name\":\"Congr\u00e9s AICE\",\"item\":\"https:\/\/iaec2026granollers.com\/congres-aice\/\"},{\"@type\":\"ListItem\",\"position\":3,\"name\":\"Eixos\"}]},{\"@type\":\"WebSite\",\"@id\":\"https:\/\/iaec2026granollers.com\/#website\",\"url\":\"https:\/\/iaec2026granollers.com\/\",\"name\":\"IAEC 2026 Granollers\",\"description\":\"\",\"potentialAction\":[{\"@type\":\"SearchAction\",\"target\":{\"@type\":\"EntryPoint\",\"urlTemplate\":\"https:\/\/iaec2026granollers.com\/?s={search_term_string}\"},\"query-input\":{\"@type\":\"PropertyValueSpecification\",\"valueRequired\":true,\"valueName\":\"search_term_string\"}}],\"inLanguage\":\"fr-FR\"}]}<\/script>\n<!-- \/ Yoast SEO plugin. -->","yoast_head_json":{"title":"Axes - IAEC 2026 Granollers","robots":{"index":"index","follow":"follow","max-snippet":"max-snippet:-1","max-image-preview":"max-image-preview:large","max-video-preview":"max-video-preview:-1"},"canonical":"https:\/\/iaec2026granollers.com\/fr\/congres-aice\/presentacio-dexperiencies__trashed\/eixos\/","og_locale":"fr_FR","og_type":"article","og_title":"Eixos - IAEC 2026 Granollers","og_description":"\u00c9s rellevant la import\u00e0ncia de construir comunitats inclusives i diverses, on el sentit de pertinen\u00e7a reflecteixi la conviv\u00e8ncia de diferents cultures, religions i lleng\u00fces. Reconeixem que la diversitat \u00e9s una oportunitat per enriquir-se, per\u00f2 tamb\u00e9 presenta desafiaments com l\u2019exclusi\u00f3 i les desigualtats, per la qual cosa \u00e9s fonamental promoure vincles genu\u00efns, contacte personal i narratives [&hellip;]","og_url":"https:\/\/iaec2026granollers.com\/fr\/congres-aice\/presentacio-dexperiencies__trashed\/eixos\/","og_site_name":"IAEC 2026 Granollers","article_modified_time":"2025-09-02T08:52:00+00:00","twitter_card":"summary_large_image","twitter_misc":{"Dur\u00e9e de lecture estim\u00e9e":"2 minutes"},"schema":{"@context":"https:\/\/schema.org","@graph":[{"@type":"WebPage","@id":"https:\/\/iaec2026granollers.com\/congres-aice\/presentacio-dexperiencies__trashed\/eixos\/","url":"https:\/\/iaec2026granollers.com\/congres-aice\/presentacio-dexperiencies__trashed\/eixos\/","name":"Axes - IAEC 2026 Granollers","isPartOf":{"@id":"https:\/\/iaec2026granollers.com\/#website"},"datePublished":"2025-09-01T12:52:07+00:00","dateModified":"2025-09-02T08:52:00+00:00","breadcrumb":{"@id":"https:\/\/iaec2026granollers.com\/congres-aice\/presentacio-dexperiencies__trashed\/eixos\/#breadcrumb"},"inLanguage":"fr-FR","potentialAction":[{"@type":"ReadAction","target":["https:\/\/iaec2026granollers.com\/congres-aice\/presentacio-dexperiencies__trashed\/eixos\/"]}]},{"@type":"BreadcrumbList","@id":"https:\/\/iaec2026granollers.com\/congres-aice\/presentacio-dexperiencies__trashed\/eixos\/#breadcrumb","itemListElement":[{"@type":"ListItem","position":1,"name":"Inici","item":"https:\/\/iaec2026granollers.com\/"},{"@type":"ListItem","position":2,"name":"Congr\u00e9s AICE","item":"https:\/\/iaec2026granollers.com\/congres-aice\/"},{"@type":"ListItem","position":3,"name":"Eixos"}]},{"@type":"WebSite","@id":"https:\/\/iaec2026granollers.com\/#website","url":"https:\/\/iaec2026granollers.com\/","name":"IAEC 2026 Granollers","description":"","potentialAction":[{"@type":"SearchAction","target":{"@type":"EntryPoint","urlTemplate":"https:\/\/iaec2026granollers.com\/?s={search_term_string}"},"query-input":{"@type":"PropertyValueSpecification","valueRequired":true,"valueName":"search_term_string"}}],"inLanguage":"fr-FR"}]}},"_links":{"self":[{"href":"https:\/\/iaec2026granollers.com\/fr\/wp-json\/wp\/v2\/pages\/2811","targetHints":{"allow":["GET"]}}],"collection":[{"href":"https:\/\/iaec2026granollers.com\/fr\/wp-json\/wp\/v2\/pages"}],"about":[{"href":"https:\/\/iaec2026granollers.com\/fr\/wp-json\/wp\/v2\/types\/page"}],"author":[{"embeddable":true,"href":"https:\/\/iaec2026granollers.com\/fr\/wp-json\/wp\/v2\/users\/1"}],"replies":[{"embeddable":true,"href":"https:\/\/iaec2026granollers.com\/fr\/wp-json\/wp\/v2\/comments?post=2811"}],"version-history":[{"count":4,"href":"https:\/\/iaec2026granollers.com\/fr\/wp-json\/wp\/v2\/pages\/2811\/revisions"}],"predecessor-version":[{"id":2832,"href":"https:\/\/iaec2026granollers.com\/fr\/wp-json\/wp\/v2\/pages\/2811\/revisions\/2832"}],"up":[{"embeddable":true,"href":"https:\/\/iaec2026granollers.com\/fr\/wp-json\/wp\/v2\/pages\/1289"}],"wp:attachment":[{"href":"https:\/\/iaec2026granollers.com\/fr\/wp-json\/wp\/v2\/media?parent=2811"}],"curies":[{"name":"wp","href":"https:\/\/api.w.org\/{rel}","templated":true}]}}