{"id":2815,"date":"2025-09-01T14:07:06","date_gmt":"2025-09-01T13:07:06","guid":{"rendered":"https:\/\/iaec2026granollers.com\/?page_id=2815"},"modified":"2025-09-02T09:52:23","modified_gmt":"2025-09-02T08:52:23","slug":"criteris-de-seleccio","status":"publish","type":"page","link":"https:\/\/iaec2026granollers.com\/fr\/congres-aice\/criteris-de-seleccio\/","title":{"rendered":"Crit\u00e8res de s\u00e9lection"},"content":{"rendered":"<p data-start=\"165\" data-end=\"292\">Vous trouverez ci-dessous les crit\u00e8res de s\u00e9lection des exp\u00e9riences des <strong data-start=\"236\" data-end=\"289\">XVIIIe Congr\u00e8s international des villes \u00e9ducatrices<\/strong>.<\/p>\n<p data-start=\"294\" data-end=\"435\">Il est \u00e0 noter que la pr\u00e9sentation des exp\u00e9riences se fera exclusivement en pr\u00e9sentiel, en mai 2026, \u00e0 <strong data-start=\"418\" data-end=\"432\">Granollers<\/strong>.<\/p>\n<blockquote>\n<p data-start=\"437\" data-end=\"714\">Nous invitons les villes \u00e0 partager leurs exp\u00e9riences. Le nombre maximum d&#039;initiatives pouvant \u00eatre envoy\u00e9es est de trois par ville, avec l&#039;impulsion et le soutien de la municipalit\u00e9. De m\u00eame, les exp\u00e9riences d&#039;autres institutions, entit\u00e9s et associations seront valoris\u00e9es.<\/p>\n<\/blockquote>\n<ol>\n<li>\u00a0<strong>Coh\u00e9rence th\u00e9matique :<\/strong> Les exp\u00e9riences doivent \u00eatre clairement li\u00e9es au th\u00e8me central du Congr\u00e8s \u00ab \u00c9ducation et culture dans la ville : communaut\u00e9, sens critique et cr\u00e9ativit\u00e9 \u00bb et align\u00e9es sur l&#039;un de ses trois axes :\n<ul>\n<li>La construction de la ville\/communaut\u00e9 dans des villes de plus en plus complexes.<\/li>\n<li>Le d\u00e9veloppement d\u2019une citoyennet\u00e9 critique et libre pour participer \u00e0 la construction de l\u2019avenir des villes.<\/li>\n<li>Le d\u00e9veloppement d\u2019une citoyennet\u00e9 cr\u00e9ative qui g\u00e9n\u00e8re de nouvelles sensibilit\u00e9s, strat\u00e9gies et outils pour faire face aux d\u00e9fis de leur soci\u00e9t\u00e9.<\/li>\n<\/ul>\n<\/li>\n<li><strong>Lien:<\/strong> La priorit\u00e9 sera donn\u00e9e aux exp\u00e9riences promues ou approuv\u00e9es par les gouvernements, institutions et entit\u00e9s locales.<\/li>\n<li><strong>Collaboration interminist\u00e9rielle :<\/strong> Les initiatives men\u00e9es en collaboration entre diff\u00e9rents d\u00e9partements\/secteurs du gouvernement municipal ou d\u2019autres sph\u00e8res de gouvernement et d\u2019autres entit\u00e9s seront particuli\u00e8rement valoris\u00e9es.<\/li>\n<li><strong>Aspect p\u00e9dagogique :<\/strong> Les exp\u00e9riences doivent avoir une intention \u00e9ducative qui doit \u00eatre explicit\u00e9e.<\/li>\n<li><strong>Participation communautaire :<\/strong> La priorit\u00e9 sera donn\u00e9e aux exp\u00e9riences impliquant la communaut\u00e9 locale, favorisant la collaboration entre les citoyens, les institutions \u00e9ducatives et culturelles, ainsi qu&#039;\u00e0 celles qui encouragent la participation des enfants et des jeunes de mani\u00e8re autonome, libre et responsable.<\/li>\n<li><strong>Transformation p\u00e9dagogique ou sociale :<\/strong> Les exp\u00e9riences qui apportent des solutions aux probl\u00e8mes existants seront privil\u00e9gi\u00e9es.<\/li>\n<li><strong>Accessibilit\u00e9:<\/strong> Il est n\u00e9cessaire de garantir que les exp\u00e9riences soient accessibles aux groupes de population en situation de vuln\u00e9rabilit\u00e9, en \u00e9liminant les barri\u00e8res physiques et socio-\u00e9conomiques.<\/li>\n<li><strong>Coh\u00e9sion sociale :<\/strong> Les exp\u00e9riences favorisant la coh\u00e9sion sociale et le respect entre diff\u00e9rents groupes culturels et sociaux seront particuli\u00e8rement valoris\u00e9es.<\/li>\n<li><strong>Consolidation:<\/strong> Les exp\u00e9riences doivent avoir une dur\u00e9e minimale de r\u00e9alisation de deux ans, ce qui permet de d\u00e9montrer leur impact.<\/li>\n<li><strong>Durabilit\u00e9 de l&#039;initiative :<\/strong> Les exp\u00e9riences doivent \u00eatre durables dans le temps, avec les ressources humaines et \u00e9conomiques n\u00e9cessaires \u00e0 leur bon d\u00e9veloppement.<\/li>\n<li><strong>\u00c9valuation:<\/strong> Les exp\u00e9riences qui fournissent une \u00e9valuation contrast\u00e9e seront valoris\u00e9es positivement.<\/li>\n<li><strong>Impact social :<\/strong> La priorit\u00e9 sera accord\u00e9e aux exp\u00e9riences qui ont un impact sur la communaut\u00e9, favorisant le d\u00e9veloppement social et le bien-\u00eatre des citoyens.<\/li>\n<li><strong>Durabilit\u00e9 environnementale :<\/strong> Les initiatives qui minimisent leur impact sur l\u2019environnement et favorisent un engagement en faveur de la durabilit\u00e9 seront valoris\u00e9es.<\/li>\n<li><strong>Transf\u00e9rabilit\u00e9:<\/strong> La priorit\u00e9 sera donn\u00e9e aux initiatives qui peuvent \u00eatre totalement ou partiellement transf\u00e9rables \u00e0 d\u2019autres communes, quartiers, etc.<\/li>\n<\/ol>","protected":false},"excerpt":{"rendered":"<p>Voici les crit\u00e8res de s\u00e9lection des exp\u00e9riences pour le 18e Congr\u00e8s international des villes \u00e9ducatives. Veuillez noter que la pr\u00e9sentation des exp\u00e9riences se fera exclusivement en pr\u00e9sentiel, en mai 2026, \u00e0 Granollers. \u201c Nous invitons les villes \u00e0 soumettre leurs exp\u00e9riences. Le nombre maximal d'initiatives pouvant \u00eatre soumises est de trois exp\u00e9riences [\u2026]<\/p>","protected":false},"author":1,"featured_media":0,"parent":1289,"menu_order":21,"comment_status":"closed","ping_status":"closed","template":"","meta":{"_acf_changed":false,"footnotes":""},"class_list":["post-2815","page","type-page","status-publish","hentry"],"acf":[],"yoast_head":"<!-- This site is optimized with the Yoast SEO plugin v26.6 - https:\/\/yoast.com\/wordpress\/plugins\/seo\/ -->\n<title>Criteris de selecci\u00f3 - IAEC 2026 Granollers<\/title>\n<meta name=\"robots\" content=\"index, follow, max-snippet:-1, max-image-preview:large, max-video-preview:-1\" \/>\n<link rel=\"canonical\" href=\"https:\/\/iaec2026granollers.com\/fr\/congres-aice\/presentacio-dexperiencies__trashed\/criteris-de-seleccio\/\" \/>\n<meta property=\"og:locale\" content=\"fr_FR\" \/>\n<meta property=\"og:type\" content=\"article\" \/>\n<meta property=\"og:title\" content=\"Criteris de selecci\u00f3 - IAEC 2026 Granollers\" \/>\n<meta property=\"og:description\" content=\"A continuaci\u00f3, es recullen els criteris de selecci\u00f3 d\u2019experi\u00e8ncies del XVIII Congr\u00e9s Internacional de Ciutats Educadores. Cal tenir en compte que la presentaci\u00f3 d\u2019experi\u00e8ncies es realitzar\u00e0 exclusivament de manera presencial, al maig del 2026, a Granollers. \u201cConvidem les ciutats a enviar les seves experi\u00e8ncies. El nombre m\u00e0xim d\u2019iniciatives que poden enviar-se \u00e9s de 3 experi\u00e8ncies [&hellip;]\" \/>\n<meta property=\"og:url\" content=\"https:\/\/iaec2026granollers.com\/fr\/congres-aice\/presentacio-dexperiencies__trashed\/criteris-de-seleccio\/\" \/>\n<meta property=\"og:site_name\" content=\"IAEC 2026 Granollers\" \/>\n<meta property=\"article:modified_time\" content=\"2025-09-02T08:52:23+00:00\" \/>\n<meta name=\"twitter:card\" content=\"summary_large_image\" \/>\n<meta name=\"twitter:label1\" content=\"Dur\u00e9e de lecture estim\u00e9e\" \/>\n\t<meta name=\"twitter:data1\" content=\"2 minutes\" \/>\n<script type=\"application\/ld+json\" class=\"yoast-schema-graph\">{\"@context\":\"https:\/\/schema.org\",\"@graph\":[{\"@type\":\"WebPage\",\"@id\":\"https:\/\/iaec2026granollers.com\/congres-aice\/presentacio-dexperiencies__trashed\/criteris-de-seleccio\/\",\"url\":\"https:\/\/iaec2026granollers.com\/congres-aice\/presentacio-dexperiencies__trashed\/criteris-de-seleccio\/\",\"name\":\"Criteris de selecci\u00f3 - IAEC 2026 Granollers\",\"isPartOf\":{\"@id\":\"https:\/\/iaec2026granollers.com\/#website\"},\"datePublished\":\"2025-09-01T13:07:06+00:00\",\"dateModified\":\"2025-09-02T08:52:23+00:00\",\"breadcrumb\":{\"@id\":\"https:\/\/iaec2026granollers.com\/congres-aice\/presentacio-dexperiencies__trashed\/criteris-de-seleccio\/#breadcrumb\"},\"inLanguage\":\"fr-FR\",\"potentialAction\":[{\"@type\":\"ReadAction\",\"target\":[\"https:\/\/iaec2026granollers.com\/congres-aice\/presentacio-dexperiencies__trashed\/criteris-de-seleccio\/\"]}]},{\"@type\":\"BreadcrumbList\",\"@id\":\"https:\/\/iaec2026granollers.com\/congres-aice\/presentacio-dexperiencies__trashed\/criteris-de-seleccio\/#breadcrumb\",\"itemListElement\":[{\"@type\":\"ListItem\",\"position\":1,\"name\":\"Inici\",\"item\":\"https:\/\/iaec2026granollers.com\/\"},{\"@type\":\"ListItem\",\"position\":2,\"name\":\"Congr\u00e9s AICE\",\"item\":\"https:\/\/iaec2026granollers.com\/congres-aice\/\"},{\"@type\":\"ListItem\",\"position\":3,\"name\":\"Criteris de selecci\u00f3\"}]},{\"@type\":\"WebSite\",\"@id\":\"https:\/\/iaec2026granollers.com\/#website\",\"url\":\"https:\/\/iaec2026granollers.com\/\",\"name\":\"IAEC 2026 Granollers\",\"description\":\"\",\"potentialAction\":[{\"@type\":\"SearchAction\",\"target\":{\"@type\":\"EntryPoint\",\"urlTemplate\":\"https:\/\/iaec2026granollers.com\/?s={search_term_string}\"},\"query-input\":{\"@type\":\"PropertyValueSpecification\",\"valueRequired\":true,\"valueName\":\"search_term_string\"}}],\"inLanguage\":\"fr-FR\"}]}<\/script>\n<!-- \/ Yoast SEO plugin. -->","yoast_head_json":{"title":"Crit\u00e8res de s\u00e9lection - IAEC 2026 Granollers","robots":{"index":"index","follow":"follow","max-snippet":"max-snippet:-1","max-image-preview":"max-image-preview:large","max-video-preview":"max-video-preview:-1"},"canonical":"https:\/\/iaec2026granollers.com\/fr\/congres-aice\/presentacio-dexperiencies__trashed\/criteris-de-seleccio\/","og_locale":"fr_FR","og_type":"article","og_title":"Criteris de selecci\u00f3 - IAEC 2026 Granollers","og_description":"A continuaci\u00f3, es recullen els criteris de selecci\u00f3 d\u2019experi\u00e8ncies del XVIII Congr\u00e9s Internacional de Ciutats Educadores. Cal tenir en compte que la presentaci\u00f3 d\u2019experi\u00e8ncies es realitzar\u00e0 exclusivament de manera presencial, al maig del 2026, a Granollers. \u201cConvidem les ciutats a enviar les seves experi\u00e8ncies. El nombre m\u00e0xim d\u2019iniciatives que poden enviar-se \u00e9s de 3 experi\u00e8ncies [&hellip;]","og_url":"https:\/\/iaec2026granollers.com\/fr\/congres-aice\/presentacio-dexperiencies__trashed\/criteris-de-seleccio\/","og_site_name":"IAEC 2026 Granollers","article_modified_time":"2025-09-02T08:52:23+00:00","twitter_card":"summary_large_image","twitter_misc":{"Dur\u00e9e de lecture estim\u00e9e":"2 minutes"},"schema":{"@context":"https:\/\/schema.org","@graph":[{"@type":"WebPage","@id":"https:\/\/iaec2026granollers.com\/congres-aice\/presentacio-dexperiencies__trashed\/criteris-de-seleccio\/","url":"https:\/\/iaec2026granollers.com\/congres-aice\/presentacio-dexperiencies__trashed\/criteris-de-seleccio\/","name":"Crit\u00e8res de s\u00e9lection - IAEC 2026 Granollers","isPartOf":{"@id":"https:\/\/iaec2026granollers.com\/#website"},"datePublished":"2025-09-01T13:07:06+00:00","dateModified":"2025-09-02T08:52:23+00:00","breadcrumb":{"@id":"https:\/\/iaec2026granollers.com\/congres-aice\/presentacio-dexperiencies__trashed\/criteris-de-seleccio\/#breadcrumb"},"inLanguage":"fr-FR","potentialAction":[{"@type":"ReadAction","target":["https:\/\/iaec2026granollers.com\/congres-aice\/presentacio-dexperiencies__trashed\/criteris-de-seleccio\/"]}]},{"@type":"BreadcrumbList","@id":"https:\/\/iaec2026granollers.com\/congres-aice\/presentacio-dexperiencies__trashed\/criteris-de-seleccio\/#breadcrumb","itemListElement":[{"@type":"ListItem","position":1,"name":"Inici","item":"https:\/\/iaec2026granollers.com\/"},{"@type":"ListItem","position":2,"name":"Congr\u00e9s AICE","item":"https:\/\/iaec2026granollers.com\/congres-aice\/"},{"@type":"ListItem","position":3,"name":"Criteris de selecci\u00f3"}]},{"@type":"WebSite","@id":"https:\/\/iaec2026granollers.com\/#website","url":"https:\/\/iaec2026granollers.com\/","name":"IAEC 2026 Granollers","description":"","potentialAction":[{"@type":"SearchAction","target":{"@type":"EntryPoint","urlTemplate":"https:\/\/iaec2026granollers.com\/?s={search_term_string}"},"query-input":{"@type":"PropertyValueSpecification","valueRequired":true,"valueName":"search_term_string"}}],"inLanguage":"fr-FR"}]}},"_links":{"self":[{"href":"https:\/\/iaec2026granollers.com\/fr\/wp-json\/wp\/v2\/pages\/2815","targetHints":{"allow":["GET"]}}],"collection":[{"href":"https:\/\/iaec2026granollers.com\/fr\/wp-json\/wp\/v2\/pages"}],"about":[{"href":"https:\/\/iaec2026granollers.com\/fr\/wp-json\/wp\/v2\/types\/page"}],"author":[{"embeddable":true,"href":"https:\/\/iaec2026granollers.com\/fr\/wp-json\/wp\/v2\/users\/1"}],"replies":[{"embeddable":true,"href":"https:\/\/iaec2026granollers.com\/fr\/wp-json\/wp\/v2\/comments?post=2815"}],"version-history":[{"count":6,"href":"https:\/\/iaec2026granollers.com\/fr\/wp-json\/wp\/v2\/pages\/2815\/revisions"}],"predecessor-version":[{"id":2833,"href":"https:\/\/iaec2026granollers.com\/fr\/wp-json\/wp\/v2\/pages\/2815\/revisions\/2833"}],"up":[{"embeddable":true,"href":"https:\/\/iaec2026granollers.com\/fr\/wp-json\/wp\/v2\/pages\/1289"}],"wp:attachment":[{"href":"https:\/\/iaec2026granollers.com\/fr\/wp-json\/wp\/v2\/media?parent=2815"}],"curies":[{"name":"wp","href":"https:\/\/api.w.org\/{rel}","templated":true}]}}