{"id":2847,"date":"2025-09-02T12:27:34","date_gmt":"2025-09-02T11:27:34","guid":{"rendered":"https:\/\/iaec2026granollers.com\/?page_id=2847"},"modified":"2026-01-23T13:55:41","modified_gmt":"2026-01-23T12:55:41","slug":"john-a-powell","status":"publish","type":"page","link":"https:\/\/iaec2026granollers.com\/fr\/congres-aice\/ponents\/john-a-powell\/","title":{"rendered":"John A. Powell"},"content":{"rendered":"<p>John A. Powell (\u00e9crit en minuscules \u00e0 la demande de l'orateur) est <strong>enseignante et militante<\/strong>\u00a0reconnu pour ses travaux sur les droits civiques et les libert\u00e9s, le racisme structurel, le logement, la pauvret\u00e9 et la d\u00e9mocratie. Il est actuellement directeur de\u00a0<a href=\"https:\/\/belonging.berkeley.edu\/\">l&#039;Institut de l&#039;alt\u00e9rit\u00e9 et de l&#039;appartenance de l&#039;Universit\u00e9 de Californie<\/a>, \u00e0 Berkeley, o\u00f9 il enseigne \u00e9galement le droit et les \u00e9tudes afro-am\u00e9ricaines.<\/p>\n<p>Powell est connu pour sa th\u00e9orie de l&#039;alt\u00e9rit\u00e9, qui d\u00e9crit le processus de marginalisation des groupes sociaux. Il soutient que ce ph\u00e9nom\u00e8ne est l&#039;une des principales causes de\u00a0<strong>racisme structurel<\/strong> et les in\u00e9galit\u00e9s sociales, et que pour les surmonter, il est essentiel de cr\u00e9er un sentiment d&#039;appartenance partag\u00e9e o\u00f9 chacun se sent inclus et valoris\u00e9.<\/p>\n<p>Powell estime qu'une soci\u00e9t\u00e9 juste ne peut exister que lorsque les personnes de toutes races, ethnies et origines sociales se sentent accept\u00e9es et int\u00e9gr\u00e9es dans la communaut\u00e9. Ce concept d'appartenance ne concerne pas seulement l'inclusion sociale, mais aussi la n\u00e9cessit\u00e9 de<strong>\u00a0respecter et c\u00e9l\u00e9brer les diff\u00e9rences<\/strong>.<\/p>\n<p>En plus de ses travaux universitaires, il a travaill\u00e9 comme consultant international, collaborant avec\u00a0<strong>les gouvernements du monde entier<\/strong>\u00a0et les organisations internationales. Son \u0153uvre la plus connue,\u00a0<i>Course vers la justice<\/i>, Il explore comment transformer les conceptions de l'identit\u00e9 et de l'autre afin de cr\u00e9er une soci\u00e9t\u00e9 plus inclusive.<\/p>\n<h4>\u0152uvres pr\u00e9sent\u00e9es<\/h4>\n<p data-start=\"379\" data-end=\"711\"><strong>La course vers la justice : transformer notre conception de soi et de l'autre pour b\u00e2tir une soci\u00e9t\u00e9 inclusive.<\/strong> L'un de ses livres les plus connus, dans lequel Powell d\u00e9veloppe une critique approfondie des concepts dominants de race, d'identit\u00e9 et d'injustice, et propose des moyens de construire des communaut\u00e9s plus inclusives.<\/p>\n<p data-start=\"716\" data-end=\"994\"><strong>Appartenir sans exclure : comment nous nous sauvons nous-m\u00eames et sauvons le monde <\/strong>(co-auteur avec Stephen Menendian). Une publication r\u00e9cente et tr\u00e8s cit\u00e9e qui articule le concept d'appartenance (<em data-start=\"892\" data-end=\"903\">appartenance<\/em>) comme alternative active \u00e0 l'exclusion (<em data-start=\"944\" data-end=\"954\">alt\u00e9risation<\/em>).<\/p>\n<p data-start=\"716\" data-end=\"994\"><strong>Le pouvoir du rapprochement : <\/strong><strong>Comment construire un monde o\u00f9 nous avons tous notre place.<\/strong> Un ouvrage dans lequel Powell applique ses cadres th\u00e9oriques \u00e0 la pratique consistant \u00e0 \u00e9tablir des ponts entre les diff\u00e9rences sociales et id\u00e9ologiques.<\/p>\n<p>&nbsp;<\/p>","protected":false},"excerpt":{"rendered":"<p>john a. powell (escrit en min\u00fascules per desig del propi ponent) \u00e9s professor i activista\u00a0reconegut en drets i llibertats civils, racisme estructural, habitatge, pobresa i democr\u00e0cia. Actualment, \u00e9s director de\u00a0l\u2019Institut d\u2019Alteritat i Pertinen\u00e7a de la Universitat de Calif\u00f2rnia, a Berkeley, on tamb\u00e9 ensenya Dret i Estudis Afroamericans. powell \u00e9s conegut per la seva teoria de [&hellip;]<\/p>","protected":false},"author":1,"featured_media":3065,"parent":2311,"menu_order":29,"comment_status":"closed","ping_status":"closed","template":"page-ponents.php","meta":{"_acf_changed":false,"footnotes":""},"class_list":["post-2847","page","type-page","status-publish","has-post-thumbnail","hentry"],"acf":[],"yoast_head":"<!-- This site is optimized with the Yoast SEO plugin v26.6 - https:\/\/yoast.com\/wordpress\/plugins\/seo\/ -->\n<title>john a. powell - IAEC 2026 Granollers<\/title>\n<meta name=\"robots\" content=\"index, follow, max-snippet:-1, max-image-preview:large, max-video-preview:-1\" \/>\n<link rel=\"canonical\" href=\"https:\/\/iaec2026granollers.com\/fr\/congres-aice\/ponents\/john-a-powell\/\" \/>\n<meta property=\"og:locale\" content=\"fr_FR\" \/>\n<meta property=\"og:type\" content=\"article\" \/>\n<meta property=\"og:title\" content=\"john a. powell - IAEC 2026 Granollers\" \/>\n<meta property=\"og:description\" content=\"john a. powell (escrit en min\u00fascules per desig del propi ponent) \u00e9s professor i activista\u00a0reconegut en drets i llibertats civils, racisme estructural, habitatge, pobresa i democr\u00e0cia. Actualment, \u00e9s director de\u00a0l\u2019Institut d\u2019Alteritat i Pertinen\u00e7a de la Universitat de Calif\u00f2rnia, a Berkeley, on tamb\u00e9 ensenya Dret i Estudis Afroamericans. powell \u00e9s conegut per la seva teoria de [&hellip;]\" \/>\n<meta property=\"og:url\" content=\"https:\/\/iaec2026granollers.com\/fr\/congres-aice\/ponents\/john-a-powell\/\" \/>\n<meta property=\"og:site_name\" content=\"IAEC 2026 Granollers\" \/>\n<meta property=\"article:modified_time\" content=\"2026-01-23T12:55:41+00:00\" \/>\n<meta property=\"og:image\" content=\"https:\/\/iaec2026granollers.com\/wp-content\/uploads\/2025\/12\/Powell-IMG_5349-1.jpg\" \/>\n\t<meta property=\"og:image:width\" content=\"800\" \/>\n\t<meta property=\"og:image:height\" content=\"1200\" \/>\n\t<meta property=\"og:image:type\" content=\"image\/jpeg\" \/>\n<meta name=\"twitter:card\" content=\"summary_large_image\" \/>\n<meta name=\"twitter:label1\" content=\"Dur\u00e9e de lecture estim\u00e9e\" \/>\n\t<meta name=\"twitter:data1\" content=\"2 minutes\" \/>\n<script type=\"application\/ld+json\" class=\"yoast-schema-graph\">{\"@context\":\"https:\/\/schema.org\",\"@graph\":[{\"@type\":\"WebPage\",\"@id\":\"https:\/\/iaec2026granollers.com\/congres-aice\/ponents\/john-a-powell\/\",\"url\":\"https:\/\/iaec2026granollers.com\/congres-aice\/ponents\/john-a-powell\/\",\"name\":\"john a. powell - IAEC 2026 Granollers\",\"isPartOf\":{\"@id\":\"https:\/\/iaec2026granollers.com\/#website\"},\"primaryImageOfPage\":{\"@id\":\"https:\/\/iaec2026granollers.com\/congres-aice\/ponents\/john-a-powell\/#primaryimage\"},\"image\":{\"@id\":\"https:\/\/iaec2026granollers.com\/congres-aice\/ponents\/john-a-powell\/#primaryimage\"},\"thumbnailUrl\":\"https:\/\/iaec2026granollers.com\/wp-content\/uploads\/2025\/12\/Powell-IMG_5349-1.jpg\",\"datePublished\":\"2025-09-02T11:27:34+00:00\",\"dateModified\":\"2026-01-23T12:55:41+00:00\",\"breadcrumb\":{\"@id\":\"https:\/\/iaec2026granollers.com\/congres-aice\/ponents\/john-a-powell\/#breadcrumb\"},\"inLanguage\":\"fr-FR\",\"potentialAction\":[{\"@type\":\"ReadAction\",\"target\":[\"https:\/\/iaec2026granollers.com\/congres-aice\/ponents\/john-a-powell\/\"]}]},{\"@type\":\"ImageObject\",\"inLanguage\":\"fr-FR\",\"@id\":\"https:\/\/iaec2026granollers.com\/congres-aice\/ponents\/john-a-powell\/#primaryimage\",\"url\":\"https:\/\/iaec2026granollers.com\/wp-content\/uploads\/2025\/12\/Powell-IMG_5349-1.jpg\",\"contentUrl\":\"https:\/\/iaec2026granollers.com\/wp-content\/uploads\/2025\/12\/Powell-IMG_5349-1.jpg\",\"width\":800,\"height\":1200,\"caption\":\"john a. powell\"},{\"@type\":\"BreadcrumbList\",\"@id\":\"https:\/\/iaec2026granollers.com\/congres-aice\/ponents\/john-a-powell\/#breadcrumb\",\"itemListElement\":[{\"@type\":\"ListItem\",\"position\":1,\"name\":\"Inici\",\"item\":\"https:\/\/iaec2026granollers.com\/\"},{\"@type\":\"ListItem\",\"position\":2,\"name\":\"Congr\u00e9s AICE\",\"item\":\"https:\/\/iaec2026granollers.com\/congres-aice\/\"},{\"@type\":\"ListItem\",\"position\":3,\"name\":\"Ponents\",\"item\":\"https:\/\/iaec2026granollers.com\/congres-aice\/ponents\/\"},{\"@type\":\"ListItem\",\"position\":4,\"name\":\"john a. powell\"}]},{\"@type\":\"WebSite\",\"@id\":\"https:\/\/iaec2026granollers.com\/#website\",\"url\":\"https:\/\/iaec2026granollers.com\/\",\"name\":\"IAEC 2026 Granollers\",\"description\":\"\",\"potentialAction\":[{\"@type\":\"SearchAction\",\"target\":{\"@type\":\"EntryPoint\",\"urlTemplate\":\"https:\/\/iaec2026granollers.com\/?s={search_term_string}\"},\"query-input\":{\"@type\":\"PropertyValueSpecification\",\"valueRequired\":true,\"valueName\":\"search_term_string\"}}],\"inLanguage\":\"fr-FR\"}]}<\/script>\n<!-- \/ Yoast SEO plugin. -->","yoast_head_json":{"title":"john a. powell - IAEC 2026 Granollers","robots":{"index":"index","follow":"follow","max-snippet":"max-snippet:-1","max-image-preview":"max-image-preview:large","max-video-preview":"max-video-preview:-1"},"canonical":"https:\/\/iaec2026granollers.com\/fr\/congres-aice\/ponents\/john-a-powell\/","og_locale":"fr_FR","og_type":"article","og_title":"john a. powell - IAEC 2026 Granollers","og_description":"john a. powell (escrit en min\u00fascules per desig del propi ponent) \u00e9s professor i activista\u00a0reconegut en drets i llibertats civils, racisme estructural, habitatge, pobresa i democr\u00e0cia. Actualment, \u00e9s director de\u00a0l\u2019Institut d\u2019Alteritat i Pertinen\u00e7a de la Universitat de Calif\u00f2rnia, a Berkeley, on tamb\u00e9 ensenya Dret i Estudis Afroamericans. powell \u00e9s conegut per la seva teoria de [&hellip;]","og_url":"https:\/\/iaec2026granollers.com\/fr\/congres-aice\/ponents\/john-a-powell\/","og_site_name":"IAEC 2026 Granollers","article_modified_time":"2026-01-23T12:55:41+00:00","og_image":[{"width":800,"height":1200,"url":"https:\/\/iaec2026granollers.com\/wp-content\/uploads\/2025\/12\/Powell-IMG_5349-1.jpg","type":"image\/jpeg"}],"twitter_card":"summary_large_image","twitter_misc":{"Dur\u00e9e de lecture estim\u00e9e":"2 minutes"},"schema":{"@context":"https:\/\/schema.org","@graph":[{"@type":"WebPage","@id":"https:\/\/iaec2026granollers.com\/congres-aice\/ponents\/john-a-powell\/","url":"https:\/\/iaec2026granollers.com\/congres-aice\/ponents\/john-a-powell\/","name":"john a. powell - IAEC 2026 Granollers","isPartOf":{"@id":"https:\/\/iaec2026granollers.com\/#website"},"primaryImageOfPage":{"@id":"https:\/\/iaec2026granollers.com\/congres-aice\/ponents\/john-a-powell\/#primaryimage"},"image":{"@id":"https:\/\/iaec2026granollers.com\/congres-aice\/ponents\/john-a-powell\/#primaryimage"},"thumbnailUrl":"https:\/\/iaec2026granollers.com\/wp-content\/uploads\/2025\/12\/Powell-IMG_5349-1.jpg","datePublished":"2025-09-02T11:27:34+00:00","dateModified":"2026-01-23T12:55:41+00:00","breadcrumb":{"@id":"https:\/\/iaec2026granollers.com\/congres-aice\/ponents\/john-a-powell\/#breadcrumb"},"inLanguage":"fr-FR","potentialAction":[{"@type":"ReadAction","target":["https:\/\/iaec2026granollers.com\/congres-aice\/ponents\/john-a-powell\/"]}]},{"@type":"ImageObject","inLanguage":"fr-FR","@id":"https:\/\/iaec2026granollers.com\/congres-aice\/ponents\/john-a-powell\/#primaryimage","url":"https:\/\/iaec2026granollers.com\/wp-content\/uploads\/2025\/12\/Powell-IMG_5349-1.jpg","contentUrl":"https:\/\/iaec2026granollers.com\/wp-content\/uploads\/2025\/12\/Powell-IMG_5349-1.jpg","width":800,"height":1200,"caption":"john a. powell"},{"@type":"BreadcrumbList","@id":"https:\/\/iaec2026granollers.com\/congres-aice\/ponents\/john-a-powell\/#breadcrumb","itemListElement":[{"@type":"ListItem","position":1,"name":"Inici","item":"https:\/\/iaec2026granollers.com\/"},{"@type":"ListItem","position":2,"name":"Congr\u00e9s AICE","item":"https:\/\/iaec2026granollers.com\/congres-aice\/"},{"@type":"ListItem","position":3,"name":"Ponents","item":"https:\/\/iaec2026granollers.com\/congres-aice\/ponents\/"},{"@type":"ListItem","position":4,"name":"john a. powell"}]},{"@type":"WebSite","@id":"https:\/\/iaec2026granollers.com\/#website","url":"https:\/\/iaec2026granollers.com\/","name":"IAEC 2026 Granollers","description":"","potentialAction":[{"@type":"SearchAction","target":{"@type":"EntryPoint","urlTemplate":"https:\/\/iaec2026granollers.com\/?s={search_term_string}"},"query-input":{"@type":"PropertyValueSpecification","valueRequired":true,"valueName":"search_term_string"}}],"inLanguage":"fr-FR"}]}},"_links":{"self":[{"href":"https:\/\/iaec2026granollers.com\/fr\/wp-json\/wp\/v2\/pages\/2847","targetHints":{"allow":["GET"]}}],"collection":[{"href":"https:\/\/iaec2026granollers.com\/fr\/wp-json\/wp\/v2\/pages"}],"about":[{"href":"https:\/\/iaec2026granollers.com\/fr\/wp-json\/wp\/v2\/types\/page"}],"author":[{"embeddable":true,"href":"https:\/\/iaec2026granollers.com\/fr\/wp-json\/wp\/v2\/users\/1"}],"replies":[{"embeddable":true,"href":"https:\/\/iaec2026granollers.com\/fr\/wp-json\/wp\/v2\/comments?post=2847"}],"version-history":[{"count":19,"href":"https:\/\/iaec2026granollers.com\/fr\/wp-json\/wp\/v2\/pages\/2847\/revisions"}],"predecessor-version":[{"id":3139,"href":"https:\/\/iaec2026granollers.com\/fr\/wp-json\/wp\/v2\/pages\/2847\/revisions\/3139"}],"up":[{"embeddable":true,"href":"https:\/\/iaec2026granollers.com\/fr\/wp-json\/wp\/v2\/pages\/2311"}],"wp:featuredmedia":[{"embeddable":true,"href":"https:\/\/iaec2026granollers.com\/fr\/wp-json\/wp\/v2\/media\/3065"}],"wp:attachment":[{"href":"https:\/\/iaec2026granollers.com\/fr\/wp-json\/wp\/v2\/media?parent=2847"}],"curies":[{"name":"wp","href":"https:\/\/api.w.org\/{rel}","templated":true}]}}