{"id":3173,"date":"2026-01-26T13:26:32","date_gmt":"2026-01-26T12:26:32","guid":{"rendered":"https:\/\/iaec2026granollers.com\/?page_id=3173"},"modified":"2026-03-31T12:36:43","modified_gmt":"2026-03-31T11:36:43","slug":"angelica-dass","status":"publish","type":"page","link":"https:\/\/iaec2026granollers.com\/fr\/congres-aice\/ponents\/angelica-dass\/","title":{"rendered":"Ang\u00e9lique Dass"},"content":{"rendered":"<p align=\"left\">Ang\u00e9lica Dass est une photographe hispano-br\u00e9silienne qui <strong>allie image, recherche et participation sociale<\/strong> Elle d\u00e9fend les droits humains. Elle est la cr\u00e9atrice du projet Human\u00e6, une s\u00e9rie photographique \u00e9volutive qui c\u00e9l\u00e8bre la diversit\u00e9 des couleurs humaines et constitue un manifeste visuel contre le racisme.<\/p>\n<p align=\"left\">Ses \u0153uvres ont \u00e9t\u00e9 expos\u00e9es dans des lieux tels que le Forum \u00e9conomique mondial, les Nations Unies et le Mus\u00e9e am\u00e9ricain d&#039;histoire naturelle. Au-del\u00e0 des mus\u00e9es, <strong>leur travail comporte une forte composante \u00e9ducative<\/strong>. Il a d\u00e9velopp\u00e9 des projets avec des institutions du monde entier, ayant un impact sur des milliers d&#039;\u00e9tudiants.<\/p>\n<p align=\"left\">En 2021, il a publi\u00e9 *The Colors We Share* avec Aperture, accompagn\u00e9 d&#039;un guide p\u00e9dagogique qui est actuellement disponible. <strong>mis en \u0153uvre dans les \u00e9coles aux \u00c9tats-Unis<\/strong>. Elle est \u00e9galement une conf\u00e9renci\u00e8re de renom, ayant donn\u00e9 des conf\u00e9rences \u00e0 TED, \u00e0 la Tate Modern, \u00e0 l&#039;Universit\u00e9 de Salamanque et au Forum \u00e9conomique mondial.<\/p>\n<h4 align=\"left\"><span lang=\"ca-ES\">\u0152uvres pr\u00e9sent\u00e9es<\/span><\/h4>\n<p align=\"left\"><strong>Humanae, Les couleurs que nous partageons.<\/strong> \u00c0 travers des portraits de personnes du monde entier, ce livre c\u00e9l\u00e8bre la diversit\u00e9 humaine et remet en question les cat\u00e9gories rigides de \u201c\u00a0race\u00a0\u201d que nous utilisons souvent pour nous d\u00e9crire. Il invite les lecteurs \u00e0 regarder, \u00e0 s\u2019interroger et \u00e0 repenser leur regard sur eux-m\u00eames et sur les autres.<\/p>\n<p align=\"left\"><strong>#SAYQM \u2013 Je suis un adolescent, quoi d&#039;autre ?<\/strong> \u00c0 travers des portraits, des textes et des images, cet ouvrage donne la parole aux adolescents et leur point de vue, les pla\u00e7ant au c\u0153ur de l&#039;exploration de la complexit\u00e9 de l&#039;adolescence et de leur identit\u00e9. Il d\u00e9voile leurs r\u00e9flexions, leurs \u00e9motions et leurs interrogations sur qui ils sont et ce que signifie \u00eatre jeune aujourd&#039;hui.<\/p>\n<p align=\"left\">","protected":false},"excerpt":{"rendered":"<p>Ang\u00e9lica Dass \u00e9s una fot\u00f2grafa hispanobrasilera que combina imatge, recerca i participaci\u00f3 social per defensar els drets humans. \u00c9s la creadora del projecte Human\u00e6, una s\u00e8rie fotogr\u00e0fica en evoluci\u00f3 que celebra la diversitat del color hum\u00e0 i actua com un manifest visual contra el racisme. La seva obra ha estat exposada en espais com el [&hellip;]<\/p>","protected":false},"author":1,"featured_media":3334,"parent":2311,"menu_order":38,"comment_status":"closed","ping_status":"closed","template":"page-ponents.php","meta":{"_acf_changed":false,"footnotes":""},"class_list":["post-3173","page","type-page","status-publish","has-post-thumbnail","hentry"],"acf":[],"yoast_head":"<!-- This site is optimized with the Yoast SEO plugin v26.6 - https:\/\/yoast.com\/wordpress\/plugins\/seo\/ -->\n<title>Ang\u00e9lica Dass - IAEC 2026 Granollers<\/title>\n<meta name=\"robots\" content=\"index, follow, max-snippet:-1, max-image-preview:large, max-video-preview:-1\" \/>\n<link rel=\"canonical\" href=\"https:\/\/iaec2026granollers.com\/fr\/congres-aice\/ponents\/angelica-dass\/\" \/>\n<meta property=\"og:locale\" content=\"fr_FR\" \/>\n<meta property=\"og:type\" content=\"article\" \/>\n<meta property=\"og:title\" content=\"Ang\u00e9lica Dass - IAEC 2026 Granollers\" \/>\n<meta property=\"og:description\" content=\"Ang\u00e9lica Dass \u00e9s una fot\u00f2grafa hispanobrasilera que combina imatge, recerca i participaci\u00f3 social per defensar els drets humans. \u00c9s la creadora del projecte Human\u00e6, una s\u00e8rie fotogr\u00e0fica en evoluci\u00f3 que celebra la diversitat del color hum\u00e0 i actua com un manifest visual contra el racisme. La seva obra ha estat exposada en espais com el [&hellip;]\" \/>\n<meta property=\"og:url\" content=\"https:\/\/iaec2026granollers.com\/fr\/congres-aice\/ponents\/angelica-dass\/\" \/>\n<meta property=\"og:site_name\" content=\"IAEC 2026 Granollers\" \/>\n<meta property=\"article:modified_time\" content=\"2026-03-31T11:36:43+00:00\" \/>\n<meta property=\"og:image\" content=\"https:\/\/iaec2026granollers.com\/wp-content\/uploads\/2026\/02\/angelica-dass-amb-copy.jpg\" \/>\n\t<meta property=\"og:image:width\" content=\"945\" \/>\n\t<meta property=\"og:image:height\" content=\"1453\" \/>\n\t<meta property=\"og:image:type\" content=\"image\/jpeg\" \/>\n<meta name=\"twitter:card\" content=\"summary_large_image\" \/>\n<meta name=\"twitter:label1\" content=\"Dur\u00e9e de lecture estim\u00e9e\" \/>\n\t<meta name=\"twitter:data1\" content=\"2 minutes\" \/>\n<script type=\"application\/ld+json\" class=\"yoast-schema-graph\">{\"@context\":\"https:\/\/schema.org\",\"@graph\":[{\"@type\":\"WebPage\",\"@id\":\"https:\/\/iaec2026granollers.com\/congres-aice\/ponents\/angelica-dass\/\",\"url\":\"https:\/\/iaec2026granollers.com\/congres-aice\/ponents\/angelica-dass\/\",\"name\":\"Ang\u00e9lica Dass - IAEC 2026 Granollers\",\"isPartOf\":{\"@id\":\"https:\/\/iaec2026granollers.com\/#website\"},\"primaryImageOfPage\":{\"@id\":\"https:\/\/iaec2026granollers.com\/congres-aice\/ponents\/angelica-dass\/#primaryimage\"},\"image\":{\"@id\":\"https:\/\/iaec2026granollers.com\/congres-aice\/ponents\/angelica-dass\/#primaryimage\"},\"thumbnailUrl\":\"https:\/\/iaec2026granollers.com\/wp-content\/uploads\/2026\/02\/angelica-dass-amb-copy.jpg\",\"datePublished\":\"2026-01-26T12:26:32+00:00\",\"dateModified\":\"2026-03-31T11:36:43+00:00\",\"breadcrumb\":{\"@id\":\"https:\/\/iaec2026granollers.com\/congres-aice\/ponents\/angelica-dass\/#breadcrumb\"},\"inLanguage\":\"fr-FR\",\"potentialAction\":[{\"@type\":\"ReadAction\",\"target\":[\"https:\/\/iaec2026granollers.com\/congres-aice\/ponents\/angelica-dass\/\"]}]},{\"@type\":\"ImageObject\",\"inLanguage\":\"fr-FR\",\"@id\":\"https:\/\/iaec2026granollers.com\/congres-aice\/ponents\/angelica-dass\/#primaryimage\",\"url\":\"https:\/\/iaec2026granollers.com\/wp-content\/uploads\/2026\/02\/angelica-dass-amb-copy.jpg\",\"contentUrl\":\"https:\/\/iaec2026granollers.com\/wp-content\/uploads\/2026\/02\/angelica-dass-amb-copy.jpg\",\"width\":945,\"height\":1453},{\"@type\":\"BreadcrumbList\",\"@id\":\"https:\/\/iaec2026granollers.com\/congres-aice\/ponents\/angelica-dass\/#breadcrumb\",\"itemListElement\":[{\"@type\":\"ListItem\",\"position\":1,\"name\":\"Inici\",\"item\":\"https:\/\/iaec2026granollers.com\/\"},{\"@type\":\"ListItem\",\"position\":2,\"name\":\"Congr\u00e9s AICE\",\"item\":\"https:\/\/iaec2026granollers.com\/congres-aice\/\"},{\"@type\":\"ListItem\",\"position\":3,\"name\":\"Ponents\",\"item\":\"https:\/\/iaec2026granollers.com\/congres-aice\/ponents\/\"},{\"@type\":\"ListItem\",\"position\":4,\"name\":\"Ang\u00e9lica Dass\"}]},{\"@type\":\"WebSite\",\"@id\":\"https:\/\/iaec2026granollers.com\/#website\",\"url\":\"https:\/\/iaec2026granollers.com\/\",\"name\":\"IAEC 2026 Granollers\",\"description\":\"\",\"potentialAction\":[{\"@type\":\"SearchAction\",\"target\":{\"@type\":\"EntryPoint\",\"urlTemplate\":\"https:\/\/iaec2026granollers.com\/?s={search_term_string}\"},\"query-input\":{\"@type\":\"PropertyValueSpecification\",\"valueRequired\":true,\"valueName\":\"search_term_string\"}}],\"inLanguage\":\"fr-FR\"}]}<\/script>\n<!-- \/ Yoast SEO plugin. -->","yoast_head_json":{"title":"Ang\u00e9lica Dass - IAEC 2026 Granollers","robots":{"index":"index","follow":"follow","max-snippet":"max-snippet:-1","max-image-preview":"max-image-preview:large","max-video-preview":"max-video-preview:-1"},"canonical":"https:\/\/iaec2026granollers.com\/fr\/congres-aice\/ponents\/angelica-dass\/","og_locale":"fr_FR","og_type":"article","og_title":"Ang\u00e9lica Dass - IAEC 2026 Granollers","og_description":"Ang\u00e9lica Dass \u00e9s una fot\u00f2grafa hispanobrasilera que combina imatge, recerca i participaci\u00f3 social per defensar els drets humans. \u00c9s la creadora del projecte Human\u00e6, una s\u00e8rie fotogr\u00e0fica en evoluci\u00f3 que celebra la diversitat del color hum\u00e0 i actua com un manifest visual contra el racisme. La seva obra ha estat exposada en espais com el [&hellip;]","og_url":"https:\/\/iaec2026granollers.com\/fr\/congres-aice\/ponents\/angelica-dass\/","og_site_name":"IAEC 2026 Granollers","article_modified_time":"2026-03-31T11:36:43+00:00","og_image":[{"width":945,"height":1453,"url":"https:\/\/iaec2026granollers.com\/wp-content\/uploads\/2026\/02\/angelica-dass-amb-copy.jpg","type":"image\/jpeg"}],"twitter_card":"summary_large_image","twitter_misc":{"Dur\u00e9e de lecture estim\u00e9e":"2 minutes"},"schema":{"@context":"https:\/\/schema.org","@graph":[{"@type":"WebPage","@id":"https:\/\/iaec2026granollers.com\/congres-aice\/ponents\/angelica-dass\/","url":"https:\/\/iaec2026granollers.com\/congres-aice\/ponents\/angelica-dass\/","name":"Ang\u00e9lica Dass - IAEC 2026 Granollers","isPartOf":{"@id":"https:\/\/iaec2026granollers.com\/#website"},"primaryImageOfPage":{"@id":"https:\/\/iaec2026granollers.com\/congres-aice\/ponents\/angelica-dass\/#primaryimage"},"image":{"@id":"https:\/\/iaec2026granollers.com\/congres-aice\/ponents\/angelica-dass\/#primaryimage"},"thumbnailUrl":"https:\/\/iaec2026granollers.com\/wp-content\/uploads\/2026\/02\/angelica-dass-amb-copy.jpg","datePublished":"2026-01-26T12:26:32+00:00","dateModified":"2026-03-31T11:36:43+00:00","breadcrumb":{"@id":"https:\/\/iaec2026granollers.com\/congres-aice\/ponents\/angelica-dass\/#breadcrumb"},"inLanguage":"fr-FR","potentialAction":[{"@type":"ReadAction","target":["https:\/\/iaec2026granollers.com\/congres-aice\/ponents\/angelica-dass\/"]}]},{"@type":"ImageObject","inLanguage":"fr-FR","@id":"https:\/\/iaec2026granollers.com\/congres-aice\/ponents\/angelica-dass\/#primaryimage","url":"https:\/\/iaec2026granollers.com\/wp-content\/uploads\/2026\/02\/angelica-dass-amb-copy.jpg","contentUrl":"https:\/\/iaec2026granollers.com\/wp-content\/uploads\/2026\/02\/angelica-dass-amb-copy.jpg","width":945,"height":1453},{"@type":"BreadcrumbList","@id":"https:\/\/iaec2026granollers.com\/congres-aice\/ponents\/angelica-dass\/#breadcrumb","itemListElement":[{"@type":"ListItem","position":1,"name":"Inici","item":"https:\/\/iaec2026granollers.com\/"},{"@type":"ListItem","position":2,"name":"Congr\u00e9s AICE","item":"https:\/\/iaec2026granollers.com\/congres-aice\/"},{"@type":"ListItem","position":3,"name":"Ponents","item":"https:\/\/iaec2026granollers.com\/congres-aice\/ponents\/"},{"@type":"ListItem","position":4,"name":"Ang\u00e9lica Dass"}]},{"@type":"WebSite","@id":"https:\/\/iaec2026granollers.com\/#website","url":"https:\/\/iaec2026granollers.com\/","name":"IAEC 2026 Granollers","description":"","potentialAction":[{"@type":"SearchAction","target":{"@type":"EntryPoint","urlTemplate":"https:\/\/iaec2026granollers.com\/?s={search_term_string}"},"query-input":{"@type":"PropertyValueSpecification","valueRequired":true,"valueName":"search_term_string"}}],"inLanguage":"fr-FR"}]}},"_links":{"self":[{"href":"https:\/\/iaec2026granollers.com\/fr\/wp-json\/wp\/v2\/pages\/3173","targetHints":{"allow":["GET"]}}],"collection":[{"href":"https:\/\/iaec2026granollers.com\/fr\/wp-json\/wp\/v2\/pages"}],"about":[{"href":"https:\/\/iaec2026granollers.com\/fr\/wp-json\/wp\/v2\/types\/page"}],"author":[{"embeddable":true,"href":"https:\/\/iaec2026granollers.com\/fr\/wp-json\/wp\/v2\/users\/1"}],"replies":[{"embeddable":true,"href":"https:\/\/iaec2026granollers.com\/fr\/wp-json\/wp\/v2\/comments?post=3173"}],"version-history":[{"count":12,"href":"https:\/\/iaec2026granollers.com\/fr\/wp-json\/wp\/v2\/pages\/3173\/revisions"}],"predecessor-version":[{"id":3438,"href":"https:\/\/iaec2026granollers.com\/fr\/wp-json\/wp\/v2\/pages\/3173\/revisions\/3438"}],"up":[{"embeddable":true,"href":"https:\/\/iaec2026granollers.com\/fr\/wp-json\/wp\/v2\/pages\/2311"}],"wp:featuredmedia":[{"embeddable":true,"href":"https:\/\/iaec2026granollers.com\/fr\/wp-json\/wp\/v2\/media\/3334"}],"wp:attachment":[{"href":"https:\/\/iaec2026granollers.com\/fr\/wp-json\/wp\/v2\/media?parent=3173"}],"curies":[{"name":"wp","href":"https:\/\/api.w.org\/{rel}","templated":true}]}}