{"id":3177,"date":"2026-01-26T13:33:15","date_gmt":"2026-01-26T12:33:15","guid":{"rendered":"https:\/\/iaec2026granollers.com\/?page_id=3177"},"modified":"2026-02-02T17:03:11","modified_gmt":"2026-02-02T16:03:11","slug":"souleymane-bachir","status":"publish","type":"page","link":"https:\/\/iaec2026granollers.com\/fr\/congres-aice\/ponents\/souleymane-bachir\/","title":{"rendered":"Souleymane Bachir"},"content":{"rendered":"<p align=\"left\"><span lang=\"ca-ES\">Souleymane Bachir est un <strong>philosophe et enseignant<\/strong> Universit\u00e9 s\u00e9n\u00e9galaise, reconnue comme l&#039;une des principales r\u00e9f\u00e9rences mondiales en <strong>\u00e9tudes postcoloniales<\/strong>. Ses travaux couvrent un large \u00e9ventail de domaines, tels que l&#039;histoire de la logique et des math\u00e9matiques, l&#039;\u00e9pist\u00e9mologie, la philosophie islamique, l&#039;histoire des sciences et les philosophies et litt\u00e9ratures africaines.<\/span><\/p>\n<p align=\"left\"><span lang=\"ca-ES\">Il fut le premier S\u00e9n\u00e9galais admis \u00e0 la\u2019<a href=\"https:\/\/www.ens.psl.eu\/\">Ecole Normale Sup\u00e9rieure de Paris<\/a> et a obtenu son doctorat en philosophie en 1988. Il a men\u00e9 une brillante carri\u00e8re universitaire en tant que professeur dans des universit\u00e9s de Dakar, de l&#039;Illinois et de New York, o\u00f9 il dirige le\u2019<strong>Institut d&#039;\u00e9tudes africaines<\/strong>.<\/span><\/p>\n<p align=\"left\"><span lang=\"ca-ES\">Il est l&#039;auteur de nombreux ouvrages de r\u00e9f\u00e9rence, parmi lesquels Bergson Postcolonial se distingue, r\u00e9compens\u00e9 en 2011 par le\u2019<strong>Acad\u00e9mie des sciences morales et politiques<\/strong>, ann\u00e9e o\u00f9 il a \u00e9galement re\u00e7u le prix \u00c9douard Glissant pour l&#039;ensemble de sa carri\u00e8re. Depuis 2019, il est membre de l&#039;Acad\u00e9mie am\u00e9ricaine des arts et des sciences et membre associ\u00e9 de l&#039;Acad\u00e9mie royale des beaux-arts de Belgique.<\/span><\/p>\n<h4 align=\"left\"><span lang=\"ca-ES\">\u0152uvres pr\u00e9sent\u00e9es<\/span><\/h4>\n<p align=\"left\"><span lang=\"ca-ES\"><strong>Ouverts \u00e0 la raison : les philosophes musulmans en dialogue avec la tradition occidentale.<\/strong> \u00c0 travers une lecture approfondie des philosophes musulmans classiques et modernes, Diagne explique la longue histoire de la philosophie dans le monde islamique et sa pertinence pour les questions cl\u00e9s de notre \u00e9poque.<\/span><\/p>\n<p align=\"left\"><span lang=\"ca-ES\"><strong>L&#039;encre des \u00e9rudits : r\u00e9flexions sur la philosophie en Afrique<\/strong>. Ce livre explique les questions que d\u00e9battent aujourd&#039;hui les philosophes africains, en identifiant les principaux th\u00e8mes de la r\u00e9flexion philosophique sur le continent.<\/span><\/p>\n<p align=\"left\"><span lang=\"ca-ES\"><strong>D&#039;une langue \u00e0 l&#039;autre : l&#039;hospitalit\u00e9 de la traduction.<\/strong> R\u00e9flexions dans les domaines de la philosophie interculturelle, des \u00e9tudes de traduction et de la pens\u00e9e postcoloniale.<\/span><\/p>","protected":false},"excerpt":{"rendered":"<p>Souleymane Bachir\u00a0\u00e9s un fil\u00f2sof i professor universitari senegal\u00e8s, reconegut com un dels principals referents mundials dels estudis postcolonials. La seva obra aborda un ampli ventall de camps, com la hist\u00f2ria de la l\u00f2gica i de les matem\u00e0tiques, l\u2019epistemologia, la filosofia isl\u00e0mica, la hist\u00f2ria de la ci\u00e8ncia i les filosofies i literatures africanes. Va ser el [&hellip;]<\/p>","protected":false},"author":1,"featured_media":3178,"parent":2311,"menu_order":35,"comment_status":"closed","ping_status":"closed","template":"page-ponents.php","meta":{"_acf_changed":false,"footnotes":""},"class_list":["post-3177","page","type-page","status-publish","has-post-thumbnail","hentry"],"acf":[],"yoast_head":"<!-- This site is optimized with the Yoast SEO plugin v26.6 - https:\/\/yoast.com\/wordpress\/plugins\/seo\/ -->\n<title>Souleymane Bachir - IAEC 2026 Granollers<\/title>\n<meta name=\"robots\" content=\"index, follow, max-snippet:-1, max-image-preview:large, max-video-preview:-1\" \/>\n<link rel=\"canonical\" href=\"https:\/\/iaec2026granollers.com\/fr\/congres-aice\/ponents\/souleymane-bachir\/\" \/>\n<meta property=\"og:locale\" content=\"fr_FR\" \/>\n<meta property=\"og:type\" content=\"article\" \/>\n<meta property=\"og:title\" content=\"Souleymane Bachir - IAEC 2026 Granollers\" \/>\n<meta property=\"og:description\" content=\"Souleymane Bachir\u00a0\u00e9s un fil\u00f2sof i professor universitari senegal\u00e8s, reconegut com un dels principals referents mundials dels estudis postcolonials. La seva obra aborda un ampli ventall de camps, com la hist\u00f2ria de la l\u00f2gica i de les matem\u00e0tiques, l\u2019epistemologia, la filosofia isl\u00e0mica, la hist\u00f2ria de la ci\u00e8ncia i les filosofies i literatures africanes. Va ser el [&hellip;]\" \/>\n<meta property=\"og:url\" content=\"https:\/\/iaec2026granollers.com\/fr\/congres-aice\/ponents\/souleymane-bachir\/\" \/>\n<meta property=\"og:site_name\" content=\"IAEC 2026 Granollers\" \/>\n<meta property=\"article:modified_time\" content=\"2026-02-02T16:03:11+00:00\" \/>\n<meta property=\"og:image\" content=\"https:\/\/iaec2026granollers.com\/wp-content\/uploads\/2026\/01\/Souleymane_Bachir_Diagne-Strasbourg-Septembre_2018_2-e1769434717355.jpg\" \/>\n\t<meta property=\"og:image:width\" content=\"640\" \/>\n\t<meta property=\"og:image:height\" content=\"717\" \/>\n\t<meta property=\"og:image:type\" content=\"image\/jpeg\" \/>\n<meta name=\"twitter:card\" content=\"summary_large_image\" \/>\n<meta name=\"twitter:label1\" content=\"Dur\u00e9e de lecture estim\u00e9e\" \/>\n\t<meta name=\"twitter:data1\" content=\"2 minutes\" \/>\n<script type=\"application\/ld+json\" class=\"yoast-schema-graph\">{\"@context\":\"https:\/\/schema.org\",\"@graph\":[{\"@type\":\"WebPage\",\"@id\":\"https:\/\/iaec2026granollers.com\/congres-aice\/ponents\/souleymane-bachir\/\",\"url\":\"https:\/\/iaec2026granollers.com\/congres-aice\/ponents\/souleymane-bachir\/\",\"name\":\"Souleymane Bachir - IAEC 2026 Granollers\",\"isPartOf\":{\"@id\":\"https:\/\/iaec2026granollers.com\/#website\"},\"primaryImageOfPage\":{\"@id\":\"https:\/\/iaec2026granollers.com\/congres-aice\/ponents\/souleymane-bachir\/#primaryimage\"},\"image\":{\"@id\":\"https:\/\/iaec2026granollers.com\/congres-aice\/ponents\/souleymane-bachir\/#primaryimage\"},\"thumbnailUrl\":\"https:\/\/iaec2026granollers.com\/wp-content\/uploads\/2026\/01\/Souleymane_Bachir_Diagne-Strasbourg-Septembre_2018_2-e1769434717355.jpg\",\"datePublished\":\"2026-01-26T12:33:15+00:00\",\"dateModified\":\"2026-02-02T16:03:11+00:00\",\"breadcrumb\":{\"@id\":\"https:\/\/iaec2026granollers.com\/congres-aice\/ponents\/souleymane-bachir\/#breadcrumb\"},\"inLanguage\":\"fr-FR\",\"potentialAction\":[{\"@type\":\"ReadAction\",\"target\":[\"https:\/\/iaec2026granollers.com\/congres-aice\/ponents\/souleymane-bachir\/\"]}]},{\"@type\":\"ImageObject\",\"inLanguage\":\"fr-FR\",\"@id\":\"https:\/\/iaec2026granollers.com\/congres-aice\/ponents\/souleymane-bachir\/#primaryimage\",\"url\":\"https:\/\/iaec2026granollers.com\/wp-content\/uploads\/2026\/01\/Souleymane_Bachir_Diagne-Strasbourg-Septembre_2018_2-e1769434717355.jpg\",\"contentUrl\":\"https:\/\/iaec2026granollers.com\/wp-content\/uploads\/2026\/01\/Souleymane_Bachir_Diagne-Strasbourg-Septembre_2018_2-e1769434717355.jpg\",\"width\":640,\"height\":717},{\"@type\":\"BreadcrumbList\",\"@id\":\"https:\/\/iaec2026granollers.com\/congres-aice\/ponents\/souleymane-bachir\/#breadcrumb\",\"itemListElement\":[{\"@type\":\"ListItem\",\"position\":1,\"name\":\"Inici\",\"item\":\"https:\/\/iaec2026granollers.com\/\"},{\"@type\":\"ListItem\",\"position\":2,\"name\":\"Congr\u00e9s AICE\",\"item\":\"https:\/\/iaec2026granollers.com\/congres-aice\/\"},{\"@type\":\"ListItem\",\"position\":3,\"name\":\"Ponents\",\"item\":\"https:\/\/iaec2026granollers.com\/congres-aice\/ponents\/\"},{\"@type\":\"ListItem\",\"position\":4,\"name\":\"Souleymane Bachir\"}]},{\"@type\":\"WebSite\",\"@id\":\"https:\/\/iaec2026granollers.com\/#website\",\"url\":\"https:\/\/iaec2026granollers.com\/\",\"name\":\"IAEC 2026 Granollers\",\"description\":\"\",\"potentialAction\":[{\"@type\":\"SearchAction\",\"target\":{\"@type\":\"EntryPoint\",\"urlTemplate\":\"https:\/\/iaec2026granollers.com\/?s={search_term_string}\"},\"query-input\":{\"@type\":\"PropertyValueSpecification\",\"valueRequired\":true,\"valueName\":\"search_term_string\"}}],\"inLanguage\":\"fr-FR\"}]}<\/script>\n<!-- \/ Yoast SEO plugin. -->","yoast_head_json":{"title":"Souleymane Bachir - IAEC 2026 Granollers","robots":{"index":"index","follow":"follow","max-snippet":"max-snippet:-1","max-image-preview":"max-image-preview:large","max-video-preview":"max-video-preview:-1"},"canonical":"https:\/\/iaec2026granollers.com\/fr\/congres-aice\/ponents\/souleymane-bachir\/","og_locale":"fr_FR","og_type":"article","og_title":"Souleymane Bachir - IAEC 2026 Granollers","og_description":"Souleymane Bachir\u00a0\u00e9s un fil\u00f2sof i professor universitari senegal\u00e8s, reconegut com un dels principals referents mundials dels estudis postcolonials. La seva obra aborda un ampli ventall de camps, com la hist\u00f2ria de la l\u00f2gica i de les matem\u00e0tiques, l\u2019epistemologia, la filosofia isl\u00e0mica, la hist\u00f2ria de la ci\u00e8ncia i les filosofies i literatures africanes. Va ser el [&hellip;]","og_url":"https:\/\/iaec2026granollers.com\/fr\/congres-aice\/ponents\/souleymane-bachir\/","og_site_name":"IAEC 2026 Granollers","article_modified_time":"2026-02-02T16:03:11+00:00","og_image":[{"width":640,"height":717,"url":"https:\/\/iaec2026granollers.com\/wp-content\/uploads\/2026\/01\/Souleymane_Bachir_Diagne-Strasbourg-Septembre_2018_2-e1769434717355.jpg","type":"image\/jpeg"}],"twitter_card":"summary_large_image","twitter_misc":{"Dur\u00e9e de lecture estim\u00e9e":"2 minutes"},"schema":{"@context":"https:\/\/schema.org","@graph":[{"@type":"WebPage","@id":"https:\/\/iaec2026granollers.com\/congres-aice\/ponents\/souleymane-bachir\/","url":"https:\/\/iaec2026granollers.com\/congres-aice\/ponents\/souleymane-bachir\/","name":"Souleymane Bachir - IAEC 2026 Granollers","isPartOf":{"@id":"https:\/\/iaec2026granollers.com\/#website"},"primaryImageOfPage":{"@id":"https:\/\/iaec2026granollers.com\/congres-aice\/ponents\/souleymane-bachir\/#primaryimage"},"image":{"@id":"https:\/\/iaec2026granollers.com\/congres-aice\/ponents\/souleymane-bachir\/#primaryimage"},"thumbnailUrl":"https:\/\/iaec2026granollers.com\/wp-content\/uploads\/2026\/01\/Souleymane_Bachir_Diagne-Strasbourg-Septembre_2018_2-e1769434717355.jpg","datePublished":"2026-01-26T12:33:15+00:00","dateModified":"2026-02-02T16:03:11+00:00","breadcrumb":{"@id":"https:\/\/iaec2026granollers.com\/congres-aice\/ponents\/souleymane-bachir\/#breadcrumb"},"inLanguage":"fr-FR","potentialAction":[{"@type":"ReadAction","target":["https:\/\/iaec2026granollers.com\/congres-aice\/ponents\/souleymane-bachir\/"]}]},{"@type":"ImageObject","inLanguage":"fr-FR","@id":"https:\/\/iaec2026granollers.com\/congres-aice\/ponents\/souleymane-bachir\/#primaryimage","url":"https:\/\/iaec2026granollers.com\/wp-content\/uploads\/2026\/01\/Souleymane_Bachir_Diagne-Strasbourg-Septembre_2018_2-e1769434717355.jpg","contentUrl":"https:\/\/iaec2026granollers.com\/wp-content\/uploads\/2026\/01\/Souleymane_Bachir_Diagne-Strasbourg-Septembre_2018_2-e1769434717355.jpg","width":640,"height":717},{"@type":"BreadcrumbList","@id":"https:\/\/iaec2026granollers.com\/congres-aice\/ponents\/souleymane-bachir\/#breadcrumb","itemListElement":[{"@type":"ListItem","position":1,"name":"Inici","item":"https:\/\/iaec2026granollers.com\/"},{"@type":"ListItem","position":2,"name":"Congr\u00e9s AICE","item":"https:\/\/iaec2026granollers.com\/congres-aice\/"},{"@type":"ListItem","position":3,"name":"Ponents","item":"https:\/\/iaec2026granollers.com\/congres-aice\/ponents\/"},{"@type":"ListItem","position":4,"name":"Souleymane Bachir"}]},{"@type":"WebSite","@id":"https:\/\/iaec2026granollers.com\/#website","url":"https:\/\/iaec2026granollers.com\/","name":"IAEC 2026 Granollers","description":"","potentialAction":[{"@type":"SearchAction","target":{"@type":"EntryPoint","urlTemplate":"https:\/\/iaec2026granollers.com\/?s={search_term_string}"},"query-input":{"@type":"PropertyValueSpecification","valueRequired":true,"valueName":"search_term_string"}}],"inLanguage":"fr-FR"}]}},"_links":{"self":[{"href":"https:\/\/iaec2026granollers.com\/fr\/wp-json\/wp\/v2\/pages\/3177","targetHints":{"allow":["GET"]}}],"collection":[{"href":"https:\/\/iaec2026granollers.com\/fr\/wp-json\/wp\/v2\/pages"}],"about":[{"href":"https:\/\/iaec2026granollers.com\/fr\/wp-json\/wp\/v2\/types\/page"}],"author":[{"embeddable":true,"href":"https:\/\/iaec2026granollers.com\/fr\/wp-json\/wp\/v2\/users\/1"}],"replies":[{"embeddable":true,"href":"https:\/\/iaec2026granollers.com\/fr\/wp-json\/wp\/v2\/comments?post=3177"}],"version-history":[{"count":10,"href":"https:\/\/iaec2026granollers.com\/fr\/wp-json\/wp\/v2\/pages\/3177\/revisions"}],"predecessor-version":[{"id":3256,"href":"https:\/\/iaec2026granollers.com\/fr\/wp-json\/wp\/v2\/pages\/3177\/revisions\/3256"}],"up":[{"embeddable":true,"href":"https:\/\/iaec2026granollers.com\/fr\/wp-json\/wp\/v2\/pages\/2311"}],"wp:featuredmedia":[{"embeddable":true,"href":"https:\/\/iaec2026granollers.com\/fr\/wp-json\/wp\/v2\/media\/3178"}],"wp:attachment":[{"href":"https:\/\/iaec2026granollers.com\/fr\/wp-json\/wp\/v2\/media?parent=3177"}],"curies":[{"name":"wp","href":"https:\/\/api.w.org\/{rel}","templated":true}]}}