{"id":3228,"date":"2026-02-02T17:02:07","date_gmt":"2026-02-02T16:02:07","guid":{"rendered":"https:\/\/iaec2026granollers.com\/?page_id=3228"},"modified":"2026-02-11T08:16:03","modified_gmt":"2026-02-11T07:16:03","slug":"francesco-tonucci","status":"publish","type":"page","link":"https:\/\/iaec2026granollers.com\/fr\/congres-aice\/ponents\/francesco-tonucci\/","title":{"rendered":"Francesco Tonucci"},"content":{"rendered":"<p>Francesco Tonucci est un <strong>psychologue de l&#039;\u00e9ducation<\/strong> et un penseur italien qui remet en question les mod\u00e8les \u00e9ducatifs traditionnels, d\u00e9fendant une<strong> \u00e9ducation centr\u00e9e sur l&#039;enfant<\/strong>, L\u2019apprentissage, selon lui, repose sur la curiosit\u00e9, le jeu et la libre exploration. Il s\u2019agit d\u2019un processus cr\u00e9atif et sans pression, o\u00f9 chaque enfant apprend \u00e0 son propre rythme et d\u00e9veloppe les comp\u00e9tences n\u00e9cessaires pour participer activement \u00e0 la soci\u00e9t\u00e9.<\/p>\n<p>Tonucci est chercheur \u00e0\u2019<strong>Institut de psychologie du Conseil national de la recherche de Rome<\/strong>. Outre son travail p\u00e9dagogique, Tonucci est connu pour son alter ego \u00ab Frato \u00bb, avec lequel il dessine des bandes dessin\u00e9es qui critiquent avec humour le syst\u00e8me \u00e9ducatif et les d\u00e9fis quotidiens des enfants.<\/p>\n<p>Votre projet <a href=\"https:\/\/www.francescotonucci.org\/es\/la-citta-dei-bambini\"><strong>La ville des enfants<\/strong><\/a> (1991) a propos\u00e9 un mod\u00e8le urbain con\u00e7u pour garantir la s\u00e9curit\u00e9 et l\u2019autonomie des plus jeunes, en promouvant des espaces publics qui favorisent une soci\u00e9t\u00e9 plus inclusive et \u00e9quitable pour tous.<\/p>\n<h4>\u0152uvres pr\u00e9sent\u00e9es<\/h4>\n<p><strong>La ville des enfants.<\/strong> Il ne s&#039;agit pas d&#039;un simple ouvrage th\u00e9orique\u00a0: il a donn\u00e9 naissance \u00e0 un projet international mis en \u0153uvre dans des dizaines de villes \u00e0 travers le monde. Il constitue la r\u00e9f\u00e9rence incontournable lorsqu&#039;on aborde la m\u00e9thode Tonucci dans un contexte institutionnel et municipal.<\/p>\n<p><strong>Avec des yeux d&#039;enfant<\/strong>. Il s&#039;agit de l&#039;ouvrage p\u00e9dagogique le plus cit\u00e9 de Francesco Tonucci, dans lequel il formule sa critique des \u00e9coles traditionnelles et d\u00e9fend une \u00e9ducation fond\u00e9e sur l&#039;autonomie, la curiosit\u00e9, l&#039;exp\u00e9rience et la confiance envers les enfants.<\/p>\n<p><strong>Quand les enfants disent \u00ab \u00e7a suffit \u00bb.<\/strong> Cet ouvrage met en lumi\u00e8re la dimension politique et d\u00e9mocratique de la pens\u00e9e de Tonucci. Les enfants y apparaissent clairement comme des sujets sociaux et politiques, et non plus seulement comme des sujets d&#039;\u00e9ducation.<\/p>","protected":false},"excerpt":{"rendered":"<p>Francesco Tonucci \u00e9s un psicopedagog i pensador itali\u00e0 que q\u00fcestiona els models educatius tradicionals, defensant una educaci\u00f3 centrada en els infants, basada en la curiositat, el joc i l&#8217;exploraci\u00f3 lliure. Segons ell, l&#8217;aprenentatge ha de ser un proc\u00e9s creatiu i sense pressions, on cada nen aprengui al seu ritme i desenvolupi habilitats per participar activament [&hellip;]<\/p>","protected":false},"author":7,"featured_media":3350,"parent":2311,"menu_order":28,"comment_status":"closed","ping_status":"closed","template":"page-ponents.php","meta":{"_acf_changed":false,"footnotes":""},"class_list":["post-3228","page","type-page","status-publish","has-post-thumbnail","hentry"],"acf":[],"yoast_head":"<!-- This site is optimized with the Yoast SEO plugin v26.6 - https:\/\/yoast.com\/wordpress\/plugins\/seo\/ -->\n<title>Francesco Tonucci - IAEC 2026 Granollers<\/title>\n<meta name=\"robots\" content=\"index, follow, max-snippet:-1, max-image-preview:large, max-video-preview:-1\" \/>\n<link rel=\"canonical\" href=\"https:\/\/iaec2026granollers.com\/fr\/congres-aice\/ponents\/francesco-tonucci\/\" \/>\n<meta property=\"og:locale\" content=\"fr_FR\" \/>\n<meta property=\"og:type\" content=\"article\" \/>\n<meta property=\"og:title\" content=\"Francesco Tonucci - IAEC 2026 Granollers\" \/>\n<meta property=\"og:description\" content=\"Francesco Tonucci \u00e9s un psicopedagog i pensador itali\u00e0 que q\u00fcestiona els models educatius tradicionals, defensant una educaci\u00f3 centrada en els infants, basada en la curiositat, el joc i l&#8217;exploraci\u00f3 lliure. Segons ell, l&#8217;aprenentatge ha de ser un proc\u00e9s creatiu i sense pressions, on cada nen aprengui al seu ritme i desenvolupi habilitats per participar activament [&hellip;]\" \/>\n<meta property=\"og:url\" content=\"https:\/\/iaec2026granollers.com\/fr\/congres-aice\/ponents\/francesco-tonucci\/\" \/>\n<meta property=\"og:site_name\" content=\"IAEC 2026 Granollers\" \/>\n<meta property=\"article:modified_time\" content=\"2026-02-11T07:16:03+00:00\" \/>\n<meta property=\"og:image\" content=\"https:\/\/iaec2026granollers.com\/wp-content\/uploads\/2026\/02\/Francesco-Tonucci.jpg\" \/>\n\t<meta property=\"og:image:width\" content=\"1729\" \/>\n\t<meta property=\"og:image:height\" content=\"2153\" \/>\n\t<meta property=\"og:image:type\" content=\"image\/jpeg\" \/>\n<meta name=\"twitter:card\" content=\"summary_large_image\" \/>\n<meta name=\"twitter:label1\" content=\"Dur\u00e9e de lecture estim\u00e9e\" \/>\n\t<meta name=\"twitter:data1\" content=\"2 minutes\" \/>\n<script type=\"application\/ld+json\" class=\"yoast-schema-graph\">{\"@context\":\"https:\/\/schema.org\",\"@graph\":[{\"@type\":\"WebPage\",\"@id\":\"https:\/\/iaec2026granollers.com\/congres-aice\/ponents\/francesco-tonucci\/\",\"url\":\"https:\/\/iaec2026granollers.com\/congres-aice\/ponents\/francesco-tonucci\/\",\"name\":\"Francesco Tonucci - IAEC 2026 Granollers\",\"isPartOf\":{\"@id\":\"https:\/\/iaec2026granollers.com\/#website\"},\"primaryImageOfPage\":{\"@id\":\"https:\/\/iaec2026granollers.com\/congres-aice\/ponents\/francesco-tonucci\/#primaryimage\"},\"image\":{\"@id\":\"https:\/\/iaec2026granollers.com\/congres-aice\/ponents\/francesco-tonucci\/#primaryimage\"},\"thumbnailUrl\":\"https:\/\/iaec2026granollers.com\/wp-content\/uploads\/2026\/02\/Francesco-Tonucci.jpg\",\"datePublished\":\"2026-02-02T16:02:07+00:00\",\"dateModified\":\"2026-02-11T07:16:03+00:00\",\"breadcrumb\":{\"@id\":\"https:\/\/iaec2026granollers.com\/congres-aice\/ponents\/francesco-tonucci\/#breadcrumb\"},\"inLanguage\":\"fr-FR\",\"potentialAction\":[{\"@type\":\"ReadAction\",\"target\":[\"https:\/\/iaec2026granollers.com\/congres-aice\/ponents\/francesco-tonucci\/\"]}]},{\"@type\":\"ImageObject\",\"inLanguage\":\"fr-FR\",\"@id\":\"https:\/\/iaec2026granollers.com\/congres-aice\/ponents\/francesco-tonucci\/#primaryimage\",\"url\":\"https:\/\/iaec2026granollers.com\/wp-content\/uploads\/2026\/02\/Francesco-Tonucci.jpg\",\"contentUrl\":\"https:\/\/iaec2026granollers.com\/wp-content\/uploads\/2026\/02\/Francesco-Tonucci.jpg\",\"width\":1729,\"height\":2153},{\"@type\":\"BreadcrumbList\",\"@id\":\"https:\/\/iaec2026granollers.com\/congres-aice\/ponents\/francesco-tonucci\/#breadcrumb\",\"itemListElement\":[{\"@type\":\"ListItem\",\"position\":1,\"name\":\"Inici\",\"item\":\"https:\/\/iaec2026granollers.com\/\"},{\"@type\":\"ListItem\",\"position\":2,\"name\":\"Congr\u00e9s AICE\",\"item\":\"https:\/\/iaec2026granollers.com\/congres-aice\/\"},{\"@type\":\"ListItem\",\"position\":3,\"name\":\"Ponents\",\"item\":\"https:\/\/iaec2026granollers.com\/congres-aice\/ponents\/\"},{\"@type\":\"ListItem\",\"position\":4,\"name\":\"Francesco Tonucci\"}]},{\"@type\":\"WebSite\",\"@id\":\"https:\/\/iaec2026granollers.com\/#website\",\"url\":\"https:\/\/iaec2026granollers.com\/\",\"name\":\"IAEC 2026 Granollers\",\"description\":\"\",\"potentialAction\":[{\"@type\":\"SearchAction\",\"target\":{\"@type\":\"EntryPoint\",\"urlTemplate\":\"https:\/\/iaec2026granollers.com\/?s={search_term_string}\"},\"query-input\":{\"@type\":\"PropertyValueSpecification\",\"valueRequired\":true,\"valueName\":\"search_term_string\"}}],\"inLanguage\":\"fr-FR\"}]}<\/script>\n<!-- \/ Yoast SEO plugin. -->","yoast_head_json":{"title":"Francesco Tonucci - IAEC 2026 Granollers","robots":{"index":"index","follow":"follow","max-snippet":"max-snippet:-1","max-image-preview":"max-image-preview:large","max-video-preview":"max-video-preview:-1"},"canonical":"https:\/\/iaec2026granollers.com\/fr\/congres-aice\/ponents\/francesco-tonucci\/","og_locale":"fr_FR","og_type":"article","og_title":"Francesco Tonucci - IAEC 2026 Granollers","og_description":"Francesco Tonucci \u00e9s un psicopedagog i pensador itali\u00e0 que q\u00fcestiona els models educatius tradicionals, defensant una educaci\u00f3 centrada en els infants, basada en la curiositat, el joc i l&#8217;exploraci\u00f3 lliure. Segons ell, l&#8217;aprenentatge ha de ser un proc\u00e9s creatiu i sense pressions, on cada nen aprengui al seu ritme i desenvolupi habilitats per participar activament [&hellip;]","og_url":"https:\/\/iaec2026granollers.com\/fr\/congres-aice\/ponents\/francesco-tonucci\/","og_site_name":"IAEC 2026 Granollers","article_modified_time":"2026-02-11T07:16:03+00:00","og_image":[{"width":1729,"height":2153,"url":"https:\/\/iaec2026granollers.com\/wp-content\/uploads\/2026\/02\/Francesco-Tonucci.jpg","type":"image\/jpeg"}],"twitter_card":"summary_large_image","twitter_misc":{"Dur\u00e9e de lecture estim\u00e9e":"2 minutes"},"schema":{"@context":"https:\/\/schema.org","@graph":[{"@type":"WebPage","@id":"https:\/\/iaec2026granollers.com\/congres-aice\/ponents\/francesco-tonucci\/","url":"https:\/\/iaec2026granollers.com\/congres-aice\/ponents\/francesco-tonucci\/","name":"Francesco Tonucci - IAEC 2026 Granollers","isPartOf":{"@id":"https:\/\/iaec2026granollers.com\/#website"},"primaryImageOfPage":{"@id":"https:\/\/iaec2026granollers.com\/congres-aice\/ponents\/francesco-tonucci\/#primaryimage"},"image":{"@id":"https:\/\/iaec2026granollers.com\/congres-aice\/ponents\/francesco-tonucci\/#primaryimage"},"thumbnailUrl":"https:\/\/iaec2026granollers.com\/wp-content\/uploads\/2026\/02\/Francesco-Tonucci.jpg","datePublished":"2026-02-02T16:02:07+00:00","dateModified":"2026-02-11T07:16:03+00:00","breadcrumb":{"@id":"https:\/\/iaec2026granollers.com\/congres-aice\/ponents\/francesco-tonucci\/#breadcrumb"},"inLanguage":"fr-FR","potentialAction":[{"@type":"ReadAction","target":["https:\/\/iaec2026granollers.com\/congres-aice\/ponents\/francesco-tonucci\/"]}]},{"@type":"ImageObject","inLanguage":"fr-FR","@id":"https:\/\/iaec2026granollers.com\/congres-aice\/ponents\/francesco-tonucci\/#primaryimage","url":"https:\/\/iaec2026granollers.com\/wp-content\/uploads\/2026\/02\/Francesco-Tonucci.jpg","contentUrl":"https:\/\/iaec2026granollers.com\/wp-content\/uploads\/2026\/02\/Francesco-Tonucci.jpg","width":1729,"height":2153},{"@type":"BreadcrumbList","@id":"https:\/\/iaec2026granollers.com\/congres-aice\/ponents\/francesco-tonucci\/#breadcrumb","itemListElement":[{"@type":"ListItem","position":1,"name":"Inici","item":"https:\/\/iaec2026granollers.com\/"},{"@type":"ListItem","position":2,"name":"Congr\u00e9s AICE","item":"https:\/\/iaec2026granollers.com\/congres-aice\/"},{"@type":"ListItem","position":3,"name":"Ponents","item":"https:\/\/iaec2026granollers.com\/congres-aice\/ponents\/"},{"@type":"ListItem","position":4,"name":"Francesco Tonucci"}]},{"@type":"WebSite","@id":"https:\/\/iaec2026granollers.com\/#website","url":"https:\/\/iaec2026granollers.com\/","name":"IAEC 2026 Granollers","description":"","potentialAction":[{"@type":"SearchAction","target":{"@type":"EntryPoint","urlTemplate":"https:\/\/iaec2026granollers.com\/?s={search_term_string}"},"query-input":{"@type":"PropertyValueSpecification","valueRequired":true,"valueName":"search_term_string"}}],"inLanguage":"fr-FR"}]}},"_links":{"self":[{"href":"https:\/\/iaec2026granollers.com\/fr\/wp-json\/wp\/v2\/pages\/3228","targetHints":{"allow":["GET"]}}],"collection":[{"href":"https:\/\/iaec2026granollers.com\/fr\/wp-json\/wp\/v2\/pages"}],"about":[{"href":"https:\/\/iaec2026granollers.com\/fr\/wp-json\/wp\/v2\/types\/page"}],"author":[{"embeddable":true,"href":"https:\/\/iaec2026granollers.com\/fr\/wp-json\/wp\/v2\/users\/7"}],"replies":[{"embeddable":true,"href":"https:\/\/iaec2026granollers.com\/fr\/wp-json\/wp\/v2\/comments?post=3228"}],"version-history":[{"count":1,"href":"https:\/\/iaec2026granollers.com\/fr\/wp-json\/wp\/v2\/pages\/3228\/revisions"}],"predecessor-version":[{"id":3307,"href":"https:\/\/iaec2026granollers.com\/fr\/wp-json\/wp\/v2\/pages\/3228\/revisions\/3307"}],"up":[{"embeddable":true,"href":"https:\/\/iaec2026granollers.com\/fr\/wp-json\/wp\/v2\/pages\/2311"}],"wp:featuredmedia":[{"embeddable":true,"href":"https:\/\/iaec2026granollers.com\/fr\/wp-json\/wp\/v2\/media\/3350"}],"wp:attachment":[{"href":"https:\/\/iaec2026granollers.com\/fr\/wp-json\/wp\/v2\/media?parent=3228"}],"curies":[{"name":"wp","href":"https:\/\/api.w.org\/{rel}","templated":true}]}}