{"id":3233,"date":"2026-02-02T17:03:44","date_gmt":"2026-02-02T16:03:44","guid":{"rendered":"https:\/\/iaec2026granollers.com\/?page_id=3233"},"modified":"2026-02-02T17:03:44","modified_gmt":"2026-02-02T16:03:44","slug":"pablo-sendra","status":"publish","type":"page","link":"https:\/\/iaec2026granollers.com\/fr\/congres-aice\/ponents\/pablo-sendra\/","title":{"rendered":"Pablo Sendra"},"content":{"rendered":"<p align=\"left\">Pablo Sendra est <strong>architecte<\/strong> Elle assure la formation et associe l&#039;enseignement et la recherche \u00e0 la pratique professionnelle de l&#039;urbanisme. Elle est actuellement en cours. <strong>professeur d&#039;urbanisme et de participation publique<\/strong> \u00e0 la Bartlett School of Planning de l&#039;University College London et a \u00e9galement enseign\u00e9 \u00e0 l&#039;Universit\u00e9 de Cambridge.<\/p>\n<p align=\"left\">Ses travaux universitaires ont port\u00e9 sur l&#039;\u00e9tude des possibilit\u00e9s de <strong>r\u00e9g\u00e9n\u00e9ration des zones urbaines marginales<\/strong> qui sont devenues obsol\u00e8tes. Par ailleurs, il est \u00e9galement directeur de la soci\u00e9t\u00e9 Lugadero, un studio de design urbain qui se concentre sur la facilitation des processus de co-conception avec les communaut\u00e9s.<\/p>\n<p align=\"left\">Il est co-auteur du livre Designing Disorder (avec Richard Sennett, 2020), qui a \u00e9t\u00e9 traduit en <strong>huit langues<\/strong>, Il est co-auteur de Community-Led Regeneration (avec Daniel Fitzpatrick, 2020) et co-\u00e9diteur de Civic Practices (avec Maria Joao Pita et CivicWise, 2017). Il fait partie du collectif City pour le magazine City.<\/p>\n<h4 align=\"left\"><span lang=\"ca-ES\">\u0152uvres pr\u00e9sent\u00e9es<\/span><\/h4>\n<p align=\"left\"><strong>R\u00e9g\u00e9n\u00e9ration men\u00e9e par la communaut\u00e9 : une bo\u00eete \u00e0 outils pour les r\u00e9sidents et les urbanistes<\/strong> (UCL Press, 2020), co\u00e9crit avec Daniel Fitzpatrick. \u00c0 travers sept \u00e9tudes de cas londoniennes de communaut\u00e9s oppos\u00e9es \u00e0 la d\u00e9molition de logements sociaux, cet ouvrage propose des outils de planification que les r\u00e9sidents et les urbanistes peuvent utiliser pour \u00e9laborer des projets men\u00e9s par la communaut\u00e9.<\/p>\n<p align=\"left\"><strong>Concevoir le d\u00e9sordre. Exp\u00e9rimentations et perturbations en ville<\/strong> (Alianza Editorial, 2021), un essai en deux parties o\u00f9, en collaboration avec le prestigieux sociologue Richard Sennett, il d\u00e9ploie des propositions d&#039;am\u00e9nagement urbain pour cr\u00e9er des villes qui coexistent avec les perturbations et la diversit\u00e9 qui les habitent.<\/p>","protected":false},"excerpt":{"rendered":"<p>Pablo Sendra \u00e9s arquitecte de formaci\u00f3 i combina la doc\u00e8ncia i la investigaci\u00f3 amb la pr\u00e0ctica professional del disseny urb\u00e0. Actualment \u00e9s professor de Disseny Urb\u00e0 i Participaci\u00f3 P\u00fablica a la Bartlett School of Planning del University College of London i tamb\u00e9 ha impartit classes a la Cambridge University. La seva tasca acad\u00e8mica s\u2019ha centrat [&hellip;]<\/p>","protected":false},"author":7,"featured_media":3234,"parent":2311,"menu_order":40,"comment_status":"closed","ping_status":"closed","template":"page-ponents.php","meta":{"_acf_changed":false,"footnotes":""},"class_list":["post-3233","page","type-page","status-publish","has-post-thumbnail","hentry"],"acf":[],"yoast_head":"<!-- This site is optimized with the Yoast SEO plugin v26.6 - https:\/\/yoast.com\/wordpress\/plugins\/seo\/ -->\n<title>Pablo Sendra - IAEC 2026 Granollers<\/title>\n<meta name=\"robots\" content=\"index, follow, max-snippet:-1, max-image-preview:large, max-video-preview:-1\" \/>\n<link rel=\"canonical\" href=\"https:\/\/iaec2026granollers.com\/fr\/congres-aice\/ponents\/pablo-sendra\/\" \/>\n<meta property=\"og:locale\" content=\"fr_FR\" \/>\n<meta property=\"og:type\" content=\"article\" \/>\n<meta property=\"og:title\" content=\"Pablo Sendra - IAEC 2026 Granollers\" \/>\n<meta property=\"og:description\" content=\"Pablo Sendra \u00e9s arquitecte de formaci\u00f3 i combina la doc\u00e8ncia i la investigaci\u00f3 amb la pr\u00e0ctica professional del disseny urb\u00e0. Actualment \u00e9s professor de Disseny Urb\u00e0 i Participaci\u00f3 P\u00fablica a la Bartlett School of Planning del University College of London i tamb\u00e9 ha impartit classes a la Cambridge University. La seva tasca acad\u00e8mica s\u2019ha centrat [&hellip;]\" \/>\n<meta property=\"og:url\" content=\"https:\/\/iaec2026granollers.com\/fr\/congres-aice\/ponents\/pablo-sendra\/\" \/>\n<meta property=\"og:site_name\" content=\"IAEC 2026 Granollers\" \/>\n<meta property=\"og:image\" content=\"https:\/\/iaec2026granollers.com\/wp-content\/uploads\/2026\/01\/pablo-sendra.jpg\" \/>\n\t<meta property=\"og:image:width\" content=\"500\" \/>\n\t<meta property=\"og:image:height\" content=\"500\" \/>\n\t<meta property=\"og:image:type\" content=\"image\/jpeg\" \/>\n<meta name=\"twitter:card\" content=\"summary_large_image\" \/>\n<meta name=\"twitter:label1\" content=\"Dur\u00e9e de lecture estim\u00e9e\" \/>\n\t<meta name=\"twitter:data1\" content=\"2 minutes\" \/>\n<script type=\"application\/ld+json\" class=\"yoast-schema-graph\">{\"@context\":\"https:\/\/schema.org\",\"@graph\":[{\"@type\":\"WebPage\",\"@id\":\"https:\/\/iaec2026granollers.com\/congres-aice\/ponents\/pablo-sendra\/\",\"url\":\"https:\/\/iaec2026granollers.com\/congres-aice\/ponents\/pablo-sendra\/\",\"name\":\"Pablo Sendra - IAEC 2026 Granollers\",\"isPartOf\":{\"@id\":\"https:\/\/iaec2026granollers.com\/#website\"},\"primaryImageOfPage\":{\"@id\":\"https:\/\/iaec2026granollers.com\/congres-aice\/ponents\/pablo-sendra\/#primaryimage\"},\"image\":{\"@id\":\"https:\/\/iaec2026granollers.com\/congres-aice\/ponents\/pablo-sendra\/#primaryimage\"},\"thumbnailUrl\":\"https:\/\/iaec2026granollers.com\/wp-content\/uploads\/2026\/01\/pablo-sendra.jpg\",\"datePublished\":\"2026-02-02T16:03:44+00:00\",\"breadcrumb\":{\"@id\":\"https:\/\/iaec2026granollers.com\/congres-aice\/ponents\/pablo-sendra\/#breadcrumb\"},\"inLanguage\":\"fr-FR\",\"potentialAction\":[{\"@type\":\"ReadAction\",\"target\":[\"https:\/\/iaec2026granollers.com\/congres-aice\/ponents\/pablo-sendra\/\"]}]},{\"@type\":\"ImageObject\",\"inLanguage\":\"fr-FR\",\"@id\":\"https:\/\/iaec2026granollers.com\/congres-aice\/ponents\/pablo-sendra\/#primaryimage\",\"url\":\"https:\/\/iaec2026granollers.com\/wp-content\/uploads\/2026\/01\/pablo-sendra.jpg\",\"contentUrl\":\"https:\/\/iaec2026granollers.com\/wp-content\/uploads\/2026\/01\/pablo-sendra.jpg\",\"width\":500,\"height\":500,\"caption\":\"pablo sendra\"},{\"@type\":\"BreadcrumbList\",\"@id\":\"https:\/\/iaec2026granollers.com\/congres-aice\/ponents\/pablo-sendra\/#breadcrumb\",\"itemListElement\":[{\"@type\":\"ListItem\",\"position\":1,\"name\":\"Inici\",\"item\":\"https:\/\/iaec2026granollers.com\/\"},{\"@type\":\"ListItem\",\"position\":2,\"name\":\"Congr\u00e9s AICE\",\"item\":\"https:\/\/iaec2026granollers.com\/congres-aice\/\"},{\"@type\":\"ListItem\",\"position\":3,\"name\":\"Ponents\",\"item\":\"https:\/\/iaec2026granollers.com\/congres-aice\/ponents\/\"},{\"@type\":\"ListItem\",\"position\":4,\"name\":\"Pablo Sendra\"}]},{\"@type\":\"WebSite\",\"@id\":\"https:\/\/iaec2026granollers.com\/#website\",\"url\":\"https:\/\/iaec2026granollers.com\/\",\"name\":\"IAEC 2026 Granollers\",\"description\":\"\",\"potentialAction\":[{\"@type\":\"SearchAction\",\"target\":{\"@type\":\"EntryPoint\",\"urlTemplate\":\"https:\/\/iaec2026granollers.com\/?s={search_term_string}\"},\"query-input\":{\"@type\":\"PropertyValueSpecification\",\"valueRequired\":true,\"valueName\":\"search_term_string\"}}],\"inLanguage\":\"fr-FR\"}]}<\/script>\n<!-- \/ Yoast SEO plugin. -->","yoast_head_json":{"title":"Pablo Sendra - IAEC 2026 Granollers","robots":{"index":"index","follow":"follow","max-snippet":"max-snippet:-1","max-image-preview":"max-image-preview:large","max-video-preview":"max-video-preview:-1"},"canonical":"https:\/\/iaec2026granollers.com\/fr\/congres-aice\/ponents\/pablo-sendra\/","og_locale":"fr_FR","og_type":"article","og_title":"Pablo Sendra - IAEC 2026 Granollers","og_description":"Pablo Sendra \u00e9s arquitecte de formaci\u00f3 i combina la doc\u00e8ncia i la investigaci\u00f3 amb la pr\u00e0ctica professional del disseny urb\u00e0. Actualment \u00e9s professor de Disseny Urb\u00e0 i Participaci\u00f3 P\u00fablica a la Bartlett School of Planning del University College of London i tamb\u00e9 ha impartit classes a la Cambridge University. La seva tasca acad\u00e8mica s\u2019ha centrat [&hellip;]","og_url":"https:\/\/iaec2026granollers.com\/fr\/congres-aice\/ponents\/pablo-sendra\/","og_site_name":"IAEC 2026 Granollers","og_image":[{"width":500,"height":500,"url":"https:\/\/iaec2026granollers.com\/wp-content\/uploads\/2026\/01\/pablo-sendra.jpg","type":"image\/jpeg"}],"twitter_card":"summary_large_image","twitter_misc":{"Dur\u00e9e de lecture estim\u00e9e":"2 minutes"},"schema":{"@context":"https:\/\/schema.org","@graph":[{"@type":"WebPage","@id":"https:\/\/iaec2026granollers.com\/congres-aice\/ponents\/pablo-sendra\/","url":"https:\/\/iaec2026granollers.com\/congres-aice\/ponents\/pablo-sendra\/","name":"Pablo Sendra - IAEC 2026 Granollers","isPartOf":{"@id":"https:\/\/iaec2026granollers.com\/#website"},"primaryImageOfPage":{"@id":"https:\/\/iaec2026granollers.com\/congres-aice\/ponents\/pablo-sendra\/#primaryimage"},"image":{"@id":"https:\/\/iaec2026granollers.com\/congres-aice\/ponents\/pablo-sendra\/#primaryimage"},"thumbnailUrl":"https:\/\/iaec2026granollers.com\/wp-content\/uploads\/2026\/01\/pablo-sendra.jpg","datePublished":"2026-02-02T16:03:44+00:00","breadcrumb":{"@id":"https:\/\/iaec2026granollers.com\/congres-aice\/ponents\/pablo-sendra\/#breadcrumb"},"inLanguage":"fr-FR","potentialAction":[{"@type":"ReadAction","target":["https:\/\/iaec2026granollers.com\/congres-aice\/ponents\/pablo-sendra\/"]}]},{"@type":"ImageObject","inLanguage":"fr-FR","@id":"https:\/\/iaec2026granollers.com\/congres-aice\/ponents\/pablo-sendra\/#primaryimage","url":"https:\/\/iaec2026granollers.com\/wp-content\/uploads\/2026\/01\/pablo-sendra.jpg","contentUrl":"https:\/\/iaec2026granollers.com\/wp-content\/uploads\/2026\/01\/pablo-sendra.jpg","width":500,"height":500,"caption":"pablo sendra"},{"@type":"BreadcrumbList","@id":"https:\/\/iaec2026granollers.com\/congres-aice\/ponents\/pablo-sendra\/#breadcrumb","itemListElement":[{"@type":"ListItem","position":1,"name":"Inici","item":"https:\/\/iaec2026granollers.com\/"},{"@type":"ListItem","position":2,"name":"Congr\u00e9s AICE","item":"https:\/\/iaec2026granollers.com\/congres-aice\/"},{"@type":"ListItem","position":3,"name":"Ponents","item":"https:\/\/iaec2026granollers.com\/congres-aice\/ponents\/"},{"@type":"ListItem","position":4,"name":"Pablo Sendra"}]},{"@type":"WebSite","@id":"https:\/\/iaec2026granollers.com\/#website","url":"https:\/\/iaec2026granollers.com\/","name":"IAEC 2026 Granollers","description":"","potentialAction":[{"@type":"SearchAction","target":{"@type":"EntryPoint","urlTemplate":"https:\/\/iaec2026granollers.com\/?s={search_term_string}"},"query-input":{"@type":"PropertyValueSpecification","valueRequired":true,"valueName":"search_term_string"}}],"inLanguage":"fr-FR"}]}},"_links":{"self":[{"href":"https:\/\/iaec2026granollers.com\/fr\/wp-json\/wp\/v2\/pages\/3233","targetHints":{"allow":["GET"]}}],"collection":[{"href":"https:\/\/iaec2026granollers.com\/fr\/wp-json\/wp\/v2\/pages"}],"about":[{"href":"https:\/\/iaec2026granollers.com\/fr\/wp-json\/wp\/v2\/types\/page"}],"author":[{"embeddable":true,"href":"https:\/\/iaec2026granollers.com\/fr\/wp-json\/wp\/v2\/users\/7"}],"replies":[{"embeddable":true,"href":"https:\/\/iaec2026granollers.com\/fr\/wp-json\/wp\/v2\/comments?post=3233"}],"version-history":[{"count":2,"href":"https:\/\/iaec2026granollers.com\/fr\/wp-json\/wp\/v2\/pages\/3233\/revisions"}],"predecessor-version":[{"id":3270,"href":"https:\/\/iaec2026granollers.com\/fr\/wp-json\/wp\/v2\/pages\/3233\/revisions\/3270"}],"up":[{"embeddable":true,"href":"https:\/\/iaec2026granollers.com\/fr\/wp-json\/wp\/v2\/pages\/2311"}],"wp:featuredmedia":[{"embeddable":true,"href":"https:\/\/iaec2026granollers.com\/fr\/wp-json\/wp\/v2\/media\/3234"}],"wp:attachment":[{"href":"https:\/\/iaec2026granollers.com\/fr\/wp-json\/wp\/v2\/media?parent=3233"}],"curies":[{"name":"wp","href":"https:\/\/api.w.org\/{rel}","templated":true}]}}