{"id":3236,"date":"2026-02-02T17:02:52","date_gmt":"2026-02-02T16:02:52","guid":{"rendered":"https:\/\/iaec2026granollers.com\/?page_id=3236"},"modified":"2026-02-02T17:02:52","modified_gmt":"2026-02-02T16:02:52","slug":"philippe-meirieu","status":"publish","type":"page","link":"https:\/\/iaec2026granollers.com\/fr\/congres-aice\/ponents\/philippe-meirieu\/","title":{"rendered":"Philippe Meirieu"},"content":{"rendered":"<p align=\"left\">Philippe Meirieu est un<strong> chercheur, essayiste, conf\u00e9rencier et \u00e9ducateur<\/strong> une figure fran\u00e7aise de premier plan, auteur d'une \u0153uvre intellectuelle tr\u00e8s prolifique et impliqu\u00e9 sans rel\u00e2che dans les institutions et les d\u00e9bats p\u00e9dagogiques de ces derni\u00e8res d\u00e9cennies en France.<\/p>\n<p align=\"left\">Sp\u00e9cialiste en <strong>Sciences de l'\u00e9ducation<\/strong> En p\u00e9dagogie, il est professeur de sciences de l'\u00e9ducation \u00e0 l'universit\u00e9 Lumi\u00e8re-Lyon 2, o\u00f9 il a d\u00e9velopp\u00e9 un programme de recherche intense, notamment dans les domaines de la p\u00e9dagogie diff\u00e9renci\u00e9e et de la philosophie de l'\u00e9ducation. Il a \u00e9galement dirig\u00e9<strong> 49 th\u00e8ses de doctorat<\/strong> et a \u00e9crit plus de quarante livres.<\/p>\n<p align=\"left\">Form\u00e9 en philosophie et en lettres \u00e0 Paris, il s'est engag\u00e9 tr\u00e8s jeune dans les mouvements d'\u00e9ducation populaire. Il a jou\u00e9 un r\u00f4le cl\u00e9 dans la diffusion en France des principes de la<strong> Nouveau mouvement \u00e9ducatif<\/strong>. Il a particip\u00e9 \u00e0 la conception et \u00e0 la construction des Instituts universitaires de formation des enseignants et a dirig\u00e9 celui de Lyon jusqu'en 2006.<\/p>\n<p align=\"left\">Meirieu soutient que l'enseignant doit se mettre \u00e0 la place de l'apprenant. Conform\u00e9ment \u00e0 cette conviction, il a demand\u00e9 \u00e0 enseigner \u00e0 nouveau dans un lyc\u00e9e de la banlieue lyonnaise, malgr\u00e9 son parcours universitaire, d\u00e9clarant que <strong>Les enseignants ne peuvent pas \u00eatre form\u00e9s sans contact direct avec les \u00e9l\u00e8ves.<\/strong>.<\/p>\n<h4 align=\"left\"><span lang=\"ca-ES\">\u0152uvres pr\u00e9sent\u00e9es<\/span><\/h4>\n<p align=\"left\"><strong>\u00c9ducateur Frankenstein.<\/strong> Un ouvrage influent dans la r\u00e9flexion p\u00e9dagogique qui compare la figure du monstre de Frankenstein \u00e0 des mod\u00e8les d'\u00e9ducation bas\u00e9s sur le contr\u00f4le et la \u201c fabrication \u201d de l'autre, et propose une autre fa\u00e7on d'appr\u00e9hender l'\u00e9ducation.<\/p>\n<p align=\"left\"><strong>P\u00e9dagogie : la n\u00e9cessit\u00e9 de r\u00e9sister.<\/strong> Une r\u00e9flexion sur la n\u00e9cessit\u00e9 de r\u00e9sister \u00e0 la fois \u00e0 la commercialisation de l'\u00e9ducation et \u00e0 l'imposition de \u201c solutions faciles \u201d, en pr\u00f4nant une p\u00e9dagogie fond\u00e9e sur la transmission du savoir et la formation d'individus libres et solidaires.<\/p>\n<p align=\"left\"><strong>Ce que l'\u00e9cole peut encore faire pour la d\u00e9mocratie.<\/strong> Un ouvrage qui explore la relation entre l'\u00e9ducation et la d\u00e9mocratie, les valeurs que les \u00e9coles peuvent promouvoir et l'importance de la p\u00e9dagogie dans la promotion d'une citoyennet\u00e9 active.<\/p>","protected":false},"excerpt":{"rendered":"<p>Philippe Meirieu \u00e9s un investigador, assagista, docent i pedagog franc\u00e8s de refer\u00e8ncia, amb una producci\u00f3 intel\u00b7lectual molt prol\u00edfica i una participaci\u00f3 constant en les institucions i els debats pedag\u00f2gics de les darreres d\u00e8cades a Fran\u00e7a. Especialista en ci\u00e8ncies de l\u2019educaci\u00f3 i pedagogia, \u00e9s professor de Ci\u00e8ncies de l\u2019Educaci\u00f3 a la Universitat Lumi\u00e8re\u2013Lyon 2, on ha [&hellip;]<\/p>","protected":false},"author":7,"featured_media":3237,"parent":2311,"menu_order":33,"comment_status":"closed","ping_status":"closed","template":"page-ponents.php","meta":{"_acf_changed":false,"footnotes":""},"class_list":["post-3236","page","type-page","status-publish","has-post-thumbnail","hentry"],"acf":[],"yoast_head":"<!-- This site is optimized with the Yoast SEO plugin v26.6 - https:\/\/yoast.com\/wordpress\/plugins\/seo\/ -->\n<title>Philippe Meirieu - IAEC 2026 Granollers<\/title>\n<meta name=\"robots\" content=\"index, follow, max-snippet:-1, max-image-preview:large, max-video-preview:-1\" \/>\n<link rel=\"canonical\" href=\"https:\/\/iaec2026granollers.com\/fr\/congres-aice\/ponents\/philippe-meirieu\/\" \/>\n<meta property=\"og:locale\" content=\"fr_FR\" \/>\n<meta property=\"og:type\" content=\"article\" \/>\n<meta property=\"og:title\" content=\"Philippe Meirieu - IAEC 2026 Granollers\" \/>\n<meta property=\"og:description\" content=\"Philippe Meirieu \u00e9s un investigador, assagista, docent i pedagog franc\u00e8s de refer\u00e8ncia, amb una producci\u00f3 intel\u00b7lectual molt prol\u00edfica i una participaci\u00f3 constant en les institucions i els debats pedag\u00f2gics de les darreres d\u00e8cades a Fran\u00e7a. Especialista en ci\u00e8ncies de l\u2019educaci\u00f3 i pedagogia, \u00e9s professor de Ci\u00e8ncies de l\u2019Educaci\u00f3 a la Universitat Lumi\u00e8re\u2013Lyon 2, on ha [&hellip;]\" \/>\n<meta property=\"og:url\" content=\"https:\/\/iaec2026granollers.com\/fr\/congres-aice\/ponents\/philippe-meirieu\/\" \/>\n<meta property=\"og:site_name\" content=\"IAEC 2026 Granollers\" \/>\n<meta property=\"og:image\" content=\"https:\/\/iaec2026granollers.com\/wp-content\/uploads\/2026\/01\/Philippe-Meirieu.jpg\" \/>\n\t<meta property=\"og:image:width\" content=\"640\" \/>\n\t<meta property=\"og:image:height\" content=\"960\" \/>\n\t<meta property=\"og:image:type\" content=\"image\/jpeg\" \/>\n<meta name=\"twitter:card\" content=\"summary_large_image\" \/>\n<meta name=\"twitter:label1\" content=\"Dur\u00e9e de lecture estim\u00e9e\" \/>\n\t<meta name=\"twitter:data1\" content=\"2 minutes\" \/>\n<script type=\"application\/ld+json\" class=\"yoast-schema-graph\">{\"@context\":\"https:\/\/schema.org\",\"@graph\":[{\"@type\":\"WebPage\",\"@id\":\"https:\/\/iaec2026granollers.com\/congres-aice\/ponents\/philippe-meirieu\/\",\"url\":\"https:\/\/iaec2026granollers.com\/congres-aice\/ponents\/philippe-meirieu\/\",\"name\":\"Philippe Meirieu - IAEC 2026 Granollers\",\"isPartOf\":{\"@id\":\"https:\/\/iaec2026granollers.com\/#website\"},\"primaryImageOfPage\":{\"@id\":\"https:\/\/iaec2026granollers.com\/congres-aice\/ponents\/philippe-meirieu\/#primaryimage\"},\"image\":{\"@id\":\"https:\/\/iaec2026granollers.com\/congres-aice\/ponents\/philippe-meirieu\/#primaryimage\"},\"thumbnailUrl\":\"https:\/\/iaec2026granollers.com\/wp-content\/uploads\/2026\/01\/Philippe-Meirieu.jpg\",\"datePublished\":\"2026-02-02T16:02:52+00:00\",\"breadcrumb\":{\"@id\":\"https:\/\/iaec2026granollers.com\/congres-aice\/ponents\/philippe-meirieu\/#breadcrumb\"},\"inLanguage\":\"fr-FR\",\"potentialAction\":[{\"@type\":\"ReadAction\",\"target\":[\"https:\/\/iaec2026granollers.com\/congres-aice\/ponents\/philippe-meirieu\/\"]}]},{\"@type\":\"ImageObject\",\"inLanguage\":\"fr-FR\",\"@id\":\"https:\/\/iaec2026granollers.com\/congres-aice\/ponents\/philippe-meirieu\/#primaryimage\",\"url\":\"https:\/\/iaec2026granollers.com\/wp-content\/uploads\/2026\/01\/Philippe-Meirieu.jpg\",\"contentUrl\":\"https:\/\/iaec2026granollers.com\/wp-content\/uploads\/2026\/01\/Philippe-Meirieu.jpg\",\"width\":640,\"height\":960,\"caption\":\"Philippe Meirieu\"},{\"@type\":\"BreadcrumbList\",\"@id\":\"https:\/\/iaec2026granollers.com\/congres-aice\/ponents\/philippe-meirieu\/#breadcrumb\",\"itemListElement\":[{\"@type\":\"ListItem\",\"position\":1,\"name\":\"Inici\",\"item\":\"https:\/\/iaec2026granollers.com\/\"},{\"@type\":\"ListItem\",\"position\":2,\"name\":\"Congr\u00e9s AICE\",\"item\":\"https:\/\/iaec2026granollers.com\/congres-aice\/\"},{\"@type\":\"ListItem\",\"position\":3,\"name\":\"Ponents\",\"item\":\"https:\/\/iaec2026granollers.com\/congres-aice\/ponents\/\"},{\"@type\":\"ListItem\",\"position\":4,\"name\":\"Philippe Meirieu\"}]},{\"@type\":\"WebSite\",\"@id\":\"https:\/\/iaec2026granollers.com\/#website\",\"url\":\"https:\/\/iaec2026granollers.com\/\",\"name\":\"IAEC 2026 Granollers\",\"description\":\"\",\"potentialAction\":[{\"@type\":\"SearchAction\",\"target\":{\"@type\":\"EntryPoint\",\"urlTemplate\":\"https:\/\/iaec2026granollers.com\/?s={search_term_string}\"},\"query-input\":{\"@type\":\"PropertyValueSpecification\",\"valueRequired\":true,\"valueName\":\"search_term_string\"}}],\"inLanguage\":\"fr-FR\"}]}<\/script>\n<!-- \/ Yoast SEO plugin. -->","yoast_head_json":{"title":"Philippe Meirieu - IAEC 2026 Granollers","robots":{"index":"index","follow":"follow","max-snippet":"max-snippet:-1","max-image-preview":"max-image-preview:large","max-video-preview":"max-video-preview:-1"},"canonical":"https:\/\/iaec2026granollers.com\/fr\/congres-aice\/ponents\/philippe-meirieu\/","og_locale":"fr_FR","og_type":"article","og_title":"Philippe Meirieu - IAEC 2026 Granollers","og_description":"Philippe Meirieu \u00e9s un investigador, assagista, docent i pedagog franc\u00e8s de refer\u00e8ncia, amb una producci\u00f3 intel\u00b7lectual molt prol\u00edfica i una participaci\u00f3 constant en les institucions i els debats pedag\u00f2gics de les darreres d\u00e8cades a Fran\u00e7a. Especialista en ci\u00e8ncies de l\u2019educaci\u00f3 i pedagogia, \u00e9s professor de Ci\u00e8ncies de l\u2019Educaci\u00f3 a la Universitat Lumi\u00e8re\u2013Lyon 2, on ha [&hellip;]","og_url":"https:\/\/iaec2026granollers.com\/fr\/congres-aice\/ponents\/philippe-meirieu\/","og_site_name":"IAEC 2026 Granollers","og_image":[{"width":640,"height":960,"url":"https:\/\/iaec2026granollers.com\/wp-content\/uploads\/2026\/01\/Philippe-Meirieu.jpg","type":"image\/jpeg"}],"twitter_card":"summary_large_image","twitter_misc":{"Dur\u00e9e de lecture estim\u00e9e":"2 minutes"},"schema":{"@context":"https:\/\/schema.org","@graph":[{"@type":"WebPage","@id":"https:\/\/iaec2026granollers.com\/congres-aice\/ponents\/philippe-meirieu\/","url":"https:\/\/iaec2026granollers.com\/congres-aice\/ponents\/philippe-meirieu\/","name":"Philippe Meirieu - IAEC 2026 Granollers","isPartOf":{"@id":"https:\/\/iaec2026granollers.com\/#website"},"primaryImageOfPage":{"@id":"https:\/\/iaec2026granollers.com\/congres-aice\/ponents\/philippe-meirieu\/#primaryimage"},"image":{"@id":"https:\/\/iaec2026granollers.com\/congres-aice\/ponents\/philippe-meirieu\/#primaryimage"},"thumbnailUrl":"https:\/\/iaec2026granollers.com\/wp-content\/uploads\/2026\/01\/Philippe-Meirieu.jpg","datePublished":"2026-02-02T16:02:52+00:00","breadcrumb":{"@id":"https:\/\/iaec2026granollers.com\/congres-aice\/ponents\/philippe-meirieu\/#breadcrumb"},"inLanguage":"fr-FR","potentialAction":[{"@type":"ReadAction","target":["https:\/\/iaec2026granollers.com\/congres-aice\/ponents\/philippe-meirieu\/"]}]},{"@type":"ImageObject","inLanguage":"fr-FR","@id":"https:\/\/iaec2026granollers.com\/congres-aice\/ponents\/philippe-meirieu\/#primaryimage","url":"https:\/\/iaec2026granollers.com\/wp-content\/uploads\/2026\/01\/Philippe-Meirieu.jpg","contentUrl":"https:\/\/iaec2026granollers.com\/wp-content\/uploads\/2026\/01\/Philippe-Meirieu.jpg","width":640,"height":960,"caption":"Philippe Meirieu"},{"@type":"BreadcrumbList","@id":"https:\/\/iaec2026granollers.com\/congres-aice\/ponents\/philippe-meirieu\/#breadcrumb","itemListElement":[{"@type":"ListItem","position":1,"name":"Inici","item":"https:\/\/iaec2026granollers.com\/"},{"@type":"ListItem","position":2,"name":"Congr\u00e9s AICE","item":"https:\/\/iaec2026granollers.com\/congres-aice\/"},{"@type":"ListItem","position":3,"name":"Ponents","item":"https:\/\/iaec2026granollers.com\/congres-aice\/ponents\/"},{"@type":"ListItem","position":4,"name":"Philippe Meirieu"}]},{"@type":"WebSite","@id":"https:\/\/iaec2026granollers.com\/#website","url":"https:\/\/iaec2026granollers.com\/","name":"IAEC 2026 Granollers","description":"","potentialAction":[{"@type":"SearchAction","target":{"@type":"EntryPoint","urlTemplate":"https:\/\/iaec2026granollers.com\/?s={search_term_string}"},"query-input":{"@type":"PropertyValueSpecification","valueRequired":true,"valueName":"search_term_string"}}],"inLanguage":"fr-FR"}]}},"_links":{"self":[{"href":"https:\/\/iaec2026granollers.com\/fr\/wp-json\/wp\/v2\/pages\/3236","targetHints":{"allow":["GET"]}}],"collection":[{"href":"https:\/\/iaec2026granollers.com\/fr\/wp-json\/wp\/v2\/pages"}],"about":[{"href":"https:\/\/iaec2026granollers.com\/fr\/wp-json\/wp\/v2\/types\/page"}],"author":[{"embeddable":true,"href":"https:\/\/iaec2026granollers.com\/fr\/wp-json\/wp\/v2\/users\/7"}],"replies":[{"embeddable":true,"href":"https:\/\/iaec2026granollers.com\/fr\/wp-json\/wp\/v2\/comments?post=3236"}],"version-history":[{"count":1,"href":"https:\/\/iaec2026granollers.com\/fr\/wp-json\/wp\/v2\/pages\/3236\/revisions"}],"predecessor-version":[{"id":3238,"href":"https:\/\/iaec2026granollers.com\/fr\/wp-json\/wp\/v2\/pages\/3236\/revisions\/3238"}],"up":[{"embeddable":true,"href":"https:\/\/iaec2026granollers.com\/fr\/wp-json\/wp\/v2\/pages\/2311"}],"wp:featuredmedia":[{"embeddable":true,"href":"https:\/\/iaec2026granollers.com\/fr\/wp-json\/wp\/v2\/media\/3237"}],"wp:attachment":[{"href":"https:\/\/iaec2026granollers.com\/fr\/wp-json\/wp\/v2\/media?parent=3236"}],"curies":[{"name":"wp","href":"https:\/\/api.w.org\/{rel}","templated":true}]}}