{"id":3239,"date":"2026-02-02T17:02:45","date_gmt":"2026-02-02T16:02:45","guid":{"rendered":"https:\/\/iaec2026granollers.com\/?page_id=3239"},"modified":"2026-02-02T17:02:45","modified_gmt":"2026-02-02T16:02:45","slug":"marina-garces","status":"publish","type":"page","link":"https:\/\/iaec2026granollers.com\/fr\/congres-aice\/ponents\/marina-garces\/","title":{"rendered":"Marina Garces"},"content":{"rendered":"<p align=\"left\">Marina Garc\u00e9s est<strong> philosophe, essayiste et professeur<\/strong> de pens\u00e9e philosophique et scientifique contemporaine \u00e0 l'Universit\u00e9 ouverte de Catalogne, o\u00f9 elle dirige \u00e9galement le master en philosophie pour les d\u00e9fis contemporains. Elle a \u00e9t\u00e9 professeure \u00e0 l'universit\u00e9 de Saragosse pendant quinze ans et a enseign\u00e9 \u00e0 l'universit\u00e9 Pompeu Fabra et \u00e0 l'universit\u00e9 de G\u00e9rone.<\/p>\n<p align=\"left\">Sa pens\u00e9e s'inscrit dans une perspective critique orient\u00e9e vers l'action et l'\u00e9mancipation. Il con\u00e7oit la philosophie comme un mode de vie li\u00e9 non seulement au monde universitaire, mais aussi \u00e0 la <strong>mouvements sociaux et culturels<\/strong>, compris comme des espaces d'exp\u00e9rimentation, de critique et d'engagement.<\/p>\n<p align=\"left\">Elle est l'auteure d'une \u0153uvre consid\u00e9rable dans le domaine de <strong>pens\u00e9e critique, politique, \u00e9ducation et sciences humaines<\/strong>. Parmi ses ouvrages, citons New Radical Illustration (2017), qui a remport\u00e9 le prix Ciutat de Barcelona Essay Prize, School of Learners (2020) et Pedagogies and Emancipation (2020).<\/p>\n<h4 align=\"left\"><span lang=\"ca-ES\">\u0152uvres pr\u00e9sent\u00e9es<\/span><\/h4>\n<p align=\"left\"><strong>Philosophie inachev\u00e9e.<\/strong> L'un de ses textes les plus connus exprime son approche de la philosophie comme une pratique ouverte, critique et engag\u00e9e, tourn\u00e9e vers le pr\u00e9sent. Il est largement cit\u00e9 lorsqu'il est question de son \u0153uvre introductive et du d\u00e9veloppement de la pens\u00e9e critique.<\/p>\n<p align=\"left\"><strong>Nouvelle illustration radicale.<\/strong> R\u00e9compens\u00e9 par le prix Ciutat de Barcelona pour sa capacit\u00e9 \u00e0 repenser les Lumi\u00e8res et la n\u00e9cessit\u00e9 d'un renouveau de la pens\u00e9e critique en p\u00e9riode de crise. Il s'agit de l'une de ses contributions les plus remarquables et les plus cit\u00e9es \u00e0 l'\u00e9chelle internationale.<\/p>\n<p align=\"left\"><strong>Un monde commun.<\/strong> Consid\u00e9r\u00e9 comme fondamental pour comprendre l'engagement de Garc\u00e9s envers la philosophie en tant qu'acte collectif orient\u00e9 vers la coexistence et l'interd\u00e9pendance du bien commun. Cet ouvrage a souvent \u00e9t\u00e9 cit\u00e9 comme le point de d\u00e9part de sa trajectoire.<\/p>","protected":false},"excerpt":{"rendered":"<p>Marina Garc\u00e9s \u00e9s fil\u00f2sofa, assagista i professora de Pensament filos\u00f2fic i cient\u00edfic contemporani a la Universitat Oberta de Catalunya, on tamb\u00e9 dirigeix el m\u00e0ster de Filosofia per als reptes contemporanis. Ha estat professora a la Universitat de Saragossa durant quinze anys i ha impartit doc\u00e8ncia a la Universitat Pompeu Fabra i la Universitat de Girona. [&hellip;]<\/p>","protected":false},"author":7,"featured_media":3240,"parent":2311,"menu_order":32,"comment_status":"closed","ping_status":"closed","template":"page-ponents.php","meta":{"_acf_changed":false,"footnotes":""},"class_list":["post-3239","page","type-page","status-publish","has-post-thumbnail","hentry"],"acf":[],"yoast_head":"<!-- This site is optimized with the Yoast SEO plugin v26.6 - https:\/\/yoast.com\/wordpress\/plugins\/seo\/ -->\n<title>Marina Garc\u00e9s - IAEC 2026 Granollers<\/title>\n<meta name=\"robots\" content=\"index, follow, max-snippet:-1, max-image-preview:large, max-video-preview:-1\" \/>\n<link rel=\"canonical\" href=\"https:\/\/iaec2026granollers.com\/fr\/congres-aice\/ponents\/marina-garces\/\" \/>\n<meta property=\"og:locale\" content=\"fr_FR\" \/>\n<meta property=\"og:type\" content=\"article\" \/>\n<meta property=\"og:title\" content=\"Marina Garc\u00e9s - IAEC 2026 Granollers\" \/>\n<meta property=\"og:description\" content=\"Marina Garc\u00e9s \u00e9s fil\u00f2sofa, assagista i professora de Pensament filos\u00f2fic i cient\u00edfic contemporani a la Universitat Oberta de Catalunya, on tamb\u00e9 dirigeix el m\u00e0ster de Filosofia per als reptes contemporanis. Ha estat professora a la Universitat de Saragossa durant quinze anys i ha impartit doc\u00e8ncia a la Universitat Pompeu Fabra i la Universitat de Girona. [&hellip;]\" \/>\n<meta property=\"og:url\" content=\"https:\/\/iaec2026granollers.com\/fr\/congres-aice\/ponents\/marina-garces\/\" \/>\n<meta property=\"og:site_name\" content=\"IAEC 2026 Granollers\" \/>\n<meta property=\"og:image\" content=\"https:\/\/iaec2026granollers.com\/wp-content\/uploads\/2026\/01\/Marina_Garces.jpg\" \/>\n\t<meta property=\"og:image:width\" content=\"640\" \/>\n\t<meta property=\"og:image:height\" content=\"920\" \/>\n\t<meta property=\"og:image:type\" content=\"image\/jpeg\" \/>\n<meta name=\"twitter:card\" content=\"summary_large_image\" \/>\n<meta name=\"twitter:label1\" content=\"Dur\u00e9e de lecture estim\u00e9e\" \/>\n\t<meta name=\"twitter:data1\" content=\"2 minutes\" \/>\n<script type=\"application\/ld+json\" class=\"yoast-schema-graph\">{\"@context\":\"https:\/\/schema.org\",\"@graph\":[{\"@type\":\"WebPage\",\"@id\":\"https:\/\/iaec2026granollers.com\/congres-aice\/ponents\/marina-garces\/\",\"url\":\"https:\/\/iaec2026granollers.com\/congres-aice\/ponents\/marina-garces\/\",\"name\":\"Marina Garc\u00e9s - IAEC 2026 Granollers\",\"isPartOf\":{\"@id\":\"https:\/\/iaec2026granollers.com\/#website\"},\"primaryImageOfPage\":{\"@id\":\"https:\/\/iaec2026granollers.com\/congres-aice\/ponents\/marina-garces\/#primaryimage\"},\"image\":{\"@id\":\"https:\/\/iaec2026granollers.com\/congres-aice\/ponents\/marina-garces\/#primaryimage\"},\"thumbnailUrl\":\"https:\/\/iaec2026granollers.com\/wp-content\/uploads\/2026\/01\/Marina_Garces.jpg\",\"datePublished\":\"2026-02-02T16:02:45+00:00\",\"breadcrumb\":{\"@id\":\"https:\/\/iaec2026granollers.com\/congres-aice\/ponents\/marina-garces\/#breadcrumb\"},\"inLanguage\":\"fr-FR\",\"potentialAction\":[{\"@type\":\"ReadAction\",\"target\":[\"https:\/\/iaec2026granollers.com\/congres-aice\/ponents\/marina-garces\/\"]}]},{\"@type\":\"ImageObject\",\"inLanguage\":\"fr-FR\",\"@id\":\"https:\/\/iaec2026granollers.com\/congres-aice\/ponents\/marina-garces\/#primaryimage\",\"url\":\"https:\/\/iaec2026granollers.com\/wp-content\/uploads\/2026\/01\/Marina_Garces.jpg\",\"contentUrl\":\"https:\/\/iaec2026granollers.com\/wp-content\/uploads\/2026\/01\/Marina_Garces.jpg\",\"width\":640,\"height\":920,\"caption\":\"Marina_Garc\u00e9s\"},{\"@type\":\"BreadcrumbList\",\"@id\":\"https:\/\/iaec2026granollers.com\/congres-aice\/ponents\/marina-garces\/#breadcrumb\",\"itemListElement\":[{\"@type\":\"ListItem\",\"position\":1,\"name\":\"Inici\",\"item\":\"https:\/\/iaec2026granollers.com\/\"},{\"@type\":\"ListItem\",\"position\":2,\"name\":\"Congr\u00e9s AICE\",\"item\":\"https:\/\/iaec2026granollers.com\/congres-aice\/\"},{\"@type\":\"ListItem\",\"position\":3,\"name\":\"Ponents\",\"item\":\"https:\/\/iaec2026granollers.com\/congres-aice\/ponents\/\"},{\"@type\":\"ListItem\",\"position\":4,\"name\":\"Marina Garc\u00e9s\"}]},{\"@type\":\"WebSite\",\"@id\":\"https:\/\/iaec2026granollers.com\/#website\",\"url\":\"https:\/\/iaec2026granollers.com\/\",\"name\":\"IAEC 2026 Granollers\",\"description\":\"\",\"potentialAction\":[{\"@type\":\"SearchAction\",\"target\":{\"@type\":\"EntryPoint\",\"urlTemplate\":\"https:\/\/iaec2026granollers.com\/?s={search_term_string}\"},\"query-input\":{\"@type\":\"PropertyValueSpecification\",\"valueRequired\":true,\"valueName\":\"search_term_string\"}}],\"inLanguage\":\"fr-FR\"}]}<\/script>\n<!-- \/ Yoast SEO plugin. -->","yoast_head_json":{"title":"Marina Garc\u00e9s - IAEC 2026 Granollers","robots":{"index":"index","follow":"follow","max-snippet":"max-snippet:-1","max-image-preview":"max-image-preview:large","max-video-preview":"max-video-preview:-1"},"canonical":"https:\/\/iaec2026granollers.com\/fr\/congres-aice\/ponents\/marina-garces\/","og_locale":"fr_FR","og_type":"article","og_title":"Marina Garc\u00e9s - IAEC 2026 Granollers","og_description":"Marina Garc\u00e9s \u00e9s fil\u00f2sofa, assagista i professora de Pensament filos\u00f2fic i cient\u00edfic contemporani a la Universitat Oberta de Catalunya, on tamb\u00e9 dirigeix el m\u00e0ster de Filosofia per als reptes contemporanis. Ha estat professora a la Universitat de Saragossa durant quinze anys i ha impartit doc\u00e8ncia a la Universitat Pompeu Fabra i la Universitat de Girona. [&hellip;]","og_url":"https:\/\/iaec2026granollers.com\/fr\/congres-aice\/ponents\/marina-garces\/","og_site_name":"IAEC 2026 Granollers","og_image":[{"width":640,"height":920,"url":"https:\/\/iaec2026granollers.com\/wp-content\/uploads\/2026\/01\/Marina_Garces.jpg","type":"image\/jpeg"}],"twitter_card":"summary_large_image","twitter_misc":{"Dur\u00e9e de lecture estim\u00e9e":"2 minutes"},"schema":{"@context":"https:\/\/schema.org","@graph":[{"@type":"WebPage","@id":"https:\/\/iaec2026granollers.com\/congres-aice\/ponents\/marina-garces\/","url":"https:\/\/iaec2026granollers.com\/congres-aice\/ponents\/marina-garces\/","name":"Marina Garc\u00e9s - IAEC 2026 Granollers","isPartOf":{"@id":"https:\/\/iaec2026granollers.com\/#website"},"primaryImageOfPage":{"@id":"https:\/\/iaec2026granollers.com\/congres-aice\/ponents\/marina-garces\/#primaryimage"},"image":{"@id":"https:\/\/iaec2026granollers.com\/congres-aice\/ponents\/marina-garces\/#primaryimage"},"thumbnailUrl":"https:\/\/iaec2026granollers.com\/wp-content\/uploads\/2026\/01\/Marina_Garces.jpg","datePublished":"2026-02-02T16:02:45+00:00","breadcrumb":{"@id":"https:\/\/iaec2026granollers.com\/congres-aice\/ponents\/marina-garces\/#breadcrumb"},"inLanguage":"fr-FR","potentialAction":[{"@type":"ReadAction","target":["https:\/\/iaec2026granollers.com\/congres-aice\/ponents\/marina-garces\/"]}]},{"@type":"ImageObject","inLanguage":"fr-FR","@id":"https:\/\/iaec2026granollers.com\/congres-aice\/ponents\/marina-garces\/#primaryimage","url":"https:\/\/iaec2026granollers.com\/wp-content\/uploads\/2026\/01\/Marina_Garces.jpg","contentUrl":"https:\/\/iaec2026granollers.com\/wp-content\/uploads\/2026\/01\/Marina_Garces.jpg","width":640,"height":920,"caption":"Marina_Garc\u00e9s"},{"@type":"BreadcrumbList","@id":"https:\/\/iaec2026granollers.com\/congres-aice\/ponents\/marina-garces\/#breadcrumb","itemListElement":[{"@type":"ListItem","position":1,"name":"Inici","item":"https:\/\/iaec2026granollers.com\/"},{"@type":"ListItem","position":2,"name":"Congr\u00e9s AICE","item":"https:\/\/iaec2026granollers.com\/congres-aice\/"},{"@type":"ListItem","position":3,"name":"Ponents","item":"https:\/\/iaec2026granollers.com\/congres-aice\/ponents\/"},{"@type":"ListItem","position":4,"name":"Marina Garc\u00e9s"}]},{"@type":"WebSite","@id":"https:\/\/iaec2026granollers.com\/#website","url":"https:\/\/iaec2026granollers.com\/","name":"IAEC 2026 Granollers","description":"","potentialAction":[{"@type":"SearchAction","target":{"@type":"EntryPoint","urlTemplate":"https:\/\/iaec2026granollers.com\/?s={search_term_string}"},"query-input":{"@type":"PropertyValueSpecification","valueRequired":true,"valueName":"search_term_string"}}],"inLanguage":"fr-FR"}]}},"_links":{"self":[{"href":"https:\/\/iaec2026granollers.com\/fr\/wp-json\/wp\/v2\/pages\/3239","targetHints":{"allow":["GET"]}}],"collection":[{"href":"https:\/\/iaec2026granollers.com\/fr\/wp-json\/wp\/v2\/pages"}],"about":[{"href":"https:\/\/iaec2026granollers.com\/fr\/wp-json\/wp\/v2\/types\/page"}],"author":[{"embeddable":true,"href":"https:\/\/iaec2026granollers.com\/fr\/wp-json\/wp\/v2\/users\/7"}],"replies":[{"embeddable":true,"href":"https:\/\/iaec2026granollers.com\/fr\/wp-json\/wp\/v2\/comments?post=3239"}],"version-history":[{"count":1,"href":"https:\/\/iaec2026granollers.com\/fr\/wp-json\/wp\/v2\/pages\/3239\/revisions"}],"predecessor-version":[{"id":3241,"href":"https:\/\/iaec2026granollers.com\/fr\/wp-json\/wp\/v2\/pages\/3239\/revisions\/3241"}],"up":[{"embeddable":true,"href":"https:\/\/iaec2026granollers.com\/fr\/wp-json\/wp\/v2\/pages\/2311"}],"wp:featuredmedia":[{"embeddable":true,"href":"https:\/\/iaec2026granollers.com\/fr\/wp-json\/wp\/v2\/media\/3240"}],"wp:attachment":[{"href":"https:\/\/iaec2026granollers.com\/fr\/wp-json\/wp\/v2\/media?parent=3239"}],"curies":[{"name":"wp","href":"https:\/\/api.w.org\/{rel}","templated":true}]}}