{"id":3242,"date":"2026-02-02T17:03:02","date_gmt":"2026-02-02T16:03:02","guid":{"rendered":"https:\/\/iaec2026granollers.com\/?page_id=3242"},"modified":"2026-04-30T08:51:31","modified_gmt":"2026-04-30T07:51:31","slug":"marcia-tiburi","status":"publish","type":"page","link":"https:\/\/iaec2026granollers.com\/fr\/congres-aice\/ponents\/marcia-tiburi\/","title":{"rendered":"Marcia Tiburi"},"content":{"rendered":"<p align=\"left\">M\u00e1rcia Tiburi est une <strong>philosophe, \u00e9crivain, artiste plasticien et critique litt\u00e9raire<\/strong> Br\u00e9silienne. Elle est titulaire d'un doctorat en philosophie contemporaine de l'Universit\u00e9 f\u00e9d\u00e9rale de Rio Grande do Sul et d'un dipl\u00f4me en beaux-arts. Elle est \u00e9galement charg\u00e9e de cours dans le programme de troisi\u00e8me cycle en \u00e9ducation, art et histoire culturelle \u00e0 l'Universit\u00e9 presbyt\u00e9rienne Mackenzie de S\u00e3o Paulo.<\/p>\n<p align=\"left\">Leurs recherches portent sur <strong>\u00e9thique, esth\u00e9tique et philosophie de la connaissance<\/strong>. Elle a publi\u00e9 de nombreux ouvrages philosophiques et romans, et \u00e9crit pour des revues sp\u00e9cialis\u00e9es et des journaux. Tiburi pr\u00f4ne un f\u00e9minisme qui lutte pour les droits de tous, ouvrant la voie \u00e0 d'autres expressions du genre et de la sexualit\u00e9 et promouvant une conception inclusive de l'humanit\u00e9.<\/p>\n<p align=\"left\">Pendant quatre ans, elle a \u00e9t\u00e9 membre du Parti socialiste et libert\u00e9 et, en 2018, elle a rejoint le Parti des travailleurs, soutenu par Lula. En d\u00e9cembre 2018, elle s'est exil\u00e9e \u00e0 Paris en raison de\u2019<strong>menaces de mort<\/strong> et pers\u00e9cution motiv\u00e9e par le mouvement Brasil Livre.<\/p>\n<h4 align=\"left\"><span lang=\"ca-ES\">\u0152uvres pr\u00e9sent\u00e9es<\/span><\/h4>\n<p align=\"left\"><strong>Comment dialoguer avec un fasciste : r\u00e9flexions sur l'autoritarisme quotidien au Br\u00e9sil.<\/strong> Analyse la mani\u00e8re dont la pens\u00e9e autoritaire et le fascisme se manifestent dans la vie quotidienne et comment aborder ces formes de pens\u00e9e \u00e0 l'aide d'outils philosophiques et critiques. Cet ouvrage a \u00e9t\u00e9 traduit et publi\u00e9 en anglais, \u00e9largissant ainsi son impact international.<\/p>\n<p align=\"left\"><strong>Philosophie pratique : \u00e9thique, vie quotidienne, vie virtuelle<\/strong>. L'un de ses ouvrages philosophiques les plus cit\u00e9s, dans lequel Tiburi applique la pens\u00e9e philosophique \u00e0 des questions \u00e9thiques contemporaines telles que la vie num\u00e9rique, les relations humaines et les d\u00e9cisions quotidiennes.<\/p>\n<p align=\"left\"><strong>Le d\u00e9lire du pouvoir : psychopouvoir et folie collective \u00e0 l'\u00e8re de la d\u00e9sinformation.<\/strong> Analyser comment la d\u00e9sinformation, les discours haineux et les dynamiques autoritaires g\u00e9n\u00e8rent une forme de psychopouvoir qui alimente la manipulation \u00e9motionnelle et la folie collective.<\/p>","protected":false},"excerpt":{"rendered":"<p>M\u00e1rcia Tiburi \u00e9s una fil\u00f2sofa, escriptora, artista pl\u00e0stica i cr\u00edtica liter\u00e0ria brasilera. \u00c9s doctora en Filosofia Contempor\u00e0nia per la Universitat Federal de Rio Grande do Sul i llicenciada en Arts Pl\u00e0stiques. Tamb\u00e9 \u00e9s professora del Programa de Postgrau en Educaci\u00f3, Art i Hist\u00f2ria de la Cultura de la Universitat Presbiteriana Mackenzie de Sao Paulo. La [&hellip;]<\/p>","protected":false},"author":7,"featured_media":3598,"parent":2311,"menu_order":34,"comment_status":"closed","ping_status":"closed","template":"page-ponents.php","meta":{"_acf_changed":false,"footnotes":""},"class_list":["post-3242","page","type-page","status-publish","has-post-thumbnail","hentry"],"acf":[],"yoast_head":"<!-- This site is optimized with the Yoast SEO plugin v26.6 - https:\/\/yoast.com\/wordpress\/plugins\/seo\/ -->\n<title>M\u00e1rcia Tiburi - IAEC 2026 Granollers<\/title>\n<meta name=\"robots\" content=\"index, follow, max-snippet:-1, max-image-preview:large, max-video-preview:-1\" \/>\n<link rel=\"canonical\" href=\"https:\/\/iaec2026granollers.com\/fr\/congres-aice\/ponents\/marcia-tiburi\/\" \/>\n<meta property=\"og:locale\" content=\"fr_FR\" \/>\n<meta property=\"og:type\" content=\"article\" \/>\n<meta property=\"og:title\" content=\"M\u00e1rcia Tiburi - IAEC 2026 Granollers\" \/>\n<meta property=\"og:description\" content=\"M\u00e1rcia Tiburi \u00e9s una fil\u00f2sofa, escriptora, artista pl\u00e0stica i cr\u00edtica liter\u00e0ria brasilera. \u00c9s doctora en Filosofia Contempor\u00e0nia per la Universitat Federal de Rio Grande do Sul i llicenciada en Arts Pl\u00e0stiques. Tamb\u00e9 \u00e9s professora del Programa de Postgrau en Educaci\u00f3, Art i Hist\u00f2ria de la Cultura de la Universitat Presbiteriana Mackenzie de Sao Paulo. La [&hellip;]\" \/>\n<meta property=\"og:url\" content=\"https:\/\/iaec2026granollers.com\/fr\/congres-aice\/ponents\/marcia-tiburi\/\" \/>\n<meta property=\"og:site_name\" content=\"IAEC 2026 Granollers\" \/>\n<meta property=\"article:modified_time\" content=\"2026-04-30T07:51:31+00:00\" \/>\n<meta property=\"og:image\" content=\"https:\/\/iaec2026granollers.com\/wp-content\/uploads\/2026\/04\/Marcia-Tiburi.jpeg\" \/>\n\t<meta property=\"og:image:width\" content=\"1179\" \/>\n\t<meta property=\"og:image:height\" content=\"1225\" \/>\n\t<meta property=\"og:image:type\" content=\"image\/jpeg\" \/>\n<meta name=\"twitter:card\" content=\"summary_large_image\" \/>\n<meta name=\"twitter:label1\" content=\"Dur\u00e9e de lecture estim\u00e9e\" \/>\n\t<meta name=\"twitter:data1\" content=\"2 minutes\" \/>\n<script type=\"application\/ld+json\" class=\"yoast-schema-graph\">{\"@context\":\"https:\/\/schema.org\",\"@graph\":[{\"@type\":\"WebPage\",\"@id\":\"https:\/\/iaec2026granollers.com\/congres-aice\/ponents\/marcia-tiburi\/\",\"url\":\"https:\/\/iaec2026granollers.com\/congres-aice\/ponents\/marcia-tiburi\/\",\"name\":\"M\u00e1rcia Tiburi - IAEC 2026 Granollers\",\"isPartOf\":{\"@id\":\"https:\/\/iaec2026granollers.com\/#website\"},\"primaryImageOfPage\":{\"@id\":\"https:\/\/iaec2026granollers.com\/congres-aice\/ponents\/marcia-tiburi\/#primaryimage\"},\"image\":{\"@id\":\"https:\/\/iaec2026granollers.com\/congres-aice\/ponents\/marcia-tiburi\/#primaryimage\"},\"thumbnailUrl\":\"https:\/\/iaec2026granollers.com\/wp-content\/uploads\/2026\/04\/Marcia-Tiburi.jpeg\",\"datePublished\":\"2026-02-02T16:03:02+00:00\",\"dateModified\":\"2026-04-30T07:51:31+00:00\",\"breadcrumb\":{\"@id\":\"https:\/\/iaec2026granollers.com\/congres-aice\/ponents\/marcia-tiburi\/#breadcrumb\"},\"inLanguage\":\"fr-FR\",\"potentialAction\":[{\"@type\":\"ReadAction\",\"target\":[\"https:\/\/iaec2026granollers.com\/congres-aice\/ponents\/marcia-tiburi\/\"]}]},{\"@type\":\"ImageObject\",\"inLanguage\":\"fr-FR\",\"@id\":\"https:\/\/iaec2026granollers.com\/congres-aice\/ponents\/marcia-tiburi\/#primaryimage\",\"url\":\"https:\/\/iaec2026granollers.com\/wp-content\/uploads\/2026\/04\/Marcia-Tiburi.jpeg\",\"contentUrl\":\"https:\/\/iaec2026granollers.com\/wp-content\/uploads\/2026\/04\/Marcia-Tiburi.jpeg\",\"width\":1179,\"height\":1225},{\"@type\":\"BreadcrumbList\",\"@id\":\"https:\/\/iaec2026granollers.com\/congres-aice\/ponents\/marcia-tiburi\/#breadcrumb\",\"itemListElement\":[{\"@type\":\"ListItem\",\"position\":1,\"name\":\"Inici\",\"item\":\"https:\/\/iaec2026granollers.com\/\"},{\"@type\":\"ListItem\",\"position\":2,\"name\":\"Congr\u00e9s AICE\",\"item\":\"https:\/\/iaec2026granollers.com\/congres-aice\/\"},{\"@type\":\"ListItem\",\"position\":3,\"name\":\"Ponents\",\"item\":\"https:\/\/iaec2026granollers.com\/congres-aice\/ponents\/\"},{\"@type\":\"ListItem\",\"position\":4,\"name\":\"M\u00e1rcia Tiburi\"}]},{\"@type\":\"WebSite\",\"@id\":\"https:\/\/iaec2026granollers.com\/#website\",\"url\":\"https:\/\/iaec2026granollers.com\/\",\"name\":\"IAEC 2026 Granollers\",\"description\":\"\",\"potentialAction\":[{\"@type\":\"SearchAction\",\"target\":{\"@type\":\"EntryPoint\",\"urlTemplate\":\"https:\/\/iaec2026granollers.com\/?s={search_term_string}\"},\"query-input\":{\"@type\":\"PropertyValueSpecification\",\"valueRequired\":true,\"valueName\":\"search_term_string\"}}],\"inLanguage\":\"fr-FR\"}]}<\/script>\n<!-- \/ Yoast SEO plugin. -->","yoast_head_json":{"title":"M\u00e1rcia Tiburi - IAEC 2026 Granollers","robots":{"index":"index","follow":"follow","max-snippet":"max-snippet:-1","max-image-preview":"max-image-preview:large","max-video-preview":"max-video-preview:-1"},"canonical":"https:\/\/iaec2026granollers.com\/fr\/congres-aice\/ponents\/marcia-tiburi\/","og_locale":"fr_FR","og_type":"article","og_title":"M\u00e1rcia Tiburi - IAEC 2026 Granollers","og_description":"M\u00e1rcia Tiburi \u00e9s una fil\u00f2sofa, escriptora, artista pl\u00e0stica i cr\u00edtica liter\u00e0ria brasilera. \u00c9s doctora en Filosofia Contempor\u00e0nia per la Universitat Federal de Rio Grande do Sul i llicenciada en Arts Pl\u00e0stiques. Tamb\u00e9 \u00e9s professora del Programa de Postgrau en Educaci\u00f3, Art i Hist\u00f2ria de la Cultura de la Universitat Presbiteriana Mackenzie de Sao Paulo. La [&hellip;]","og_url":"https:\/\/iaec2026granollers.com\/fr\/congres-aice\/ponents\/marcia-tiburi\/","og_site_name":"IAEC 2026 Granollers","article_modified_time":"2026-04-30T07:51:31+00:00","og_image":[{"width":1179,"height":1225,"url":"https:\/\/iaec2026granollers.com\/wp-content\/uploads\/2026\/04\/Marcia-Tiburi.jpeg","type":"image\/jpeg"}],"twitter_card":"summary_large_image","twitter_misc":{"Dur\u00e9e de lecture estim\u00e9e":"2 minutes"},"schema":{"@context":"https:\/\/schema.org","@graph":[{"@type":"WebPage","@id":"https:\/\/iaec2026granollers.com\/congres-aice\/ponents\/marcia-tiburi\/","url":"https:\/\/iaec2026granollers.com\/congres-aice\/ponents\/marcia-tiburi\/","name":"M\u00e1rcia Tiburi - IAEC 2026 Granollers","isPartOf":{"@id":"https:\/\/iaec2026granollers.com\/#website"},"primaryImageOfPage":{"@id":"https:\/\/iaec2026granollers.com\/congres-aice\/ponents\/marcia-tiburi\/#primaryimage"},"image":{"@id":"https:\/\/iaec2026granollers.com\/congres-aice\/ponents\/marcia-tiburi\/#primaryimage"},"thumbnailUrl":"https:\/\/iaec2026granollers.com\/wp-content\/uploads\/2026\/04\/Marcia-Tiburi.jpeg","datePublished":"2026-02-02T16:03:02+00:00","dateModified":"2026-04-30T07:51:31+00:00","breadcrumb":{"@id":"https:\/\/iaec2026granollers.com\/congres-aice\/ponents\/marcia-tiburi\/#breadcrumb"},"inLanguage":"fr-FR","potentialAction":[{"@type":"ReadAction","target":["https:\/\/iaec2026granollers.com\/congres-aice\/ponents\/marcia-tiburi\/"]}]},{"@type":"ImageObject","inLanguage":"fr-FR","@id":"https:\/\/iaec2026granollers.com\/congres-aice\/ponents\/marcia-tiburi\/#primaryimage","url":"https:\/\/iaec2026granollers.com\/wp-content\/uploads\/2026\/04\/Marcia-Tiburi.jpeg","contentUrl":"https:\/\/iaec2026granollers.com\/wp-content\/uploads\/2026\/04\/Marcia-Tiburi.jpeg","width":1179,"height":1225},{"@type":"BreadcrumbList","@id":"https:\/\/iaec2026granollers.com\/congres-aice\/ponents\/marcia-tiburi\/#breadcrumb","itemListElement":[{"@type":"ListItem","position":1,"name":"Inici","item":"https:\/\/iaec2026granollers.com\/"},{"@type":"ListItem","position":2,"name":"Congr\u00e9s AICE","item":"https:\/\/iaec2026granollers.com\/congres-aice\/"},{"@type":"ListItem","position":3,"name":"Ponents","item":"https:\/\/iaec2026granollers.com\/congres-aice\/ponents\/"},{"@type":"ListItem","position":4,"name":"M\u00e1rcia Tiburi"}]},{"@type":"WebSite","@id":"https:\/\/iaec2026granollers.com\/#website","url":"https:\/\/iaec2026granollers.com\/","name":"IAEC 2026 Granollers","description":"","potentialAction":[{"@type":"SearchAction","target":{"@type":"EntryPoint","urlTemplate":"https:\/\/iaec2026granollers.com\/?s={search_term_string}"},"query-input":{"@type":"PropertyValueSpecification","valueRequired":true,"valueName":"search_term_string"}}],"inLanguage":"fr-FR"}]}},"_links":{"self":[{"href":"https:\/\/iaec2026granollers.com\/fr\/wp-json\/wp\/v2\/pages\/3242","targetHints":{"allow":["GET"]}}],"collection":[{"href":"https:\/\/iaec2026granollers.com\/fr\/wp-json\/wp\/v2\/pages"}],"about":[{"href":"https:\/\/iaec2026granollers.com\/fr\/wp-json\/wp\/v2\/types\/page"}],"author":[{"embeddable":true,"href":"https:\/\/iaec2026granollers.com\/fr\/wp-json\/wp\/v2\/users\/7"}],"replies":[{"embeddable":true,"href":"https:\/\/iaec2026granollers.com\/fr\/wp-json\/wp\/v2\/comments?post=3242"}],"version-history":[{"count":1,"href":"https:\/\/iaec2026granollers.com\/fr\/wp-json\/wp\/v2\/pages\/3242\/revisions"}],"predecessor-version":[{"id":3244,"href":"https:\/\/iaec2026granollers.com\/fr\/wp-json\/wp\/v2\/pages\/3242\/revisions\/3244"}],"up":[{"embeddable":true,"href":"https:\/\/iaec2026granollers.com\/fr\/wp-json\/wp\/v2\/pages\/2311"}],"wp:featuredmedia":[{"embeddable":true,"href":"https:\/\/iaec2026granollers.com\/fr\/wp-json\/wp\/v2\/media\/3598"}],"wp:attachment":[{"href":"https:\/\/iaec2026granollers.com\/fr\/wp-json\/wp\/v2\/media?parent=3242"}],"curies":[{"name":"wp","href":"https:\/\/api.w.org\/{rel}","templated":true}]}}