{"id":3248,"date":"2026-02-02T09:34:24","date_gmt":"2026-02-02T08:34:24","guid":{"rendered":"https:\/\/iaec2026granollers.com\/?page_id=3248"},"modified":"2026-02-02T09:34:24","modified_gmt":"2026-02-02T08:34:24","slug":"joan-fontcuberta","status":"publish","type":"page","link":"https:\/\/iaec2026granollers.com\/fr\/congres-aice\/ponents\/joan-fontcuberta\/","title":{"rendered":"Joan Fontcuberta"},"content":{"rendered":"<p align=\"left\">Joan Fontcuberta est titulaire d'un dipl\u00f4me en sciences de l'information et <strong>l'un des photographes catalans ayant la plus grande projection internationale<\/strong>. Il travaille \u00e9galement comme th\u00e9oricien de l'imagerie photographique et comme \u00e9diteur photographique, et a promu la photographie contemporaine \u00e0 travers de nombreux \u00e9v\u00e9nements, conf\u00e9rences et expositions.<\/p>\n<p align=\"left\">Leur production artistique multiforme s'articule autour de <strong>la plausibilit\u00e9 de l'image et sa capacit\u00e9 \u00e0 repr\u00e9senter et \u00e0 supplanter le monde r\u00e9el<\/strong>. En effet, tant ses travaux th\u00e9oriques que ses photographies remettent en question la v\u00e9rit\u00e9 attribu\u00e9e \u00e0 l'image. Il s'int\u00e9resse \u00e0 la fonction sociale de la photographie, \u00e0 son utilisation publique et \u00e0 la surcharge d'informations.<\/p>\n<p align=\"left\">Depuis la fin des ann\u00e9es 1980, Fontcuberta expose r\u00e9guli\u00e8rement dans les centres d'art les plus prestigieux du monde et, parmi les nombreuses r\u00e9compenses qu'il a re\u00e7ues, la plus prestigieuse se distingue particuli\u00e8rement. <strong>Prix international de photographie Hasselblad en 2013<\/strong>. En 2020, l'universit\u00e9 Paris VIII lui a d\u00e9cern\u00e9 le titre de docteur honoris causa.<\/p>\n<p align=\"left\">Son travail se trouve dans <strong>Collections en vedette<\/strong> tels que le MoMA \u00e0 New York, le Metropolitan Museum of Art \u00e0 New York, l'Art Institute of Chicago, le Museo Nacional Centro de Arte Reina Sof\u00eda \u00e0 Madrid, le Centre Pompidou \u00e0 Paris et le MACBA \u00e0 Barcelone, entre autres.<\/p>\n<h4 align=\"left\"><span lang=\"ca-ES\">\u0152uvres pr\u00e9sent\u00e9es<\/span><\/h4>\n<p><strong>Le baiser de Judas. Photographie et v\u00e9rit\u00e9<\/strong>.L'un de ses ouvrages fondamentaux ; il y r\u00e9fl\u00e9chit \u00e0 la photographie comme une construction id\u00e9ologique plut\u00f4t que comme une preuve objective.<\/p>\n<p><strong>La fureur des images. Notes sur la post-photographie.<\/strong>\u00a0Texte cl\u00e9 sur la post-photographie, la saturation visuelle et les images \u00e0 l'\u00e8re des r\u00e9seaux sociaux.<\/p>\n<p><strong>Le Livre des merveilles.<\/strong>\u00a0Une r\u00e9flexion sur la connaissance, la curiosit\u00e9 et les dispositifs visuels \u00e0 travers l'histoire.<\/p>","protected":false},"excerpt":{"rendered":"<p>Joan Fontcuberta \u00e9s llicenciat en Ci\u00e8ncies de la Informaci\u00f3 i un dels fot\u00f2grafs catalans amb m\u00e9s projecci\u00f3 internacional. Exerceix tamb\u00e9 com a te\u00f2ric de la imatge fotogr\u00e0fica i com a editor fotogr\u00e0fic, i ha impulsat la fotografia contempor\u00e0nia a trav\u00e9s de nombrosos esdeveniments, jornades i exposicions. La seva producci\u00f3 art\u00edstica, multifac\u00e8tica, gira entorn de la [&hellip;]<\/p>","protected":false},"author":7,"featured_media":3273,"parent":2311,"menu_order":39,"comment_status":"closed","ping_status":"closed","template":"page-ponents.php","meta":{"_acf_changed":false,"footnotes":""},"class_list":["post-3248","page","type-page","status-publish","has-post-thumbnail","hentry"],"acf":[],"yoast_head":"<!-- This site is optimized with the Yoast SEO plugin v26.6 - https:\/\/yoast.com\/wordpress\/plugins\/seo\/ -->\n<title>Joan Fontcuberta - IAEC 2026 Granollers<\/title>\n<meta name=\"robots\" content=\"index, follow, max-snippet:-1, max-image-preview:large, max-video-preview:-1\" \/>\n<link rel=\"canonical\" href=\"https:\/\/iaec2026granollers.com\/fr\/congres-aice\/ponents\/joan-fontcuberta\/\" \/>\n<meta property=\"og:locale\" content=\"fr_FR\" \/>\n<meta property=\"og:type\" content=\"article\" \/>\n<meta property=\"og:title\" content=\"Joan Fontcuberta - IAEC 2026 Granollers\" \/>\n<meta property=\"og:description\" content=\"Joan Fontcuberta \u00e9s llicenciat en Ci\u00e8ncies de la Informaci\u00f3 i un dels fot\u00f2grafs catalans amb m\u00e9s projecci\u00f3 internacional. Exerceix tamb\u00e9 com a te\u00f2ric de la imatge fotogr\u00e0fica i com a editor fotogr\u00e0fic, i ha impulsat la fotografia contempor\u00e0nia a trav\u00e9s de nombrosos esdeveniments, jornades i exposicions. La seva producci\u00f3 art\u00edstica, multifac\u00e8tica, gira entorn de la [&hellip;]\" \/>\n<meta property=\"og:url\" content=\"https:\/\/iaec2026granollers.com\/fr\/congres-aice\/ponents\/joan-fontcuberta\/\" \/>\n<meta property=\"og:site_name\" content=\"IAEC 2026 Granollers\" \/>\n<meta property=\"og:image\" content=\"https:\/\/iaec2026granollers.com\/wp-content\/uploads\/2026\/02\/joan-fontcuberta-scaled.jpg\" \/>\n\t<meta property=\"og:image:width\" content=\"2560\" \/>\n\t<meta property=\"og:image:height\" content=\"1684\" \/>\n\t<meta property=\"og:image:type\" content=\"image\/jpeg\" \/>\n<meta name=\"twitter:card\" content=\"summary_large_image\" \/>\n<meta name=\"twitter:label1\" content=\"Dur\u00e9e de lecture estim\u00e9e\" \/>\n\t<meta name=\"twitter:data1\" content=\"2 minutes\" \/>\n<script type=\"application\/ld+json\" class=\"yoast-schema-graph\">{\"@context\":\"https:\/\/schema.org\",\"@graph\":[{\"@type\":\"WebPage\",\"@id\":\"https:\/\/iaec2026granollers.com\/congres-aice\/ponents\/joan-fontcuberta\/\",\"url\":\"https:\/\/iaec2026granollers.com\/congres-aice\/ponents\/joan-fontcuberta\/\",\"name\":\"Joan Fontcuberta - IAEC 2026 Granollers\",\"isPartOf\":{\"@id\":\"https:\/\/iaec2026granollers.com\/#website\"},\"primaryImageOfPage\":{\"@id\":\"https:\/\/iaec2026granollers.com\/congres-aice\/ponents\/joan-fontcuberta\/#primaryimage\"},\"image\":{\"@id\":\"https:\/\/iaec2026granollers.com\/congres-aice\/ponents\/joan-fontcuberta\/#primaryimage\"},\"thumbnailUrl\":\"https:\/\/iaec2026granollers.com\/wp-content\/uploads\/2026\/02\/joan-fontcuberta-scaled.jpg\",\"datePublished\":\"2026-02-02T08:34:24+00:00\",\"breadcrumb\":{\"@id\":\"https:\/\/iaec2026granollers.com\/congres-aice\/ponents\/joan-fontcuberta\/#breadcrumb\"},\"inLanguage\":\"fr-FR\",\"potentialAction\":[{\"@type\":\"ReadAction\",\"target\":[\"https:\/\/iaec2026granollers.com\/congres-aice\/ponents\/joan-fontcuberta\/\"]}]},{\"@type\":\"ImageObject\",\"inLanguage\":\"fr-FR\",\"@id\":\"https:\/\/iaec2026granollers.com\/congres-aice\/ponents\/joan-fontcuberta\/#primaryimage\",\"url\":\"https:\/\/iaec2026granollers.com\/wp-content\/uploads\/2026\/02\/joan-fontcuberta-scaled.jpg\",\"contentUrl\":\"https:\/\/iaec2026granollers.com\/wp-content\/uploads\/2026\/02\/joan-fontcuberta-scaled.jpg\",\"width\":2560,\"height\":1684,\"caption\":\"joan fontcuberta\"},{\"@type\":\"BreadcrumbList\",\"@id\":\"https:\/\/iaec2026granollers.com\/congres-aice\/ponents\/joan-fontcuberta\/#breadcrumb\",\"itemListElement\":[{\"@type\":\"ListItem\",\"position\":1,\"name\":\"Inici\",\"item\":\"https:\/\/iaec2026granollers.com\/\"},{\"@type\":\"ListItem\",\"position\":2,\"name\":\"Congr\u00e9s AICE\",\"item\":\"https:\/\/iaec2026granollers.com\/congres-aice\/\"},{\"@type\":\"ListItem\",\"position\":3,\"name\":\"Ponents\",\"item\":\"https:\/\/iaec2026granollers.com\/congres-aice\/ponents\/\"},{\"@type\":\"ListItem\",\"position\":4,\"name\":\"Joan Fontcuberta\"}]},{\"@type\":\"WebSite\",\"@id\":\"https:\/\/iaec2026granollers.com\/#website\",\"url\":\"https:\/\/iaec2026granollers.com\/\",\"name\":\"IAEC 2026 Granollers\",\"description\":\"\",\"potentialAction\":[{\"@type\":\"SearchAction\",\"target\":{\"@type\":\"EntryPoint\",\"urlTemplate\":\"https:\/\/iaec2026granollers.com\/?s={search_term_string}\"},\"query-input\":{\"@type\":\"PropertyValueSpecification\",\"valueRequired\":true,\"valueName\":\"search_term_string\"}}],\"inLanguage\":\"fr-FR\"}]}<\/script>\n<!-- \/ Yoast SEO plugin. -->","yoast_head_json":{"title":"Joan Fontcuberta - IAEC 2026 Granollers","robots":{"index":"index","follow":"follow","max-snippet":"max-snippet:-1","max-image-preview":"max-image-preview:large","max-video-preview":"max-video-preview:-1"},"canonical":"https:\/\/iaec2026granollers.com\/fr\/congres-aice\/ponents\/joan-fontcuberta\/","og_locale":"fr_FR","og_type":"article","og_title":"Joan Fontcuberta - IAEC 2026 Granollers","og_description":"Joan Fontcuberta \u00e9s llicenciat en Ci\u00e8ncies de la Informaci\u00f3 i un dels fot\u00f2grafs catalans amb m\u00e9s projecci\u00f3 internacional. Exerceix tamb\u00e9 com a te\u00f2ric de la imatge fotogr\u00e0fica i com a editor fotogr\u00e0fic, i ha impulsat la fotografia contempor\u00e0nia a trav\u00e9s de nombrosos esdeveniments, jornades i exposicions. La seva producci\u00f3 art\u00edstica, multifac\u00e8tica, gira entorn de la [&hellip;]","og_url":"https:\/\/iaec2026granollers.com\/fr\/congres-aice\/ponents\/joan-fontcuberta\/","og_site_name":"IAEC 2026 Granollers","og_image":[{"width":2560,"height":1684,"url":"https:\/\/iaec2026granollers.com\/wp-content\/uploads\/2026\/02\/joan-fontcuberta-scaled.jpg","type":"image\/jpeg"}],"twitter_card":"summary_large_image","twitter_misc":{"Dur\u00e9e de lecture estim\u00e9e":"2 minutes"},"schema":{"@context":"https:\/\/schema.org","@graph":[{"@type":"WebPage","@id":"https:\/\/iaec2026granollers.com\/congres-aice\/ponents\/joan-fontcuberta\/","url":"https:\/\/iaec2026granollers.com\/congres-aice\/ponents\/joan-fontcuberta\/","name":"Joan Fontcuberta - IAEC 2026 Granollers","isPartOf":{"@id":"https:\/\/iaec2026granollers.com\/#website"},"primaryImageOfPage":{"@id":"https:\/\/iaec2026granollers.com\/congres-aice\/ponents\/joan-fontcuberta\/#primaryimage"},"image":{"@id":"https:\/\/iaec2026granollers.com\/congres-aice\/ponents\/joan-fontcuberta\/#primaryimage"},"thumbnailUrl":"https:\/\/iaec2026granollers.com\/wp-content\/uploads\/2026\/02\/joan-fontcuberta-scaled.jpg","datePublished":"2026-02-02T08:34:24+00:00","breadcrumb":{"@id":"https:\/\/iaec2026granollers.com\/congres-aice\/ponents\/joan-fontcuberta\/#breadcrumb"},"inLanguage":"fr-FR","potentialAction":[{"@type":"ReadAction","target":["https:\/\/iaec2026granollers.com\/congres-aice\/ponents\/joan-fontcuberta\/"]}]},{"@type":"ImageObject","inLanguage":"fr-FR","@id":"https:\/\/iaec2026granollers.com\/congres-aice\/ponents\/joan-fontcuberta\/#primaryimage","url":"https:\/\/iaec2026granollers.com\/wp-content\/uploads\/2026\/02\/joan-fontcuberta-scaled.jpg","contentUrl":"https:\/\/iaec2026granollers.com\/wp-content\/uploads\/2026\/02\/joan-fontcuberta-scaled.jpg","width":2560,"height":1684,"caption":"joan fontcuberta"},{"@type":"BreadcrumbList","@id":"https:\/\/iaec2026granollers.com\/congres-aice\/ponents\/joan-fontcuberta\/#breadcrumb","itemListElement":[{"@type":"ListItem","position":1,"name":"Inici","item":"https:\/\/iaec2026granollers.com\/"},{"@type":"ListItem","position":2,"name":"Congr\u00e9s AICE","item":"https:\/\/iaec2026granollers.com\/congres-aice\/"},{"@type":"ListItem","position":3,"name":"Ponents","item":"https:\/\/iaec2026granollers.com\/congres-aice\/ponents\/"},{"@type":"ListItem","position":4,"name":"Joan Fontcuberta"}]},{"@type":"WebSite","@id":"https:\/\/iaec2026granollers.com\/#website","url":"https:\/\/iaec2026granollers.com\/","name":"IAEC 2026 Granollers","description":"","potentialAction":[{"@type":"SearchAction","target":{"@type":"EntryPoint","urlTemplate":"https:\/\/iaec2026granollers.com\/?s={search_term_string}"},"query-input":{"@type":"PropertyValueSpecification","valueRequired":true,"valueName":"search_term_string"}}],"inLanguage":"fr-FR"}]}},"_links":{"self":[{"href":"https:\/\/iaec2026granollers.com\/fr\/wp-json\/wp\/v2\/pages\/3248","targetHints":{"allow":["GET"]}}],"collection":[{"href":"https:\/\/iaec2026granollers.com\/fr\/wp-json\/wp\/v2\/pages"}],"about":[{"href":"https:\/\/iaec2026granollers.com\/fr\/wp-json\/wp\/v2\/types\/page"}],"author":[{"embeddable":true,"href":"https:\/\/iaec2026granollers.com\/fr\/wp-json\/wp\/v2\/users\/7"}],"replies":[{"embeddable":true,"href":"https:\/\/iaec2026granollers.com\/fr\/wp-json\/wp\/v2\/comments?post=3248"}],"version-history":[{"count":4,"href":"https:\/\/iaec2026granollers.com\/fr\/wp-json\/wp\/v2\/pages\/3248\/revisions"}],"predecessor-version":[{"id":3274,"href":"https:\/\/iaec2026granollers.com\/fr\/wp-json\/wp\/v2\/pages\/3248\/revisions\/3274"}],"up":[{"embeddable":true,"href":"https:\/\/iaec2026granollers.com\/fr\/wp-json\/wp\/v2\/pages\/2311"}],"wp:featuredmedia":[{"embeddable":true,"href":"https:\/\/iaec2026granollers.com\/fr\/wp-json\/wp\/v2\/media\/3273"}],"wp:attachment":[{"href":"https:\/\/iaec2026granollers.com\/fr\/wp-json\/wp\/v2\/media?parent=3248"}],"curies":[{"name":"wp","href":"https:\/\/api.w.org\/{rel}","templated":true}]}}