{"id":3252,"date":"2026-02-02T17:03:21","date_gmt":"2026-02-02T16:03:21","guid":{"rendered":"https:\/\/iaec2026granollers.com\/?page_id=3252"},"modified":"2026-02-06T10:20:20","modified_gmt":"2026-02-06T09:20:20","slug":"rosalia-diogo","status":"publish","type":"page","link":"https:\/\/iaec2026granollers.com\/fr\/congres-aice\/ponents\/rosalia-diogo\/","title":{"rendered":"Rosalia Diogo"},"content":{"rendered":"<p>Rosalia Diogo est <strong>enseignante, journaliste, psychologue sociale, conservatrice d&#039;art et militante culturelle<\/strong>, Elle poss\u00e8de une carri\u00e8re professionnelle li\u00e9e \u00e0 la communication, \u00e0 la culture et aux sciences sociales. Elle travaille comme conservatrice \u00e0 l&#039;Institut culturel Casar\u00e3o das Artes Negras au Br\u00e9sil et comme directrice de la revue Canjer\u00ea, \u00e0 partir de laquelle elle promeut la r\u00e9flexion et la visibilit\u00e9 des cultures noires.<\/p>\n<p>Son activit\u00e9 professionnelle allie journalisme, gestion culturelle et enseignement universitaire. Ses recherches ont port\u00e9 sur des domaines tels que\u2026<strong> litt\u00e9rature, culture, f\u00e9minisme et \u00e9tudes sociales<\/strong>, avec une attention particuli\u00e8re aux productions culturelles afro-br\u00e9siliennes et africaines de langue portugaise.<\/p>\n<p>Diogo est titulaire d&#039;une licence en journalisme, d&#039;un master en psychologie sociale de l&#039;Universit\u00e9 f\u00e9d\u00e9rale de Minas Gerais, d&#039;un doctorat en litt\u00e9rature de l&#039;Universit\u00e9 pontificale catholique de Minas Gerais et a effectu\u00e9 un post-doctorat en anthropologie \u00e0 l&#039;Universit\u00e9 de Barcelone. Il a r\u00e9cemment occup\u00e9 le poste de <strong>professeur invit\u00e9 \u00e0 l&#039;Universit\u00e9 Eduardo Mondlane, au Mozambique<\/strong>.<\/p>\n<h4>\u0152uvres pr\u00e9sent\u00e9es<\/h4>\n<p><strong>M\u00e9dias et racisme : essais.<\/strong> Un recueil d&#039;essais qui explore la mani\u00e8re dont les m\u00e9dias repr\u00e9sentent et construisent les r\u00e9cits sur la race et l&#039;identit\u00e9 au Br\u00e9sil.<\/p>\n<p><strong>Qu&#039;est-ce que le f\u00e9minisme ?<\/strong> (Co-auteur) Un ouvrage qui pr\u00e9sente les concepts fondamentaux du f\u00e9minisme et la mani\u00e8re dont les relations de genre sont articul\u00e9es.<\/p>\n<p><strong>Qu&#039;est-ce que le racisme ?<\/strong> (Co-auteur) Un texte informatif qui aborde les concepts de racisme structurel et id\u00e9ologique.<\/p>","protected":false},"excerpt":{"rendered":"<p>Ros\u00e1lia Diogo \u00e9s professora, periodista, psic\u00f2loga social, curadora d\u2019arts i activista cultural, amb una traject\u00f2ria professional vinculada a la comunicaci\u00f3, la cultura i els estudis socials. Exerceix com a curadora a l\u2019Institut Cultural Casar\u00e3o das Artes Negras de Brasil i com a directora de la Revista Canjer\u00ea, des d\u2019on impulsa la reflexi\u00f3 i la visibilitzaci\u00f3 [&hellip;]<\/p>","protected":false},"author":7,"featured_media":3339,"parent":2311,"menu_order":36,"comment_status":"closed","ping_status":"closed","template":"page-ponents.php","meta":{"_acf_changed":false,"footnotes":""},"class_list":["post-3252","page","type-page","status-publish","has-post-thumbnail","hentry"],"acf":[],"yoast_head":"<!-- This site is optimized with the Yoast SEO plugin v26.6 - https:\/\/yoast.com\/wordpress\/plugins\/seo\/ -->\n<title>Ros\u00e1lia Diogo - IAEC 2026 Granollers<\/title>\n<meta name=\"robots\" content=\"index, follow, max-snippet:-1, max-image-preview:large, max-video-preview:-1\" \/>\n<link rel=\"canonical\" href=\"https:\/\/iaec2026granollers.com\/fr\/congres-aice\/ponents\/rosalia-diogo\/\" \/>\n<meta property=\"og:locale\" content=\"fr_FR\" \/>\n<meta property=\"og:type\" content=\"article\" \/>\n<meta property=\"og:title\" content=\"Ros\u00e1lia Diogo - IAEC 2026 Granollers\" \/>\n<meta property=\"og:description\" content=\"Ros\u00e1lia Diogo \u00e9s professora, periodista, psic\u00f2loga social, curadora d\u2019arts i activista cultural, amb una traject\u00f2ria professional vinculada a la comunicaci\u00f3, la cultura i els estudis socials. Exerceix com a curadora a l\u2019Institut Cultural Casar\u00e3o das Artes Negras de Brasil i com a directora de la Revista Canjer\u00ea, des d\u2019on impulsa la reflexi\u00f3 i la visibilitzaci\u00f3 [&hellip;]\" \/>\n<meta property=\"og:url\" content=\"https:\/\/iaec2026granollers.com\/fr\/congres-aice\/ponents\/rosalia-diogo\/\" \/>\n<meta property=\"og:site_name\" content=\"IAEC 2026 Granollers\" \/>\n<meta property=\"article:modified_time\" content=\"2026-02-06T09:20:20+00:00\" \/>\n<meta property=\"og:image\" content=\"https:\/\/iaec2026granollers.com\/wp-content\/uploads\/2026\/02\/rosalia-amb-credit-scaled.jpg\" \/>\n\t<meta property=\"og:image:width\" content=\"1717\" \/>\n\t<meta property=\"og:image:height\" content=\"2560\" \/>\n\t<meta property=\"og:image:type\" content=\"image\/jpeg\" \/>\n<meta name=\"twitter:card\" content=\"summary_large_image\" \/>\n<meta name=\"twitter:label1\" content=\"Dur\u00e9e de lecture estim\u00e9e\" \/>\n\t<meta name=\"twitter:data1\" content=\"2 minutes\" \/>\n<script type=\"application\/ld+json\" class=\"yoast-schema-graph\">{\"@context\":\"https:\/\/schema.org\",\"@graph\":[{\"@type\":\"WebPage\",\"@id\":\"https:\/\/iaec2026granollers.com\/congres-aice\/ponents\/rosalia-diogo\/\",\"url\":\"https:\/\/iaec2026granollers.com\/congres-aice\/ponents\/rosalia-diogo\/\",\"name\":\"Ros\u00e1lia Diogo - IAEC 2026 Granollers\",\"isPartOf\":{\"@id\":\"https:\/\/iaec2026granollers.com\/#website\"},\"primaryImageOfPage\":{\"@id\":\"https:\/\/iaec2026granollers.com\/congres-aice\/ponents\/rosalia-diogo\/#primaryimage\"},\"image\":{\"@id\":\"https:\/\/iaec2026granollers.com\/congres-aice\/ponents\/rosalia-diogo\/#primaryimage\"},\"thumbnailUrl\":\"https:\/\/iaec2026granollers.com\/wp-content\/uploads\/2026\/02\/rosalia-amb-credit-scaled.jpg\",\"datePublished\":\"2026-02-02T16:03:21+00:00\",\"dateModified\":\"2026-02-06T09:20:20+00:00\",\"breadcrumb\":{\"@id\":\"https:\/\/iaec2026granollers.com\/congres-aice\/ponents\/rosalia-diogo\/#breadcrumb\"},\"inLanguage\":\"fr-FR\",\"potentialAction\":[{\"@type\":\"ReadAction\",\"target\":[\"https:\/\/iaec2026granollers.com\/congres-aice\/ponents\/rosalia-diogo\/\"]}]},{\"@type\":\"ImageObject\",\"inLanguage\":\"fr-FR\",\"@id\":\"https:\/\/iaec2026granollers.com\/congres-aice\/ponents\/rosalia-diogo\/#primaryimage\",\"url\":\"https:\/\/iaec2026granollers.com\/wp-content\/uploads\/2026\/02\/rosalia-amb-credit-scaled.jpg\",\"contentUrl\":\"https:\/\/iaec2026granollers.com\/wp-content\/uploads\/2026\/02\/rosalia-amb-credit-scaled.jpg\",\"width\":1717,\"height\":2560},{\"@type\":\"BreadcrumbList\",\"@id\":\"https:\/\/iaec2026granollers.com\/congres-aice\/ponents\/rosalia-diogo\/#breadcrumb\",\"itemListElement\":[{\"@type\":\"ListItem\",\"position\":1,\"name\":\"Inici\",\"item\":\"https:\/\/iaec2026granollers.com\/\"},{\"@type\":\"ListItem\",\"position\":2,\"name\":\"Congr\u00e9s AICE\",\"item\":\"https:\/\/iaec2026granollers.com\/congres-aice\/\"},{\"@type\":\"ListItem\",\"position\":3,\"name\":\"Ponents\",\"item\":\"https:\/\/iaec2026granollers.com\/congres-aice\/ponents\/\"},{\"@type\":\"ListItem\",\"position\":4,\"name\":\"Ros\u00e1lia Diogo\"}]},{\"@type\":\"WebSite\",\"@id\":\"https:\/\/iaec2026granollers.com\/#website\",\"url\":\"https:\/\/iaec2026granollers.com\/\",\"name\":\"IAEC 2026 Granollers\",\"description\":\"\",\"potentialAction\":[{\"@type\":\"SearchAction\",\"target\":{\"@type\":\"EntryPoint\",\"urlTemplate\":\"https:\/\/iaec2026granollers.com\/?s={search_term_string}\"},\"query-input\":{\"@type\":\"PropertyValueSpecification\",\"valueRequired\":true,\"valueName\":\"search_term_string\"}}],\"inLanguage\":\"fr-FR\"}]}<\/script>\n<!-- \/ Yoast SEO plugin. -->","yoast_head_json":{"title":"Ros\u00e1lia Diogo - IAEC 2026 Granollers","robots":{"index":"index","follow":"follow","max-snippet":"max-snippet:-1","max-image-preview":"max-image-preview:large","max-video-preview":"max-video-preview:-1"},"canonical":"https:\/\/iaec2026granollers.com\/fr\/congres-aice\/ponents\/rosalia-diogo\/","og_locale":"fr_FR","og_type":"article","og_title":"Ros\u00e1lia Diogo - IAEC 2026 Granollers","og_description":"Ros\u00e1lia Diogo \u00e9s professora, periodista, psic\u00f2loga social, curadora d\u2019arts i activista cultural, amb una traject\u00f2ria professional vinculada a la comunicaci\u00f3, la cultura i els estudis socials. Exerceix com a curadora a l\u2019Institut Cultural Casar\u00e3o das Artes Negras de Brasil i com a directora de la Revista Canjer\u00ea, des d\u2019on impulsa la reflexi\u00f3 i la visibilitzaci\u00f3 [&hellip;]","og_url":"https:\/\/iaec2026granollers.com\/fr\/congres-aice\/ponents\/rosalia-diogo\/","og_site_name":"IAEC 2026 Granollers","article_modified_time":"2026-02-06T09:20:20+00:00","og_image":[{"width":1717,"height":2560,"url":"https:\/\/iaec2026granollers.com\/wp-content\/uploads\/2026\/02\/rosalia-amb-credit-scaled.jpg","type":"image\/jpeg"}],"twitter_card":"summary_large_image","twitter_misc":{"Dur\u00e9e de lecture estim\u00e9e":"2 minutes"},"schema":{"@context":"https:\/\/schema.org","@graph":[{"@type":"WebPage","@id":"https:\/\/iaec2026granollers.com\/congres-aice\/ponents\/rosalia-diogo\/","url":"https:\/\/iaec2026granollers.com\/congres-aice\/ponents\/rosalia-diogo\/","name":"Ros\u00e1lia Diogo - IAEC 2026 Granollers","isPartOf":{"@id":"https:\/\/iaec2026granollers.com\/#website"},"primaryImageOfPage":{"@id":"https:\/\/iaec2026granollers.com\/congres-aice\/ponents\/rosalia-diogo\/#primaryimage"},"image":{"@id":"https:\/\/iaec2026granollers.com\/congres-aice\/ponents\/rosalia-diogo\/#primaryimage"},"thumbnailUrl":"https:\/\/iaec2026granollers.com\/wp-content\/uploads\/2026\/02\/rosalia-amb-credit-scaled.jpg","datePublished":"2026-02-02T16:03:21+00:00","dateModified":"2026-02-06T09:20:20+00:00","breadcrumb":{"@id":"https:\/\/iaec2026granollers.com\/congres-aice\/ponents\/rosalia-diogo\/#breadcrumb"},"inLanguage":"fr-FR","potentialAction":[{"@type":"ReadAction","target":["https:\/\/iaec2026granollers.com\/congres-aice\/ponents\/rosalia-diogo\/"]}]},{"@type":"ImageObject","inLanguage":"fr-FR","@id":"https:\/\/iaec2026granollers.com\/congres-aice\/ponents\/rosalia-diogo\/#primaryimage","url":"https:\/\/iaec2026granollers.com\/wp-content\/uploads\/2026\/02\/rosalia-amb-credit-scaled.jpg","contentUrl":"https:\/\/iaec2026granollers.com\/wp-content\/uploads\/2026\/02\/rosalia-amb-credit-scaled.jpg","width":1717,"height":2560},{"@type":"BreadcrumbList","@id":"https:\/\/iaec2026granollers.com\/congres-aice\/ponents\/rosalia-diogo\/#breadcrumb","itemListElement":[{"@type":"ListItem","position":1,"name":"Inici","item":"https:\/\/iaec2026granollers.com\/"},{"@type":"ListItem","position":2,"name":"Congr\u00e9s AICE","item":"https:\/\/iaec2026granollers.com\/congres-aice\/"},{"@type":"ListItem","position":3,"name":"Ponents","item":"https:\/\/iaec2026granollers.com\/congres-aice\/ponents\/"},{"@type":"ListItem","position":4,"name":"Ros\u00e1lia Diogo"}]},{"@type":"WebSite","@id":"https:\/\/iaec2026granollers.com\/#website","url":"https:\/\/iaec2026granollers.com\/","name":"IAEC 2026 Granollers","description":"","potentialAction":[{"@type":"SearchAction","target":{"@type":"EntryPoint","urlTemplate":"https:\/\/iaec2026granollers.com\/?s={search_term_string}"},"query-input":{"@type":"PropertyValueSpecification","valueRequired":true,"valueName":"search_term_string"}}],"inLanguage":"fr-FR"}]}},"_links":{"self":[{"href":"https:\/\/iaec2026granollers.com\/fr\/wp-json\/wp\/v2\/pages\/3252","targetHints":{"allow":["GET"]}}],"collection":[{"href":"https:\/\/iaec2026granollers.com\/fr\/wp-json\/wp\/v2\/pages"}],"about":[{"href":"https:\/\/iaec2026granollers.com\/fr\/wp-json\/wp\/v2\/types\/page"}],"author":[{"embeddable":true,"href":"https:\/\/iaec2026granollers.com\/fr\/wp-json\/wp\/v2\/users\/7"}],"replies":[{"embeddable":true,"href":"https:\/\/iaec2026granollers.com\/fr\/wp-json\/wp\/v2\/comments?post=3252"}],"version-history":[{"count":2,"href":"https:\/\/iaec2026granollers.com\/fr\/wp-json\/wp\/v2\/pages\/3252\/revisions"}],"predecessor-version":[{"id":3337,"href":"https:\/\/iaec2026granollers.com\/fr\/wp-json\/wp\/v2\/pages\/3252\/revisions\/3337"}],"up":[{"embeddable":true,"href":"https:\/\/iaec2026granollers.com\/fr\/wp-json\/wp\/v2\/pages\/2311"}],"wp:featuredmedia":[{"embeddable":true,"href":"https:\/\/iaec2026granollers.com\/fr\/wp-json\/wp\/v2\/media\/3339"}],"wp:attachment":[{"href":"https:\/\/iaec2026granollers.com\/fr\/wp-json\/wp\/v2\/media?parent=3252"}],"curies":[{"name":"wp","href":"https:\/\/api.w.org\/{rel}","templated":true}]}}