{"id":3262,"date":"2026-02-02T17:02:17","date_gmt":"2026-02-02T16:02:17","guid":{"rendered":"https:\/\/iaec2026granollers.com\/?page_id=3262"},"modified":"2026-02-02T17:02:17","modified_gmt":"2026-02-02T16:02:17","slug":"eliane-brum","status":"publish","type":"page","link":"https:\/\/iaec2026granollers.com\/fr\/congres-aice\/ponents\/eliane-brum\/","title":{"rendered":"\u00c9liane Brum"},"content":{"rendered":"<p>Eliane Brum est une<strong> journaliste, \u00e9crivain et r\u00e9alisateur de documentaires<\/strong> Reconnue internationalement pour son travail dans le domaine du journalisme d'investigation, elle a remport\u00e9 plus de 40 prix de reportage et a collabor\u00e9 avec des m\u00e9dias tels que El Pa\u00eds, The Guardian et The New York Times. Elle est cofondatrice de la plateforme SUMA\u00daMA (2022), qui se consacre \u00e0 partager des r\u00e9cits sur l'Amazonie et d'autres r\u00e9gions du monde du point de vue de leurs populations.<\/p>\n<p>Brum a re\u00e7u le Prix mondial de la libert\u00e9 de la presse UNESCO-Guillermo Cano (2008) et le Prix Maria Moors Cabot (2021) pour l'ensemble de sa carri\u00e8re. Elle a \u00e9galement r\u00e9alis\u00e9 des documentaires tels que Uma Historia Severina et publi\u00e9 le livre La Amazonia, viaje al centro del mundo (2024), dans lequel elle explore la r\u00e9alit\u00e9 amazonienne. Le magazine Prospect l'a nomm\u00e9e <strong>l'un des penseurs les plus influents dans le monde de 2025<\/strong>.<\/p>\n<h4>\u0152uvres pr\u00e9sent\u00e9es<\/h4>\n<p><strong>L'Amazonie. (Voyage au centre du monde).<\/strong> Il s'agit d'un r\u00e9cit journalistique et politique de premi\u00e8re main sur la for\u00eat amazonienne et sa destruction, \u00e9crit depuis le c\u0153ur m\u00eame de l'Amazonie apr\u00e8s que Brum s'y soit install\u00e9.<\/p>\n<p><strong>Le collectionneur d'\u00e2mes perdues : d\u00e9p\u00eaches du Br\u00e9sil.<\/strong> Cet ouvrage r\u00e9affirme Brum comme journaliste et conteur du Br\u00e9sil contemporain, combinant chroniques, reportages et portraits de personnes souvent rendues invisibles.<\/p>\n<p><strong>Mes d\u00e9ceptions : l'histoire de ma vie en mots.<\/strong> Un livre plus personnel et plus introspectif dans lequel Brum explore sa propre histoire, sa relation avec les mots et son parcours en tant qu'\u00e9crivaine et journaliste.<\/p>","protected":false},"excerpt":{"rendered":"<p>Eliane Brum \u00e9s una periodista, escriptora i documentalista reconeguda internacionalment per la seva tasca en el periodisme d\u2019investigaci\u00f3. Ha guanyat m\u00e9s de 40 premis de reportatge i ha col\u00b7laborat en mitjans com El Pa\u00eds, The Guardian i The New York Times. \u00c9s cofundadora de la plataforma SUMA\u00daMA (2022), dedicada a difondre hist\u00f2ries de l&#8217;Amaz\u00f2nia i [&hellip;]<\/p>","protected":false},"author":7,"featured_media":3174,"parent":2311,"menu_order":30,"comment_status":"closed","ping_status":"closed","template":"page-ponents.php","meta":{"_acf_changed":false,"footnotes":""},"class_list":["post-3262","page","type-page","status-publish","has-post-thumbnail","hentry"],"acf":[],"yoast_head":"<!-- This site is optimized with the Yoast SEO plugin v26.6 - https:\/\/yoast.com\/wordpress\/plugins\/seo\/ -->\n<title>Eliane Brum - IAEC 2026 Granollers<\/title>\n<meta name=\"robots\" content=\"index, follow, max-snippet:-1, max-image-preview:large, max-video-preview:-1\" \/>\n<link rel=\"canonical\" href=\"https:\/\/iaec2026granollers.com\/fr\/congres-aice\/ponents\/eliane-brum\/\" \/>\n<meta property=\"og:locale\" content=\"fr_FR\" \/>\n<meta property=\"og:type\" content=\"article\" \/>\n<meta property=\"og:title\" content=\"Eliane Brum - IAEC 2026 Granollers\" \/>\n<meta property=\"og:description\" content=\"Eliane Brum \u00e9s una periodista, escriptora i documentalista reconeguda internacionalment per la seva tasca en el periodisme d\u2019investigaci\u00f3. Ha guanyat m\u00e9s de 40 premis de reportatge i ha col\u00b7laborat en mitjans com El Pa\u00eds, The Guardian i The New York Times. \u00c9s cofundadora de la plataforma SUMA\u00daMA (2022), dedicada a difondre hist\u00f2ries de l&#8217;Amaz\u00f2nia i [&hellip;]\" \/>\n<meta property=\"og:url\" content=\"https:\/\/iaec2026granollers.com\/fr\/congres-aice\/ponents\/eliane-brum\/\" \/>\n<meta property=\"og:site_name\" content=\"IAEC 2026 Granollers\" \/>\n<meta property=\"og:image\" content=\"https:\/\/iaec2026granollers.com\/wp-content\/uploads\/2026\/01\/Eliane_Brum_2014_cropped.jpg\" \/>\n\t<meta property=\"og:image:width\" content=\"640\" \/>\n\t<meta property=\"og:image:height\" content=\"616\" \/>\n\t<meta property=\"og:image:type\" content=\"image\/jpeg\" \/>\n<meta name=\"twitter:card\" content=\"summary_large_image\" \/>\n<meta name=\"twitter:label1\" content=\"Dur\u00e9e de lecture estim\u00e9e\" \/>\n\t<meta name=\"twitter:data1\" content=\"2 minutes\" \/>\n<script type=\"application\/ld+json\" class=\"yoast-schema-graph\">{\"@context\":\"https:\/\/schema.org\",\"@graph\":[{\"@type\":\"WebPage\",\"@id\":\"https:\/\/iaec2026granollers.com\/congres-aice\/ponents\/eliane-brum\/\",\"url\":\"https:\/\/iaec2026granollers.com\/congres-aice\/ponents\/eliane-brum\/\",\"name\":\"Eliane Brum - IAEC 2026 Granollers\",\"isPartOf\":{\"@id\":\"https:\/\/iaec2026granollers.com\/#website\"},\"primaryImageOfPage\":{\"@id\":\"https:\/\/iaec2026granollers.com\/congres-aice\/ponents\/eliane-brum\/#primaryimage\"},\"image\":{\"@id\":\"https:\/\/iaec2026granollers.com\/congres-aice\/ponents\/eliane-brum\/#primaryimage\"},\"thumbnailUrl\":\"https:\/\/iaec2026granollers.com\/wp-content\/uploads\/2026\/01\/Eliane_Brum_2014_cropped.jpg\",\"datePublished\":\"2026-02-02T16:02:17+00:00\",\"breadcrumb\":{\"@id\":\"https:\/\/iaec2026granollers.com\/congres-aice\/ponents\/eliane-brum\/#breadcrumb\"},\"inLanguage\":\"fr-FR\",\"potentialAction\":[{\"@type\":\"ReadAction\",\"target\":[\"https:\/\/iaec2026granollers.com\/congres-aice\/ponents\/eliane-brum\/\"]}]},{\"@type\":\"ImageObject\",\"inLanguage\":\"fr-FR\",\"@id\":\"https:\/\/iaec2026granollers.com\/congres-aice\/ponents\/eliane-brum\/#primaryimage\",\"url\":\"https:\/\/iaec2026granollers.com\/wp-content\/uploads\/2026\/01\/Eliane_Brum_2014_cropped.jpg\",\"contentUrl\":\"https:\/\/iaec2026granollers.com\/wp-content\/uploads\/2026\/01\/Eliane_Brum_2014_cropped.jpg\",\"width\":640,\"height\":616,\"caption\":\"Eliane Brum\"},{\"@type\":\"BreadcrumbList\",\"@id\":\"https:\/\/iaec2026granollers.com\/congres-aice\/ponents\/eliane-brum\/#breadcrumb\",\"itemListElement\":[{\"@type\":\"ListItem\",\"position\":1,\"name\":\"Inici\",\"item\":\"https:\/\/iaec2026granollers.com\/\"},{\"@type\":\"ListItem\",\"position\":2,\"name\":\"Congr\u00e9s AICE\",\"item\":\"https:\/\/iaec2026granollers.com\/congres-aice\/\"},{\"@type\":\"ListItem\",\"position\":3,\"name\":\"Ponents\",\"item\":\"https:\/\/iaec2026granollers.com\/congres-aice\/ponents\/\"},{\"@type\":\"ListItem\",\"position\":4,\"name\":\"Eliane Brum\"}]},{\"@type\":\"WebSite\",\"@id\":\"https:\/\/iaec2026granollers.com\/#website\",\"url\":\"https:\/\/iaec2026granollers.com\/\",\"name\":\"IAEC 2026 Granollers\",\"description\":\"\",\"potentialAction\":[{\"@type\":\"SearchAction\",\"target\":{\"@type\":\"EntryPoint\",\"urlTemplate\":\"https:\/\/iaec2026granollers.com\/?s={search_term_string}\"},\"query-input\":{\"@type\":\"PropertyValueSpecification\",\"valueRequired\":true,\"valueName\":\"search_term_string\"}}],\"inLanguage\":\"fr-FR\"}]}<\/script>\n<!-- \/ Yoast SEO plugin. -->","yoast_head_json":{"title":"Eliane Brum - IAEC 2026 Granollers","robots":{"index":"index","follow":"follow","max-snippet":"max-snippet:-1","max-image-preview":"max-image-preview:large","max-video-preview":"max-video-preview:-1"},"canonical":"https:\/\/iaec2026granollers.com\/fr\/congres-aice\/ponents\/eliane-brum\/","og_locale":"fr_FR","og_type":"article","og_title":"Eliane Brum - IAEC 2026 Granollers","og_description":"Eliane Brum \u00e9s una periodista, escriptora i documentalista reconeguda internacionalment per la seva tasca en el periodisme d\u2019investigaci\u00f3. Ha guanyat m\u00e9s de 40 premis de reportatge i ha col\u00b7laborat en mitjans com El Pa\u00eds, The Guardian i The New York Times. \u00c9s cofundadora de la plataforma SUMA\u00daMA (2022), dedicada a difondre hist\u00f2ries de l&#8217;Amaz\u00f2nia i [&hellip;]","og_url":"https:\/\/iaec2026granollers.com\/fr\/congres-aice\/ponents\/eliane-brum\/","og_site_name":"IAEC 2026 Granollers","og_image":[{"width":640,"height":616,"url":"https:\/\/iaec2026granollers.com\/wp-content\/uploads\/2026\/01\/Eliane_Brum_2014_cropped.jpg","type":"image\/jpeg"}],"twitter_card":"summary_large_image","twitter_misc":{"Dur\u00e9e de lecture estim\u00e9e":"2 minutes"},"schema":{"@context":"https:\/\/schema.org","@graph":[{"@type":"WebPage","@id":"https:\/\/iaec2026granollers.com\/congres-aice\/ponents\/eliane-brum\/","url":"https:\/\/iaec2026granollers.com\/congres-aice\/ponents\/eliane-brum\/","name":"Eliane Brum - IAEC 2026 Granollers","isPartOf":{"@id":"https:\/\/iaec2026granollers.com\/#website"},"primaryImageOfPage":{"@id":"https:\/\/iaec2026granollers.com\/congres-aice\/ponents\/eliane-brum\/#primaryimage"},"image":{"@id":"https:\/\/iaec2026granollers.com\/congres-aice\/ponents\/eliane-brum\/#primaryimage"},"thumbnailUrl":"https:\/\/iaec2026granollers.com\/wp-content\/uploads\/2026\/01\/Eliane_Brum_2014_cropped.jpg","datePublished":"2026-02-02T16:02:17+00:00","breadcrumb":{"@id":"https:\/\/iaec2026granollers.com\/congres-aice\/ponents\/eliane-brum\/#breadcrumb"},"inLanguage":"fr-FR","potentialAction":[{"@type":"ReadAction","target":["https:\/\/iaec2026granollers.com\/congres-aice\/ponents\/eliane-brum\/"]}]},{"@type":"ImageObject","inLanguage":"fr-FR","@id":"https:\/\/iaec2026granollers.com\/congres-aice\/ponents\/eliane-brum\/#primaryimage","url":"https:\/\/iaec2026granollers.com\/wp-content\/uploads\/2026\/01\/Eliane_Brum_2014_cropped.jpg","contentUrl":"https:\/\/iaec2026granollers.com\/wp-content\/uploads\/2026\/01\/Eliane_Brum_2014_cropped.jpg","width":640,"height":616,"caption":"Eliane Brum"},{"@type":"BreadcrumbList","@id":"https:\/\/iaec2026granollers.com\/congres-aice\/ponents\/eliane-brum\/#breadcrumb","itemListElement":[{"@type":"ListItem","position":1,"name":"Inici","item":"https:\/\/iaec2026granollers.com\/"},{"@type":"ListItem","position":2,"name":"Congr\u00e9s AICE","item":"https:\/\/iaec2026granollers.com\/congres-aice\/"},{"@type":"ListItem","position":3,"name":"Ponents","item":"https:\/\/iaec2026granollers.com\/congres-aice\/ponents\/"},{"@type":"ListItem","position":4,"name":"Eliane Brum"}]},{"@type":"WebSite","@id":"https:\/\/iaec2026granollers.com\/#website","url":"https:\/\/iaec2026granollers.com\/","name":"IAEC 2026 Granollers","description":"","potentialAction":[{"@type":"SearchAction","target":{"@type":"EntryPoint","urlTemplate":"https:\/\/iaec2026granollers.com\/?s={search_term_string}"},"query-input":{"@type":"PropertyValueSpecification","valueRequired":true,"valueName":"search_term_string"}}],"inLanguage":"fr-FR"}]}},"_links":{"self":[{"href":"https:\/\/iaec2026granollers.com\/fr\/wp-json\/wp\/v2\/pages\/3262","targetHints":{"allow":["GET"]}}],"collection":[{"href":"https:\/\/iaec2026granollers.com\/fr\/wp-json\/wp\/v2\/pages"}],"about":[{"href":"https:\/\/iaec2026granollers.com\/fr\/wp-json\/wp\/v2\/types\/page"}],"author":[{"embeddable":true,"href":"https:\/\/iaec2026granollers.com\/fr\/wp-json\/wp\/v2\/users\/7"}],"replies":[{"embeddable":true,"href":"https:\/\/iaec2026granollers.com\/fr\/wp-json\/wp\/v2\/comments?post=3262"}],"version-history":[{"count":2,"href":"https:\/\/iaec2026granollers.com\/fr\/wp-json\/wp\/v2\/pages\/3262\/revisions"}],"predecessor-version":[{"id":3269,"href":"https:\/\/iaec2026granollers.com\/fr\/wp-json\/wp\/v2\/pages\/3262\/revisions\/3269"}],"up":[{"embeddable":true,"href":"https:\/\/iaec2026granollers.com\/fr\/wp-json\/wp\/v2\/pages\/2311"}],"wp:featuredmedia":[{"embeddable":true,"href":"https:\/\/iaec2026granollers.com\/fr\/wp-json\/wp\/v2\/media\/3174"}],"wp:attachment":[{"href":"https:\/\/iaec2026granollers.com\/fr\/wp-json\/wp\/v2\/media?parent=3262"}],"curies":[{"name":"wp","href":"https:\/\/api.w.org\/{rel}","templated":true}]}}