{"id":3264,"date":"2026-02-02T17:03:29","date_gmt":"2026-02-02T16:03:29","guid":{"rendered":"https:\/\/iaec2026granollers.com\/?page_id=3264"},"modified":"2026-02-09T11:53:24","modified_gmt":"2026-02-09T10:53:24","slug":"joan-carles-melich","status":"publish","type":"page","link":"https:\/\/iaec2026granollers.com\/fr\/congres-aice\/ponents\/joan-carles-melich\/","title":{"rendered":"Jean-Carles Melich"},"content":{"rendered":"<p>Joan-Carles M\u00e8lich Sangr\u00e0 est un philosophe catalan et professeur de philosophie de l'\u00e9ducation \u00e0 l'Universit\u00e9 autonome de Barcelone. En 1991, il a \u00e9t\u00e9 nomm\u00e9 <strong>Professeur de th\u00e9orie et d'histoire de l'\u00e9ducation<\/strong> \u00e0 la Facult\u00e9 des sciences de l'\u00e9ducation de l'Universit\u00e9 autonome de Barcelone.<\/p>\n<p>Il est l'auteur d'une \u0153uvre essentielle en philosophie, \u00e9thique et p\u00e9dagogie, centr\u00e9e depuis le milieu des ann\u00e9es 1990 sur la notion de finitude, avec des r\u00e9f\u00e9rences philosophiques, litt\u00e9raires et cin\u00e9matographiques. En 2022, il a re\u00e7u le <strong>Prix national d'essai<\/strong>, avec l'ouvrage La fragilit\u00e9 du monde : essai sur une \u00e9poque pr\u00e9caire (2021).<\/p>\n<p>L'\u00e9ducation est un pilier central de sa pens\u00e9e : il con\u00e7oit la relation \u00e9ducative comme un<strong> Une relation double, intime et asym\u00e9trique, de nature \u00e9thique.<\/strong>. Dans ce cadre, il attribue un r\u00f4le fondamental \u00e0 la m\u00e9moire et au t\u00e9moignage, qu'il d\u00e9fend comme des facult\u00e9s essentielles pour situer l'\u00eatre humain dans le monde.<\/p>\n<h4>\u0152uvres pr\u00e9sent\u00e9es<\/h4>\n<p><strong>Philosophie de la finitude.<\/strong> La philosophie expos\u00e9e ici vise \u00e0 montrer la fragilit\u00e9 et la vuln\u00e9rabilit\u00e9 de la vie et \u00e0 envisager l'\u00e9thique et l'\u00e9ducation sous cet angle.<\/p>\n<p><strong>La fragilit\u00e9 du monde. Essai sur une \u00e9poque pr\u00e9caire.<\/strong> Cet essai repr\u00e9sente une ouverture r\u00e9solue \u00e0 la complexit\u00e9 et \u00e0 l'ambivalence du monde, ainsi qu'\u00e0 ses aspects sombres et douloureux.<\/p>\n<p><strong>L'\u00e9ducation comme \u00e9v\u00e9nement \u00e9thique.<\/strong> Co\u00e9crit avec Fernando B\u00e1rcena. Le livre traite de l'\u00e9thique comme condition de possibilit\u00e9 de toute relation \u00e9ducative ; l'\u00e9thique n'est pas ici comprise comme un fondement (\u00e9pist\u00e9mologique et ontologique) de l'\u00e9ducation.<\/p>","protected":false},"excerpt":{"rendered":"<p>Joan-Carles M\u00e8lich Sangr\u00e0 \u00e9s un fil\u00f2sof catal\u00e0 i professor de Filosofia de l\u2019Educaci\u00f3 a la Universitat Aut\u00f2noma de Barcelona. El 1991 fou nomenat professor titular de l&#8217;\u00e0rea de Teoria i Hist\u00f2ria de l&#8217;Educaci\u00f3 a la Facultat de Ci\u00e8ncies de l&#8217;Educaci\u00f3 de la Universitat Aut\u00f2noma de Barcelona. \u00c9s autor d\u2019una extensa obra assag\u00edstica en filosofia, \u00e8tica [&hellip;]<\/p>","protected":false},"author":7,"featured_media":3340,"parent":2311,"menu_order":37,"comment_status":"closed","ping_status":"closed","template":"page-ponents.php","meta":{"_acf_changed":false,"footnotes":""},"class_list":["post-3264","page","type-page","status-publish","has-post-thumbnail","hentry"],"acf":[],"yoast_head":"<!-- This site is optimized with the Yoast SEO plugin v26.6 - https:\/\/yoast.com\/wordpress\/plugins\/seo\/ -->\n<title>Joan-Carles M\u00e8lich - IAEC 2026 Granollers<\/title>\n<meta name=\"robots\" content=\"index, follow, max-snippet:-1, max-image-preview:large, max-video-preview:-1\" \/>\n<link rel=\"canonical\" href=\"https:\/\/iaec2026granollers.com\/fr\/congres-aice\/ponents\/joan-carles-melich\/\" \/>\n<meta property=\"og:locale\" content=\"fr_FR\" \/>\n<meta property=\"og:type\" content=\"article\" \/>\n<meta property=\"og:title\" content=\"Joan-Carles M\u00e8lich - IAEC 2026 Granollers\" \/>\n<meta property=\"og:description\" content=\"Joan-Carles M\u00e8lich Sangr\u00e0 \u00e9s un fil\u00f2sof catal\u00e0 i professor de Filosofia de l\u2019Educaci\u00f3 a la Universitat Aut\u00f2noma de Barcelona. El 1991 fou nomenat professor titular de l&#8217;\u00e0rea de Teoria i Hist\u00f2ria de l&#8217;Educaci\u00f3 a la Facultat de Ci\u00e8ncies de l&#8217;Educaci\u00f3 de la Universitat Aut\u00f2noma de Barcelona. \u00c9s autor d\u2019una extensa obra assag\u00edstica en filosofia, \u00e8tica [&hellip;]\" \/>\n<meta property=\"og:url\" content=\"https:\/\/iaec2026granollers.com\/fr\/congres-aice\/ponents\/joan-carles-melich\/\" \/>\n<meta property=\"og:site_name\" content=\"IAEC 2026 Granollers\" \/>\n<meta property=\"article:modified_time\" content=\"2026-02-09T10:53:24+00:00\" \/>\n<meta property=\"og:image\" content=\"https:\/\/iaec2026granollers.com\/wp-content\/uploads\/2026\/02\/FOTO-JOAN-CARLES-MELICH-copia.jpg\" \/>\n\t<meta property=\"og:image:width\" content=\"1194\" \/>\n\t<meta property=\"og:image:height\" content=\"1374\" \/>\n\t<meta property=\"og:image:type\" content=\"image\/jpeg\" \/>\n<meta name=\"twitter:card\" content=\"summary_large_image\" \/>\n<meta name=\"twitter:label1\" content=\"Dur\u00e9e de lecture estim\u00e9e\" \/>\n\t<meta name=\"twitter:data1\" content=\"2 minutes\" \/>\n<script type=\"application\/ld+json\" class=\"yoast-schema-graph\">{\"@context\":\"https:\/\/schema.org\",\"@graph\":[{\"@type\":\"WebPage\",\"@id\":\"https:\/\/iaec2026granollers.com\/congres-aice\/ponents\/joan-carles-melich\/\",\"url\":\"https:\/\/iaec2026granollers.com\/congres-aice\/ponents\/joan-carles-melich\/\",\"name\":\"Joan-Carles M\u00e8lich - IAEC 2026 Granollers\",\"isPartOf\":{\"@id\":\"https:\/\/iaec2026granollers.com\/#website\"},\"primaryImageOfPage\":{\"@id\":\"https:\/\/iaec2026granollers.com\/congres-aice\/ponents\/joan-carles-melich\/#primaryimage\"},\"image\":{\"@id\":\"https:\/\/iaec2026granollers.com\/congres-aice\/ponents\/joan-carles-melich\/#primaryimage\"},\"thumbnailUrl\":\"https:\/\/iaec2026granollers.com\/wp-content\/uploads\/2026\/02\/FOTO-JOAN-CARLES-MELICH-copia.jpg\",\"datePublished\":\"2026-02-02T16:03:29+00:00\",\"dateModified\":\"2026-02-09T10:53:24+00:00\",\"breadcrumb\":{\"@id\":\"https:\/\/iaec2026granollers.com\/congres-aice\/ponents\/joan-carles-melich\/#breadcrumb\"},\"inLanguage\":\"fr-FR\",\"potentialAction\":[{\"@type\":\"ReadAction\",\"target\":[\"https:\/\/iaec2026granollers.com\/congres-aice\/ponents\/joan-carles-melich\/\"]}]},{\"@type\":\"ImageObject\",\"inLanguage\":\"fr-FR\",\"@id\":\"https:\/\/iaec2026granollers.com\/congres-aice\/ponents\/joan-carles-melich\/#primaryimage\",\"url\":\"https:\/\/iaec2026granollers.com\/wp-content\/uploads\/2026\/02\/FOTO-JOAN-CARLES-MELICH-copia.jpg\",\"contentUrl\":\"https:\/\/iaec2026granollers.com\/wp-content\/uploads\/2026\/02\/FOTO-JOAN-CARLES-MELICH-copia.jpg\",\"width\":1194,\"height\":1374},{\"@type\":\"BreadcrumbList\",\"@id\":\"https:\/\/iaec2026granollers.com\/congres-aice\/ponents\/joan-carles-melich\/#breadcrumb\",\"itemListElement\":[{\"@type\":\"ListItem\",\"position\":1,\"name\":\"Inici\",\"item\":\"https:\/\/iaec2026granollers.com\/\"},{\"@type\":\"ListItem\",\"position\":2,\"name\":\"Congr\u00e9s AICE\",\"item\":\"https:\/\/iaec2026granollers.com\/congres-aice\/\"},{\"@type\":\"ListItem\",\"position\":3,\"name\":\"Ponents\",\"item\":\"https:\/\/iaec2026granollers.com\/congres-aice\/ponents\/\"},{\"@type\":\"ListItem\",\"position\":4,\"name\":\"Joan-Carles M\u00e8lich\"}]},{\"@type\":\"WebSite\",\"@id\":\"https:\/\/iaec2026granollers.com\/#website\",\"url\":\"https:\/\/iaec2026granollers.com\/\",\"name\":\"IAEC 2026 Granollers\",\"description\":\"\",\"potentialAction\":[{\"@type\":\"SearchAction\",\"target\":{\"@type\":\"EntryPoint\",\"urlTemplate\":\"https:\/\/iaec2026granollers.com\/?s={search_term_string}\"},\"query-input\":{\"@type\":\"PropertyValueSpecification\",\"valueRequired\":true,\"valueName\":\"search_term_string\"}}],\"inLanguage\":\"fr-FR\"}]}<\/script>\n<!-- \/ Yoast SEO plugin. -->","yoast_head_json":{"title":"Joan-Carles M\u00e8lich - IAEC 2026 Granollers","robots":{"index":"index","follow":"follow","max-snippet":"max-snippet:-1","max-image-preview":"max-image-preview:large","max-video-preview":"max-video-preview:-1"},"canonical":"https:\/\/iaec2026granollers.com\/fr\/congres-aice\/ponents\/joan-carles-melich\/","og_locale":"fr_FR","og_type":"article","og_title":"Joan-Carles M\u00e8lich - IAEC 2026 Granollers","og_description":"Joan-Carles M\u00e8lich Sangr\u00e0 \u00e9s un fil\u00f2sof catal\u00e0 i professor de Filosofia de l\u2019Educaci\u00f3 a la Universitat Aut\u00f2noma de Barcelona. El 1991 fou nomenat professor titular de l&#8217;\u00e0rea de Teoria i Hist\u00f2ria de l&#8217;Educaci\u00f3 a la Facultat de Ci\u00e8ncies de l&#8217;Educaci\u00f3 de la Universitat Aut\u00f2noma de Barcelona. \u00c9s autor d\u2019una extensa obra assag\u00edstica en filosofia, \u00e8tica [&hellip;]","og_url":"https:\/\/iaec2026granollers.com\/fr\/congres-aice\/ponents\/joan-carles-melich\/","og_site_name":"IAEC 2026 Granollers","article_modified_time":"2026-02-09T10:53:24+00:00","og_image":[{"width":1194,"height":1374,"url":"https:\/\/iaec2026granollers.com\/wp-content\/uploads\/2026\/02\/FOTO-JOAN-CARLES-MELICH-copia.jpg","type":"image\/jpeg"}],"twitter_card":"summary_large_image","twitter_misc":{"Dur\u00e9e de lecture estim\u00e9e":"2 minutes"},"schema":{"@context":"https:\/\/schema.org","@graph":[{"@type":"WebPage","@id":"https:\/\/iaec2026granollers.com\/congres-aice\/ponents\/joan-carles-melich\/","url":"https:\/\/iaec2026granollers.com\/congres-aice\/ponents\/joan-carles-melich\/","name":"Joan-Carles M\u00e8lich - IAEC 2026 Granollers","isPartOf":{"@id":"https:\/\/iaec2026granollers.com\/#website"},"primaryImageOfPage":{"@id":"https:\/\/iaec2026granollers.com\/congres-aice\/ponents\/joan-carles-melich\/#primaryimage"},"image":{"@id":"https:\/\/iaec2026granollers.com\/congres-aice\/ponents\/joan-carles-melich\/#primaryimage"},"thumbnailUrl":"https:\/\/iaec2026granollers.com\/wp-content\/uploads\/2026\/02\/FOTO-JOAN-CARLES-MELICH-copia.jpg","datePublished":"2026-02-02T16:03:29+00:00","dateModified":"2026-02-09T10:53:24+00:00","breadcrumb":{"@id":"https:\/\/iaec2026granollers.com\/congres-aice\/ponents\/joan-carles-melich\/#breadcrumb"},"inLanguage":"fr-FR","potentialAction":[{"@type":"ReadAction","target":["https:\/\/iaec2026granollers.com\/congres-aice\/ponents\/joan-carles-melich\/"]}]},{"@type":"ImageObject","inLanguage":"fr-FR","@id":"https:\/\/iaec2026granollers.com\/congres-aice\/ponents\/joan-carles-melich\/#primaryimage","url":"https:\/\/iaec2026granollers.com\/wp-content\/uploads\/2026\/02\/FOTO-JOAN-CARLES-MELICH-copia.jpg","contentUrl":"https:\/\/iaec2026granollers.com\/wp-content\/uploads\/2026\/02\/FOTO-JOAN-CARLES-MELICH-copia.jpg","width":1194,"height":1374},{"@type":"BreadcrumbList","@id":"https:\/\/iaec2026granollers.com\/congres-aice\/ponents\/joan-carles-melich\/#breadcrumb","itemListElement":[{"@type":"ListItem","position":1,"name":"Inici","item":"https:\/\/iaec2026granollers.com\/"},{"@type":"ListItem","position":2,"name":"Congr\u00e9s AICE","item":"https:\/\/iaec2026granollers.com\/congres-aice\/"},{"@type":"ListItem","position":3,"name":"Ponents","item":"https:\/\/iaec2026granollers.com\/congres-aice\/ponents\/"},{"@type":"ListItem","position":4,"name":"Joan-Carles M\u00e8lich"}]},{"@type":"WebSite","@id":"https:\/\/iaec2026granollers.com\/#website","url":"https:\/\/iaec2026granollers.com\/","name":"IAEC 2026 Granollers","description":"","potentialAction":[{"@type":"SearchAction","target":{"@type":"EntryPoint","urlTemplate":"https:\/\/iaec2026granollers.com\/?s={search_term_string}"},"query-input":{"@type":"PropertyValueSpecification","valueRequired":true,"valueName":"search_term_string"}}],"inLanguage":"fr-FR"}]}},"_links":{"self":[{"href":"https:\/\/iaec2026granollers.com\/fr\/wp-json\/wp\/v2\/pages\/3264","targetHints":{"allow":["GET"]}}],"collection":[{"href":"https:\/\/iaec2026granollers.com\/fr\/wp-json\/wp\/v2\/pages"}],"about":[{"href":"https:\/\/iaec2026granollers.com\/fr\/wp-json\/wp\/v2\/types\/page"}],"author":[{"embeddable":true,"href":"https:\/\/iaec2026granollers.com\/fr\/wp-json\/wp\/v2\/users\/7"}],"replies":[{"embeddable":true,"href":"https:\/\/iaec2026granollers.com\/fr\/wp-json\/wp\/v2\/comments?post=3264"}],"version-history":[{"count":2,"href":"https:\/\/iaec2026granollers.com\/fr\/wp-json\/wp\/v2\/pages\/3264\/revisions"}],"predecessor-version":[{"id":3268,"href":"https:\/\/iaec2026granollers.com\/fr\/wp-json\/wp\/v2\/pages\/3264\/revisions\/3268"}],"up":[{"embeddable":true,"href":"https:\/\/iaec2026granollers.com\/fr\/wp-json\/wp\/v2\/pages\/2311"}],"wp:featuredmedia":[{"embeddable":true,"href":"https:\/\/iaec2026granollers.com\/fr\/wp-json\/wp\/v2\/media\/3340"}],"wp:attachment":[{"href":"https:\/\/iaec2026granollers.com\/fr\/wp-json\/wp\/v2\/media?parent=3264"}],"curies":[{"name":"wp","href":"https:\/\/api.w.org\/{rel}","templated":true}]}}