{"id":547,"date":"2024-01-22T10:19:01","date_gmt":"2024-01-22T10:19:01","guid":{"rendered":"https:\/\/iaec2026granollers.com\/avis-legal\/"},"modified":"2025-09-04T12:28:55","modified_gmt":"2025-09-04T11:28:55","slug":"avis-legal","status":"publish","type":"page","link":"https:\/\/iaec2026granollers.com\/fr\/avis-legal\/","title":{"rendered":"Mentions l\u00e9gales"},"content":{"rendered":"<p>La Mairie de Granollers g\u00e8re ce site web afin de faciliter l&#039;acc\u00e8s \u00e0 des informations municipales et non municipales actualis\u00e9es et exactes. Nous nous efforcerons de corriger toute erreur port\u00e9e \u00e0 notre connaissance.<\/p>\n<p>La reproduction du contenu est autoris\u00e9e, sauf \u00e0 des fins commerciales, \u00e0 condition de citer la source.<\/p>\n<p>Certaines pages de ce site web contiennent des r\u00e9f\u00e9rences ou des liens vers des sites web d&#039;autres organisations. La Mairie de Granollers d\u00e9cline toute responsabilit\u00e9 quant \u00e0 l&#039;exactitude ou \u00e0 la mise \u00e0 jour de ces sites web externes.<\/p>\n<p>LA MAIRIE DE GRANOLLERS informe que, conform\u00e9ment \u00e0 ce qui est \u00e9tabli par la Loi Organique 15\/1999 sur la Protection des Donn\u00e9es Personnelles, les informations personnelles sont consid\u00e9r\u00e9es comme confidentielles, c&#039;est pourquoi la r\u00e9serve la plus absolue est observ\u00e9e \u00e0 leur \u00e9gard.<\/p>\n<p>De m\u00eame, l&#039;obligation de secret professionnel doit \u00eatre respect\u00e9e par tous les employ\u00e9s de la MAIRIE DE GRANOLLERS.<\/p>\n<p>Les personnes dont la MAIRIE DE GRANOLLERS poss\u00e8de les donn\u00e9es personnelles peuvent exercer leurs droits d&#039;acc\u00e8s, de rectification et d&#039;annulation en envoyant un courrier \u00e0 l&#039;adresse postale suivante :<\/p>\n<p>Conseil municipal de Granollers. Secr\u00e9tariat<\/p>\n<p>Pl. de la Porxada, 6, 4\u00e8me \u00e9tage<\/p>\n<p>08401 Granollers<\/p>\n<p>indiquant clairement dans l&#039;objet : Protection des droits Loi organique sur la protection des donn\u00e9es (LOPD).<\/p>\n<p><strong>Propri\u00e9t\u00e9 intellectuelle<\/strong><\/p>\n<p>Ce site web, ainsi que tous les signes distinctifs, marques, noms commerciaux, contenus (textes, graphiques, images, photographies, cartes, logiciels, liens et autres contenus audiovisuels ou sonores, ainsi que leurs codes sources), sa conception et toute autre information y figurant, sont la propri\u00e9t\u00e9 de la Mairie de Granollers, de tiers ayant autoris\u00e9 l&#039;utilisation de ces contenus par la Mairie ou de personnes dont la paternit\u00e9 ou la propri\u00e9t\u00e9 a \u00e9t\u00e9 identifi\u00e9e. Ce contenu est prot\u00e9g\u00e9 par les droits de propri\u00e9t\u00e9 industrielle et intellectuelle.<\/p>\n<p>En r\u00e8gle g\u00e9n\u00e9rale, et sauf mention expresse contraire, le contenu de ce site web, sous la responsabilit\u00e9 de la Mairie de Granollers, peut \u00eatre reproduit, distribu\u00e9 et communiqu\u00e9 publiquement, sous r\u00e9serve d&#039;en indiquer l&#039;origine et la paternit\u00e9. Toutefois, son utilisation \u00e0 des fins commerciales et la cr\u00e9ation d&#039;\u0153uvres d\u00e9riv\u00e9es sont interdites sans l&#039;autorisation expresse de la Mairie.<\/p>\n<p>La Mairie de Granollers se r\u00e9serve le droit d&#039;exercer les actions l\u00e9gales appropri\u00e9es si des tiers font un usage illicite du contenu de son site Web.<\/p>\n<p>Dans le cas o\u00f9 le site Web utilise des cookies<\/p>\n<p>Un cookie est un petit fichier de donn\u00e9es que certains sites Web \u00e9crivent sur votre disque dur lorsque vous les visitez.<\/p>\n<p>Un cookie peut contenir des informations telles que votre identifiant utilisateur, et le site web l&#039;utilise pour suivre les pages que vous avez consult\u00e9es. Les seules informations personnelles qu&#039;un cookie peut contenir sont celles que vous lui fournissez.<\/p>\n<p>Un cookie ne peut pas lire les donn\u00e9es de votre lecteur de disque, ni \u00eatre ex\u00e9cut\u00e9 en tant que code ou contenir des virus.<\/p>\n<p>Nous utilisons des cookies pour \u00e9valuer l&#039;utilit\u00e9 des informations fournies \u00e0 nos utilisateurs, \u00e9valuer l&#039;efficacit\u00e9 de notre navigation et concentrer nos efforts sur les informations dont vous avez besoin. Nous ne corr\u00e9lons pas ces informations avec les donn\u00e9es individuelles des utilisateurs et ne les partageons pas avec des tiers. Vous pouvez configurer votre navigateur pour qu&#039;il accepte tous les cookies ou pour qu&#039;il vous avertisse chaque fois qu&#039;un cookie est propos\u00e9.<\/p>\n<p>Si vous ne souhaitez pas recevoir de cookies, vous pouvez configurer votre navigateur pour qu&#039;il vous avertisse avant d&#039;accepter les cookies et les refuse. Vous pouvez \u00e9galement refuser tous les cookies en modifiant les param\u00e8tres de votre navigateur.<\/p>","protected":false},"excerpt":{"rendered":"<p>L&#8217;Ajuntament de Granollers mant\u00e9 aquesta web amb l&#8217;objectiu de facilitar l&#8217;acc\u00e9s a informaci\u00f3 municipal i no municipal actualitzada i exacta. Tractarem de corregir els errors que se&#8217;ns assenyali. S&#8217;autoritza la reproducci\u00f3 dels continguts, excepte amb finalitats comercials, sempre que se citi la font. Algunes p\u00e0gines d&#8217;aquesta web contenen refer\u00e8ncies o enlla\u00e7os a webs d&#8217;altres organitzacions. [&hellip;]<\/p>","protected":false},"author":1,"featured_media":0,"parent":0,"menu_order":8,"comment_status":"closed","ping_status":"closed","template":"","meta":{"_acf_changed":false,"footnotes":""},"class_list":["post-547","page","type-page","status-publish","hentry"],"acf":[],"yoast_head":"<!-- This site is optimized with the Yoast SEO plugin v26.6 - https:\/\/yoast.com\/wordpress\/plugins\/seo\/ -->\n<title>Av\u00eds legal - IAEC 2026 Granollers<\/title>\n<meta name=\"robots\" content=\"index, follow, max-snippet:-1, max-image-preview:large, max-video-preview:-1\" \/>\n<link rel=\"canonical\" href=\"https:\/\/iaec2026granollers.com\/fr\/avis-legal\/\" \/>\n<meta property=\"og:locale\" content=\"fr_FR\" \/>\n<meta property=\"og:type\" content=\"article\" \/>\n<meta property=\"og:title\" content=\"Av\u00eds legal - IAEC 2026 Granollers\" \/>\n<meta property=\"og:description\" content=\"L&#8217;Ajuntament de Granollers mant\u00e9 aquesta web amb l&#8217;objectiu de facilitar l&#8217;acc\u00e9s a informaci\u00f3 municipal i no municipal actualitzada i exacta. Tractarem de corregir els errors que se&#8217;ns assenyali. S&#8217;autoritza la reproducci\u00f3 dels continguts, excepte amb finalitats comercials, sempre que se citi la font. Algunes p\u00e0gines d&#8217;aquesta web contenen refer\u00e8ncies o enlla\u00e7os a webs d&#8217;altres organitzacions. [&hellip;]\" \/>\n<meta property=\"og:url\" content=\"https:\/\/iaec2026granollers.com\/fr\/avis-legal\/\" \/>\n<meta property=\"og:site_name\" content=\"IAEC 2026 Granollers\" \/>\n<meta property=\"article:modified_time\" content=\"2025-09-04T11:28:55+00:00\" \/>\n<meta name=\"twitter:card\" content=\"summary_large_image\" \/>\n<meta name=\"twitter:label1\" content=\"Dur\u00e9e de lecture estim\u00e9e\" \/>\n\t<meta name=\"twitter:data1\" content=\"3 minutes\" \/>\n<script type=\"application\/ld+json\" class=\"yoast-schema-graph\">{\"@context\":\"https:\/\/schema.org\",\"@graph\":[{\"@type\":\"WebPage\",\"@id\":\"https:\/\/iaec2026granollers.com\/avis-legal\/\",\"url\":\"https:\/\/iaec2026granollers.com\/avis-legal\/\",\"name\":\"Av\u00eds legal - IAEC 2026 Granollers\",\"isPartOf\":{\"@id\":\"https:\/\/iaec2026granollers.com\/#website\"},\"datePublished\":\"2024-01-22T10:19:01+00:00\",\"dateModified\":\"2025-09-04T11:28:55+00:00\",\"breadcrumb\":{\"@id\":\"https:\/\/iaec2026granollers.com\/avis-legal\/#breadcrumb\"},\"inLanguage\":\"fr-FR\",\"potentialAction\":[{\"@type\":\"ReadAction\",\"target\":[\"https:\/\/iaec2026granollers.com\/avis-legal\/\"]}]},{\"@type\":\"BreadcrumbList\",\"@id\":\"https:\/\/iaec2026granollers.com\/avis-legal\/#breadcrumb\",\"itemListElement\":[{\"@type\":\"ListItem\",\"position\":1,\"name\":\"Inici\",\"item\":\"https:\/\/iaec2026granollers.com\/\"},{\"@type\":\"ListItem\",\"position\":2,\"name\":\"Av\u00eds legal\"}]},{\"@type\":\"WebSite\",\"@id\":\"https:\/\/iaec2026granollers.com\/#website\",\"url\":\"https:\/\/iaec2026granollers.com\/\",\"name\":\"IAEC 2026 Granollers\",\"description\":\"\",\"potentialAction\":[{\"@type\":\"SearchAction\",\"target\":{\"@type\":\"EntryPoint\",\"urlTemplate\":\"https:\/\/iaec2026granollers.com\/?s={search_term_string}\"},\"query-input\":{\"@type\":\"PropertyValueSpecification\",\"valueRequired\":true,\"valueName\":\"search_term_string\"}}],\"inLanguage\":\"fr-FR\"}]}<\/script>\n<!-- \/ Yoast SEO plugin. -->","yoast_head_json":{"title":"Av\u00eds legal - IAEC 2026 Granollers","robots":{"index":"index","follow":"follow","max-snippet":"max-snippet:-1","max-image-preview":"max-image-preview:large","max-video-preview":"max-video-preview:-1"},"canonical":"https:\/\/iaec2026granollers.com\/fr\/avis-legal\/","og_locale":"fr_FR","og_type":"article","og_title":"Av\u00eds legal - IAEC 2026 Granollers","og_description":"L&#8217;Ajuntament de Granollers mant\u00e9 aquesta web amb l&#8217;objectiu de facilitar l&#8217;acc\u00e9s a informaci\u00f3 municipal i no municipal actualitzada i exacta. Tractarem de corregir els errors que se&#8217;ns assenyali. S&#8217;autoritza la reproducci\u00f3 dels continguts, excepte amb finalitats comercials, sempre que se citi la font. Algunes p\u00e0gines d&#8217;aquesta web contenen refer\u00e8ncies o enlla\u00e7os a webs d&#8217;altres organitzacions. [&hellip;]","og_url":"https:\/\/iaec2026granollers.com\/fr\/avis-legal\/","og_site_name":"IAEC 2026 Granollers","article_modified_time":"2025-09-04T11:28:55+00:00","twitter_card":"summary_large_image","twitter_misc":{"Dur\u00e9e de lecture estim\u00e9e":"3 minutes"},"schema":{"@context":"https:\/\/schema.org","@graph":[{"@type":"WebPage","@id":"https:\/\/iaec2026granollers.com\/avis-legal\/","url":"https:\/\/iaec2026granollers.com\/avis-legal\/","name":"Av\u00eds legal - IAEC 2026 Granollers","isPartOf":{"@id":"https:\/\/iaec2026granollers.com\/#website"},"datePublished":"2024-01-22T10:19:01+00:00","dateModified":"2025-09-04T11:28:55+00:00","breadcrumb":{"@id":"https:\/\/iaec2026granollers.com\/avis-legal\/#breadcrumb"},"inLanguage":"fr-FR","potentialAction":[{"@type":"ReadAction","target":["https:\/\/iaec2026granollers.com\/avis-legal\/"]}]},{"@type":"BreadcrumbList","@id":"https:\/\/iaec2026granollers.com\/avis-legal\/#breadcrumb","itemListElement":[{"@type":"ListItem","position":1,"name":"Inici","item":"https:\/\/iaec2026granollers.com\/"},{"@type":"ListItem","position":2,"name":"Av\u00eds legal"}]},{"@type":"WebSite","@id":"https:\/\/iaec2026granollers.com\/#website","url":"https:\/\/iaec2026granollers.com\/","name":"IAEC 2026 Granollers","description":"","potentialAction":[{"@type":"SearchAction","target":{"@type":"EntryPoint","urlTemplate":"https:\/\/iaec2026granollers.com\/?s={search_term_string}"},"query-input":{"@type":"PropertyValueSpecification","valueRequired":true,"valueName":"search_term_string"}}],"inLanguage":"fr-FR"}]}},"_links":{"self":[{"href":"https:\/\/iaec2026granollers.com\/fr\/wp-json\/wp\/v2\/pages\/547","targetHints":{"allow":["GET"]}}],"collection":[{"href":"https:\/\/iaec2026granollers.com\/fr\/wp-json\/wp\/v2\/pages"}],"about":[{"href":"https:\/\/iaec2026granollers.com\/fr\/wp-json\/wp\/v2\/types\/page"}],"author":[{"embeddable":true,"href":"https:\/\/iaec2026granollers.com\/fr\/wp-json\/wp\/v2\/users\/1"}],"replies":[{"embeddable":true,"href":"https:\/\/iaec2026granollers.com\/fr\/wp-json\/wp\/v2\/comments?post=547"}],"version-history":[{"count":4,"href":"https:\/\/iaec2026granollers.com\/fr\/wp-json\/wp\/v2\/pages\/547\/revisions"}],"predecessor-version":[{"id":2852,"href":"https:\/\/iaec2026granollers.com\/fr\/wp-json\/wp\/v2\/pages\/547\/revisions\/2852"}],"wp:attachment":[{"href":"https:\/\/iaec2026granollers.com\/fr\/wp-json\/wp\/v2\/media?parent=547"}],"curies":[{"name":"wp","href":"https:\/\/api.w.org\/{rel}","templated":true}]}}