{"id":2,"date":"2021-01-14T14:22:27","date_gmt":"2021-01-14T14:22:27","guid":{"rendered":"https:\/\/iaec2026granollers.com\/nova\/?page_id=2"},"modified":"2025-07-25T09:50:23","modified_gmt":"2025-07-25T08:50:23","slug":"pagina-ejemplo","status":"publish","type":"page","link":"https:\/\/iaec2026granollers.com\/pt\/","title":{"rendered":"Bem-vindo \u00e0 Granollers"},"content":{"rendered":"<p>Esperamos encontr\u00e1-lo novamente e compartilhar, como sempre, conhecimento, experi\u00eancias, ideias e valores. Valores que nos definem e que est\u00e3o claramente presentes em nossa Carta.<\/p>\n<p>Atuamos com a convic\u00e7\u00e3o de que este Congresso representa um desafio estimulante para a nossa cidade e por isso estamos construindo projetos que pretendem ser duradouros, para al\u00e9m do m\u00eas de maio de 2026.<\/p>\n<p>Estamos trabalhando com os professores de nossas escolas e institutos e seus alunos para que durante o ano letivo de 2025\/2026 o Congresso esteja bem presente nas salas de aula.<\/p>\n<p>E fazemos isso com os cidad\u00e3os, com pessoas e agentes de todos os bairros. Queremos alcan\u00e7ar a todos.<\/p>\n<p>Planejamos diversas atividades que nos permitir\u00e3o garantir que os temas do Congresso sejam aqueles que articulem conversas, reflex\u00f5es, propostas criativas...<\/p>\n<p>Desde o primeiro dia, temos consci\u00eancia do legado que queremos deixar na cidade. E persistimos.<\/p>\n<p>Amigos, trabalhamos todos os dias para que em maio tudo esteja pronto. Cada coisa no seu lugar.<\/p>\n<p>Sentimos o desejo e a emo\u00e7\u00e3o de receber voc\u00ea &quot;em casa&quot;.<\/p>\n<p>Trabalhamos para criar as condi\u00e7\u00f5es que possibilitem uma reuni\u00e3o produtiva e proveitosa e que lhe permita viver experi\u00eancias memor\u00e1veis.<\/p>\n<p>Estamos esperando por voc\u00ea.<\/p>","protected":false},"excerpt":{"rendered":"<p>Esperamos encontr\u00e1-los novamente e compartilhar, como sempre, conhecimento, experi\u00eancias, ideias e valores. Valores que nos definem e que est\u00e3o claramente presentes em nossa Carta. Agimos com a convic\u00e7\u00e3o de que este Congresso representa um desafio estimulante para nossa cidade e, por isso, estamos construindo projetos que buscam ser duradouros, [\u2026]<\/p>","protected":false},"author":1,"featured_media":0,"parent":0,"menu_order":50,"comment_status":"closed","ping_status":"open","template":"","meta":{"_acf_changed":false,"footnotes":""},"class_list":["post-2","page","type-page","status-publish","hentry"],"acf":[],"yoast_head":"<!-- This site is optimized with the Yoast SEO plugin v26.6 - https:\/\/yoast.com\/wordpress\/plugins\/seo\/ -->\n<title>Benvinguts a Granollers - IAEC 2026 Granollers<\/title>\n<meta name=\"robots\" content=\"index, follow, max-snippet:-1, max-image-preview:large, max-video-preview:-1\" \/>\n<link rel=\"canonical\" href=\"https:\/\/iaec2026granollers.com\/pt\/\" \/>\n<meta property=\"og:locale\" content=\"pt_PT\" \/>\n<meta property=\"og:type\" content=\"article\" \/>\n<meta property=\"og:title\" content=\"Benvinguts a Granollers - IAEC 2026 Granollers\" \/>\n<meta property=\"og:description\" content=\"Us esperem per retrobar-nos i compartir, com sempre, coneixements, experi\u00e8ncies, idees i valors. Uns valors que ens defineixen i que s\u00f3n ben presents a la nostra Carta. Actuem amb el convenciment que aquest Congr\u00e9s suposa un repte estimulant per a la nostra ciutat i \u00e9s per aix\u00f2 que estem bastint projectes que volen ser perdurables, [&hellip;]\" \/>\n<meta property=\"og:url\" content=\"https:\/\/iaec2026granollers.com\/pt\/\" \/>\n<meta property=\"og:site_name\" content=\"IAEC 2026 Granollers\" \/>\n<meta property=\"article:modified_time\" content=\"2025-07-25T08:50:23+00:00\" \/>\n<meta name=\"twitter:card\" content=\"summary_large_image\" \/>\n<meta name=\"twitter:label1\" content=\"Tempo estimado de leitura\" \/>\n\t<meta name=\"twitter:data1\" content=\"2 minutos\" \/>\n<script type=\"application\/ld+json\" class=\"yoast-schema-graph\">{\"@context\":\"https:\/\/schema.org\",\"@graph\":[{\"@type\":\"WebPage\",\"@id\":\"https:\/\/iaec2026granollers.com\/\",\"url\":\"https:\/\/iaec2026granollers.com\/\",\"name\":\"Benvinguts a Granollers - IAEC 2026 Granollers\",\"isPartOf\":{\"@id\":\"https:\/\/iaec2026granollers.com\/#website\"},\"datePublished\":\"2021-01-14T14:22:27+00:00\",\"dateModified\":\"2025-07-25T08:50:23+00:00\",\"breadcrumb\":{\"@id\":\"https:\/\/iaec2026granollers.com\/#breadcrumb\"},\"inLanguage\":\"pt-PT\",\"potentialAction\":[{\"@type\":\"ReadAction\",\"target\":[\"https:\/\/iaec2026granollers.com\/\"]}]},{\"@type\":\"BreadcrumbList\",\"@id\":\"https:\/\/iaec2026granollers.com\/#breadcrumb\",\"itemListElement\":[{\"@type\":\"ListItem\",\"position\":1,\"name\":\"Inici\",\"item\":\"https:\/\/iaec2026granollers.com\/\"},{\"@type\":\"ListItem\",\"position\":2,\"name\":\"Benvinguts a Granollers\"}]},{\"@type\":\"WebSite\",\"@id\":\"https:\/\/iaec2026granollers.com\/#website\",\"url\":\"https:\/\/iaec2026granollers.com\/\",\"name\":\"IAEC 2026 Granollers\",\"description\":\"\",\"potentialAction\":[{\"@type\":\"SearchAction\",\"target\":{\"@type\":\"EntryPoint\",\"urlTemplate\":\"https:\/\/iaec2026granollers.com\/?s={search_term_string}\"},\"query-input\":{\"@type\":\"PropertyValueSpecification\",\"valueRequired\":true,\"valueName\":\"search_term_string\"}}],\"inLanguage\":\"pt-PT\"}]}<\/script>\n<!-- \/ Yoast SEO plugin. -->","yoast_head_json":{"title":"Bem-vindo \u00e0 Granollers - IAEC 2026 Granollers","robots":{"index":"index","follow":"follow","max-snippet":"max-snippet:-1","max-image-preview":"max-image-preview:large","max-video-preview":"max-video-preview:-1"},"canonical":"https:\/\/iaec2026granollers.com\/pt\/","og_locale":"pt_PT","og_type":"article","og_title":"Benvinguts a Granollers - IAEC 2026 Granollers","og_description":"Us esperem per retrobar-nos i compartir, com sempre, coneixements, experi\u00e8ncies, idees i valors. Uns valors que ens defineixen i que s\u00f3n ben presents a la nostra Carta. Actuem amb el convenciment que aquest Congr\u00e9s suposa un repte estimulant per a la nostra ciutat i \u00e9s per aix\u00f2 que estem bastint projectes que volen ser perdurables, [&hellip;]","og_url":"https:\/\/iaec2026granollers.com\/pt\/","og_site_name":"IAEC 2026 Granollers","article_modified_time":"2025-07-25T08:50:23+00:00","twitter_card":"summary_large_image","twitter_misc":{"Tempo estimado de leitura":"2 minutos"},"schema":{"@context":"https:\/\/schema.org","@graph":[{"@type":"WebPage","@id":"https:\/\/iaec2026granollers.com\/","url":"https:\/\/iaec2026granollers.com\/","name":"Bem-vindo \u00e0 Granollers - IAEC 2026 Granollers","isPartOf":{"@id":"https:\/\/iaec2026granollers.com\/#website"},"datePublished":"2021-01-14T14:22:27+00:00","dateModified":"2025-07-25T08:50:23+00:00","breadcrumb":{"@id":"https:\/\/iaec2026granollers.com\/#breadcrumb"},"inLanguage":"pt-PT","potentialAction":[{"@type":"ReadAction","target":["https:\/\/iaec2026granollers.com\/"]}]},{"@type":"BreadcrumbList","@id":"https:\/\/iaec2026granollers.com\/#breadcrumb","itemListElement":[{"@type":"ListItem","position":1,"name":"Inici","item":"https:\/\/iaec2026granollers.com\/"},{"@type":"ListItem","position":2,"name":"Benvinguts a Granollers"}]},{"@type":"WebSite","@id":"https:\/\/iaec2026granollers.com\/#website","url":"https:\/\/iaec2026granollers.com\/","name":"IAEC 2026 Granollers","description":"","potentialAction":[{"@type":"SearchAction","target":{"@type":"EntryPoint","urlTemplate":"https:\/\/iaec2026granollers.com\/?s={search_term_string}"},"query-input":{"@type":"PropertyValueSpecification","valueRequired":true,"valueName":"search_term_string"}}],"inLanguage":"pt-PT"}]}},"_links":{"self":[{"href":"https:\/\/iaec2026granollers.com\/pt\/wp-json\/wp\/v2\/pages\/2","targetHints":{"allow":["GET"]}}],"collection":[{"href":"https:\/\/iaec2026granollers.com\/pt\/wp-json\/wp\/v2\/pages"}],"about":[{"href":"https:\/\/iaec2026granollers.com\/pt\/wp-json\/wp\/v2\/types\/page"}],"author":[{"embeddable":true,"href":"https:\/\/iaec2026granollers.com\/pt\/wp-json\/wp\/v2\/users\/1"}],"replies":[{"embeddable":true,"href":"https:\/\/iaec2026granollers.com\/pt\/wp-json\/wp\/v2\/comments?post=2"}],"version-history":[{"count":25,"href":"https:\/\/iaec2026granollers.com\/pt\/wp-json\/wp\/v2\/pages\/2\/revisions"}],"predecessor-version":[{"id":2747,"href":"https:\/\/iaec2026granollers.com\/pt\/wp-json\/wp\/v2\/pages\/2\/revisions\/2747"}],"wp:attachment":[{"href":"https:\/\/iaec2026granollers.com\/pt\/wp-json\/wp\/v2\/media?parent=2"}],"curies":[{"name":"wp","href":"https:\/\/api.w.org\/{rel}","templated":true}]}}