{"id":2313,"date":"2025-05-20T12:35:25","date_gmt":"2025-05-20T11:35:25","guid":{"rendered":"https:\/\/iaec2026granollers.com\/?page_id=2313"},"modified":"2026-03-10T12:17:38","modified_gmt":"2026-03-10T11:17:38","slug":"inscripcions","status":"publish","type":"page","link":"https:\/\/iaec2026granollers.com\/pt\/congres-aice\/inscripcions\/","title":{"rendered":"Inscri\u00e7\u00f5es"},"content":{"rendered":"<p>As inscri\u00e7\u00f5es devem ser feitas atrav\u00e9s do seguinte link:<\/p>\n<p><a href=\"https:\/\/neo.emma.events\/iaec2026\">Inscri\u00e7\u00f5es<\/a><\/p>\n<p>Quanto aos pre\u00e7os p\u00fablicos para inscri\u00e7\u00e3o no Congresso, os valores s\u00e3o os seguintes:<\/p>\n<ul>\n<li><strong>Cidades parceiras da AICE (Associa\u00e7\u00e3o Internacional de Cidades Educadoras)<\/strong><\/li>\n<\/ul>\n<p>Geral <strong>380 euros<\/strong><\/p>\n<p>&nbsp;<\/p>\n<ul>\n<li><strong>Cidades n\u00e3o parceiras<\/strong><\/li>\n<\/ul>\n<p>Geral <strong>400 euros<\/strong><\/p>\n<p>&nbsp;<\/p>\n<ul>\n<li><strong>Participantes de pa\u00edses menos desenvolvidos, de acordo com a classifica\u00e7\u00e3o da ONU\/Banco Mundial.<\/strong><\/li>\n<\/ul>\n<p>Geral <strong>225 euros<\/strong><\/p>\n<p>&nbsp;<\/p>\n<ul>\n<li><strong>Docentes e alunos da universidade<\/strong><\/li>\n<\/ul>\n<p>Geral <strong>100 euros*<\/strong><\/p>\n<p>&nbsp;<\/p>\n<p>(*) Nestes casos, refei\u00e7\u00f5es, participa\u00e7\u00e3o em workshops, di\u00e1logos diretos, p\u00f4steres e visitas de estudo n\u00e3o est\u00e3o inclu\u00eddos.<\/p>","protected":false},"excerpt":{"rendered":"<p>As inscri\u00e7\u00f5es devem ser efetuadas atrav\u00e9s do seguinte link: Inscri\u00e7\u00f5es. Quanto aos pre\u00e7os para o p\u00fablico em geral relativos \u00e0 inscri\u00e7\u00e3o no Congresso, os valores s\u00e3o os seguintes: Cidades membros da AICE (Associa\u00e7\u00e3o Internacional de Cidades Educadoras) Geral 380 \u20ac   Cidades n\u00e3o membros Geral 400 \u20ac   Participantes de pa\u00edses menos desenvolvidos, de acordo com a classifica\u00e7\u00e3o da ONU\/BM Geral 225 \u20ac [\u2026]<\/p>","protected":false},"author":1,"featured_media":0,"parent":1289,"menu_order":46,"comment_status":"closed","ping_status":"closed","template":"","meta":{"_acf_changed":false,"footnotes":""},"class_list":["post-2313","page","type-page","status-publish","hentry"],"acf":[],"yoast_head":"<!-- This site is optimized with the Yoast SEO plugin v26.6 - https:\/\/yoast.com\/wordpress\/plugins\/seo\/ -->\n<title>Inscripcions - IAEC 2026 Granollers<\/title>\n<meta name=\"robots\" content=\"index, follow, max-snippet:-1, max-image-preview:large, max-video-preview:-1\" \/>\n<link rel=\"canonical\" href=\"https:\/\/iaec2026granollers.com\/pt\/congres-aice\/inscripcions\/\" \/>\n<meta property=\"og:locale\" content=\"pt_PT\" \/>\n<meta property=\"og:type\" content=\"article\" \/>\n<meta property=\"og:title\" content=\"Inscripcions - IAEC 2026 Granollers\" \/>\n<meta property=\"og:description\" content=\"Les inscripcions s&#8217;han de fer a trav\u00e9s del seg\u00fcent enlla\u00e7: Inscripcions Pel que fa als preus p\u00fablics per a la inscripci\u00f3 al Congr\u00e9s, aquests s\u00f3n els imports: Ciutats s\u00f2cies AICE (Associaci\u00f3 Internacional Ciutats Educadores) General 380 euros &nbsp; Ciutats no s\u00f2cies General 400 euros &nbsp; Participants de pa\u00efsos menys desenvolupats, segons classificaci\u00f3 ONU\/BM General 225 [&hellip;]\" \/>\n<meta property=\"og:url\" content=\"https:\/\/iaec2026granollers.com\/pt\/congres-aice\/inscripcions\/\" \/>\n<meta property=\"og:site_name\" content=\"IAEC 2026 Granollers\" \/>\n<meta property=\"article:modified_time\" content=\"2026-03-10T11:17:38+00:00\" \/>\n<meta name=\"twitter:card\" content=\"summary_large_image\" \/>\n<meta name=\"twitter:label1\" content=\"Tempo estimado de leitura\" \/>\n\t<meta name=\"twitter:data1\" content=\"1 minuto\" \/>\n<script type=\"application\/ld+json\" class=\"yoast-schema-graph\">{\"@context\":\"https:\/\/schema.org\",\"@graph\":[{\"@type\":\"WebPage\",\"@id\":\"https:\/\/iaec2026granollers.com\/congres-aice\/inscripcions\/\",\"url\":\"https:\/\/iaec2026granollers.com\/congres-aice\/inscripcions\/\",\"name\":\"Inscripcions - IAEC 2026 Granollers\",\"isPartOf\":{\"@id\":\"https:\/\/iaec2026granollers.com\/#website\"},\"datePublished\":\"2025-05-20T11:35:25+00:00\",\"dateModified\":\"2026-03-10T11:17:38+00:00\",\"breadcrumb\":{\"@id\":\"https:\/\/iaec2026granollers.com\/congres-aice\/inscripcions\/#breadcrumb\"},\"inLanguage\":\"pt-PT\",\"potentialAction\":[{\"@type\":\"ReadAction\",\"target\":[\"https:\/\/iaec2026granollers.com\/congres-aice\/inscripcions\/\"]}]},{\"@type\":\"BreadcrumbList\",\"@id\":\"https:\/\/iaec2026granollers.com\/congres-aice\/inscripcions\/#breadcrumb\",\"itemListElement\":[{\"@type\":\"ListItem\",\"position\":1,\"name\":\"Inici\",\"item\":\"https:\/\/iaec2026granollers.com\/\"},{\"@type\":\"ListItem\",\"position\":2,\"name\":\"Congr\u00e9s AICE\",\"item\":\"https:\/\/iaec2026granollers.com\/congres-aice\/\"},{\"@type\":\"ListItem\",\"position\":3,\"name\":\"Inscripcions\"}]},{\"@type\":\"WebSite\",\"@id\":\"https:\/\/iaec2026granollers.com\/#website\",\"url\":\"https:\/\/iaec2026granollers.com\/\",\"name\":\"IAEC 2026 Granollers\",\"description\":\"\",\"potentialAction\":[{\"@type\":\"SearchAction\",\"target\":{\"@type\":\"EntryPoint\",\"urlTemplate\":\"https:\/\/iaec2026granollers.com\/?s={search_term_string}\"},\"query-input\":{\"@type\":\"PropertyValueSpecification\",\"valueRequired\":true,\"valueName\":\"search_term_string\"}}],\"inLanguage\":\"pt-PT\"}]}<\/script>\n<!-- \/ Yoast SEO plugin. -->","yoast_head_json":{"title":"Inscri\u00e7\u00f5es - IAEC 2026 Granollers","robots":{"index":"index","follow":"follow","max-snippet":"max-snippet:-1","max-image-preview":"max-image-preview:large","max-video-preview":"max-video-preview:-1"},"canonical":"https:\/\/iaec2026granollers.com\/pt\/congres-aice\/inscripcions\/","og_locale":"pt_PT","og_type":"article","og_title":"Inscripcions - IAEC 2026 Granollers","og_description":"Les inscripcions s&#8217;han de fer a trav\u00e9s del seg\u00fcent enlla\u00e7: Inscripcions Pel que fa als preus p\u00fablics per a la inscripci\u00f3 al Congr\u00e9s, aquests s\u00f3n els imports: Ciutats s\u00f2cies AICE (Associaci\u00f3 Internacional Ciutats Educadores) General 380 euros &nbsp; Ciutats no s\u00f2cies General 400 euros &nbsp; Participants de pa\u00efsos menys desenvolupats, segons classificaci\u00f3 ONU\/BM General 225 [&hellip;]","og_url":"https:\/\/iaec2026granollers.com\/pt\/congres-aice\/inscripcions\/","og_site_name":"IAEC 2026 Granollers","article_modified_time":"2026-03-10T11:17:38+00:00","twitter_card":"summary_large_image","twitter_misc":{"Tempo estimado de leitura":"1 minuto"},"schema":{"@context":"https:\/\/schema.org","@graph":[{"@type":"WebPage","@id":"https:\/\/iaec2026granollers.com\/congres-aice\/inscripcions\/","url":"https:\/\/iaec2026granollers.com\/congres-aice\/inscripcions\/","name":"Inscri\u00e7\u00f5es - IAEC 2026 Granollers","isPartOf":{"@id":"https:\/\/iaec2026granollers.com\/#website"},"datePublished":"2025-05-20T11:35:25+00:00","dateModified":"2026-03-10T11:17:38+00:00","breadcrumb":{"@id":"https:\/\/iaec2026granollers.com\/congres-aice\/inscripcions\/#breadcrumb"},"inLanguage":"pt-PT","potentialAction":[{"@type":"ReadAction","target":["https:\/\/iaec2026granollers.com\/congres-aice\/inscripcions\/"]}]},{"@type":"BreadcrumbList","@id":"https:\/\/iaec2026granollers.com\/congres-aice\/inscripcions\/#breadcrumb","itemListElement":[{"@type":"ListItem","position":1,"name":"Inici","item":"https:\/\/iaec2026granollers.com\/"},{"@type":"ListItem","position":2,"name":"Congr\u00e9s AICE","item":"https:\/\/iaec2026granollers.com\/congres-aice\/"},{"@type":"ListItem","position":3,"name":"Inscripcions"}]},{"@type":"WebSite","@id":"https:\/\/iaec2026granollers.com\/#website","url":"https:\/\/iaec2026granollers.com\/","name":"IAEC 2026 Granollers","description":"","potentialAction":[{"@type":"SearchAction","target":{"@type":"EntryPoint","urlTemplate":"https:\/\/iaec2026granollers.com\/?s={search_term_string}"},"query-input":{"@type":"PropertyValueSpecification","valueRequired":true,"valueName":"search_term_string"}}],"inLanguage":"pt-PT"}]}},"_links":{"self":[{"href":"https:\/\/iaec2026granollers.com\/pt\/wp-json\/wp\/v2\/pages\/2313","targetHints":{"allow":["GET"]}}],"collection":[{"href":"https:\/\/iaec2026granollers.com\/pt\/wp-json\/wp\/v2\/pages"}],"about":[{"href":"https:\/\/iaec2026granollers.com\/pt\/wp-json\/wp\/v2\/types\/page"}],"author":[{"embeddable":true,"href":"https:\/\/iaec2026granollers.com\/pt\/wp-json\/wp\/v2\/users\/1"}],"replies":[{"embeddable":true,"href":"https:\/\/iaec2026granollers.com\/pt\/wp-json\/wp\/v2\/comments?post=2313"}],"version-history":[{"count":12,"href":"https:\/\/iaec2026granollers.com\/pt\/wp-json\/wp\/v2\/pages\/2313\/revisions"}],"predecessor-version":[{"id":3404,"href":"https:\/\/iaec2026granollers.com\/pt\/wp-json\/wp\/v2\/pages\/2313\/revisions\/3404"}],"up":[{"embeddable":true,"href":"https:\/\/iaec2026granollers.com\/pt\/wp-json\/wp\/v2\/pages\/1289"}],"wp:attachment":[{"href":"https:\/\/iaec2026granollers.com\/pt\/wp-json\/wp\/v2\/media?parent=2313"}],"curies":[{"name":"wp","href":"https:\/\/api.w.org\/{rel}","templated":true}]}}