{"id":2661,"date":"2025-07-23T09:40:17","date_gmt":"2025-07-23T08:40:17","guid":{"rendered":"https:\/\/iaec2026granollers.com\/?page_id=2661"},"modified":"2025-09-04T12:23:36","modified_gmt":"2025-09-04T11:23:36","slug":"politica-de-privacitat","status":"publish","type":"page","link":"https:\/\/iaec2026granollers.com\/pt\/politica-de-privacitat\/","title":{"rendered":"Pol\u00edtica de Privacidade"},"content":{"rendered":"<p>A C\u00e2mara Municipal de Granollers, como Respons\u00e1vel pelo Tratamento de Dados, garante um n\u00edvel de prote\u00e7\u00e3o adequado e consistente para os indiv\u00edduos no que diz respeito aos seus dados pessoais, que s\u00e3o processados pelos v\u00e1rios servi\u00e7os municipais da C\u00e2mara Municipal, de acordo com o Regulamento Geral de Prote\u00e7\u00e3o de Dados (2016\/679).<\/p>\n<p>O Munic\u00edpio de Granollers apenas trata os dados pessoais com total responsabilidade e lealdade, e de acordo com as bases legais que permitem a licitude do tratamento, de acordo com o Regulamento Geral sobre a Prote\u00e7\u00e3o de Dados.<\/p>\n<p>Com o objetivo de cumprir com o Regulamento Geral de Prote\u00e7\u00e3o de Dados, o Munic\u00edpio de Granollers elaborou um Registro de Atividades de Tratamento e adotou as medidas de seguran\u00e7a adequadas aos riscos objetivamente avaliados e identificados para os direitos e liberdades dos interessados, que poderiam resultar do tratamento realizado pelo Munic\u00edpio.<\/p>\n<p>A Prefeitura de Granollers aplica o princ\u00edpio da transpar\u00eancia no tratamento de dados pessoais, fornecendo aos interessados informa\u00e7\u00f5es concisas, de f\u00e1cil acesso, completas e em linguagem de f\u00e1cil compreens\u00e3o, facilitando, ao mesmo tempo, o exerc\u00edcio de direitos por meio de formul\u00e1rios.<\/p>\n<p>Da mesma forma, a C\u00e2mara Municipal de Granollers nomeou um encarregado da prote\u00e7\u00e3o de dados, em conformidade com o disposto no artigo 37.\u00ba, n.\u00ba 1, al\u00ednea a), do Regulamento Geral sobre a Prote\u00e7\u00e3o de Dados (2016\/679). O endere\u00e7o de contacto do encarregado da prote\u00e7\u00e3o de dados \u00e9\u00a0<a href=\"mailto:dpd@granollers.cat\" target=\"_blank\" rel=\"noopener\" data-extlink=\"\">dpd@granollers.cat<span class=\"mailto\"><span class=\"element-invisible\">(link envia e-mail)<\/span><\/span><\/a><\/p>\n<p>Abaixo, s\u00e3o fornecidas informa\u00e7\u00f5es adicionais e expandidas sobre atividades de processamento espec\u00edficas realizadas pelo Conselho Municipal de Granollers:<\/p>\n<p class=\"editor_titol2\"><strong>INFORMA\u00c7\u00d5ES AMPLIADAS SOBRE PROTE\u00c7\u00c3O DE DADOS<\/strong><\/p>\n<p class=\"editor_titol3\"><strong>1. Respons\u00e1vel pelo tratamento<\/strong><\/p>\n<p>Identidade: Conselho Municipal de Granollers<br \/>\nNIF: P0809500B<br \/>\nEndere\u00e7o postal: Plaza de la Porxada 6, 08401 Granollers (Barcelona)<br \/>\nTelefone: 938 426 610<br \/>\nE-mail:\u00a0<a href=\"mailto:dpd@granollers.cat\" target=\"_blank\" rel=\"noopener\" data-extlink=\"\">dpd@granollers.cat\u00a0<span class=\"mailto\"><span class=\"element-invisible\">(link envia e-mail)<\/span><\/span><\/a><\/p>\n<p class=\"editor_titol3\"><strong>2. Encarregado da Prote\u00e7\u00e3o de Dados:<\/strong><br \/>\n<a href=\"mailto:dpd@granollers.cat\" target=\"_blank\" rel=\"noopener\" data-extlink=\"\"><br \/>\ndpd@granollers.cat<span class=\"mailto\"><span class=\"element-invisible\">(link envia e-mail)<\/span><\/span><\/a>\u00a0\/\u00a0<a href=\"mailto:dpo@segurdades.com\" target=\"_blank\" rel=\"noopener\" data-extlink=\"\">dpo@segurdades.com<span class=\"mailto\"><span class=\"element-invisible\">(link envia e-mail)<\/span><\/span><\/a><\/p>\n<p class=\"editor_titol3\"><strong>3. Per\u00edodo de reten\u00e7\u00e3o:<\/strong><\/p>\n<p>Os dados pessoais dos interessados ser\u00e3o conservados durante o tempo necess\u00e1rio ao cumprimento das finalidades para as quais foram obtidos, no exerc\u00edcio das atribui\u00e7\u00f5es e fun\u00e7\u00f5es da C\u00e2mara Municipal, e para determinar as eventuais responsabilidades derivadas dessas finalidades.<\/p>\n<p class=\"editor_titol3\"><strong>4. Base legal para o processamento:<\/strong><\/p>\n<p>As bases legais que legitimam o tratamento dos dados pessoais dos interessados, com base nas atribui\u00e7\u00f5es e fun\u00e7\u00f5es da C\u00e2mara Municipal, s\u00e3o as seguintes:<\/p>\n<p><strong>4.1. Em geral:<\/strong><\/p>\n<p>Regulamento Geral de Prote\u00e7\u00e3o de Dados 2016\/679<\/p>\n<p>Artigo 6.1.c. O tratamento for necess\u00e1rio para o cumprimento de uma obriga\u00e7\u00e3o legal \u00e0 qual o respons\u00e1vel pelo tratamento esteja sujeito.<\/p>\n<p>Artigo 6.1.e. O processamento \u00e9 necess\u00e1rio para a execu\u00e7\u00e3o de uma tarefa realizada no interesse p\u00fablico ou no exerc\u00edcio da autoridade oficial investida no controlador.<\/p>\n<p><strong>4.2. Legisla\u00e7\u00e3o espec\u00edfica<\/strong><\/p>\n<ul>\n<li>Transpar\u00eancia. Acesso \u00e0 informa\u00e7\u00e3o: Lei 19\/2014, de 29 de dezembro, sobre transpar\u00eancia, acesso \u00e0 informa\u00e7\u00e3o p\u00fablica e boa governan\u00e7a.<\/li>\n<li>Servi\u00e7os sociais: Regulamento Geral de Prote\u00e7\u00e3o de Dados 2016\/679<br \/>\nArtigo 9. 2.h. O tratamento for necess\u00e1rio para fins sociais ou para a gest\u00e3o de sistemas e servi\u00e7os de assist\u00eancia social.<\/li>\n<li>Subs\u00eddios: Lei 38\/2003, de 17 de novembro, subs\u00eddios gerais<\/li>\n<li>Registo Municipal de Habitantes: Lei 7\/1985, de 2 de abril, que regulamenta as Bases do Regime Local<\/li>\n<li>Registo de documentos de entrada e sa\u00edda: Lei 26\/2010, sobre o regime jur\u00eddico e processual das administra\u00e7\u00f5es p\u00fablicas da Catalunha<br \/>\nLei 39\/2015, de 1 de outubro, do Procedimento Administrativo Comum das Administra\u00e7\u00f5es P\u00fablicas.<\/li>\n<\/ul>\n<p class=\"editor_titol3\"><strong>5. Finalidades do processamento<\/strong><\/p>\n<p><strong>5.1. Em geral:<\/strong><\/p>\n<p>A finalidade do tratamento dos seus dados pessoais refere-se \u00e0 comunica\u00e7\u00e3o da C\u00e2mara Municipal com os cidad\u00e3os, no exerc\u00edcio das suas diversas compet\u00eancias municipais e de acordo com as bases legais que legitimam o tratamento de dados pessoais pela C\u00e2mara Municipal.<\/p>\n<p><strong>5.2. Finalidades espec\u00edficas<\/strong><\/p>\n<ul>\n<li>Solicita\u00e7\u00f5es gerais: A finalidade do processamento de dados pessoais refere-se ao registro, aten\u00e7\u00e3o e gest\u00e3o do direito das pessoas de se comunicarem com a prefeitura, incluindo o direito de peti\u00e7\u00e3o.<\/li>\n<li>Incidentes, reclama\u00e7\u00f5es, sugest\u00f5es e solicita\u00e7\u00f5es: A finalidade do tratamento de dados pessoais refere-se ao registro, aten\u00e7\u00e3o e gest\u00e3o do direito das pessoas de se comunicarem com a prefeitura, incluindo o direito de solicita\u00e7\u00e3o.<\/li>\n<li>Transpar\u00eancia. Acesso \u00e0 informa\u00e7\u00e3o: A finalidade do tratamento de dados pessoais refere-se ao registro, atendimento e gest\u00e3o das solicita\u00e7\u00f5es de acesso das pessoas \u00e0 informa\u00e7\u00e3o p\u00fablica, como um direito subjetivo que todas as pessoas t\u00eam de acessar a informa\u00e7\u00e3o p\u00fablica.<\/li>\n<li>Licen\u00e7as de atividade: A finalidade do tratamento de dados pessoais refere-se ao tratamento de licen\u00e7as de atividade de compet\u00eancia municipal, atrav\u00e9s do Gabinete de Licen\u00e7as de Atividade, tanto a autoriza\u00e7\u00e3o para instalar e exercer no munic\u00edpio atividades com impacto ambiental ou de tipo comercial-industrial (comunica\u00e7\u00e3o pr\u00e9via, licen\u00e7as, autoriza\u00e7\u00f5es e autoriza\u00e7\u00f5es ambientais).<\/li>\n<li>Comunica\u00e7\u00f5es: A finalidade do tratamento de dados pessoais refere-se \u00e0 gest\u00e3o e tratamento das comunica\u00e7\u00f5es dos cidad\u00e3os com a C\u00e2mara Municipal para efeitos de contacto com a C\u00e2mara Municipal e que podem ser atendidas pelos diversos servi\u00e7os municipais.<\/li>\n<li>Certificados: A finalidade do tratamento de dados pessoais refere-se ao processamento e emiss\u00e3o de certificados solicitados pelos interessados.<\/li>\n<li>Cadastro Municipal da Popula\u00e7\u00e3o: A finalidade do tratamento de dados pessoais refere-se \u00e0 gest\u00e3o do cadastro administrativo onde os moradores do munic\u00edpio est\u00e3o registrados. Tamb\u00e9m \u00e0 acredita\u00e7\u00e3o e determina\u00e7\u00e3o do domic\u00edlio e resid\u00eancia habitual dos moradores do munic\u00edpio e \u00e0 vincula\u00e7\u00e3o de uma pessoa ao munic\u00edpio como parte integrante de sua popula\u00e7\u00e3o.<br \/>\nDa mesma forma, refere-se \u00e0 utiliza\u00e7\u00e3o de dados do PMH, incluindo n\u00fameros de telefone, para que a prefeitura possa se comunicar com as pessoas cadastradas no munic\u00edpio, no que se refere \u00e0s rela\u00e7\u00f5es jur\u00eddico-administrativas derivadas das compet\u00eancias municipais.<\/li>\n<li>Subs\u00eddios: A finalidade do tratamento de dados pessoais refere-se \u00e0 gest\u00e3o e processamento de pedidos de subs\u00eddios de acordo com os termos de um chamamento p\u00fablico.<\/li>\n<li>Reclama\u00e7\u00f5es: A finalidade do tratamento de dados pessoais refere-se ao registo, gest\u00e3o e processamento de reclama\u00e7\u00f5es no \u00e2mbito das compet\u00eancias municipais.<\/li>\n<li>Impostos municipais: A finalidade do tratamento de dados pessoais refere-se, em geral, \u00e0 gest\u00e3o da rela\u00e7\u00e3o entre o contribuinte e a C\u00e2mara Municipal e \u00e0 aten\u00e7\u00e3o e gest\u00e3o dos direitos dos contribuintes. Especificamente, \u00e0 gest\u00e3o, liquida\u00e7\u00e3o e cobran\u00e7a de impostos municipais: Imposto sobre Atividades Econ\u00f4micas, Imposto Predial e Territorial Urbano, Imposto sobre a Valoriza\u00e7\u00e3o do Solo Urbano, Imposto sobre Ve\u00edculos Automotores. Impostos municipais e contribui\u00e7\u00f5es especiais.<\/li>\n<li>Servi\u00e7os sociais\/Assist\u00eancia social: A finalidade do tratamento de dados pessoais refere-se \u00e0 gest\u00e3o dos servi\u00e7os sociais de aten\u00e7\u00e3o prim\u00e1ria municipais.<\/li>\n<li>Servi\u00e7os Educacionais: A finalidade do tratamento de dados pessoais refere-se \u00e0 gest\u00e3o das diferentes atividades de presta\u00e7\u00e3o do servi\u00e7o p\u00fablico de educa\u00e7\u00e3o realizado pela Prefeitura no exerc\u00edcio de suas atribui\u00e7\u00f5es e fun\u00e7\u00f5es educacionais. Especificamente, a gest\u00e3o das escolas municipais de educa\u00e7\u00e3o infantil Tortuga, El Teler e Giravoltes, a gest\u00e3o da presta\u00e7\u00e3o do servi\u00e7o p\u00fablico de estudos musicais. A informa\u00e7\u00e3o e a gest\u00e3o da educa\u00e7\u00e3o nos centros de educa\u00e7\u00e3o infantil, fundamental e m\u00e9dio da cidade, financiados com recursos p\u00fablicos, por meio da Secretaria Municipal de Educa\u00e7\u00e3o.<\/li>\n<li>Servi\u00e7os Desportivos: A finalidade do tratamento de dados pessoais refere-se \u00e0 gest\u00e3o de instala\u00e7\u00f5es e atividades desportivas municipais destinadas aos cidad\u00e3os.<\/li>\n<li>Servi\u00e7os Culturais: A finalidade do tratamento de dados pessoais refere-se \u00e0 organiza\u00e7\u00e3o e gest\u00e3o de atividades culturais e de lazer no munic\u00edpio.<\/li>\n<li>Juventude: A finalidade do tratamento de dados pessoais refere-se \u00e0 promo\u00e7\u00e3o e \u00e0s a\u00e7\u00f5es em pol\u00edticas voltadas para a juventude no munic\u00edpio. Tamb\u00e9m \u00e0 presta\u00e7\u00e3o de cuidados integrais aos jovens, em diversas \u00e1reas: emprego, forma\u00e7\u00e3o, associativismo, cultura e lazer.<\/li>\n<li>Idosos: A finalidade do tratamento de dados pessoais refere-se \u00e0 promo\u00e7\u00e3o e \u00e0 atua\u00e7\u00e3o em pol\u00edticas voltadas para a terceira idade no munic\u00edpio e \u00e0 gest\u00e3o de atividades voltadas para a terceira idade. Especificamente, a gest\u00e3o do Espa\u00e7o Ativo da Terceira Idade.<\/li>\n<li>Registro de documentos de entrada e sa\u00edda: A finalidade do tratamento de dados pessoais refere-se \u00e0 garantia interna e externa dos documentos que s\u00e3o apresentados \u00e0 C\u00e2mara Municipal e dos documentos oficiais que s\u00e3o enviados a outros \u00f3rg\u00e3os ou pessoas.<\/li>\n<li>Registro de uni\u00f5es est\u00e1veis: A finalidade do tratamento de dados pessoais refere-se \u00e0 gest\u00e3o do registro de uni\u00f5es est\u00e1veis.<\/li>\n<li>Cadastro censit\u00e1rio de animais dom\u00e9sticos: A finalidade do tratamento de dados pessoais refere-se ao cadastro, gest\u00e3o e controle dos c\u00f3digos de identifica\u00e7\u00e3o dos animais dom\u00e9sticos do munic\u00edpio.<\/li>\n<li>Cadastro de animais potencialmente perigosos: A finalidade do tratamento de dados pessoais refere-se ao registro, gest\u00e3o e controle dos c\u00f3digos de identifica\u00e7\u00e3o de animais perigosos e \u00e0 idoneidade dos propriet\u00e1rios ao cumprimento dos requisitos exigidos.<\/li>\n<li>Via p\u00fablica: A finalidade do tratamento de dados pessoais refere-se ao processamento e gest\u00e3o do pedido de autoriza\u00e7\u00f5es e licen\u00e7as relacionadas com a incid\u00eancia na via p\u00fablica.<\/li>\n<li>Territ\u00f3rio (Planejamento Urbano e Habita\u00e7\u00e3o): A finalidade do tratamento de dados pessoais refere-se \u00e0 gest\u00e3o dos procedimentos relativos ao servi\u00e7o de planejamento urbano e habita\u00e7\u00e3o do territ\u00f3rio.<\/li>\n<li>Sa\u00fade p\u00fablica: A finalidade do tratamento de dados pessoais refere-se \u00e0 gest\u00e3o dos servi\u00e7os p\u00fablicos municipais na \u00e1rea da sa\u00fade p\u00fablica. Vigil\u00e2ncia da sa\u00fade p\u00fablica e controle sanit\u00e1rio.<\/li>\n<li>Espa\u00e7os municipais: A finalidade do tratamento de dados pessoais refere-se \u00e0 gest\u00e3o dos espa\u00e7os das instala\u00e7\u00f5es municipais destinadas \u00e0 realiza\u00e7\u00e3o de atividades desportivas dos clubes do munic\u00edpio.<\/li>\n<li>Mobilidade (Transportes): A finalidade do tratamento de dados pessoais refere-se \u00e0 gest\u00e3o e ao tratamento administrativo de aspetos relacionados com a mobilidade dos cidad\u00e3os.<\/li>\n<li>Servi\u00e7os funer\u00e1rios (Cemit\u00e9rio): A finalidade do tratamento de dados pessoais refere-se \u00e0 gest\u00e3o da titularidade dos direitos funer\u00e1rios sobre nichos e aos enterramentos e exuma\u00e7\u00f5es realizados no cemit\u00e9rio municipal.<\/li>\n<li>Promo\u00e7\u00e3o econ\u00f4mica: A finalidade do tratamento de dados pessoais refere-se \u00e0 gest\u00e3o da promo\u00e7\u00e3o e dinamiza\u00e7\u00e3o da atividade comercial e da presta\u00e7\u00e3o de servi\u00e7os comerciais no munic\u00edpio, bem como \u00e0 gest\u00e3o do servi\u00e7o de fomento \u00e0 cria\u00e7\u00e3o de empresas e ao empreendedorismo. Tamb\u00e9m \u00e0 gest\u00e3o do servi\u00e7o de emprego para pessoas em busca de emprego.<\/li>\n<li>Meio ambiente: A finalidade do tratamento de dados pessoais refere-se ao desenvolvimento de atividades e projetos ambientais.<\/li>\n<li>Participa\u00e7\u00e3o cidad\u00e3: A finalidade do tratamento de dados pessoais refere-se \u00e0 gest\u00e3o de a\u00e7\u00f5es para que as pessoas e a sociedade civil possam participar da tomada de decis\u00f5es p\u00fablicas.<\/li>\n<li>Cadastro de entidades: A finalidade do tratamento de dados pessoais refere-se \u00e0 gest\u00e3o do Cadastro de Entidades do munic\u00edpio e ao processamento das comunica\u00e7\u00f5es \u00e0 C\u00e2mara Municipal relativas a Entidades e Associa\u00e7\u00f5es.<\/li>\n<li>Sele\u00e7\u00e3o de pessoal: Processamento e gest\u00e3o de processos de sele\u00e7\u00e3o de pessoal e provis\u00e3o de cargos.<\/li>\n<li>Gest\u00e3o econ\u00f4mica e or\u00e7ament\u00e1ria: Gest\u00e3o de dossi\u00eas de despesas e controle or\u00e7ament\u00e1rio da C\u00e2mara Municipal.<\/li>\n<li>Controle de acesso. A finalidade do tratamento de dados pessoais refere-se \u00e0 garantia da seguran\u00e7a das instala\u00e7\u00f5es, instala\u00e7\u00f5es e pessoas. Tamb\u00e9m ao registro e controle de visitas.<\/li>\n<li>Seguran\u00e7a cidad\u00e3 (Pol\u00edcia Local): A finalidade do tratamento de dados pessoais refere-se \u00e0 gest\u00e3o de a\u00e7\u00f5es relativas ao exerc\u00edcio das fun\u00e7\u00f5es da Pol\u00edcia Local.<\/li>\n<li>Turismo: A finalidade do tratamento de dados pessoais refere-se \u00e0 promo\u00e7\u00e3o tur\u00edstica do munic\u00edpio.<\/li>\n<li>Aten\u00e7\u00e3o aos direitos dos interessados: A finalidade do tratamento de dados pessoais refere-se ao registro, atendimento e gest\u00e3o de solicita\u00e7\u00f5es de direitos de prote\u00e7\u00e3o de dados, reconhecidos aos interessados.<\/li>\n<li>Contrata\u00e7\u00e3o p\u00fablica: A finalidade do tratamento de dados pessoais refere-se ao registo e gest\u00e3o administrativa dos contratos administrativos dos arquivos de contrata\u00e7\u00e3o da C\u00e2mara Municipal.<\/li>\n<\/ul>\n<p class=\"editor_titol3\"><strong>6. Quais s\u00e3o os seus direitos?<\/strong><\/p>\n<p>Os titulares dos dados tratados pela C\u00e2mara Municipal de Granollers t\u00eam o direito de exercer, em qualquer momento, o direito de acesso aos seus dados, a retifica\u00e7\u00e3o de dados err\u00f4neos ou inexatos, a elimina\u00e7\u00e3o quando, entre outros motivos, os dados j\u00e1 n\u00e3o sejam necess\u00e1rios para as finalidades para as quais foram recolhidos, e a portabilidade dos mesmos.<\/p>\n<p>Em determinadas circunst\u00e2ncias, os interessados poder\u00e3o solicitar a limita\u00e7\u00e3o do tratamento dos seus dados, caso em que estes ser\u00e3o conservados apenas para o exerc\u00edcio ou a defesa de reclama\u00e7\u00f5es.<\/p>\n<p>Tamb\u00e9m por motivos relacionados com a sua situa\u00e7\u00e3o particular, os interessados podem opor-se ao tratamento dos seus dados. A C\u00e2mara Municipal de Granollers deixar\u00e1 de tratar os dados, exceto por motivos leg\u00edtimos ou para o exerc\u00edcio ou defesa de eventuais reclama\u00e7\u00f5es.<\/p>\n<p>Para exercer estes direitos pode contactar a C\u00e2mara Municipal de Granollers enviando o formul\u00e1rio correspondente para o endere\u00e7o de correio eletr\u00f3nico\u00a0<a href=\"mailto:oac@granollers.cat\" target=\"_blank\" rel=\"noopener\" data-extlink=\"\">oac@granollers.cat<span class=\"mailto\"><span class=\"element-invisible\">(link envia e-mail)<\/span><\/span><\/a>\u00a0ou por correio na C\u00e2mara Municipal na Pla\u00e7a de la Porxada, 6 08401 Granollers (Barcelona).<\/p>\n<p>Da mesma forma, se n\u00e3o estiver satisfeito com a resposta dada ao exerc\u00edcio dos seus direitos, e em qualquer caso, sempre que o considere oportuno, poder\u00e1 apresentar uma reclama\u00e7\u00e3o \u00e0 Autoridade Catal\u00e3 de Prote\u00e7\u00e3o de Dados atrav\u00e9s do seu escrit\u00f3rio eletr\u00f3nico em\u00a0<a href=\"http:\/\/www.apd.cat\/\" target=\"_blank\" rel=\"noopener noreferrer\" data-extlink=\"\">www.apd.cat<span class=\"ext\"><span class=\"element-invisible\">(link externo)<\/span><\/span><\/a>.<\/p>\n<p class=\"editor_titol3\"><strong>7. Destinat\u00e1rios dos dados:<\/strong><\/p>\n<p>Outras administra\u00e7\u00f5es p\u00fablicas competentes na mat\u00e9ria, quando aplic\u00e1vel<\/p>\n<p class=\"editor_titol3\"><strong>8. Origem dos dados pessoais:<\/strong><\/p>\n<p>Os dados pessoais tratados pela C\u00e2mara Municipal de Granollers no cumprimento de uma miss\u00e3o de interesse p\u00fablico, no exerc\u00edcio de poderes p\u00fablicos ou no cumprimento de uma obriga\u00e7\u00e3o legal prov\u00eam diretamente dos interessados ou dos seus representantes, ou de outras administra\u00e7\u00f5es p\u00fablicas em conformidade com as disposi\u00e7\u00f5es legais.<\/p>\n<p class=\"editor_titol3\"><strong>9. Categorias de dados sujeitos ao tratamento:<\/strong><\/p>\n<p>Dados de identifica\u00e7\u00e3o, dados relativos a caracter\u00edsticas pessoais: estado civil, fam\u00edlia, nascimento, naturalidade, idade, sexo, nacionalidade, dados acad\u00e9micos e profissionais ou dados relativos ao local de trabalho, e categorias especiais de dados, e outros dados que possam ser fornecidos pelo cidad\u00e3o, em fun\u00e7\u00e3o do procedimento administrativo ou da atua\u00e7\u00e3o municipal.<\/p>","protected":false},"excerpt":{"rendered":"<p>L\u2019Ajuntament de Granollers, com a Responsable del tractament, garanteix un nivell adequat i coherent de protecci\u00f3 de les persones f\u00edsiques en all\u00f2 que respecte a les seves dades personals, objecte de tractament pels diversos serveis municipals de l\u2019Ajuntament, d\u2019acord amb el Reglament general de protecci\u00f3 de dades (2016\/679). L\u2019Ajuntament de Granollers nom\u00e9s tracta les dades [&hellip;]<\/p>","protected":false},"author":1,"featured_media":0,"parent":0,"menu_order":3,"comment_status":"closed","ping_status":"closed","template":"","meta":{"_acf_changed":false,"footnotes":""},"class_list":["post-2661","page","type-page","status-publish","hentry"],"acf":[],"yoast_head":"<!-- This site is optimized with the Yoast SEO plugin v26.6 - https:\/\/yoast.com\/wordpress\/plugins\/seo\/ -->\n<title>Pol\u00edtica de privacitat - IAEC 2026 Granollers<\/title>\n<meta name=\"robots\" content=\"index, follow, max-snippet:-1, max-image-preview:large, max-video-preview:-1\" \/>\n<link rel=\"canonical\" href=\"https:\/\/iaec2026granollers.com\/pt\/politica-de-privacitat\/\" \/>\n<meta property=\"og:locale\" content=\"pt_PT\" \/>\n<meta property=\"og:type\" content=\"article\" \/>\n<meta property=\"og:title\" content=\"Pol\u00edtica de privacitat - IAEC 2026 Granollers\" \/>\n<meta property=\"og:description\" content=\"L\u2019Ajuntament de Granollers, com a Responsable del tractament, garanteix un nivell adequat i coherent de protecci\u00f3 de les persones f\u00edsiques en all\u00f2 que respecte a les seves dades personals, objecte de tractament pels diversos serveis municipals de l\u2019Ajuntament, d\u2019acord amb el Reglament general de protecci\u00f3 de dades (2016\/679). L\u2019Ajuntament de Granollers nom\u00e9s tracta les dades [&hellip;]\" \/>\n<meta property=\"og:url\" content=\"https:\/\/iaec2026granollers.com\/pt\/politica-de-privacitat\/\" \/>\n<meta property=\"og:site_name\" content=\"IAEC 2026 Granollers\" \/>\n<meta property=\"article:modified_time\" content=\"2025-09-04T11:23:36+00:00\" \/>\n<meta name=\"twitter:card\" content=\"summary_large_image\" \/>\n<meta name=\"twitter:label1\" content=\"Tempo estimado de leitura\" \/>\n\t<meta name=\"twitter:data1\" content=\"10 minutos\" \/>\n<script type=\"application\/ld+json\" class=\"yoast-schema-graph\">{\"@context\":\"https:\/\/schema.org\",\"@graph\":[{\"@type\":\"WebPage\",\"@id\":\"https:\/\/iaec2026granollers.com\/politica-de-privacitat\/\",\"url\":\"https:\/\/iaec2026granollers.com\/politica-de-privacitat\/\",\"name\":\"Pol\u00edtica de privacitat - IAEC 2026 Granollers\",\"isPartOf\":{\"@id\":\"https:\/\/iaec2026granollers.com\/#website\"},\"datePublished\":\"2025-07-23T08:40:17+00:00\",\"dateModified\":\"2025-09-04T11:23:36+00:00\",\"breadcrumb\":{\"@id\":\"https:\/\/iaec2026granollers.com\/politica-de-privacitat\/#breadcrumb\"},\"inLanguage\":\"pt-PT\",\"potentialAction\":[{\"@type\":\"ReadAction\",\"target\":[\"https:\/\/iaec2026granollers.com\/politica-de-privacitat\/\"]}]},{\"@type\":\"BreadcrumbList\",\"@id\":\"https:\/\/iaec2026granollers.com\/politica-de-privacitat\/#breadcrumb\",\"itemListElement\":[{\"@type\":\"ListItem\",\"position\":1,\"name\":\"Inici\",\"item\":\"https:\/\/iaec2026granollers.com\/\"},{\"@type\":\"ListItem\",\"position\":2,\"name\":\"Pol\u00edtica de privacitat\"}]},{\"@type\":\"WebSite\",\"@id\":\"https:\/\/iaec2026granollers.com\/#website\",\"url\":\"https:\/\/iaec2026granollers.com\/\",\"name\":\"IAEC 2026 Granollers\",\"description\":\"\",\"potentialAction\":[{\"@type\":\"SearchAction\",\"target\":{\"@type\":\"EntryPoint\",\"urlTemplate\":\"https:\/\/iaec2026granollers.com\/?s={search_term_string}\"},\"query-input\":{\"@type\":\"PropertyValueSpecification\",\"valueRequired\":true,\"valueName\":\"search_term_string\"}}],\"inLanguage\":\"pt-PT\"}]}<\/script>\n<!-- \/ Yoast SEO plugin. -->","yoast_head_json":{"title":"Pol\u00edtica de privacitat - IAEC 2026 Granollers","robots":{"index":"index","follow":"follow","max-snippet":"max-snippet:-1","max-image-preview":"max-image-preview:large","max-video-preview":"max-video-preview:-1"},"canonical":"https:\/\/iaec2026granollers.com\/pt\/politica-de-privacitat\/","og_locale":"pt_PT","og_type":"article","og_title":"Pol\u00edtica de privacitat - IAEC 2026 Granollers","og_description":"L\u2019Ajuntament de Granollers, com a Responsable del tractament, garanteix un nivell adequat i coherent de protecci\u00f3 de les persones f\u00edsiques en all\u00f2 que respecte a les seves dades personals, objecte de tractament pels diversos serveis municipals de l\u2019Ajuntament, d\u2019acord amb el Reglament general de protecci\u00f3 de dades (2016\/679). L\u2019Ajuntament de Granollers nom\u00e9s tracta les dades [&hellip;]","og_url":"https:\/\/iaec2026granollers.com\/pt\/politica-de-privacitat\/","og_site_name":"IAEC 2026 Granollers","article_modified_time":"2025-09-04T11:23:36+00:00","twitter_card":"summary_large_image","twitter_misc":{"Tempo estimado de leitura":"10 minutos"},"schema":{"@context":"https:\/\/schema.org","@graph":[{"@type":"WebPage","@id":"https:\/\/iaec2026granollers.com\/politica-de-privacitat\/","url":"https:\/\/iaec2026granollers.com\/politica-de-privacitat\/","name":"Pol\u00edtica de privacitat - IAEC 2026 Granollers","isPartOf":{"@id":"https:\/\/iaec2026granollers.com\/#website"},"datePublished":"2025-07-23T08:40:17+00:00","dateModified":"2025-09-04T11:23:36+00:00","breadcrumb":{"@id":"https:\/\/iaec2026granollers.com\/politica-de-privacitat\/#breadcrumb"},"inLanguage":"pt-PT","potentialAction":[{"@type":"ReadAction","target":["https:\/\/iaec2026granollers.com\/politica-de-privacitat\/"]}]},{"@type":"BreadcrumbList","@id":"https:\/\/iaec2026granollers.com\/politica-de-privacitat\/#breadcrumb","itemListElement":[{"@type":"ListItem","position":1,"name":"Inici","item":"https:\/\/iaec2026granollers.com\/"},{"@type":"ListItem","position":2,"name":"Pol\u00edtica de privacitat"}]},{"@type":"WebSite","@id":"https:\/\/iaec2026granollers.com\/#website","url":"https:\/\/iaec2026granollers.com\/","name":"IAEC 2026 Granollers","description":"","potentialAction":[{"@type":"SearchAction","target":{"@type":"EntryPoint","urlTemplate":"https:\/\/iaec2026granollers.com\/?s={search_term_string}"},"query-input":{"@type":"PropertyValueSpecification","valueRequired":true,"valueName":"search_term_string"}}],"inLanguage":"pt-PT"}]}},"_links":{"self":[{"href":"https:\/\/iaec2026granollers.com\/pt\/wp-json\/wp\/v2\/pages\/2661","targetHints":{"allow":["GET"]}}],"collection":[{"href":"https:\/\/iaec2026granollers.com\/pt\/wp-json\/wp\/v2\/pages"}],"about":[{"href":"https:\/\/iaec2026granollers.com\/pt\/wp-json\/wp\/v2\/types\/page"}],"author":[{"embeddable":true,"href":"https:\/\/iaec2026granollers.com\/pt\/wp-json\/wp\/v2\/users\/1"}],"replies":[{"embeddable":true,"href":"https:\/\/iaec2026granollers.com\/pt\/wp-json\/wp\/v2\/comments?post=2661"}],"version-history":[{"count":6,"href":"https:\/\/iaec2026granollers.com\/pt\/wp-json\/wp\/v2\/pages\/2661\/revisions"}],"predecessor-version":[{"id":2667,"href":"https:\/\/iaec2026granollers.com\/pt\/wp-json\/wp\/v2\/pages\/2661\/revisions\/2667"}],"wp:attachment":[{"href":"https:\/\/iaec2026granollers.com\/pt\/wp-json\/wp\/v2\/media?parent=2661"}],"curies":[{"name":"wp","href":"https:\/\/api.w.org\/{rel}","templated":true}]}}