{"id":2811,"date":"2025-09-01T13:52:07","date_gmt":"2025-09-01T12:52:07","guid":{"rendered":"https:\/\/iaec2026granollers.com\/?page_id=2811"},"modified":"2025-09-02T09:52:00","modified_gmt":"2025-09-02T08:52:00","slug":"eixos","status":"publish","type":"page","link":"https:\/\/iaec2026granollers.com\/pt\/congres-aice\/eixos\/","title":{"rendered":"Eixos"},"content":{"rendered":"<p data-start=\"173\" data-end=\"662\">A import\u00e2ncia de construir comunidades inclusivas e diversas, onde o sentimento de pertencimento reflita a coexist\u00eancia de diferentes culturas, religi\u00f5es e l\u00ednguas, \u00e9 relevante. Reconhecemos que a diversidade \u00e9 uma oportunidade de enriquecimento, mas tamb\u00e9m apresenta desafios como exclus\u00e3o e desigualdades, por isso \u00e9 essencial promover la\u00e7os genu\u00ednos, contato pessoal e narrativas que fortale\u00e7am o tecido social com base no respeito, na igualdade e na participa\u00e7\u00e3o ativa.<\/p>\n<p data-start=\"664\" data-end=\"1174\">Da mesma forma, destacamos a import\u00e2ncia de formar uma cidadania cr\u00edtica e livre, capaz de participar da constru\u00e7\u00e3o do futuro local. Por isso, \u00e9 necess\u00e1rio promover o pensamento cr\u00edtico diante de discursos populistas, sectarismos, simplifica\u00e7\u00f5es e manipula\u00e7\u00f5es nas redes sociais, que frequentemente disseminam informa\u00e7\u00f5es falsas e tendenciosas. Queremos tamb\u00e9m ressaltar que, na internet, embora tudo pare\u00e7a gratuito, na realidade pagamos com nossos dados e aten\u00e7\u00e3o, o que influencia nossas decis\u00f5es.<\/p>\n<p data-start=\"1176\" data-end=\"1794\">Por outro lado, a educa\u00e7\u00e3o para a criatividade tem sido subvalorizada, muitas vezes vista apenas como algo para artistas, quando, na realidade, \u00e9 uma capacidade inata de todos os seres humanos. Educar para a criatividade envolve desenvolver habilidades para gerar ideias novas e valiosas que podem transformar e promover mudan\u00e7as em diferentes \u00e1reas. A capacidade de criar e inovar \u00e9 essencial para enfrentar os desafios futuros das cidades, por isso \u00e9 crucial atender \u00e0s necessidades culturais e educacionais dos cidad\u00e3os, promovendo programas que fortale\u00e7am suas capacidades criativas e, assim, fortale\u00e7am o capital social.<\/p>","protected":false},"excerpt":{"rendered":"<p>\u00c9 importante construir comunidades inclusivas e diversificadas, onde o sentimento de perten\u00e7a reflita a coexist\u00eancia de diferentes culturas, religi\u00f5es e l\u00ednguas. Reconhecemos que a diversidade \u00e9 uma oportunidade para nos enriquecermos, mas tamb\u00e9m apresenta desafios como a exclus\u00e3o e a desigualdade, raz\u00e3o pela qual \u00e9 essencial fomentar la\u00e7os genu\u00ednos, contacto pessoal e narrativas [\u2026]<\/p>","protected":false},"author":1,"featured_media":0,"parent":1289,"menu_order":22,"comment_status":"closed","ping_status":"closed","template":"","meta":{"_acf_changed":false,"footnotes":""},"class_list":["post-2811","page","type-page","status-publish","hentry"],"acf":[],"yoast_head":"<!-- This site is optimized with the Yoast SEO plugin v26.6 - https:\/\/yoast.com\/wordpress\/plugins\/seo\/ -->\n<title>Eixos - IAEC 2026 Granollers<\/title>\n<meta name=\"robots\" content=\"index, follow, max-snippet:-1, max-image-preview:large, max-video-preview:-1\" \/>\n<link rel=\"canonical\" href=\"https:\/\/iaec2026granollers.com\/pt\/congres-aice\/presentacio-dexperiencies__trashed\/eixos\/\" \/>\n<meta property=\"og:locale\" content=\"pt_PT\" \/>\n<meta property=\"og:type\" content=\"article\" \/>\n<meta property=\"og:title\" content=\"Eixos - IAEC 2026 Granollers\" \/>\n<meta property=\"og:description\" content=\"\u00c9s rellevant la import\u00e0ncia de construir comunitats inclusives i diverses, on el sentit de pertinen\u00e7a reflecteixi la conviv\u00e8ncia de diferents cultures, religions i lleng\u00fces. Reconeixem que la diversitat \u00e9s una oportunitat per enriquir-se, per\u00f2 tamb\u00e9 presenta desafiaments com l\u2019exclusi\u00f3 i les desigualtats, per la qual cosa \u00e9s fonamental promoure vincles genu\u00efns, contacte personal i narratives [&hellip;]\" \/>\n<meta property=\"og:url\" content=\"https:\/\/iaec2026granollers.com\/pt\/congres-aice\/presentacio-dexperiencies__trashed\/eixos\/\" \/>\n<meta property=\"og:site_name\" content=\"IAEC 2026 Granollers\" \/>\n<meta property=\"article:modified_time\" content=\"2025-09-02T08:52:00+00:00\" \/>\n<meta name=\"twitter:card\" content=\"summary_large_image\" \/>\n<meta name=\"twitter:label1\" content=\"Tempo estimado de leitura\" \/>\n\t<meta name=\"twitter:data1\" content=\"2 minutos\" \/>\n<script type=\"application\/ld+json\" class=\"yoast-schema-graph\">{\"@context\":\"https:\/\/schema.org\",\"@graph\":[{\"@type\":\"WebPage\",\"@id\":\"https:\/\/iaec2026granollers.com\/congres-aice\/presentacio-dexperiencies__trashed\/eixos\/\",\"url\":\"https:\/\/iaec2026granollers.com\/congres-aice\/presentacio-dexperiencies__trashed\/eixos\/\",\"name\":\"Eixos - IAEC 2026 Granollers\",\"isPartOf\":{\"@id\":\"https:\/\/iaec2026granollers.com\/#website\"},\"datePublished\":\"2025-09-01T12:52:07+00:00\",\"dateModified\":\"2025-09-02T08:52:00+00:00\",\"breadcrumb\":{\"@id\":\"https:\/\/iaec2026granollers.com\/congres-aice\/presentacio-dexperiencies__trashed\/eixos\/#breadcrumb\"},\"inLanguage\":\"pt-PT\",\"potentialAction\":[{\"@type\":\"ReadAction\",\"target\":[\"https:\/\/iaec2026granollers.com\/congres-aice\/presentacio-dexperiencies__trashed\/eixos\/\"]}]},{\"@type\":\"BreadcrumbList\",\"@id\":\"https:\/\/iaec2026granollers.com\/congres-aice\/presentacio-dexperiencies__trashed\/eixos\/#breadcrumb\",\"itemListElement\":[{\"@type\":\"ListItem\",\"position\":1,\"name\":\"Inici\",\"item\":\"https:\/\/iaec2026granollers.com\/\"},{\"@type\":\"ListItem\",\"position\":2,\"name\":\"Congr\u00e9s AICE\",\"item\":\"https:\/\/iaec2026granollers.com\/congres-aice\/\"},{\"@type\":\"ListItem\",\"position\":3,\"name\":\"Eixos\"}]},{\"@type\":\"WebSite\",\"@id\":\"https:\/\/iaec2026granollers.com\/#website\",\"url\":\"https:\/\/iaec2026granollers.com\/\",\"name\":\"IAEC 2026 Granollers\",\"description\":\"\",\"potentialAction\":[{\"@type\":\"SearchAction\",\"target\":{\"@type\":\"EntryPoint\",\"urlTemplate\":\"https:\/\/iaec2026granollers.com\/?s={search_term_string}\"},\"query-input\":{\"@type\":\"PropertyValueSpecification\",\"valueRequired\":true,\"valueName\":\"search_term_string\"}}],\"inLanguage\":\"pt-PT\"}]}<\/script>\n<!-- \/ Yoast SEO plugin. -->","yoast_head_json":{"title":"Axes - IAEC 2026 Granollers","robots":{"index":"index","follow":"follow","max-snippet":"max-snippet:-1","max-image-preview":"max-image-preview:large","max-video-preview":"max-video-preview:-1"},"canonical":"https:\/\/iaec2026granollers.com\/pt\/congres-aice\/presentacio-dexperiencies__trashed\/eixos\/","og_locale":"pt_PT","og_type":"article","og_title":"Eixos - IAEC 2026 Granollers","og_description":"\u00c9s rellevant la import\u00e0ncia de construir comunitats inclusives i diverses, on el sentit de pertinen\u00e7a reflecteixi la conviv\u00e8ncia de diferents cultures, religions i lleng\u00fces. Reconeixem que la diversitat \u00e9s una oportunitat per enriquir-se, per\u00f2 tamb\u00e9 presenta desafiaments com l\u2019exclusi\u00f3 i les desigualtats, per la qual cosa \u00e9s fonamental promoure vincles genu\u00efns, contacte personal i narratives [&hellip;]","og_url":"https:\/\/iaec2026granollers.com\/pt\/congres-aice\/presentacio-dexperiencies__trashed\/eixos\/","og_site_name":"IAEC 2026 Granollers","article_modified_time":"2025-09-02T08:52:00+00:00","twitter_card":"summary_large_image","twitter_misc":{"Tempo estimado de leitura":"2 minutos"},"schema":{"@context":"https:\/\/schema.org","@graph":[{"@type":"WebPage","@id":"https:\/\/iaec2026granollers.com\/congres-aice\/presentacio-dexperiencies__trashed\/eixos\/","url":"https:\/\/iaec2026granollers.com\/congres-aice\/presentacio-dexperiencies__trashed\/eixos\/","name":"Axes - IAEC 2026 Granollers","isPartOf":{"@id":"https:\/\/iaec2026granollers.com\/#website"},"datePublished":"2025-09-01T12:52:07+00:00","dateModified":"2025-09-02T08:52:00+00:00","breadcrumb":{"@id":"https:\/\/iaec2026granollers.com\/congres-aice\/presentacio-dexperiencies__trashed\/eixos\/#breadcrumb"},"inLanguage":"pt-PT","potentialAction":[{"@type":"ReadAction","target":["https:\/\/iaec2026granollers.com\/congres-aice\/presentacio-dexperiencies__trashed\/eixos\/"]}]},{"@type":"BreadcrumbList","@id":"https:\/\/iaec2026granollers.com\/congres-aice\/presentacio-dexperiencies__trashed\/eixos\/#breadcrumb","itemListElement":[{"@type":"ListItem","position":1,"name":"Inici","item":"https:\/\/iaec2026granollers.com\/"},{"@type":"ListItem","position":2,"name":"Congr\u00e9s AICE","item":"https:\/\/iaec2026granollers.com\/congres-aice\/"},{"@type":"ListItem","position":3,"name":"Eixos"}]},{"@type":"WebSite","@id":"https:\/\/iaec2026granollers.com\/#website","url":"https:\/\/iaec2026granollers.com\/","name":"IAEC 2026 Granollers","description":"","potentialAction":[{"@type":"SearchAction","target":{"@type":"EntryPoint","urlTemplate":"https:\/\/iaec2026granollers.com\/?s={search_term_string}"},"query-input":{"@type":"PropertyValueSpecification","valueRequired":true,"valueName":"search_term_string"}}],"inLanguage":"pt-PT"}]}},"_links":{"self":[{"href":"https:\/\/iaec2026granollers.com\/pt\/wp-json\/wp\/v2\/pages\/2811","targetHints":{"allow":["GET"]}}],"collection":[{"href":"https:\/\/iaec2026granollers.com\/pt\/wp-json\/wp\/v2\/pages"}],"about":[{"href":"https:\/\/iaec2026granollers.com\/pt\/wp-json\/wp\/v2\/types\/page"}],"author":[{"embeddable":true,"href":"https:\/\/iaec2026granollers.com\/pt\/wp-json\/wp\/v2\/users\/1"}],"replies":[{"embeddable":true,"href":"https:\/\/iaec2026granollers.com\/pt\/wp-json\/wp\/v2\/comments?post=2811"}],"version-history":[{"count":4,"href":"https:\/\/iaec2026granollers.com\/pt\/wp-json\/wp\/v2\/pages\/2811\/revisions"}],"predecessor-version":[{"id":2832,"href":"https:\/\/iaec2026granollers.com\/pt\/wp-json\/wp\/v2\/pages\/2811\/revisions\/2832"}],"up":[{"embeddable":true,"href":"https:\/\/iaec2026granollers.com\/pt\/wp-json\/wp\/v2\/pages\/1289"}],"wp:attachment":[{"href":"https:\/\/iaec2026granollers.com\/pt\/wp-json\/wp\/v2\/media?parent=2811"}],"curies":[{"name":"wp","href":"https:\/\/api.w.org\/{rel}","templated":true}]}}