{"id":2815,"date":"2025-09-01T14:07:06","date_gmt":"2025-09-01T13:07:06","guid":{"rendered":"https:\/\/iaec2026granollers.com\/?page_id=2815"},"modified":"2025-09-02T09:52:23","modified_gmt":"2025-09-02T08:52:23","slug":"criteris-de-seleccio","status":"publish","type":"page","link":"https:\/\/iaec2026granollers.com\/pt\/congres-aice\/criteris-de-seleccio\/","title":{"rendered":"Crit\u00e9rios de sele\u00e7\u00e3o"},"content":{"rendered":"<p data-start=\"165\" data-end=\"292\">Abaixo est\u00e3o os crit\u00e9rios de sele\u00e7\u00e3o para as experi\u00eancias do <strong data-start=\"236\" data-end=\"289\">XVIII Congresso Internacional de Cidades Educadoras<\/strong>.<\/p>\n<p data-start=\"294\" data-end=\"435\">De referir que a apresenta\u00e7\u00e3o das experi\u00eancias ser\u00e1 realizada exclusivamente de forma presencial, em maio de 2026, no <strong data-start=\"418\" data-end=\"432\">Granollers<\/strong>.<\/p>\n<blockquote>\n<p data-start=\"437\" data-end=\"714\">Convidamos as cidades a enviarem suas experi\u00eancias. O n\u00famero m\u00e1ximo de iniciativas que podem ser enviadas \u00e9 de 3 experi\u00eancias por cidade, com o incentivo e o aval da prefeitura. Da mesma forma, experi\u00eancias de outras institui\u00e7\u00f5es, entidades e associa\u00e7\u00f5es ser\u00e3o valorizadas.<\/p>\n<\/blockquote>\n<ol>\n<li>\u00a0<strong>Coer\u00eancia tem\u00e1tica:<\/strong> As experi\u00eancias devem estar claramente conectadas ao tema central do Congresso \u201cEduca\u00e7\u00e3o e cultura na cidade: comunidade, senso cr\u00edtico e criatividade\u201d e alinhadas a um de seus tr\u00eas eixos:\n<ul>\n<li>A constru\u00e7\u00e3o da cidade\/comunidade em cidades cada vez mais complexas.<\/li>\n<li>O desenvolvimento de uma cidadania cr\u00edtica e livre para participar da constru\u00e7\u00e3o do futuro das cidades.<\/li>\n<li>O desenvolvimento de uma cidadania criativa que gere novas sensibilidades, estrat\u00e9gias e ferramentas para enfrentar os desafios da sua sociedade.<\/li>\n<\/ul>\n<\/li>\n<li><strong>Link:<\/strong> Ser\u00e1 dada prioridade a experi\u00eancias promovidas ou endossadas por governos, institui\u00e7\u00f5es e entidades locais.<\/li>\n<li><strong>Colabora\u00e7\u00e3o interdepartamental:<\/strong> Ser\u00e3o especialmente valorizadas as iniciativas realizadas em colabora\u00e7\u00e3o entre diferentes departamentos\/\u00e1reas do governo municipal ou outras esferas de governo e outras entidades.<\/li>\n<li><strong>Aspecto educacional:<\/strong> As experi\u00eancias devem ter uma inten\u00e7\u00e3o educativa que deve ser explicitada.<\/li>\n<li><strong>Participa\u00e7\u00e3o da comunidade:<\/strong> Ser\u00e1 dada prioridade a experi\u00eancias que envolvam a comunidade local, promovendo a colabora\u00e7\u00e3o entre cidad\u00e3os e institui\u00e7\u00f5es educacionais e culturais. Tamb\u00e9m \u00e0quelas que incentivem a participa\u00e7\u00e3o de crian\u00e7as e jovens de forma aut\u00f4noma, livre e respons\u00e1vel.<\/li>\n<li><strong>Transforma\u00e7\u00e3o pedag\u00f3gica ou social:<\/strong> Ser\u00e3o priorizadas experi\u00eancias que ofere\u00e7am solu\u00e7\u00f5es para problemas existentes.<\/li>\n<li><strong>Acessibilidade:<\/strong> \u00c9 necess\u00e1rio garantir que as experi\u00eancias sejam acess\u00edveis aos grupos populacionais em situa\u00e7\u00e3o de vulnerabilidade, eliminando barreiras f\u00edsicas e socioecon\u00f4micas.<\/li>\n<li><strong>Coes\u00e3o social:<\/strong> Ser\u00e3o particularmente valorizadas experi\u00eancias que promovam a coes\u00e3o social e o respeito entre diferentes grupos culturais e sociais.<\/li>\n<li><strong>Consolida\u00e7\u00e3o:<\/strong> As experi\u00eancias devem ter um prazo m\u00ednimo de conclus\u00e3o de dois anos, o que permite que seu impacto seja demonstrado.<\/li>\n<li><strong>Sustentabilidade da iniciativa:<\/strong> As experi\u00eancias devem ser sustent\u00e1veis ao longo do tempo, com os recursos humanos e econ\u00f4micos necess\u00e1rios para seu bom desenvolvimento.<\/li>\n<li><strong>Avalia\u00e7\u00e3o:<\/strong> Experi\u00eancias que proporcionem uma avalia\u00e7\u00e3o contrastada ser\u00e3o valorizadas positivamente.<\/li>\n<li><strong>Impacto social:<\/strong> Ser\u00e1 dada prioridade a experi\u00eancias que tenham impacto na comunidade, promovendo o desenvolvimento social e o bem-estar dos cidad\u00e3os.<\/li>\n<li><strong>Sustentabilidade ambiental:<\/strong> Ser\u00e3o valorizadas as iniciativas que minimizem seu impacto no meio ambiente e promovam o compromisso com a sustentabilidade.<\/li>\n<li><strong>Transferibilidade:<\/strong> Ser\u00e3o priorizadas iniciativas que possam ser total ou parcialmente transfer\u00edveis para outros munic\u00edpios, bairros, etc.<\/li>\n<\/ol>","protected":false},"excerpt":{"rendered":"<p>A seguir apresentam-se os crit\u00e9rios de sele\u00e7\u00e3o das experi\u00eancias para o 18.\u00ba Congresso Internacional de Cidades Educativas. Note-se que a apresenta\u00e7\u00e3o das experi\u00eancias decorrer\u00e1 exclusivamente presencialmente, em maio de 2026, em Granollers. \u201cConvidamos as cidades a submeterem as suas experi\u00eancias. O n\u00famero m\u00e1ximo de iniciativas que podem ser submetidas \u00e9 de tr\u00eas experi\u00eancias [\u2026]<\/p>","protected":false},"author":1,"featured_media":0,"parent":1289,"menu_order":21,"comment_status":"closed","ping_status":"closed","template":"","meta":{"_acf_changed":false,"footnotes":""},"class_list":["post-2815","page","type-page","status-publish","hentry"],"acf":[],"yoast_head":"<!-- This site is optimized with the Yoast SEO plugin v26.6 - https:\/\/yoast.com\/wordpress\/plugins\/seo\/ -->\n<title>Criteris de selecci\u00f3 - IAEC 2026 Granollers<\/title>\n<meta name=\"robots\" content=\"index, follow, max-snippet:-1, max-image-preview:large, max-video-preview:-1\" \/>\n<link rel=\"canonical\" href=\"https:\/\/iaec2026granollers.com\/pt\/congres-aice\/presentacio-dexperiencies__trashed\/criteris-de-seleccio\/\" \/>\n<meta property=\"og:locale\" content=\"pt_PT\" \/>\n<meta property=\"og:type\" content=\"article\" \/>\n<meta property=\"og:title\" content=\"Criteris de selecci\u00f3 - IAEC 2026 Granollers\" \/>\n<meta property=\"og:description\" content=\"A continuaci\u00f3, es recullen els criteris de selecci\u00f3 d\u2019experi\u00e8ncies del XVIII Congr\u00e9s Internacional de Ciutats Educadores. Cal tenir en compte que la presentaci\u00f3 d\u2019experi\u00e8ncies es realitzar\u00e0 exclusivament de manera presencial, al maig del 2026, a Granollers. \u201cConvidem les ciutats a enviar les seves experi\u00e8ncies. El nombre m\u00e0xim d\u2019iniciatives que poden enviar-se \u00e9s de 3 experi\u00e8ncies [&hellip;]\" \/>\n<meta property=\"og:url\" content=\"https:\/\/iaec2026granollers.com\/pt\/congres-aice\/presentacio-dexperiencies__trashed\/criteris-de-seleccio\/\" \/>\n<meta property=\"og:site_name\" content=\"IAEC 2026 Granollers\" \/>\n<meta property=\"article:modified_time\" content=\"2025-09-02T08:52:23+00:00\" \/>\n<meta name=\"twitter:card\" content=\"summary_large_image\" \/>\n<meta name=\"twitter:label1\" content=\"Tempo estimado de leitura\" \/>\n\t<meta name=\"twitter:data1\" content=\"2 minutos\" \/>\n<script type=\"application\/ld+json\" class=\"yoast-schema-graph\">{\"@context\":\"https:\/\/schema.org\",\"@graph\":[{\"@type\":\"WebPage\",\"@id\":\"https:\/\/iaec2026granollers.com\/congres-aice\/presentacio-dexperiencies__trashed\/criteris-de-seleccio\/\",\"url\":\"https:\/\/iaec2026granollers.com\/congres-aice\/presentacio-dexperiencies__trashed\/criteris-de-seleccio\/\",\"name\":\"Criteris de selecci\u00f3 - IAEC 2026 Granollers\",\"isPartOf\":{\"@id\":\"https:\/\/iaec2026granollers.com\/#website\"},\"datePublished\":\"2025-09-01T13:07:06+00:00\",\"dateModified\":\"2025-09-02T08:52:23+00:00\",\"breadcrumb\":{\"@id\":\"https:\/\/iaec2026granollers.com\/congres-aice\/presentacio-dexperiencies__trashed\/criteris-de-seleccio\/#breadcrumb\"},\"inLanguage\":\"pt-PT\",\"potentialAction\":[{\"@type\":\"ReadAction\",\"target\":[\"https:\/\/iaec2026granollers.com\/congres-aice\/presentacio-dexperiencies__trashed\/criteris-de-seleccio\/\"]}]},{\"@type\":\"BreadcrumbList\",\"@id\":\"https:\/\/iaec2026granollers.com\/congres-aice\/presentacio-dexperiencies__trashed\/criteris-de-seleccio\/#breadcrumb\",\"itemListElement\":[{\"@type\":\"ListItem\",\"position\":1,\"name\":\"Inici\",\"item\":\"https:\/\/iaec2026granollers.com\/\"},{\"@type\":\"ListItem\",\"position\":2,\"name\":\"Congr\u00e9s AICE\",\"item\":\"https:\/\/iaec2026granollers.com\/congres-aice\/\"},{\"@type\":\"ListItem\",\"position\":3,\"name\":\"Criteris de selecci\u00f3\"}]},{\"@type\":\"WebSite\",\"@id\":\"https:\/\/iaec2026granollers.com\/#website\",\"url\":\"https:\/\/iaec2026granollers.com\/\",\"name\":\"IAEC 2026 Granollers\",\"description\":\"\",\"potentialAction\":[{\"@type\":\"SearchAction\",\"target\":{\"@type\":\"EntryPoint\",\"urlTemplate\":\"https:\/\/iaec2026granollers.com\/?s={search_term_string}\"},\"query-input\":{\"@type\":\"PropertyValueSpecification\",\"valueRequired\":true,\"valueName\":\"search_term_string\"}}],\"inLanguage\":\"pt-PT\"}]}<\/script>\n<!-- \/ Yoast SEO plugin. -->","yoast_head_json":{"title":"Crit\u00e9rios de sele\u00e7\u00e3o - IAEC 2026 Granollers","robots":{"index":"index","follow":"follow","max-snippet":"max-snippet:-1","max-image-preview":"max-image-preview:large","max-video-preview":"max-video-preview:-1"},"canonical":"https:\/\/iaec2026granollers.com\/pt\/congres-aice\/presentacio-dexperiencies__trashed\/criteris-de-seleccio\/","og_locale":"pt_PT","og_type":"article","og_title":"Criteris de selecci\u00f3 - IAEC 2026 Granollers","og_description":"A continuaci\u00f3, es recullen els criteris de selecci\u00f3 d\u2019experi\u00e8ncies del XVIII Congr\u00e9s Internacional de Ciutats Educadores. Cal tenir en compte que la presentaci\u00f3 d\u2019experi\u00e8ncies es realitzar\u00e0 exclusivament de manera presencial, al maig del 2026, a Granollers. \u201cConvidem les ciutats a enviar les seves experi\u00e8ncies. El nombre m\u00e0xim d\u2019iniciatives que poden enviar-se \u00e9s de 3 experi\u00e8ncies [&hellip;]","og_url":"https:\/\/iaec2026granollers.com\/pt\/congres-aice\/presentacio-dexperiencies__trashed\/criteris-de-seleccio\/","og_site_name":"IAEC 2026 Granollers","article_modified_time":"2025-09-02T08:52:23+00:00","twitter_card":"summary_large_image","twitter_misc":{"Tempo estimado de leitura":"2 minutos"},"schema":{"@context":"https:\/\/schema.org","@graph":[{"@type":"WebPage","@id":"https:\/\/iaec2026granollers.com\/congres-aice\/presentacio-dexperiencies__trashed\/criteris-de-seleccio\/","url":"https:\/\/iaec2026granollers.com\/congres-aice\/presentacio-dexperiencies__trashed\/criteris-de-seleccio\/","name":"Crit\u00e9rios de sele\u00e7\u00e3o - IAEC 2026 Granollers","isPartOf":{"@id":"https:\/\/iaec2026granollers.com\/#website"},"datePublished":"2025-09-01T13:07:06+00:00","dateModified":"2025-09-02T08:52:23+00:00","breadcrumb":{"@id":"https:\/\/iaec2026granollers.com\/congres-aice\/presentacio-dexperiencies__trashed\/criteris-de-seleccio\/#breadcrumb"},"inLanguage":"pt-PT","potentialAction":[{"@type":"ReadAction","target":["https:\/\/iaec2026granollers.com\/congres-aice\/presentacio-dexperiencies__trashed\/criteris-de-seleccio\/"]}]},{"@type":"BreadcrumbList","@id":"https:\/\/iaec2026granollers.com\/congres-aice\/presentacio-dexperiencies__trashed\/criteris-de-seleccio\/#breadcrumb","itemListElement":[{"@type":"ListItem","position":1,"name":"Inici","item":"https:\/\/iaec2026granollers.com\/"},{"@type":"ListItem","position":2,"name":"Congr\u00e9s AICE","item":"https:\/\/iaec2026granollers.com\/congres-aice\/"},{"@type":"ListItem","position":3,"name":"Criteris de selecci\u00f3"}]},{"@type":"WebSite","@id":"https:\/\/iaec2026granollers.com\/#website","url":"https:\/\/iaec2026granollers.com\/","name":"IAEC 2026 Granollers","description":"","potentialAction":[{"@type":"SearchAction","target":{"@type":"EntryPoint","urlTemplate":"https:\/\/iaec2026granollers.com\/?s={search_term_string}"},"query-input":{"@type":"PropertyValueSpecification","valueRequired":true,"valueName":"search_term_string"}}],"inLanguage":"pt-PT"}]}},"_links":{"self":[{"href":"https:\/\/iaec2026granollers.com\/pt\/wp-json\/wp\/v2\/pages\/2815","targetHints":{"allow":["GET"]}}],"collection":[{"href":"https:\/\/iaec2026granollers.com\/pt\/wp-json\/wp\/v2\/pages"}],"about":[{"href":"https:\/\/iaec2026granollers.com\/pt\/wp-json\/wp\/v2\/types\/page"}],"author":[{"embeddable":true,"href":"https:\/\/iaec2026granollers.com\/pt\/wp-json\/wp\/v2\/users\/1"}],"replies":[{"embeddable":true,"href":"https:\/\/iaec2026granollers.com\/pt\/wp-json\/wp\/v2\/comments?post=2815"}],"version-history":[{"count":6,"href":"https:\/\/iaec2026granollers.com\/pt\/wp-json\/wp\/v2\/pages\/2815\/revisions"}],"predecessor-version":[{"id":2833,"href":"https:\/\/iaec2026granollers.com\/pt\/wp-json\/wp\/v2\/pages\/2815\/revisions\/2833"}],"up":[{"embeddable":true,"href":"https:\/\/iaec2026granollers.com\/pt\/wp-json\/wp\/v2\/pages\/1289"}],"wp:attachment":[{"href":"https:\/\/iaec2026granollers.com\/pt\/wp-json\/wp\/v2\/media?parent=2815"}],"curies":[{"name":"wp","href":"https:\/\/api.w.org\/{rel}","templated":true}]}}