{"id":2847,"date":"2025-09-02T12:27:34","date_gmt":"2025-09-02T11:27:34","guid":{"rendered":"https:\/\/iaec2026granollers.com\/?page_id=2847"},"modified":"2026-01-23T13:55:41","modified_gmt":"2026-01-23T12:55:41","slug":"john-a-powell","status":"publish","type":"page","link":"https:\/\/iaec2026granollers.com\/pt\/congres-aice\/ponents\/john-a-powell\/","title":{"rendered":"Jo\u00e3o A. Powell"},"content":{"rendered":"<p>John A. Powell (escrito em min\u00fasculas a pedido do orador) \u00e9 <strong>professora e ativista<\/strong>\u00a0reconhecido por suas a\u00e7\u00f5es em direitos e liberdades civis, racismo estrutural, habita\u00e7\u00e3o, pobreza e democracia. Atualmente, ele \u00e9 o diretor de\u00a0<a href=\"https:\/\/belonging.berkeley.edu\/\">o Instituto da Alteridade e do Pertencimento da Universidade da Calif\u00f3rnia<\/a>, em Berkeley, onde tamb\u00e9m leciona Direito e Estudos Afro-Americanos.<\/p>\n<p>Powell \u00e9 conhecido por sua teoria da alteridade, que descreve o processo de marginaliza\u00e7\u00e3o de grupos sociais. Ele argumenta que esse fen\u00f4meno \u00e9 uma das principais causas de\u00a0<strong>racismo estrutural<\/strong> e a desigualdade social, e que para super\u00e1-la \u00e9 essencial criar um senso de pertencimento compartilhado onde todos se sintam inclu\u00eddos e valorizados.<\/p>\n<p>Powell acredita que uma sociedade justa s\u00f3 pode existir quando pessoas de todas as ra\u00e7as, etnias e origens sociais se sentem aceitas e inclu\u00eddas na comunidade. Esse conceito de pertencimento n\u00e3o se refere apenas \u00e0 inclus\u00e3o social, mas tamb\u00e9m \u00e0 necessidade de...<strong>\u00a0Respeitar e celebrar as diferen\u00e7as<\/strong>.<\/p>\n<p>Al\u00e9m de seu trabalho acad\u00eamico, ele atuou como consultor internacional, colaborando com\u00a0<strong>governos ao redor do mundo<\/strong>\u00a0e organiza\u00e7\u00f5es globais. Sua obra mais conhecida,\u00a0<i>Correndo para a Justi\u00e7a<\/i>, explora como transformar as concep\u00e7\u00f5es de identidade e do outro para criar uma sociedade mais inclusiva.<\/p>\n<h4>Obras em destaque<\/h4>\n<p data-start=\"379\" data-end=\"711\"><strong>Em busca de justi\u00e7a: transformando nossas concep\u00e7\u00f5es de n\u00f3s mesmos e do outro para construir uma sociedade inclusiva.<\/strong> Um de seus livros mais conhecidos, no qual Powell desenvolve uma cr\u00edtica profunda aos conceitos usuais de ra\u00e7a, identidade e injusti\u00e7a, e prop\u00f5e maneiras de construir comunidades mais inclusivas.<\/p>\n<p data-start=\"716\" data-end=\"994\"><strong>Pertencer sem ser diferente: como nos salvamos e salvamos o mundo. <\/strong>(em coautoria com Stephen Menendian). Publica\u00e7\u00e3o recente e amplamente citada que articula o conceito de pertencimento (<em data-start=\"892\" data-end=\"903\">pertencente<\/em>) como uma alternativa ativa \u00e0 exclus\u00e3o (<em data-start=\"944\" data-end=\"954\">alteridade<\/em>).<\/p>\n<p data-start=\"716\" data-end=\"994\"><strong>O poder de criar pontes: <\/strong><strong>Como construir um mundo onde todos se sintam pertencentes.<\/strong> Uma obra em que Powell aplica seus referenciais te\u00f3ricos \u00e0 pr\u00e1tica de construir pontes entre diferen\u00e7as sociais e ideol\u00f3gicas.<\/p>\n<p>&nbsp;<\/p>","protected":false},"excerpt":{"rendered":"<p>john a. powell (escrit en min\u00fascules per desig del propi ponent) \u00e9s professor i activista\u00a0reconegut en drets i llibertats civils, racisme estructural, habitatge, pobresa i democr\u00e0cia. Actualment, \u00e9s director de\u00a0l\u2019Institut d\u2019Alteritat i Pertinen\u00e7a de la Universitat de Calif\u00f2rnia, a Berkeley, on tamb\u00e9 ensenya Dret i Estudis Afroamericans. powell \u00e9s conegut per la seva teoria de [&hellip;]<\/p>","protected":false},"author":1,"featured_media":3065,"parent":2311,"menu_order":29,"comment_status":"closed","ping_status":"closed","template":"page-ponents.php","meta":{"_acf_changed":false,"footnotes":""},"class_list":["post-2847","page","type-page","status-publish","has-post-thumbnail","hentry"],"acf":[],"yoast_head":"<!-- This site is optimized with the Yoast SEO plugin v26.6 - https:\/\/yoast.com\/wordpress\/plugins\/seo\/ -->\n<title>john a. powell - IAEC 2026 Granollers<\/title>\n<meta name=\"robots\" content=\"index, follow, max-snippet:-1, max-image-preview:large, max-video-preview:-1\" \/>\n<link rel=\"canonical\" href=\"https:\/\/iaec2026granollers.com\/pt\/congres-aice\/ponents\/john-a-powell\/\" \/>\n<meta property=\"og:locale\" content=\"pt_PT\" \/>\n<meta property=\"og:type\" content=\"article\" \/>\n<meta property=\"og:title\" content=\"john a. powell - IAEC 2026 Granollers\" \/>\n<meta property=\"og:description\" content=\"john a. powell (escrit en min\u00fascules per desig del propi ponent) \u00e9s professor i activista\u00a0reconegut en drets i llibertats civils, racisme estructural, habitatge, pobresa i democr\u00e0cia. Actualment, \u00e9s director de\u00a0l\u2019Institut d\u2019Alteritat i Pertinen\u00e7a de la Universitat de Calif\u00f2rnia, a Berkeley, on tamb\u00e9 ensenya Dret i Estudis Afroamericans. powell \u00e9s conegut per la seva teoria de [&hellip;]\" \/>\n<meta property=\"og:url\" content=\"https:\/\/iaec2026granollers.com\/pt\/congres-aice\/ponents\/john-a-powell\/\" \/>\n<meta property=\"og:site_name\" content=\"IAEC 2026 Granollers\" \/>\n<meta property=\"article:modified_time\" content=\"2026-01-23T12:55:41+00:00\" \/>\n<meta property=\"og:image\" content=\"https:\/\/iaec2026granollers.com\/wp-content\/uploads\/2025\/12\/Powell-IMG_5349-1.jpg\" \/>\n\t<meta property=\"og:image:width\" content=\"800\" \/>\n\t<meta property=\"og:image:height\" content=\"1200\" \/>\n\t<meta property=\"og:image:type\" content=\"image\/jpeg\" \/>\n<meta name=\"twitter:card\" content=\"summary_large_image\" \/>\n<meta name=\"twitter:label1\" content=\"Tempo estimado de leitura\" \/>\n\t<meta name=\"twitter:data1\" content=\"2 minutos\" \/>\n<script type=\"application\/ld+json\" class=\"yoast-schema-graph\">{\"@context\":\"https:\/\/schema.org\",\"@graph\":[{\"@type\":\"WebPage\",\"@id\":\"https:\/\/iaec2026granollers.com\/congres-aice\/ponents\/john-a-powell\/\",\"url\":\"https:\/\/iaec2026granollers.com\/congres-aice\/ponents\/john-a-powell\/\",\"name\":\"john a. powell - IAEC 2026 Granollers\",\"isPartOf\":{\"@id\":\"https:\/\/iaec2026granollers.com\/#website\"},\"primaryImageOfPage\":{\"@id\":\"https:\/\/iaec2026granollers.com\/congres-aice\/ponents\/john-a-powell\/#primaryimage\"},\"image\":{\"@id\":\"https:\/\/iaec2026granollers.com\/congres-aice\/ponents\/john-a-powell\/#primaryimage\"},\"thumbnailUrl\":\"https:\/\/iaec2026granollers.com\/wp-content\/uploads\/2025\/12\/Powell-IMG_5349-1.jpg\",\"datePublished\":\"2025-09-02T11:27:34+00:00\",\"dateModified\":\"2026-01-23T12:55:41+00:00\",\"breadcrumb\":{\"@id\":\"https:\/\/iaec2026granollers.com\/congres-aice\/ponents\/john-a-powell\/#breadcrumb\"},\"inLanguage\":\"pt-PT\",\"potentialAction\":[{\"@type\":\"ReadAction\",\"target\":[\"https:\/\/iaec2026granollers.com\/congres-aice\/ponents\/john-a-powell\/\"]}]},{\"@type\":\"ImageObject\",\"inLanguage\":\"pt-PT\",\"@id\":\"https:\/\/iaec2026granollers.com\/congres-aice\/ponents\/john-a-powell\/#primaryimage\",\"url\":\"https:\/\/iaec2026granollers.com\/wp-content\/uploads\/2025\/12\/Powell-IMG_5349-1.jpg\",\"contentUrl\":\"https:\/\/iaec2026granollers.com\/wp-content\/uploads\/2025\/12\/Powell-IMG_5349-1.jpg\",\"width\":800,\"height\":1200,\"caption\":\"john a. powell\"},{\"@type\":\"BreadcrumbList\",\"@id\":\"https:\/\/iaec2026granollers.com\/congres-aice\/ponents\/john-a-powell\/#breadcrumb\",\"itemListElement\":[{\"@type\":\"ListItem\",\"position\":1,\"name\":\"Inici\",\"item\":\"https:\/\/iaec2026granollers.com\/\"},{\"@type\":\"ListItem\",\"position\":2,\"name\":\"Congr\u00e9s AICE\",\"item\":\"https:\/\/iaec2026granollers.com\/congres-aice\/\"},{\"@type\":\"ListItem\",\"position\":3,\"name\":\"Ponents\",\"item\":\"https:\/\/iaec2026granollers.com\/congres-aice\/ponents\/\"},{\"@type\":\"ListItem\",\"position\":4,\"name\":\"john a. powell\"}]},{\"@type\":\"WebSite\",\"@id\":\"https:\/\/iaec2026granollers.com\/#website\",\"url\":\"https:\/\/iaec2026granollers.com\/\",\"name\":\"IAEC 2026 Granollers\",\"description\":\"\",\"potentialAction\":[{\"@type\":\"SearchAction\",\"target\":{\"@type\":\"EntryPoint\",\"urlTemplate\":\"https:\/\/iaec2026granollers.com\/?s={search_term_string}\"},\"query-input\":{\"@type\":\"PropertyValueSpecification\",\"valueRequired\":true,\"valueName\":\"search_term_string\"}}],\"inLanguage\":\"pt-PT\"}]}<\/script>\n<!-- \/ Yoast SEO plugin. -->","yoast_head_json":{"title":"john a. powell - IAEC 2026 Granollers","robots":{"index":"index","follow":"follow","max-snippet":"max-snippet:-1","max-image-preview":"max-image-preview:large","max-video-preview":"max-video-preview:-1"},"canonical":"https:\/\/iaec2026granollers.com\/pt\/congres-aice\/ponents\/john-a-powell\/","og_locale":"pt_PT","og_type":"article","og_title":"john a. powell - IAEC 2026 Granollers","og_description":"john a. powell (escrit en min\u00fascules per desig del propi ponent) \u00e9s professor i activista\u00a0reconegut en drets i llibertats civils, racisme estructural, habitatge, pobresa i democr\u00e0cia. Actualment, \u00e9s director de\u00a0l\u2019Institut d\u2019Alteritat i Pertinen\u00e7a de la Universitat de Calif\u00f2rnia, a Berkeley, on tamb\u00e9 ensenya Dret i Estudis Afroamericans. powell \u00e9s conegut per la seva teoria de [&hellip;]","og_url":"https:\/\/iaec2026granollers.com\/pt\/congres-aice\/ponents\/john-a-powell\/","og_site_name":"IAEC 2026 Granollers","article_modified_time":"2026-01-23T12:55:41+00:00","og_image":[{"width":800,"height":1200,"url":"https:\/\/iaec2026granollers.com\/wp-content\/uploads\/2025\/12\/Powell-IMG_5349-1.jpg","type":"image\/jpeg"}],"twitter_card":"summary_large_image","twitter_misc":{"Tempo estimado de leitura":"2 minutos"},"schema":{"@context":"https:\/\/schema.org","@graph":[{"@type":"WebPage","@id":"https:\/\/iaec2026granollers.com\/congres-aice\/ponents\/john-a-powell\/","url":"https:\/\/iaec2026granollers.com\/congres-aice\/ponents\/john-a-powell\/","name":"john a. powell - IAEC 2026 Granollers","isPartOf":{"@id":"https:\/\/iaec2026granollers.com\/#website"},"primaryImageOfPage":{"@id":"https:\/\/iaec2026granollers.com\/congres-aice\/ponents\/john-a-powell\/#primaryimage"},"image":{"@id":"https:\/\/iaec2026granollers.com\/congres-aice\/ponents\/john-a-powell\/#primaryimage"},"thumbnailUrl":"https:\/\/iaec2026granollers.com\/wp-content\/uploads\/2025\/12\/Powell-IMG_5349-1.jpg","datePublished":"2025-09-02T11:27:34+00:00","dateModified":"2026-01-23T12:55:41+00:00","breadcrumb":{"@id":"https:\/\/iaec2026granollers.com\/congres-aice\/ponents\/john-a-powell\/#breadcrumb"},"inLanguage":"pt-PT","potentialAction":[{"@type":"ReadAction","target":["https:\/\/iaec2026granollers.com\/congres-aice\/ponents\/john-a-powell\/"]}]},{"@type":"ImageObject","inLanguage":"pt-PT","@id":"https:\/\/iaec2026granollers.com\/congres-aice\/ponents\/john-a-powell\/#primaryimage","url":"https:\/\/iaec2026granollers.com\/wp-content\/uploads\/2025\/12\/Powell-IMG_5349-1.jpg","contentUrl":"https:\/\/iaec2026granollers.com\/wp-content\/uploads\/2025\/12\/Powell-IMG_5349-1.jpg","width":800,"height":1200,"caption":"john a. powell"},{"@type":"BreadcrumbList","@id":"https:\/\/iaec2026granollers.com\/congres-aice\/ponents\/john-a-powell\/#breadcrumb","itemListElement":[{"@type":"ListItem","position":1,"name":"Inici","item":"https:\/\/iaec2026granollers.com\/"},{"@type":"ListItem","position":2,"name":"Congr\u00e9s AICE","item":"https:\/\/iaec2026granollers.com\/congres-aice\/"},{"@type":"ListItem","position":3,"name":"Ponents","item":"https:\/\/iaec2026granollers.com\/congres-aice\/ponents\/"},{"@type":"ListItem","position":4,"name":"john a. powell"}]},{"@type":"WebSite","@id":"https:\/\/iaec2026granollers.com\/#website","url":"https:\/\/iaec2026granollers.com\/","name":"IAEC 2026 Granollers","description":"","potentialAction":[{"@type":"SearchAction","target":{"@type":"EntryPoint","urlTemplate":"https:\/\/iaec2026granollers.com\/?s={search_term_string}"},"query-input":{"@type":"PropertyValueSpecification","valueRequired":true,"valueName":"search_term_string"}}],"inLanguage":"pt-PT"}]}},"_links":{"self":[{"href":"https:\/\/iaec2026granollers.com\/pt\/wp-json\/wp\/v2\/pages\/2847","targetHints":{"allow":["GET"]}}],"collection":[{"href":"https:\/\/iaec2026granollers.com\/pt\/wp-json\/wp\/v2\/pages"}],"about":[{"href":"https:\/\/iaec2026granollers.com\/pt\/wp-json\/wp\/v2\/types\/page"}],"author":[{"embeddable":true,"href":"https:\/\/iaec2026granollers.com\/pt\/wp-json\/wp\/v2\/users\/1"}],"replies":[{"embeddable":true,"href":"https:\/\/iaec2026granollers.com\/pt\/wp-json\/wp\/v2\/comments?post=2847"}],"version-history":[{"count":19,"href":"https:\/\/iaec2026granollers.com\/pt\/wp-json\/wp\/v2\/pages\/2847\/revisions"}],"predecessor-version":[{"id":3139,"href":"https:\/\/iaec2026granollers.com\/pt\/wp-json\/wp\/v2\/pages\/2847\/revisions\/3139"}],"up":[{"embeddable":true,"href":"https:\/\/iaec2026granollers.com\/pt\/wp-json\/wp\/v2\/pages\/2311"}],"wp:featuredmedia":[{"embeddable":true,"href":"https:\/\/iaec2026granollers.com\/pt\/wp-json\/wp\/v2\/media\/3065"}],"wp:attachment":[{"href":"https:\/\/iaec2026granollers.com\/pt\/wp-json\/wp\/v2\/media?parent=2847"}],"curies":[{"name":"wp","href":"https:\/\/api.w.org\/{rel}","templated":true}]}}