{"id":3173,"date":"2026-01-26T13:26:32","date_gmt":"2026-01-26T12:26:32","guid":{"rendered":"https:\/\/iaec2026granollers.com\/?page_id=3173"},"modified":"2026-03-31T12:36:43","modified_gmt":"2026-03-31T11:36:43","slug":"angelica-dass","status":"publish","type":"page","link":"https:\/\/iaec2026granollers.com\/pt\/congres-aice\/ponents\/angelica-dass\/","title":{"rendered":"Ang\u00e9lica Dass"},"content":{"rendered":"<p align=\"left\">Ang\u00e9lica Dass \u00e9 uma fot\u00f3grafa hispano-brasileira que <strong>combina imagem, pesquisa e participa\u00e7\u00e3o social.<\/strong> Para defender os direitos humanos. Ela \u00e9 a criadora do projeto Human\u00e6, uma s\u00e9rie fotogr\u00e1fica em constante evolu\u00e7\u00e3o que celebra a diversidade da cor humana e funciona como um manifesto visual contra o racismo.<\/p>\n<p align=\"left\">Seu trabalho foi exibido em locais como o F\u00f3rum Econ\u00f4mico Mundial, as Na\u00e7\u00f5es Unidas e o Museu Americano de Hist\u00f3ria Natural. Al\u00e9m dos museus, <strong>O trabalho deles possui um forte componente educacional.<\/strong>. Ele desenvolveu projetos com institui\u00e7\u00f5es de todo o mundo, impactando milhares de estudantes.<\/p>\n<p align=\"left\">Em 2021, ele publicou &quot;As Cores que Compartilhamos&quot; com a Aperture, juntamente com um guia did\u00e1tico que est\u00e1 atualmente dispon\u00edvel. <strong>\u00e9 implementado em escolas nos Estados Unidos<\/strong>. Ela tamb\u00e9m \u00e9 uma palestrante renomada, tendo proferido palestras no TED, na Tate Modern, na Universidade de Salamanca e no F\u00f3rum Econ\u00f4mico Mundial.<\/p>\n<h4 align=\"left\"><span lang=\"ca-ES\">Obras em destaque<\/span><\/h4>\n<p align=\"left\"><strong>Humanae, As cores que partilhamos.<\/strong> Por meio de retratos de pessoas de todo o mundo, este livro celebra a diversidade humana e questiona as categorias r\u00edgidas de \u201cra\u00e7a\u201d que frequentemente usamos para nos descrever. A obra convida os leitores a observar, questionar e repensar a forma como nos vemos e como vemos os outros.<\/p>\n<p align=\"left\"><strong>#SAYQM \u2013 Sou adolescente, o que mais?<\/strong> Por meio de retratos, textos e imagens, o livro apresenta a voz e a perspectiva de adolescentes, colocando-os como protagonistas para explorar a complexidade da adolesc\u00eancia e sua identidade. A obra exp\u00f5e suas reflex\u00f5es, emo\u00e7\u00f5es e questionamentos sobre quem s\u00e3o e o que significa ser jovem hoje em dia.<\/p>\n<p align=\"left\">","protected":false},"excerpt":{"rendered":"<p>Ang\u00e9lica Dass \u00e9s una fot\u00f2grafa hispanobrasilera que combina imatge, recerca i participaci\u00f3 social per defensar els drets humans. \u00c9s la creadora del projecte Human\u00e6, una s\u00e8rie fotogr\u00e0fica en evoluci\u00f3 que celebra la diversitat del color hum\u00e0 i actua com un manifest visual contra el racisme. La seva obra ha estat exposada en espais com el [&hellip;]<\/p>","protected":false},"author":1,"featured_media":3334,"parent":2311,"menu_order":38,"comment_status":"closed","ping_status":"closed","template":"page-ponents.php","meta":{"_acf_changed":false,"footnotes":""},"class_list":["post-3173","page","type-page","status-publish","has-post-thumbnail","hentry"],"acf":[],"yoast_head":"<!-- This site is optimized with the Yoast SEO plugin v26.6 - https:\/\/yoast.com\/wordpress\/plugins\/seo\/ -->\n<title>Ang\u00e9lica Dass - IAEC 2026 Granollers<\/title>\n<meta name=\"robots\" content=\"index, follow, max-snippet:-1, max-image-preview:large, max-video-preview:-1\" \/>\n<link rel=\"canonical\" href=\"https:\/\/iaec2026granollers.com\/pt\/congres-aice\/ponents\/angelica-dass\/\" \/>\n<meta property=\"og:locale\" content=\"pt_PT\" \/>\n<meta property=\"og:type\" content=\"article\" \/>\n<meta property=\"og:title\" content=\"Ang\u00e9lica Dass - IAEC 2026 Granollers\" \/>\n<meta property=\"og:description\" content=\"Ang\u00e9lica Dass \u00e9s una fot\u00f2grafa hispanobrasilera que combina imatge, recerca i participaci\u00f3 social per defensar els drets humans. \u00c9s la creadora del projecte Human\u00e6, una s\u00e8rie fotogr\u00e0fica en evoluci\u00f3 que celebra la diversitat del color hum\u00e0 i actua com un manifest visual contra el racisme. La seva obra ha estat exposada en espais com el [&hellip;]\" \/>\n<meta property=\"og:url\" content=\"https:\/\/iaec2026granollers.com\/pt\/congres-aice\/ponents\/angelica-dass\/\" \/>\n<meta property=\"og:site_name\" content=\"IAEC 2026 Granollers\" \/>\n<meta property=\"article:modified_time\" content=\"2026-03-31T11:36:43+00:00\" \/>\n<meta property=\"og:image\" content=\"https:\/\/iaec2026granollers.com\/wp-content\/uploads\/2026\/02\/angelica-dass-amb-copy.jpg\" \/>\n\t<meta property=\"og:image:width\" content=\"945\" \/>\n\t<meta property=\"og:image:height\" content=\"1453\" \/>\n\t<meta property=\"og:image:type\" content=\"image\/jpeg\" \/>\n<meta name=\"twitter:card\" content=\"summary_large_image\" \/>\n<meta name=\"twitter:label1\" content=\"Tempo estimado de leitura\" \/>\n\t<meta name=\"twitter:data1\" content=\"2 minutos\" \/>\n<script type=\"application\/ld+json\" class=\"yoast-schema-graph\">{\"@context\":\"https:\/\/schema.org\",\"@graph\":[{\"@type\":\"WebPage\",\"@id\":\"https:\/\/iaec2026granollers.com\/congres-aice\/ponents\/angelica-dass\/\",\"url\":\"https:\/\/iaec2026granollers.com\/congres-aice\/ponents\/angelica-dass\/\",\"name\":\"Ang\u00e9lica Dass - IAEC 2026 Granollers\",\"isPartOf\":{\"@id\":\"https:\/\/iaec2026granollers.com\/#website\"},\"primaryImageOfPage\":{\"@id\":\"https:\/\/iaec2026granollers.com\/congres-aice\/ponents\/angelica-dass\/#primaryimage\"},\"image\":{\"@id\":\"https:\/\/iaec2026granollers.com\/congres-aice\/ponents\/angelica-dass\/#primaryimage\"},\"thumbnailUrl\":\"https:\/\/iaec2026granollers.com\/wp-content\/uploads\/2026\/02\/angelica-dass-amb-copy.jpg\",\"datePublished\":\"2026-01-26T12:26:32+00:00\",\"dateModified\":\"2026-03-31T11:36:43+00:00\",\"breadcrumb\":{\"@id\":\"https:\/\/iaec2026granollers.com\/congres-aice\/ponents\/angelica-dass\/#breadcrumb\"},\"inLanguage\":\"pt-PT\",\"potentialAction\":[{\"@type\":\"ReadAction\",\"target\":[\"https:\/\/iaec2026granollers.com\/congres-aice\/ponents\/angelica-dass\/\"]}]},{\"@type\":\"ImageObject\",\"inLanguage\":\"pt-PT\",\"@id\":\"https:\/\/iaec2026granollers.com\/congres-aice\/ponents\/angelica-dass\/#primaryimage\",\"url\":\"https:\/\/iaec2026granollers.com\/wp-content\/uploads\/2026\/02\/angelica-dass-amb-copy.jpg\",\"contentUrl\":\"https:\/\/iaec2026granollers.com\/wp-content\/uploads\/2026\/02\/angelica-dass-amb-copy.jpg\",\"width\":945,\"height\":1453},{\"@type\":\"BreadcrumbList\",\"@id\":\"https:\/\/iaec2026granollers.com\/congres-aice\/ponents\/angelica-dass\/#breadcrumb\",\"itemListElement\":[{\"@type\":\"ListItem\",\"position\":1,\"name\":\"Inici\",\"item\":\"https:\/\/iaec2026granollers.com\/\"},{\"@type\":\"ListItem\",\"position\":2,\"name\":\"Congr\u00e9s AICE\",\"item\":\"https:\/\/iaec2026granollers.com\/congres-aice\/\"},{\"@type\":\"ListItem\",\"position\":3,\"name\":\"Ponents\",\"item\":\"https:\/\/iaec2026granollers.com\/congres-aice\/ponents\/\"},{\"@type\":\"ListItem\",\"position\":4,\"name\":\"Ang\u00e9lica Dass\"}]},{\"@type\":\"WebSite\",\"@id\":\"https:\/\/iaec2026granollers.com\/#website\",\"url\":\"https:\/\/iaec2026granollers.com\/\",\"name\":\"IAEC 2026 Granollers\",\"description\":\"\",\"potentialAction\":[{\"@type\":\"SearchAction\",\"target\":{\"@type\":\"EntryPoint\",\"urlTemplate\":\"https:\/\/iaec2026granollers.com\/?s={search_term_string}\"},\"query-input\":{\"@type\":\"PropertyValueSpecification\",\"valueRequired\":true,\"valueName\":\"search_term_string\"}}],\"inLanguage\":\"pt-PT\"}]}<\/script>\n<!-- \/ Yoast SEO plugin. -->","yoast_head_json":{"title":"Ang\u00e9lica Dass - IAEC 2026 Granollers","robots":{"index":"index","follow":"follow","max-snippet":"max-snippet:-1","max-image-preview":"max-image-preview:large","max-video-preview":"max-video-preview:-1"},"canonical":"https:\/\/iaec2026granollers.com\/pt\/congres-aice\/ponents\/angelica-dass\/","og_locale":"pt_PT","og_type":"article","og_title":"Ang\u00e9lica Dass - IAEC 2026 Granollers","og_description":"Ang\u00e9lica Dass \u00e9s una fot\u00f2grafa hispanobrasilera que combina imatge, recerca i participaci\u00f3 social per defensar els drets humans. \u00c9s la creadora del projecte Human\u00e6, una s\u00e8rie fotogr\u00e0fica en evoluci\u00f3 que celebra la diversitat del color hum\u00e0 i actua com un manifest visual contra el racisme. La seva obra ha estat exposada en espais com el [&hellip;]","og_url":"https:\/\/iaec2026granollers.com\/pt\/congres-aice\/ponents\/angelica-dass\/","og_site_name":"IAEC 2026 Granollers","article_modified_time":"2026-03-31T11:36:43+00:00","og_image":[{"width":945,"height":1453,"url":"https:\/\/iaec2026granollers.com\/wp-content\/uploads\/2026\/02\/angelica-dass-amb-copy.jpg","type":"image\/jpeg"}],"twitter_card":"summary_large_image","twitter_misc":{"Tempo estimado de leitura":"2 minutos"},"schema":{"@context":"https:\/\/schema.org","@graph":[{"@type":"WebPage","@id":"https:\/\/iaec2026granollers.com\/congres-aice\/ponents\/angelica-dass\/","url":"https:\/\/iaec2026granollers.com\/congres-aice\/ponents\/angelica-dass\/","name":"Ang\u00e9lica Dass - IAEC 2026 Granollers","isPartOf":{"@id":"https:\/\/iaec2026granollers.com\/#website"},"primaryImageOfPage":{"@id":"https:\/\/iaec2026granollers.com\/congres-aice\/ponents\/angelica-dass\/#primaryimage"},"image":{"@id":"https:\/\/iaec2026granollers.com\/congres-aice\/ponents\/angelica-dass\/#primaryimage"},"thumbnailUrl":"https:\/\/iaec2026granollers.com\/wp-content\/uploads\/2026\/02\/angelica-dass-amb-copy.jpg","datePublished":"2026-01-26T12:26:32+00:00","dateModified":"2026-03-31T11:36:43+00:00","breadcrumb":{"@id":"https:\/\/iaec2026granollers.com\/congres-aice\/ponents\/angelica-dass\/#breadcrumb"},"inLanguage":"pt-PT","potentialAction":[{"@type":"ReadAction","target":["https:\/\/iaec2026granollers.com\/congres-aice\/ponents\/angelica-dass\/"]}]},{"@type":"ImageObject","inLanguage":"pt-PT","@id":"https:\/\/iaec2026granollers.com\/congres-aice\/ponents\/angelica-dass\/#primaryimage","url":"https:\/\/iaec2026granollers.com\/wp-content\/uploads\/2026\/02\/angelica-dass-amb-copy.jpg","contentUrl":"https:\/\/iaec2026granollers.com\/wp-content\/uploads\/2026\/02\/angelica-dass-amb-copy.jpg","width":945,"height":1453},{"@type":"BreadcrumbList","@id":"https:\/\/iaec2026granollers.com\/congres-aice\/ponents\/angelica-dass\/#breadcrumb","itemListElement":[{"@type":"ListItem","position":1,"name":"Inici","item":"https:\/\/iaec2026granollers.com\/"},{"@type":"ListItem","position":2,"name":"Congr\u00e9s AICE","item":"https:\/\/iaec2026granollers.com\/congres-aice\/"},{"@type":"ListItem","position":3,"name":"Ponents","item":"https:\/\/iaec2026granollers.com\/congres-aice\/ponents\/"},{"@type":"ListItem","position":4,"name":"Ang\u00e9lica Dass"}]},{"@type":"WebSite","@id":"https:\/\/iaec2026granollers.com\/#website","url":"https:\/\/iaec2026granollers.com\/","name":"IAEC 2026 Granollers","description":"","potentialAction":[{"@type":"SearchAction","target":{"@type":"EntryPoint","urlTemplate":"https:\/\/iaec2026granollers.com\/?s={search_term_string}"},"query-input":{"@type":"PropertyValueSpecification","valueRequired":true,"valueName":"search_term_string"}}],"inLanguage":"pt-PT"}]}},"_links":{"self":[{"href":"https:\/\/iaec2026granollers.com\/pt\/wp-json\/wp\/v2\/pages\/3173","targetHints":{"allow":["GET"]}}],"collection":[{"href":"https:\/\/iaec2026granollers.com\/pt\/wp-json\/wp\/v2\/pages"}],"about":[{"href":"https:\/\/iaec2026granollers.com\/pt\/wp-json\/wp\/v2\/types\/page"}],"author":[{"embeddable":true,"href":"https:\/\/iaec2026granollers.com\/pt\/wp-json\/wp\/v2\/users\/1"}],"replies":[{"embeddable":true,"href":"https:\/\/iaec2026granollers.com\/pt\/wp-json\/wp\/v2\/comments?post=3173"}],"version-history":[{"count":12,"href":"https:\/\/iaec2026granollers.com\/pt\/wp-json\/wp\/v2\/pages\/3173\/revisions"}],"predecessor-version":[{"id":3438,"href":"https:\/\/iaec2026granollers.com\/pt\/wp-json\/wp\/v2\/pages\/3173\/revisions\/3438"}],"up":[{"embeddable":true,"href":"https:\/\/iaec2026granollers.com\/pt\/wp-json\/wp\/v2\/pages\/2311"}],"wp:featuredmedia":[{"embeddable":true,"href":"https:\/\/iaec2026granollers.com\/pt\/wp-json\/wp\/v2\/media\/3334"}],"wp:attachment":[{"href":"https:\/\/iaec2026granollers.com\/pt\/wp-json\/wp\/v2\/media?parent=3173"}],"curies":[{"name":"wp","href":"https:\/\/api.w.org\/{rel}","templated":true}]}}